{"id":1378,"date":"2019-07-02T22:19:53","date_gmt":"2019-07-02T20:19:53","guid":{"rendered":"https:\/\/floorball-hayungs.de\/versandarten\/"},"modified":"2020-08-14T20:08:04","modified_gmt":"2020-08-14T18:08:04","slug":"shipping-floorball-shop","status":"publish","type":"page","link":"https:\/\/floorball-hayungs.de\/en\/shipping-floorball-shop\/","title":{"rendered":"Shipping"},"content":{"rendered":"\n<p><strong>Shipping within Germany:<\/strong><\/p>\n\n\n\n<p> Accessoires: 4.90 EUR <br> floorball sticks and small goals: 6.90 EUR <br> Big competition goals: 60 EUR <br> floorball rinks: 500 EUR <br> When ordering goods from several product categories, the higher shipping fee will be charged calculated. <\/p>\n\n\n\n<p><strong>Shipping within the EU:<\/strong><\/p>\n\n\n\n<p> Accessories: 14 EUR <br> floorball sticks and small goals: 16 EUR <br> big competition goals: 120 EUR <br> floorball rinks: 700 EUR <br> When ordering goods of multiple product categories, the higher shipping fee will be charged. <\/ p>\n\n\n\n<h2 class=\"wp-block-heading\">Delivery times<\/h2>\n\n\n\n<p> The delivery time for floorball accessories and floorball sticks is 3 to 5 working days within Germany and up to 7 working days within the EU (except Germany). For big goals, rinks and selected floorball sets the delivery time is 2 to 3 weeks within the EU (incl. Germany). For big goals, rinks and selected floorball sets the dispatch takes place after receipt of payment.<\/p>\n","protected":false},"excerpt":{"rendered":"<p>Shipping within Germany: Accessoires: 4.90 EUR floorball sticks and small goals: 6.90 EUR Big competition goals: 60 EUR floorball rinks: 500 EUR When ordering goods from several product categories, the higher shipping fee will be charged calculated. Shipping within the EU: Accessories: 14 EUR floorball sticks and small goals: 16 EUR big competition goals: 120<\/p>\n<a href=\"https:\/\/floorball-hayungs.de\/en\/shipping-floorball-shop\/\">weiterlesen<\/a>.","protected":false},"author":1,"featured_media":0,"parent":0,"menu_order":0,"comment_status":"closed","ping_status":"closed","template":"","meta":{"footnotes":""},"class_list":["post-1378","page","type-page","status-publish","hentry"],"yoast_head":"<!-- This site is optimized with the Yoast SEO plugin v26.5 - https:\/\/yoast.com\/wordpress\/plugins\/seo\/ -->\n<title>Shipping - Floorball Hayungs<\/title>\n<meta name=\"description\" content=\"Floorball-Shop: Faire Versandkosten innerhalb Deutschlands | ab 90 EUR Warenwert versandkostenfrei | in Berlin kostenfreie pers\u00f6nliche \u00dcbergabe m\u00f6glich\" \/>\n<meta name=\"robots\" content=\"index, follow, max-snippet:-1, max-image-preview:large, max-video-preview:-1\" \/>\n<link rel=\"canonical\" href=\"https:\/\/floorball-hayungs.de\/en\/shipping-floorball-shop\/\" \/>\n<meta property=\"og:locale\" content=\"en_GB\" \/>\n<meta property=\"og:type\" content=\"article\" \/>\n<meta property=\"og:title\" content=\"Shipping - Floorball Hayungs\" \/>\n<meta property=\"og:description\" content=\"Floorball-Shop: Faire Versandkosten innerhalb Deutschlands | ab 90 EUR Warenwert versandkostenfrei | in Berlin kostenfreie pers\u00f6nliche \u00dcbergabe m\u00f6glich\" \/>\n<meta property=\"og:url\" content=\"https:\/\/floorball-hayungs.de\/en\/shipping-floorball-shop\/\" \/>\n<meta property=\"og:site_name\" content=\"Floorball Hayungs\" \/>\n<meta property=\"article:modified_time\" content=\"2020-08-14T18:08:04+00:00\" \/>\n<meta name=\"twitter:card\" content=\"summary_large_image\" \/>\n<meta name=\"twitter:label1\" content=\"Estimated reading time\" \/>\n\t<meta name=\"twitter:data1\" content=\"1 minute\" \/>\n<script type=\"application\/ld+json\" class=\"yoast-schema-graph\">{\"@context\":\"https:\/\/schema.org\",\"@graph\":[{\"@type\":\"WebPage\",\"@id\":\"https:\/\/floorball-hayungs.de\/en\/shipping-floorball-shop\/\",\"url\":\"https:\/\/floorball-hayungs.de\/en\/shipping-floorball-shop\/\",\"name\":\"Shipping - Floorball Hayungs\",\"isPartOf\":{\"@id\":\"https:\/\/floorball-hayungs.de\/en\/#website\"},\"datePublished\":\"2019-07-02T20:19:53+00:00\",\"dateModified\":\"2020-08-14T18:08:04+00:00\",\"description\":\"Floorball-Shop: Faire Versandkosten innerhalb Deutschlands | ab 90 EUR Warenwert versandkostenfrei | in Berlin kostenfreie pers\u00f6nliche \u00dcbergabe m\u00f6glich\",\"breadcrumb\":{\"@id\":\"https:\/\/floorball-hayungs.de\/en\/shipping-floorball-shop\/#breadcrumb\"},\"inLanguage\":\"en-GB\",\"potentialAction\":[{\"@type\":\"ReadAction\",\"target\":[\"https:\/\/floorball-hayungs.de\/en\/shipping-floorball-shop\/\"]}]},{\"@type\":\"BreadcrumbList\",\"@id\":\"https:\/\/floorball-hayungs.de\/en\/shipping-floorball-shop\/#breadcrumb\",\"itemListElement\":[{\"@type\":\"ListItem\",\"position\":1,\"name\":\"Startseite\",\"item\":\"https:\/\/floorball-hayungs.de\/en\/\"},{\"@type\":\"ListItem\",\"position\":2,\"name\":\"Shipping\"}]},{\"@type\":\"WebSite\",\"@id\":\"https:\/\/floorball-hayungs.de\/en\/#website\",\"url\":\"https:\/\/floorball-hayungs.de\/en\/\",\"name\":\"Floorball Hayungs\",\"description\":\"Your personal Floorball Shop\",\"potentialAction\":[{\"@type\":\"SearchAction\",\"target\":{\"@type\":\"EntryPoint\",\"urlTemplate\":\"https:\/\/floorball-hayungs.de\/en\/?s={search_term_string}\"},\"query-input\":{\"@type\":\"PropertyValueSpecification\",\"valueRequired\":true,\"valueName\":\"search_term_string\"}}],\"inLanguage\":\"en-GB\"}]}<\/script>\n<!-- \/ Yoast SEO plugin. -->","yoast_head_json":{"title":"Shipping - Floorball Hayungs","description":"Floorball-Shop: Faire Versandkosten innerhalb Deutschlands | ab 90 EUR Warenwert versandkostenfrei | in Berlin kostenfreie pers\u00f6nliche \u00dcbergabe m\u00f6glich","robots":{"index":"index","follow":"follow","max-snippet":"max-snippet:-1","max-image-preview":"max-image-preview:large","max-video-preview":"max-video-preview:-1"},"canonical":"https:\/\/floorball-hayungs.de\/en\/shipping-floorball-shop\/","og_locale":"en_GB","og_type":"article","og_title":"Shipping - Floorball Hayungs","og_description":"Floorball-Shop: Faire Versandkosten innerhalb Deutschlands | ab 90 EUR Warenwert versandkostenfrei | in Berlin kostenfreie pers\u00f6nliche \u00dcbergabe m\u00f6glich","og_url":"https:\/\/floorball-hayungs.de\/en\/shipping-floorball-shop\/","og_site_name":"Floorball Hayungs","article_modified_time":"2020-08-14T18:08:04+00:00","twitter_card":"summary_large_image","twitter_misc":{"Estimated reading time":"1 minute"},"schema":{"@context":"https:\/\/schema.org","@graph":[{"@type":"WebPage","@id":"https:\/\/floorball-hayungs.de\/en\/shipping-floorball-shop\/","url":"https:\/\/floorball-hayungs.de\/en\/shipping-floorball-shop\/","name":"Shipping - Floorball Hayungs","isPartOf":{"@id":"https:\/\/floorball-hayungs.de\/en\/#website"},"datePublished":"2019-07-02T20:19:53+00:00","dateModified":"2020-08-14T18:08:04+00:00","description":"Floorball-Shop: Faire Versandkosten innerhalb Deutschlands | ab 90 EUR Warenwert versandkostenfrei | in Berlin kostenfreie pers\u00f6nliche \u00dcbergabe m\u00f6glich","breadcrumb":{"@id":"https:\/\/floorball-hayungs.de\/en\/shipping-floorball-shop\/#breadcrumb"},"inLanguage":"en-GB","potentialAction":[{"@type":"ReadAction","target":["https:\/\/floorball-hayungs.de\/en\/shipping-floorball-shop\/"]}]},{"@type":"BreadcrumbList","@id":"https:\/\/floorball-hayungs.de\/en\/shipping-floorball-shop\/#breadcrumb","itemListElement":[{"@type":"ListItem","position":1,"name":"Startseite","item":"https:\/\/floorball-hayungs.de\/en\/"},{"@type":"ListItem","position":2,"name":"Shipping"}]},{"@type":"WebSite","@id":"https:\/\/floorball-hayungs.de\/en\/#website","url":"https:\/\/floorball-hayungs.de\/en\/","name":"Floorball Hayungs","description":"Your personal Floorball Shop","potentialAction":[{"@type":"SearchAction","target":{"@type":"EntryPoint","urlTemplate":"https:\/\/floorball-hayungs.de\/en\/?s={search_term_string}"},"query-input":{"@type":"PropertyValueSpecification","valueRequired":true,"valueName":"search_term_string"}}],"inLanguage":"en-GB"}]}},"_links":{"self":[{"href":"https:\/\/floorball-hayungs.de\/en\/wp-json\/wp\/v2\/pages\/1378","targetHints":{"allow":["GET"]}}],"collection":[{"href":"https:\/\/floorball-hayungs.de\/en\/wp-json\/wp\/v2\/pages"}],"about":[{"href":"https:\/\/floorball-hayungs.de\/en\/wp-json\/wp\/v2\/types\/page"}],"author":[{"embeddable":true,"href":"https:\/\/floorball-hayungs.de\/en\/wp-json\/wp\/v2\/users\/1"}],"replies":[{"embeddable":true,"href":"https:\/\/floorball-hayungs.de\/en\/wp-json\/wp\/v2\/comments?post=1378"}],"version-history":[{"count":3,"href":"https:\/\/floorball-hayungs.de\/en\/wp-json\/wp\/v2\/pages\/1378\/revisions"}],"predecessor-version":[{"id":1706,"href":"https:\/\/floorball-hayungs.de\/en\/wp-json\/wp\/v2\/pages\/1378\/revisions\/1706"}],"wp:attachment":[{"href":"https:\/\/floorball-hayungs.de\/en\/wp-json\/wp\/v2\/media?parent=1378"}],"curies":[{"name":"wp","href":"https:\/\/api.w.org\/{rel}","templated":true}]}}