{"id":14,"date":"2020-06-16T01:39:26","date_gmt":"2020-06-15T23:39:26","guid":{"rendered":"http:\/\/floorball-hayungs.de\/en\/?page_id=14"},"modified":"2020-06-16T06:51:10","modified_gmt":"2020-06-16T04:51:10","slug":"your-personal-floorball-shop","status":"publish","type":"page","link":"https:\/\/floorball-hayungs.de\/en\/your-personal-floorball-shop\/","title":{"rendered":"Your personal Floorball Shop"},"content":{"rendered":"\n<p>Herzlich willkommen bei Floorball Hayungs, Deinem pers\u00f6nlichen <strong>Floorball Shop<\/strong> aus Berlin. Hier findest Du <strong><a href=\"https:\/\/floorball-hayungs.de\/produkt-kategorie\/floorballschlaeger-kaufen\/\">Floorball-Schl\u00e4ger<\/a><\/strong> (einzeln und als <strong>Floorballschl\u00e4ger-Sets<\/strong>), <strong><a href=\"https:\/\/floorball-hayungs.de\/produkt-kategorie\/zubehoer\/floorball-schlaegertaschen\/\">Floorballschl\u00e4ger-Taschen<\/a><\/strong>, <strong><a href=\"https:\/\/floorball-hayungs.de\/produkt-kategorie\/zubehoer\/floorball-tore\/\">Floorball-Tore<\/a><\/strong> und weiteres <strong><a href=\"https:\/\/floorball-hayungs.de\/produkt-kategorie\/floorball-zubehoer\/\">Floorball-Zubeh\u00f6r<\/a><\/strong>.<\/p>\n\n\n\n<div class=\"woocommerce columns-4\"><ul class=\"products columns-4\">\n<li class=\"product-category product first\">\n\t<a aria-label=\"Visit product category floorball accessories\" href=\"https:\/\/floorball-hayungs.de\/en\/floorball\/floorball-accessories\/\"><img decoding=\"async\" src=\"https:\/\/floorball-hayungs.de\/en\/wp-content\/uploads\/sites\/2\/2020\/08\/Floorball_accessoires_floorball_shop.jpg\" alt=\"floorball accessories\" width=\"241\" height=\"\" \/>\t\t<h2 class=\"woocommerce-loop-category__title\">\n\t\t\tfloorball accessories <mark class=\"count\">(53)<\/mark>\t\t<\/h2>\n\t\t<\/a><\/li>\n<li class=\"product-category product\">\n\t<a aria-label=\"Visit product category floorball clothing\" href=\"https:\/\/floorball-hayungs.de\/en\/floorball\/floorball-clothing\/\"><img decoding=\"async\" src=\"https:\/\/floorball-hayungs.de\/en\/wp-content\/uploads\/sites\/2\/2020\/08\/Floorball_clothing.png\" alt=\"floorball clothing\" width=\"241\" height=\"\" \/>\t\t<h2 class=\"woocommerce-loop-category__title\">\n\t\t\tfloorball clothing <mark class=\"count\">(4)<\/mark>\t\t<\/h2>\n\t\t<\/a><\/li>\n<li class=\"product-category product\">\n\t<a aria-label=\"Visit product category floorball goalkeeper equipment\" href=\"https:\/\/floorball-hayungs.de\/en\/floorball\/floorball-goalkeeper-equipment\/\"><img decoding=\"async\" src=\"https:\/\/floorball-hayungs.de\/en\/wp-content\/uploads\/sites\/2\/2020\/08\/Floorball_goalkeeper_equipment_floorball_shop.png\" alt=\"floorball goalkeeper equipment\" width=\"241\" height=\"\" \/>\t\t<h2 class=\"woocommerce-loop-category__title\">\n\t\t\tfloorball goalkeeper equipment <mark class=\"count\">(17)<\/mark>\t\t<\/h2>\n\t\t<\/a><\/li>\n<li class=\"product-category product last\">\n\t<a aria-label=\"Visit product category floorball sticks\" href=\"https:\/\/floorball-hayungs.de\/en\/floorball\/floorball-sticks\/\"><img decoding=\"async\" src=\"https:\/\/floorball-hayungs.de\/en\/wp-content\/uploads\/sites\/2\/2020\/08\/Floorball_sticks_floorball_shop.png\" alt=\"floorball sticks\" width=\"241\" height=\"\" \/>\t\t<h2 class=\"woocommerce-loop-category__title\">\n\t\t\tfloorball sticks <mark class=\"count\">(46)<\/mark>\t\t<\/h2>\n\t\t<\/a><\/li>\n<li class=\"product-category product first\">\n\t<a aria-label=\"Visit product category kids &amp; youngsters\" href=\"https:\/\/floorball-hayungs.de\/en\/floorball\/floorball-kids-and-youngsters\/\"><img decoding=\"async\" src=\"https:\/\/floorball-hayungs.de\/en\/wp-content\/uploads\/sites\/2\/2020\/07\/floorball_kids_and_youngsters-530x663.png\" alt=\"kids &amp; youngsters\" width=\"241\" height=\"\" srcset=\"https:\/\/floorball-hayungs.de\/en\/wp-content\/uploads\/sites\/2\/2020\/07\/floorball_kids_and_youngsters-530x663.png 530w, https:\/\/floorball-hayungs.de\/en\/wp-content\/uploads\/sites\/2\/2020\/07\/floorball_kids_and_youngsters-240x300.png 240w, https:\/\/floorball-hayungs.de\/en\/wp-content\/uploads\/sites\/2\/2020\/07\/floorball_kids_and_youngsters-819x1024.png 819w, https:\/\/floorball-hayungs.de\/en\/wp-content\/uploads\/sites\/2\/2020\/07\/floorball_kids_and_youngsters-768x960.png 768w, https:\/\/floorball-hayungs.de\/en\/wp-content\/uploads\/sites\/2\/2020\/07\/floorball_kids_and_youngsters.png 1200w\" sizes=\"(max-width: 241px) 100vw, 241px\" \/>\t\t<h2 class=\"woocommerce-loop-category__title\">\n\t\t\tkids &amp; youngsters <mark class=\"count\">(38)<\/mark>\t\t<\/h2>\n\t\t<\/a><\/li>\n<li class=\"product-category product\">\n\t<a aria-label=\"Visit product category school &amp; club\" href=\"https:\/\/floorball-hayungs.de\/en\/floorball\/floorball-school-club\/\"><img decoding=\"async\" src=\"https:\/\/floorball-hayungs.de\/en\/wp-content\/uploads\/sites\/2\/2020\/07\/floorball_school_club-530x663.jpg\" alt=\"school &amp; club\" width=\"241\" height=\"\" srcset=\"https:\/\/floorball-hayungs.de\/en\/wp-content\/uploads\/sites\/2\/2020\/07\/floorball_school_club-530x663.jpg 530w, https:\/\/floorball-hayungs.de\/en\/wp-content\/uploads\/sites\/2\/2020\/07\/floorball_school_club-240x300.jpg 240w, https:\/\/floorball-hayungs.de\/en\/wp-content\/uploads\/sites\/2\/2020\/07\/floorball_school_club-819x1024.jpg 819w, https:\/\/floorball-hayungs.de\/en\/wp-content\/uploads\/sites\/2\/2020\/07\/floorball_school_club-768x960.jpg 768w, https:\/\/floorball-hayungs.de\/en\/wp-content\/uploads\/sites\/2\/2020\/07\/floorball_school_club.jpg 1200w\" sizes=\"(max-width: 241px) 100vw, 241px\" \/>\t\t<h2 class=\"woocommerce-loop-category__title\">\n\t\t\tschool &amp; club <mark class=\"count\">(20)<\/mark>\t\t<\/h2>\n\t\t<\/a><\/li>\n<\/ul>\n<\/div>\n","protected":false},"excerpt":{"rendered":"<p>Herzlich willkommen bei Floorball Hayungs, Deinem pers\u00f6nlichen Floorball Shop aus Berlin. Hier findest Du Floorball-Schl\u00e4ger (einzeln und als Floorballschl\u00e4ger-Sets), Floorballschl\u00e4ger-Taschen, Floorball-Tore und weiteres Floorball-Zubeh\u00f6r.<\/p>\n<a href=\"https:\/\/floorball-hayungs.de\/en\/your-personal-floorball-shop\/\">weiterlesen<\/a>.","protected":false},"author":1,"featured_media":0,"parent":0,"menu_order":0,"comment_status":"closed","ping_status":"closed","template":"","meta":{"footnotes":""},"class_list":["post-14","page","type-page","status-publish","hentry"],"yoast_head":"<!-- This site is optimized with the Yoast SEO plugin v26.5 - https:\/\/yoast.com\/wordpress\/plugins\/seo\/ -->\n<title>Your personal Floorball Shop - Floorball Hayungs<\/title>\n<meta name=\"robots\" content=\"index, follow, max-snippet:-1, max-image-preview:large, max-video-preview:-1\" \/>\n<link rel=\"canonical\" href=\"https:\/\/floorball-hayungs.de\/en\/your-personal-floorball-shop\/\" \/>\n<meta property=\"og:locale\" content=\"en_GB\" \/>\n<meta property=\"og:type\" content=\"article\" \/>\n<meta property=\"og:title\" content=\"Your personal Floorball Shop - Floorball Hayungs\" \/>\n<meta property=\"og:description\" content=\"Herzlich willkommen bei Floorball Hayungs, Deinem pers\u00f6nlichen Floorball Shop aus Berlin. Hier findest Du Floorball-Schl\u00e4ger (einzeln und als Floorballschl\u00e4ger-Sets), Floorballschl\u00e4ger-Taschen, Floorball-Tore und weiteres Floorball-Zubeh\u00f6r.\" \/>\n<meta property=\"og:url\" content=\"https:\/\/floorball-hayungs.de\/en\/your-personal-floorball-shop\/\" \/>\n<meta property=\"og:site_name\" content=\"Floorball Hayungs\" \/>\n<meta property=\"article:modified_time\" content=\"2020-06-16T04:51:10+00:00\" \/>\n<meta name=\"twitter:card\" content=\"summary_large_image\" \/>\n<script type=\"application\/ld+json\" class=\"yoast-schema-graph\">{\"@context\":\"https:\/\/schema.org\",\"@graph\":[{\"@type\":\"WebPage\",\"@id\":\"https:\/\/floorball-hayungs.de\/en\/your-personal-floorball-shop\/\",\"url\":\"https:\/\/floorball-hayungs.de\/en\/your-personal-floorball-shop\/\",\"name\":\"Your personal Floorball Shop - Floorball Hayungs\",\"isPartOf\":{\"@id\":\"https:\/\/floorball-hayungs.de\/en\/#website\"},\"datePublished\":\"2020-06-15T23:39:26+00:00\",\"dateModified\":\"2020-06-16T04:51:10+00:00\",\"breadcrumb\":{\"@id\":\"https:\/\/floorball-hayungs.de\/en\/your-personal-floorball-shop\/#breadcrumb\"},\"inLanguage\":\"en-GB\",\"potentialAction\":[{\"@type\":\"ReadAction\",\"target\":[\"https:\/\/floorball-hayungs.de\/en\/your-personal-floorball-shop\/\"]}]},{\"@type\":\"BreadcrumbList\",\"@id\":\"https:\/\/floorball-hayungs.de\/en\/your-personal-floorball-shop\/#breadcrumb\",\"itemListElement\":[{\"@type\":\"ListItem\",\"position\":1,\"name\":\"Startseite\",\"item\":\"https:\/\/floorball-hayungs.de\/en\/\"},{\"@type\":\"ListItem\",\"position\":2,\"name\":\"Your personal Floorball Shop\"}]},{\"@type\":\"WebSite\",\"@id\":\"https:\/\/floorball-hayungs.de\/en\/#website\",\"url\":\"https:\/\/floorball-hayungs.de\/en\/\",\"name\":\"Floorball Hayungs\",\"description\":\"Your personal Floorball Shop\",\"potentialAction\":[{\"@type\":\"SearchAction\",\"target\":{\"@type\":\"EntryPoint\",\"urlTemplate\":\"https:\/\/floorball-hayungs.de\/en\/?s={search_term_string}\"},\"query-input\":{\"@type\":\"PropertyValueSpecification\",\"valueRequired\":true,\"valueName\":\"search_term_string\"}}],\"inLanguage\":\"en-GB\"}]}<\/script>\n<!-- \/ Yoast SEO plugin. -->","yoast_head_json":{"title":"Your personal Floorball Shop - Floorball Hayungs","robots":{"index":"index","follow":"follow","max-snippet":"max-snippet:-1","max-image-preview":"max-image-preview:large","max-video-preview":"max-video-preview:-1"},"canonical":"https:\/\/floorball-hayungs.de\/en\/your-personal-floorball-shop\/","og_locale":"en_GB","og_type":"article","og_title":"Your personal Floorball Shop - Floorball Hayungs","og_description":"Herzlich willkommen bei Floorball Hayungs, Deinem pers\u00f6nlichen Floorball Shop aus Berlin. Hier findest Du Floorball-Schl\u00e4ger (einzeln und als Floorballschl\u00e4ger-Sets), Floorballschl\u00e4ger-Taschen, Floorball-Tore und weiteres Floorball-Zubeh\u00f6r.","og_url":"https:\/\/floorball-hayungs.de\/en\/your-personal-floorball-shop\/","og_site_name":"Floorball Hayungs","article_modified_time":"2020-06-16T04:51:10+00:00","twitter_card":"summary_large_image","schema":{"@context":"https:\/\/schema.org","@graph":[{"@type":"WebPage","@id":"https:\/\/floorball-hayungs.de\/en\/your-personal-floorball-shop\/","url":"https:\/\/floorball-hayungs.de\/en\/your-personal-floorball-shop\/","name":"Your personal Floorball Shop - Floorball Hayungs","isPartOf":{"@id":"https:\/\/floorball-hayungs.de\/en\/#website"},"datePublished":"2020-06-15T23:39:26+00:00","dateModified":"2020-06-16T04:51:10+00:00","breadcrumb":{"@id":"https:\/\/floorball-hayungs.de\/en\/your-personal-floorball-shop\/#breadcrumb"},"inLanguage":"en-GB","potentialAction":[{"@type":"ReadAction","target":["https:\/\/floorball-hayungs.de\/en\/your-personal-floorball-shop\/"]}]},{"@type":"BreadcrumbList","@id":"https:\/\/floorball-hayungs.de\/en\/your-personal-floorball-shop\/#breadcrumb","itemListElement":[{"@type":"ListItem","position":1,"name":"Startseite","item":"https:\/\/floorball-hayungs.de\/en\/"},{"@type":"ListItem","position":2,"name":"Your personal Floorball Shop"}]},{"@type":"WebSite","@id":"https:\/\/floorball-hayungs.de\/en\/#website","url":"https:\/\/floorball-hayungs.de\/en\/","name":"Floorball Hayungs","description":"Your personal Floorball Shop","potentialAction":[{"@type":"SearchAction","target":{"@type":"EntryPoint","urlTemplate":"https:\/\/floorball-hayungs.de\/en\/?s={search_term_string}"},"query-input":{"@type":"PropertyValueSpecification","valueRequired":true,"valueName":"search_term_string"}}],"inLanguage":"en-GB"}]}},"_links":{"self":[{"href":"https:\/\/floorball-hayungs.de\/en\/wp-json\/wp\/v2\/pages\/14","targetHints":{"allow":["GET"]}}],"collection":[{"href":"https:\/\/floorball-hayungs.de\/en\/wp-json\/wp\/v2\/pages"}],"about":[{"href":"https:\/\/floorball-hayungs.de\/en\/wp-json\/wp\/v2\/types\/page"}],"author":[{"embeddable":true,"href":"https:\/\/floorball-hayungs.de\/en\/wp-json\/wp\/v2\/users\/1"}],"replies":[{"embeddable":true,"href":"https:\/\/floorball-hayungs.de\/en\/wp-json\/wp\/v2\/comments?post=14"}],"version-history":[{"count":3,"href":"https:\/\/floorball-hayungs.de\/en\/wp-json\/wp\/v2\/pages\/14\/revisions"}],"predecessor-version":[{"id":18,"href":"https:\/\/floorball-hayungs.de\/en\/wp-json\/wp\/v2\/pages\/14\/revisions\/18"}],"wp:attachment":[{"href":"https:\/\/floorball-hayungs.de\/en\/wp-json\/wp\/v2\/media?parent=14"}],"curies":[{"name":"wp","href":"https:\/\/api.w.org\/{rel}","templated":true}]}}