{"id":1069,"date":"2020-02-11T17:27:51","date_gmt":"2020-02-11T16:27:51","guid":{"rendered":"https:\/\/floorball-hayungs.de\/?post_type=product&#038;p=1069"},"modified":"2024-06-27T13:29:30","modified_gmt":"2024-06-27T11:29:30","slug":"white_floorball-rink-uher-iff","status":"publish","type":"product","link":"https:\/\/floorball-hayungs.de\/en\/shop\/white_floorball-rink-uher-iff\/","title":{"rendered":"UHER Floorball rink big field (20m x 40m), white, IFF-certified"},"content":{"rendered":"<p>White floorball rink for the big field. Floorball rink is from the internationally renowned floorball rink manufacturer UHER from the Czech Republic.<\/p>\n<p>UHER is the exclusive supplier of floorball boards for the Czech national floorball team. UHER is also a partner of the Finnish floorball association.<\/p>\n<p>The price includes a complete white floorball rink set for 20 mx 40 m and two trolleys for transport and storage. The set is certified by the IFF (International Floorball Federation).<\/p>\n<p>The rink can be assembled and disassembled quickly.<\/p>\n<p>The white floorball rink set for a big field of 20 m x 40 m includes:<\/p>\n<p>52 straight segments 1.99 x 0.5m<br \/>\n8 pieces 1\/2 corner segment (r = 2.09m)<br \/>\n2 transport trolleys<\/p>\n<p><a href=\"https:\/\/floorball-hayungs.de\/wp-content\/uploads\/2020\/02\/UHER_Logo_Floorball_Banden.gif\"><img loading=\"lazy\" decoding=\"async\" class=\"alignnone size-full wp-image-1072\" src=\"https:\/\/floorball-hayungs.de\/wp-content\/uploads\/2020\/02\/UHER_Logo_Floorball_Banden.gif\" alt=\"Uher Floorballbanden\" width=\"243\" height=\"62\" \/><\/a><\/p>\n<h2>Material of the floorball rink<\/h2>\n<p>Highly resistant polypropylene. The rink elements are processed using a special welding technique (molecular welding).<\/p>\n<p>The material has been tested under extremely high conditions and is also used for outdoor street hockey fields and universal outdoor playing fields.<\/p>\n","protected":false},"excerpt":{"rendered":"<p>White floorball rink for the big field. Floorball rink is from the internationally renowned floorball rink manufacturer UHER from the Czech Republic. UHER is the exclusive supplier of floorball boards for the Czech national floorball team. UHER is also a partner of the Finnish floorball association. The price includes a complete white floorball rink set<\/p>\n<a href=\"https:\/\/floorball-hayungs.de\/en\/shop\/white_floorball-rink-uher-iff\/\">weiterlesen<\/a>.","protected":false},"featured_media":1080,"comment_status":"open","ping_status":"closed","template":"","meta":[],"product_brand":[],"product_cat":[47,89],"product_tag":[90],"class_list":{"0":"post-1069","1":"product","2":"type-product","3":"status-publish","4":"has-post-thumbnail","6":"product_cat-floorball-school-club","7":"product_cat-floorball-rink","8":"product_tag-floorballbande","9":"product_shipping_class-bande","11":"first","12":"instock","13":"shipping-taxable","14":"purchasable","15":"product-type-simple"},"yoast_head":"<!-- This site is optimized with the Yoast SEO plugin v26.5 - https:\/\/yoast.com\/wordpress\/plugins\/seo\/ -->\n<title>UHER Floorball rink big field (20m x 40m), white, IFF-certified - Floorball Hayungs<\/title>\n<meta name=\"robots\" content=\"index, follow, max-snippet:-1, max-image-preview:large, max-video-preview:-1\" \/>\n<link rel=\"canonical\" href=\"https:\/\/floorball-hayungs.de\/en\/shop\/white_floorball-rink-uher-iff\/\" \/>\n<meta property=\"og:locale\" content=\"en_GB\" \/>\n<meta property=\"og:type\" content=\"article\" \/>\n<meta property=\"og:title\" content=\"UHER Floorball rink big field (20m x 40m), white, IFF-certified - Floorball Hayungs\" \/>\n<meta property=\"og:description\" content=\"White floorball rink for the big field. Floorball rink is from the internationally renowned floorball rink manufacturer UHER from the Czech Republic. UHER is the exclusive supplier of floorball boards for the Czech national floorball team. UHER is also a partner of the Finnish floorball association. The price includes a complete white floorball rink set\" \/>\n<meta property=\"og:url\" content=\"https:\/\/floorball-hayungs.de\/en\/shop\/white_floorball-rink-uher-iff\/\" \/>\n<meta property=\"og:site_name\" content=\"Floorball Hayungs\" \/>\n<meta property=\"article:modified_time\" content=\"2024-06-27T11:29:30+00:00\" \/>\n<meta property=\"og:image\" content=\"https:\/\/floorball-hayungs.de\/en\/wp-content\/uploads\/sites\/2\/2020\/02\/Floorball_Gro\u00dffeldbande_in_weiss.png\" \/>\n\t<meta property=\"og:image:width\" content=\"1200\" \/>\n\t<meta property=\"og:image:height\" content=\"1500\" \/>\n\t<meta property=\"og:image:type\" content=\"image\/png\" \/>\n<meta name=\"twitter:card\" content=\"summary_large_image\" \/>\n<meta name=\"twitter:label1\" content=\"Estimated reading time\" \/>\n\t<meta name=\"twitter:data1\" content=\"1 minute\" \/>\n<script type=\"application\/ld+json\" class=\"yoast-schema-graph\">{\"@context\":\"https:\/\/schema.org\",\"@graph\":[{\"@type\":\"WebPage\",\"@id\":\"https:\/\/floorball-hayungs.de\/en\/shop\/white_floorball-rink-uher-iff\/\",\"url\":\"https:\/\/floorball-hayungs.de\/en\/shop\/white_floorball-rink-uher-iff\/\",\"name\":\"UHER Floorball rink big field (20m x 40m), white, IFF-certified - Floorball Hayungs\",\"isPartOf\":{\"@id\":\"https:\/\/floorball-hayungs.de\/en\/#website\"},\"primaryImageOfPage\":{\"@id\":\"https:\/\/floorball-hayungs.de\/en\/shop\/white_floorball-rink-uher-iff\/#primaryimage\"},\"image\":{\"@id\":\"https:\/\/floorball-hayungs.de\/en\/shop\/white_floorball-rink-uher-iff\/#primaryimage\"},\"thumbnailUrl\":\"https:\/\/floorball-hayungs.de\/en\/wp-content\/uploads\/sites\/2\/2020\/02\/Floorball_Gro\u00dffeldbande_in_weiss.png\",\"datePublished\":\"2020-02-11T16:27:51+00:00\",\"dateModified\":\"2024-06-27T11:29:30+00:00\",\"breadcrumb\":{\"@id\":\"https:\/\/floorball-hayungs.de\/en\/shop\/white_floorball-rink-uher-iff\/#breadcrumb\"},\"inLanguage\":\"en-GB\",\"potentialAction\":[{\"@type\":\"ReadAction\",\"target\":[\"https:\/\/floorball-hayungs.de\/en\/shop\/white_floorball-rink-uher-iff\/\"]}]},{\"@type\":\"ImageObject\",\"inLanguage\":\"en-GB\",\"@id\":\"https:\/\/floorball-hayungs.de\/en\/shop\/white_floorball-rink-uher-iff\/#primaryimage\",\"url\":\"https:\/\/floorball-hayungs.de\/en\/wp-content\/uploads\/sites\/2\/2020\/02\/Floorball_Gro\u00dffeldbande_in_weiss.png\",\"contentUrl\":\"https:\/\/floorball-hayungs.de\/en\/wp-content\/uploads\/sites\/2\/2020\/02\/Floorball_Gro\u00dffeldbande_in_weiss.png\",\"width\":1200,\"height\":1500,\"caption\":\"Floorball-Gro\u00dffeldbande in wei\u00df\"},{\"@type\":\"BreadcrumbList\",\"@id\":\"https:\/\/floorball-hayungs.de\/en\/shop\/white_floorball-rink-uher-iff\/#breadcrumb\",\"itemListElement\":[{\"@type\":\"ListItem\",\"position\":1,\"name\":\"Startseite\",\"item\":\"https:\/\/floorball-hayungs.de\/en\/\"},{\"@type\":\"ListItem\",\"position\":2,\"name\":\"Floorball Hayungs &#8211; Your personal floorball shop\",\"item\":\"https:\/\/floorball-hayungs.de\/en\/\"},{\"@type\":\"ListItem\",\"position\":3,\"name\":\"UHER Floorball rink big field (20m x 40m), white, IFF-certified\"}]},{\"@type\":\"WebSite\",\"@id\":\"https:\/\/floorball-hayungs.de\/en\/#website\",\"url\":\"https:\/\/floorball-hayungs.de\/en\/\",\"name\":\"Floorball Hayungs\",\"description\":\"Your personal Floorball Shop\",\"potentialAction\":[{\"@type\":\"SearchAction\",\"target\":{\"@type\":\"EntryPoint\",\"urlTemplate\":\"https:\/\/floorball-hayungs.de\/en\/?s={search_term_string}\"},\"query-input\":{\"@type\":\"PropertyValueSpecification\",\"valueRequired\":true,\"valueName\":\"search_term_string\"}}],\"inLanguage\":\"en-GB\"}]}<\/script>\n<!-- \/ Yoast SEO plugin. -->","yoast_head_json":{"title":"UHER Floorball rink big field (20m x 40m), white, IFF-certified - Floorball Hayungs","robots":{"index":"index","follow":"follow","max-snippet":"max-snippet:-1","max-image-preview":"max-image-preview:large","max-video-preview":"max-video-preview:-1"},"canonical":"https:\/\/floorball-hayungs.de\/en\/shop\/white_floorball-rink-uher-iff\/","og_locale":"en_GB","og_type":"article","og_title":"UHER Floorball rink big field (20m x 40m), white, IFF-certified - Floorball Hayungs","og_description":"White floorball rink for the big field. Floorball rink is from the internationally renowned floorball rink manufacturer UHER from the Czech Republic. UHER is the exclusive supplier of floorball boards for the Czech national floorball team. UHER is also a partner of the Finnish floorball association. The price includes a complete white floorball rink set","og_url":"https:\/\/floorball-hayungs.de\/en\/shop\/white_floorball-rink-uher-iff\/","og_site_name":"Floorball Hayungs","article_modified_time":"2024-06-27T11:29:30+00:00","og_image":[{"width":1200,"height":1500,"url":"https:\/\/floorball-hayungs.de\/en\/wp-content\/uploads\/sites\/2\/2020\/02\/Floorball_Gro\u00dffeldbande_in_weiss.png","type":"image\/png"}],"twitter_card":"summary_large_image","twitter_misc":{"Estimated reading time":"1 minute"},"schema":{"@context":"https:\/\/schema.org","@graph":[{"@type":"WebPage","@id":"https:\/\/floorball-hayungs.de\/en\/shop\/white_floorball-rink-uher-iff\/","url":"https:\/\/floorball-hayungs.de\/en\/shop\/white_floorball-rink-uher-iff\/","name":"UHER Floorball rink big field (20m x 40m), white, IFF-certified - Floorball Hayungs","isPartOf":{"@id":"https:\/\/floorball-hayungs.de\/en\/#website"},"primaryImageOfPage":{"@id":"https:\/\/floorball-hayungs.de\/en\/shop\/white_floorball-rink-uher-iff\/#primaryimage"},"image":{"@id":"https:\/\/floorball-hayungs.de\/en\/shop\/white_floorball-rink-uher-iff\/#primaryimage"},"thumbnailUrl":"https:\/\/floorball-hayungs.de\/en\/wp-content\/uploads\/sites\/2\/2020\/02\/Floorball_Gro\u00dffeldbande_in_weiss.png","datePublished":"2020-02-11T16:27:51+00:00","dateModified":"2024-06-27T11:29:30+00:00","breadcrumb":{"@id":"https:\/\/floorball-hayungs.de\/en\/shop\/white_floorball-rink-uher-iff\/#breadcrumb"},"inLanguage":"en-GB","potentialAction":[{"@type":"ReadAction","target":["https:\/\/floorball-hayungs.de\/en\/shop\/white_floorball-rink-uher-iff\/"]}]},{"@type":"ImageObject","inLanguage":"en-GB","@id":"https:\/\/floorball-hayungs.de\/en\/shop\/white_floorball-rink-uher-iff\/#primaryimage","url":"https:\/\/floorball-hayungs.de\/en\/wp-content\/uploads\/sites\/2\/2020\/02\/Floorball_Gro\u00dffeldbande_in_weiss.png","contentUrl":"https:\/\/floorball-hayungs.de\/en\/wp-content\/uploads\/sites\/2\/2020\/02\/Floorball_Gro\u00dffeldbande_in_weiss.png","width":1200,"height":1500,"caption":"Floorball-Gro\u00dffeldbande in wei\u00df"},{"@type":"BreadcrumbList","@id":"https:\/\/floorball-hayungs.de\/en\/shop\/white_floorball-rink-uher-iff\/#breadcrumb","itemListElement":[{"@type":"ListItem","position":1,"name":"Startseite","item":"https:\/\/floorball-hayungs.de\/en\/"},{"@type":"ListItem","position":2,"name":"Floorball Hayungs &#8211; Your personal floorball shop","item":"https:\/\/floorball-hayungs.de\/en\/"},{"@type":"ListItem","position":3,"name":"UHER Floorball rink big field (20m x 40m), white, IFF-certified"}]},{"@type":"WebSite","@id":"https:\/\/floorball-hayungs.de\/en\/#website","url":"https:\/\/floorball-hayungs.de\/en\/","name":"Floorball Hayungs","description":"Your personal Floorball Shop","potentialAction":[{"@type":"SearchAction","target":{"@type":"EntryPoint","urlTemplate":"https:\/\/floorball-hayungs.de\/en\/?s={search_term_string}"},"query-input":{"@type":"PropertyValueSpecification","valueRequired":true,"valueName":"search_term_string"}}],"inLanguage":"en-GB"}]}},"_links":{"self":[{"href":"https:\/\/floorball-hayungs.de\/en\/wp-json\/wp\/v2\/product\/1069","targetHints":{"allow":["GET"]}}],"collection":[{"href":"https:\/\/floorball-hayungs.de\/en\/wp-json\/wp\/v2\/product"}],"about":[{"href":"https:\/\/floorball-hayungs.de\/en\/wp-json\/wp\/v2\/types\/product"}],"replies":[{"embeddable":true,"href":"https:\/\/floorball-hayungs.de\/en\/wp-json\/wp\/v2\/comments?post=1069"}],"wp:featuredmedia":[{"embeddable":true,"href":"https:\/\/floorball-hayungs.de\/en\/wp-json\/wp\/v2\/media\/1080"}],"wp:attachment":[{"href":"https:\/\/floorball-hayungs.de\/en\/wp-json\/wp\/v2\/media?parent=1069"}],"wp:term":[{"taxonomy":"product_brand","embeddable":true,"href":"https:\/\/floorball-hayungs.de\/en\/wp-json\/wp\/v2\/product_brand?post=1069"},{"taxonomy":"product_cat","embeddable":true,"href":"https:\/\/floorball-hayungs.de\/en\/wp-json\/wp\/v2\/product_cat?post=1069"},{"taxonomy":"product_tag","embeddable":true,"href":"https:\/\/floorball-hayungs.de\/en\/wp-json\/wp\/v2\/product_tag?post=1069"}],"curies":[{"name":"wp","href":"https:\/\/api.w.org\/{rel}","templated":true}]}}