{"id":1085,"date":"2020-02-16T12:54:45","date_gmt":"2020-02-16T11:54:45","guid":{"rendered":"https:\/\/floorball-hayungs.de\/?post_type=product&#038;p=1085"},"modified":"2025-10-31T11:07:02","modified_gmt":"2025-10-31T10:07:02","slug":"floorball-goalie_helmet_black_jadberg_blade","status":"publish","type":"product","link":"https:\/\/floorball-hayungs.de\/en\/shop\/floorball-goalie_helmet_black_jadberg_blade\/","title":{"rendered":"Floorball goalie helmet Jadberg BLADE, IFF-certified"},"content":{"rendered":"<p>An attractive floorball goalie helmet with an exclusive matt design. The Canadian eye grid (IFF-certified and therefore approved for gaming) is equipped with a matt black surface (thin wires) to reduce glare. This enables a good overview of what is going on in the game.<\/p>\n<p>Thanks to the ventilation system, the mask is very airy and light. Adjustable straps secure the mask to the head. The big advantage is the second freely exchangeable self-adhesive padding in size L, so that the mask can grow with you or you can change the padding as required.<\/p>\n<p>The mask comes with a practical bag that protects it perfectly and, together with the removable padding, forms a practical set. The size of the mask fits well for smaller adults and younger goalkeepers.<\/p>\n<p>Manufacturer: Jadberg<br \/>\nWeight: 580 g<\/p>\n","protected":false},"excerpt":{"rendered":"<p>An attractive floorball goalie helmet with an exclusive matt design. The Canadian eye grid (IFF-certified and therefore approved for gaming) is equipped with a matt black surface (thin wires) to reduce glare. This enables a good overview of what is going on in the game. Thanks to the ventilation system, the mask is very airy<\/p>\n<a href=\"https:\/\/floorball-hayungs.de\/en\/shop\/floorball-goalie_helmet_black_jadberg_blade\/\">weiterlesen<\/a>.","protected":false},"featured_media":1089,"comment_status":"open","ping_status":"closed","template":"","meta":[],"product_brand":[],"product_cat":[40,67,41],"product_tag":[76],"class_list":{"0":"post-1085","1":"product","2":"type-product","3":"status-publish","4":"has-post-thumbnail","6":"product_cat-floorball-accessories","7":"product_cat-floorball-goalkeeper-equipment","8":"product_cat-floorball-kids-and-youngsters","9":"product_tag-jadberg","10":"product_shipping_class-accesoires","12":"first","13":"outofstock","14":"sale","15":"shipping-taxable","16":"purchasable","17":"product-type-simple"},"yoast_head":"<!-- This site is optimized with the Yoast SEO plugin v26.5 - https:\/\/yoast.com\/wordpress\/plugins\/seo\/ -->\n<title>Floorball goalie helmet Jadberg BLADE, IFF-certified - Floorball Hayungs<\/title>\n<meta name=\"description\" content=\"Floorball-Torwarthelm f\u00fcr kleine Erwachsene und f\u00fcr Junioren-Torh\u00fcter. IFF-zertifiziertes Gitter; austauschbare Innen-Pads, damit der Torwarthelm mitw\u00e4chst\" \/>\n<meta name=\"robots\" content=\"index, follow, max-snippet:-1, max-image-preview:large, max-video-preview:-1\" \/>\n<link rel=\"canonical\" href=\"https:\/\/floorball-hayungs.de\/en\/shop\/floorball-goalie_helmet_black_jadberg_blade\/\" \/>\n<meta property=\"og:locale\" content=\"en_GB\" \/>\n<meta property=\"og:type\" content=\"article\" \/>\n<meta property=\"og:title\" content=\"Floorball goalie helmet Jadberg BLADE, IFF-certified - Floorball Hayungs\" \/>\n<meta property=\"og:description\" content=\"Floorball-Torwarthelm f\u00fcr kleine Erwachsene und f\u00fcr Junioren-Torh\u00fcter. IFF-zertifiziertes Gitter; austauschbare Innen-Pads, damit der Torwarthelm mitw\u00e4chst\" \/>\n<meta property=\"og:url\" content=\"https:\/\/floorball-hayungs.de\/en\/shop\/floorball-goalie_helmet_black_jadberg_blade\/\" \/>\n<meta property=\"og:site_name\" content=\"Floorball Hayungs\" \/>\n<meta property=\"article:modified_time\" content=\"2025-10-31T10:07:02+00:00\" \/>\n<meta property=\"og:image\" content=\"https:\/\/floorball-hayungs.de\/en\/wp-content\/uploads\/sites\/2\/2020\/02\/Floorball_Torwarthelm_schwarz_Jadberg_Blade.png\" \/>\n\t<meta property=\"og:image:width\" content=\"1200\" \/>\n\t<meta property=\"og:image:height\" content=\"1500\" \/>\n\t<meta property=\"og:image:type\" content=\"image\/png\" \/>\n<meta name=\"twitter:card\" content=\"summary_large_image\" \/>\n<meta name=\"twitter:label1\" content=\"Estimated reading time\" \/>\n\t<meta name=\"twitter:data1\" content=\"1 minute\" \/>\n<script type=\"application\/ld+json\" class=\"yoast-schema-graph\">{\"@context\":\"https:\/\/schema.org\",\"@graph\":[{\"@type\":\"WebPage\",\"@id\":\"https:\/\/floorball-hayungs.de\/en\/shop\/floorball-goalie_helmet_black_jadberg_blade\/\",\"url\":\"https:\/\/floorball-hayungs.de\/en\/shop\/floorball-goalie_helmet_black_jadberg_blade\/\",\"name\":\"Floorball goalie helmet Jadberg BLADE, IFF-certified - Floorball Hayungs\",\"isPartOf\":{\"@id\":\"https:\/\/floorball-hayungs.de\/en\/#website\"},\"primaryImageOfPage\":{\"@id\":\"https:\/\/floorball-hayungs.de\/en\/shop\/floorball-goalie_helmet_black_jadberg_blade\/#primaryimage\"},\"image\":{\"@id\":\"https:\/\/floorball-hayungs.de\/en\/shop\/floorball-goalie_helmet_black_jadberg_blade\/#primaryimage\"},\"thumbnailUrl\":\"https:\/\/floorball-hayungs.de\/en\/wp-content\/uploads\/sites\/2\/2020\/02\/Floorball_Torwarthelm_schwarz_Jadberg_Blade.png\",\"datePublished\":\"2020-02-16T11:54:45+00:00\",\"dateModified\":\"2025-10-31T10:07:02+00:00\",\"description\":\"Floorball-Torwarthelm f\u00fcr kleine Erwachsene und f\u00fcr Junioren-Torh\u00fcter. IFF-zertifiziertes Gitter; austauschbare Innen-Pads, damit der Torwarthelm mitw\u00e4chst\",\"breadcrumb\":{\"@id\":\"https:\/\/floorball-hayungs.de\/en\/shop\/floorball-goalie_helmet_black_jadberg_blade\/#breadcrumb\"},\"inLanguage\":\"en-GB\",\"potentialAction\":[{\"@type\":\"ReadAction\",\"target\":[\"https:\/\/floorball-hayungs.de\/en\/shop\/floorball-goalie_helmet_black_jadberg_blade\/\"]}]},{\"@type\":\"ImageObject\",\"inLanguage\":\"en-GB\",\"@id\":\"https:\/\/floorball-hayungs.de\/en\/shop\/floorball-goalie_helmet_black_jadberg_blade\/#primaryimage\",\"url\":\"https:\/\/floorball-hayungs.de\/en\/wp-content\/uploads\/sites\/2\/2020\/02\/Floorball_Torwarthelm_schwarz_Jadberg_Blade.png\",\"contentUrl\":\"https:\/\/floorball-hayungs.de\/en\/wp-content\/uploads\/sites\/2\/2020\/02\/Floorball_Torwarthelm_schwarz_Jadberg_Blade.png\",\"width\":1200,\"height\":1500,\"caption\":\"Floorball-Torwarthelm schwarz - Jadberg Blade\"},{\"@type\":\"BreadcrumbList\",\"@id\":\"https:\/\/floorball-hayungs.de\/en\/shop\/floorball-goalie_helmet_black_jadberg_blade\/#breadcrumb\",\"itemListElement\":[{\"@type\":\"ListItem\",\"position\":1,\"name\":\"Startseite\",\"item\":\"https:\/\/floorball-hayungs.de\/en\/\"},{\"@type\":\"ListItem\",\"position\":2,\"name\":\"Floorball Hayungs &#8211; Your personal floorball shop\",\"item\":\"https:\/\/floorball-hayungs.de\/en\/\"},{\"@type\":\"ListItem\",\"position\":3,\"name\":\"Floorball goalie helmet Jadberg BLADE, IFF-certified\"}]},{\"@type\":\"WebSite\",\"@id\":\"https:\/\/floorball-hayungs.de\/en\/#website\",\"url\":\"https:\/\/floorball-hayungs.de\/en\/\",\"name\":\"Floorball Hayungs\",\"description\":\"Your personal Floorball Shop\",\"potentialAction\":[{\"@type\":\"SearchAction\",\"target\":{\"@type\":\"EntryPoint\",\"urlTemplate\":\"https:\/\/floorball-hayungs.de\/en\/?s={search_term_string}\"},\"query-input\":{\"@type\":\"PropertyValueSpecification\",\"valueRequired\":true,\"valueName\":\"search_term_string\"}}],\"inLanguage\":\"en-GB\"}]}<\/script>\n<!-- \/ Yoast SEO plugin. -->","yoast_head_json":{"title":"Floorball goalie helmet Jadberg BLADE, IFF-certified - Floorball Hayungs","description":"Floorball-Torwarthelm f\u00fcr kleine Erwachsene und f\u00fcr Junioren-Torh\u00fcter. IFF-zertifiziertes Gitter; austauschbare Innen-Pads, damit der Torwarthelm mitw\u00e4chst","robots":{"index":"index","follow":"follow","max-snippet":"max-snippet:-1","max-image-preview":"max-image-preview:large","max-video-preview":"max-video-preview:-1"},"canonical":"https:\/\/floorball-hayungs.de\/en\/shop\/floorball-goalie_helmet_black_jadberg_blade\/","og_locale":"en_GB","og_type":"article","og_title":"Floorball goalie helmet Jadberg BLADE, IFF-certified - Floorball Hayungs","og_description":"Floorball-Torwarthelm f\u00fcr kleine Erwachsene und f\u00fcr Junioren-Torh\u00fcter. IFF-zertifiziertes Gitter; austauschbare Innen-Pads, damit der Torwarthelm mitw\u00e4chst","og_url":"https:\/\/floorball-hayungs.de\/en\/shop\/floorball-goalie_helmet_black_jadberg_blade\/","og_site_name":"Floorball Hayungs","article_modified_time":"2025-10-31T10:07:02+00:00","og_image":[{"width":1200,"height":1500,"url":"https:\/\/floorball-hayungs.de\/en\/wp-content\/uploads\/sites\/2\/2020\/02\/Floorball_Torwarthelm_schwarz_Jadberg_Blade.png","type":"image\/png"}],"twitter_card":"summary_large_image","twitter_misc":{"Estimated reading time":"1 minute"},"schema":{"@context":"https:\/\/schema.org","@graph":[{"@type":"WebPage","@id":"https:\/\/floorball-hayungs.de\/en\/shop\/floorball-goalie_helmet_black_jadberg_blade\/","url":"https:\/\/floorball-hayungs.de\/en\/shop\/floorball-goalie_helmet_black_jadberg_blade\/","name":"Floorball goalie helmet Jadberg BLADE, IFF-certified - Floorball Hayungs","isPartOf":{"@id":"https:\/\/floorball-hayungs.de\/en\/#website"},"primaryImageOfPage":{"@id":"https:\/\/floorball-hayungs.de\/en\/shop\/floorball-goalie_helmet_black_jadberg_blade\/#primaryimage"},"image":{"@id":"https:\/\/floorball-hayungs.de\/en\/shop\/floorball-goalie_helmet_black_jadberg_blade\/#primaryimage"},"thumbnailUrl":"https:\/\/floorball-hayungs.de\/en\/wp-content\/uploads\/sites\/2\/2020\/02\/Floorball_Torwarthelm_schwarz_Jadberg_Blade.png","datePublished":"2020-02-16T11:54:45+00:00","dateModified":"2025-10-31T10:07:02+00:00","description":"Floorball-Torwarthelm f\u00fcr kleine Erwachsene und f\u00fcr Junioren-Torh\u00fcter. IFF-zertifiziertes Gitter; austauschbare Innen-Pads, damit der Torwarthelm mitw\u00e4chst","breadcrumb":{"@id":"https:\/\/floorball-hayungs.de\/en\/shop\/floorball-goalie_helmet_black_jadberg_blade\/#breadcrumb"},"inLanguage":"en-GB","potentialAction":[{"@type":"ReadAction","target":["https:\/\/floorball-hayungs.de\/en\/shop\/floorball-goalie_helmet_black_jadberg_blade\/"]}]},{"@type":"ImageObject","inLanguage":"en-GB","@id":"https:\/\/floorball-hayungs.de\/en\/shop\/floorball-goalie_helmet_black_jadberg_blade\/#primaryimage","url":"https:\/\/floorball-hayungs.de\/en\/wp-content\/uploads\/sites\/2\/2020\/02\/Floorball_Torwarthelm_schwarz_Jadberg_Blade.png","contentUrl":"https:\/\/floorball-hayungs.de\/en\/wp-content\/uploads\/sites\/2\/2020\/02\/Floorball_Torwarthelm_schwarz_Jadberg_Blade.png","width":1200,"height":1500,"caption":"Floorball-Torwarthelm schwarz - Jadberg Blade"},{"@type":"BreadcrumbList","@id":"https:\/\/floorball-hayungs.de\/en\/shop\/floorball-goalie_helmet_black_jadberg_blade\/#breadcrumb","itemListElement":[{"@type":"ListItem","position":1,"name":"Startseite","item":"https:\/\/floorball-hayungs.de\/en\/"},{"@type":"ListItem","position":2,"name":"Floorball Hayungs &#8211; Your personal floorball shop","item":"https:\/\/floorball-hayungs.de\/en\/"},{"@type":"ListItem","position":3,"name":"Floorball goalie helmet Jadberg BLADE, IFF-certified"}]},{"@type":"WebSite","@id":"https:\/\/floorball-hayungs.de\/en\/#website","url":"https:\/\/floorball-hayungs.de\/en\/","name":"Floorball Hayungs","description":"Your personal Floorball Shop","potentialAction":[{"@type":"SearchAction","target":{"@type":"EntryPoint","urlTemplate":"https:\/\/floorball-hayungs.de\/en\/?s={search_term_string}"},"query-input":{"@type":"PropertyValueSpecification","valueRequired":true,"valueName":"search_term_string"}}],"inLanguage":"en-GB"}]}},"_links":{"self":[{"href":"https:\/\/floorball-hayungs.de\/en\/wp-json\/wp\/v2\/product\/1085","targetHints":{"allow":["GET"]}}],"collection":[{"href":"https:\/\/floorball-hayungs.de\/en\/wp-json\/wp\/v2\/product"}],"about":[{"href":"https:\/\/floorball-hayungs.de\/en\/wp-json\/wp\/v2\/types\/product"}],"replies":[{"embeddable":true,"href":"https:\/\/floorball-hayungs.de\/en\/wp-json\/wp\/v2\/comments?post=1085"}],"wp:featuredmedia":[{"embeddable":true,"href":"https:\/\/floorball-hayungs.de\/en\/wp-json\/wp\/v2\/media\/1089"}],"wp:attachment":[{"href":"https:\/\/floorball-hayungs.de\/en\/wp-json\/wp\/v2\/media?parent=1085"}],"wp:term":[{"taxonomy":"product_brand","embeddable":true,"href":"https:\/\/floorball-hayungs.de\/en\/wp-json\/wp\/v2\/product_brand?post=1085"},{"taxonomy":"product_cat","embeddable":true,"href":"https:\/\/floorball-hayungs.de\/en\/wp-json\/wp\/v2\/product_cat?post=1085"},{"taxonomy":"product_tag","embeddable":true,"href":"https:\/\/floorball-hayungs.de\/en\/wp-json\/wp\/v2\/product_tag?post=1085"}],"curies":[{"name":"wp","href":"https:\/\/api.w.org\/{rel}","templated":true}]}}