{"id":1097,"date":"2020-02-21T13:30:24","date_gmt":"2020-02-21T12:30:24","guid":{"rendered":"https:\/\/floorball-hayungs.de\/?post_type=product&#038;p=1097"},"modified":"2025-10-31T11:07:02","modified_gmt":"2025-10-31T10:07:02","slug":"floorball-goalie-helmet-white_tempish-hero","status":"publish","type":"product","link":"https:\/\/floorball-hayungs.de\/en\/shop\/floorball-goalie-helmet-white_tempish-hero\/","title":{"rendered":"Floorball goalie helmet Tempish Hero white, IFF-certified"},"content":{"rendered":"<p>The goalie helmet HERO is made in adult sizes. The surface is matt and white to very light cream-colored.<\/p>\n<p>The helmet is made of extremely hard-wearing ABS plastic, which is specially tailored to the needs of competitors and professional players. The helmet is certified by the IFF. With adjustable chin guard. The helmet adapts perfectly to the shape of the head and face due to the design. Better ventilation is made possible by properly positioned ventilation slots. A new protective grille made of high-quality steel protects the face and eyes and, together with the shape of the mask, offers a perfect view of the game.<\/p>\n<p>The elongated part protects the neck parts under the chin.<\/p>\n<p>With transport bag and replacement rubber bands.<\/p>\n<p>Size: Senior (circumference max.56cm)<\/p>\n<p>Manufacturer: Tempish<\/p>\n","protected":false},"excerpt":{"rendered":"<p>The goalie helmet HERO is made in adult sizes. The surface is matt and white to very light cream-colored. The helmet is made of extremely hard-wearing ABS plastic, which is specially tailored to the needs of competitors and professional players. The helmet is certified by the IFF. With adjustable chin guard. The helmet adapts perfectly<\/p>\n<a href=\"https:\/\/floorball-hayungs.de\/en\/shop\/floorball-goalie-helmet-white_tempish-hero\/\">weiterlesen<\/a>.","protected":false},"featured_media":1098,"comment_status":"open","ping_status":"closed","template":"","meta":[],"product_brand":[],"product_cat":[40,67],"product_tag":[91],"class_list":{"0":"post-1097","1":"product","2":"type-product","3":"status-publish","4":"has-post-thumbnail","6":"product_cat-floorball-accessories","7":"product_cat-floorball-goalkeeper-equipment","8":"product_tag-tempish","9":"product_shipping_class-accesoires","11":"first","12":"outofstock","13":"shipping-taxable","14":"purchasable","15":"product-type-simple"},"yoast_head":"<!-- This site is optimized with the Yoast SEO plugin v26.5 - https:\/\/yoast.com\/wordpress\/plugins\/seo\/ -->\n<title>Floorball goalie helmet Tempish Hero white, IFF-certified - Floorball Hayungs<\/title>\n<meta name=\"description\" content=\"Floorball-Torwarthelm f\u00fcr Erwachsene. IFF-zertifiziert f\u00fcr offizielle Wettk\u00e4mpfe. Mit verstellbarem Kinnschutz. L\u00e4nglicher Halsschutz\" \/>\n<meta name=\"robots\" content=\"index, follow, max-snippet:-1, max-image-preview:large, max-video-preview:-1\" \/>\n<link rel=\"canonical\" href=\"https:\/\/floorball-hayungs.de\/en\/shop\/floorball-goalie-helmet-white_tempish-hero\/\" \/>\n<meta property=\"og:locale\" content=\"en_GB\" \/>\n<meta property=\"og:type\" content=\"article\" \/>\n<meta property=\"og:title\" content=\"Floorball goalie helmet Tempish Hero white, IFF-certified - Floorball Hayungs\" \/>\n<meta property=\"og:description\" content=\"Floorball-Torwarthelm f\u00fcr Erwachsene. IFF-zertifiziert f\u00fcr offizielle Wettk\u00e4mpfe. Mit verstellbarem Kinnschutz. L\u00e4nglicher Halsschutz\" \/>\n<meta property=\"og:url\" content=\"https:\/\/floorball-hayungs.de\/en\/shop\/floorball-goalie-helmet-white_tempish-hero\/\" \/>\n<meta property=\"og:site_name\" content=\"Floorball Hayungs\" \/>\n<meta property=\"article:modified_time\" content=\"2025-10-31T10:07:02+00:00\" \/>\n<meta property=\"og:image\" content=\"https:\/\/floorball-hayungs.de\/en\/wp-content\/uploads\/sites\/2\/2020\/02\/Floorball_Torwarthelm_weiss_Tempish_Hero.png\" \/>\n\t<meta property=\"og:image:width\" content=\"1200\" \/>\n\t<meta property=\"og:image:height\" content=\"1500\" \/>\n\t<meta property=\"og:image:type\" content=\"image\/png\" \/>\n<meta name=\"twitter:card\" content=\"summary_large_image\" \/>\n<meta name=\"twitter:label1\" content=\"Estimated reading time\" \/>\n\t<meta name=\"twitter:data1\" content=\"1 minute\" \/>\n<script type=\"application\/ld+json\" class=\"yoast-schema-graph\">{\"@context\":\"https:\/\/schema.org\",\"@graph\":[{\"@type\":\"WebPage\",\"@id\":\"https:\/\/floorball-hayungs.de\/en\/shop\/floorball-goalie-helmet-white_tempish-hero\/\",\"url\":\"https:\/\/floorball-hayungs.de\/en\/shop\/floorball-goalie-helmet-white_tempish-hero\/\",\"name\":\"Floorball goalie helmet Tempish Hero white, IFF-certified - Floorball Hayungs\",\"isPartOf\":{\"@id\":\"https:\/\/floorball-hayungs.de\/en\/#website\"},\"primaryImageOfPage\":{\"@id\":\"https:\/\/floorball-hayungs.de\/en\/shop\/floorball-goalie-helmet-white_tempish-hero\/#primaryimage\"},\"image\":{\"@id\":\"https:\/\/floorball-hayungs.de\/en\/shop\/floorball-goalie-helmet-white_tempish-hero\/#primaryimage\"},\"thumbnailUrl\":\"https:\/\/floorball-hayungs.de\/en\/wp-content\/uploads\/sites\/2\/2020\/02\/Floorball_Torwarthelm_weiss_Tempish_Hero.png\",\"datePublished\":\"2020-02-21T12:30:24+00:00\",\"dateModified\":\"2025-10-31T10:07:02+00:00\",\"description\":\"Floorball-Torwarthelm f\u00fcr Erwachsene. IFF-zertifiziert f\u00fcr offizielle Wettk\u00e4mpfe. Mit verstellbarem Kinnschutz. L\u00e4nglicher Halsschutz\",\"breadcrumb\":{\"@id\":\"https:\/\/floorball-hayungs.de\/en\/shop\/floorball-goalie-helmet-white_tempish-hero\/#breadcrumb\"},\"inLanguage\":\"en-GB\",\"potentialAction\":[{\"@type\":\"ReadAction\",\"target\":[\"https:\/\/floorball-hayungs.de\/en\/shop\/floorball-goalie-helmet-white_tempish-hero\/\"]}]},{\"@type\":\"ImageObject\",\"inLanguage\":\"en-GB\",\"@id\":\"https:\/\/floorball-hayungs.de\/en\/shop\/floorball-goalie-helmet-white_tempish-hero\/#primaryimage\",\"url\":\"https:\/\/floorball-hayungs.de\/en\/wp-content\/uploads\/sites\/2\/2020\/02\/Floorball_Torwarthelm_weiss_Tempish_Hero.png\",\"contentUrl\":\"https:\/\/floorball-hayungs.de\/en\/wp-content\/uploads\/sites\/2\/2020\/02\/Floorball_Torwarthelm_weiss_Tempish_Hero.png\",\"width\":1200,\"height\":1500,\"caption\":\"Floorball Torwarthelm in wei\u00df - Tempish Hero\"},{\"@type\":\"BreadcrumbList\",\"@id\":\"https:\/\/floorball-hayungs.de\/en\/shop\/floorball-goalie-helmet-white_tempish-hero\/#breadcrumb\",\"itemListElement\":[{\"@type\":\"ListItem\",\"position\":1,\"name\":\"Startseite\",\"item\":\"https:\/\/floorball-hayungs.de\/en\/\"},{\"@type\":\"ListItem\",\"position\":2,\"name\":\"Floorball Hayungs &#8211; Your personal floorball shop\",\"item\":\"https:\/\/floorball-hayungs.de\/en\/\"},{\"@type\":\"ListItem\",\"position\":3,\"name\":\"Floorball goalie helmet Tempish Hero white, IFF-certified\"}]},{\"@type\":\"WebSite\",\"@id\":\"https:\/\/floorball-hayungs.de\/en\/#website\",\"url\":\"https:\/\/floorball-hayungs.de\/en\/\",\"name\":\"Floorball Hayungs\",\"description\":\"Your personal Floorball Shop\",\"potentialAction\":[{\"@type\":\"SearchAction\",\"target\":{\"@type\":\"EntryPoint\",\"urlTemplate\":\"https:\/\/floorball-hayungs.de\/en\/?s={search_term_string}\"},\"query-input\":{\"@type\":\"PropertyValueSpecification\",\"valueRequired\":true,\"valueName\":\"search_term_string\"}}],\"inLanguage\":\"en-GB\"}]}<\/script>\n<!-- \/ Yoast SEO plugin. -->","yoast_head_json":{"title":"Floorball goalie helmet Tempish Hero white, IFF-certified - Floorball Hayungs","description":"Floorball-Torwarthelm f\u00fcr Erwachsene. IFF-zertifiziert f\u00fcr offizielle Wettk\u00e4mpfe. Mit verstellbarem Kinnschutz. L\u00e4nglicher Halsschutz","robots":{"index":"index","follow":"follow","max-snippet":"max-snippet:-1","max-image-preview":"max-image-preview:large","max-video-preview":"max-video-preview:-1"},"canonical":"https:\/\/floorball-hayungs.de\/en\/shop\/floorball-goalie-helmet-white_tempish-hero\/","og_locale":"en_GB","og_type":"article","og_title":"Floorball goalie helmet Tempish Hero white, IFF-certified - Floorball Hayungs","og_description":"Floorball-Torwarthelm f\u00fcr Erwachsene. IFF-zertifiziert f\u00fcr offizielle Wettk\u00e4mpfe. Mit verstellbarem Kinnschutz. L\u00e4nglicher Halsschutz","og_url":"https:\/\/floorball-hayungs.de\/en\/shop\/floorball-goalie-helmet-white_tempish-hero\/","og_site_name":"Floorball Hayungs","article_modified_time":"2025-10-31T10:07:02+00:00","og_image":[{"width":1200,"height":1500,"url":"https:\/\/floorball-hayungs.de\/en\/wp-content\/uploads\/sites\/2\/2020\/02\/Floorball_Torwarthelm_weiss_Tempish_Hero.png","type":"image\/png"}],"twitter_card":"summary_large_image","twitter_misc":{"Estimated reading time":"1 minute"},"schema":{"@context":"https:\/\/schema.org","@graph":[{"@type":"WebPage","@id":"https:\/\/floorball-hayungs.de\/en\/shop\/floorball-goalie-helmet-white_tempish-hero\/","url":"https:\/\/floorball-hayungs.de\/en\/shop\/floorball-goalie-helmet-white_tempish-hero\/","name":"Floorball goalie helmet Tempish Hero white, IFF-certified - Floorball Hayungs","isPartOf":{"@id":"https:\/\/floorball-hayungs.de\/en\/#website"},"primaryImageOfPage":{"@id":"https:\/\/floorball-hayungs.de\/en\/shop\/floorball-goalie-helmet-white_tempish-hero\/#primaryimage"},"image":{"@id":"https:\/\/floorball-hayungs.de\/en\/shop\/floorball-goalie-helmet-white_tempish-hero\/#primaryimage"},"thumbnailUrl":"https:\/\/floorball-hayungs.de\/en\/wp-content\/uploads\/sites\/2\/2020\/02\/Floorball_Torwarthelm_weiss_Tempish_Hero.png","datePublished":"2020-02-21T12:30:24+00:00","dateModified":"2025-10-31T10:07:02+00:00","description":"Floorball-Torwarthelm f\u00fcr Erwachsene. IFF-zertifiziert f\u00fcr offizielle Wettk\u00e4mpfe. Mit verstellbarem Kinnschutz. L\u00e4nglicher Halsschutz","breadcrumb":{"@id":"https:\/\/floorball-hayungs.de\/en\/shop\/floorball-goalie-helmet-white_tempish-hero\/#breadcrumb"},"inLanguage":"en-GB","potentialAction":[{"@type":"ReadAction","target":["https:\/\/floorball-hayungs.de\/en\/shop\/floorball-goalie-helmet-white_tempish-hero\/"]}]},{"@type":"ImageObject","inLanguage":"en-GB","@id":"https:\/\/floorball-hayungs.de\/en\/shop\/floorball-goalie-helmet-white_tempish-hero\/#primaryimage","url":"https:\/\/floorball-hayungs.de\/en\/wp-content\/uploads\/sites\/2\/2020\/02\/Floorball_Torwarthelm_weiss_Tempish_Hero.png","contentUrl":"https:\/\/floorball-hayungs.de\/en\/wp-content\/uploads\/sites\/2\/2020\/02\/Floorball_Torwarthelm_weiss_Tempish_Hero.png","width":1200,"height":1500,"caption":"Floorball Torwarthelm in wei\u00df - Tempish Hero"},{"@type":"BreadcrumbList","@id":"https:\/\/floorball-hayungs.de\/en\/shop\/floorball-goalie-helmet-white_tempish-hero\/#breadcrumb","itemListElement":[{"@type":"ListItem","position":1,"name":"Startseite","item":"https:\/\/floorball-hayungs.de\/en\/"},{"@type":"ListItem","position":2,"name":"Floorball Hayungs &#8211; Your personal floorball shop","item":"https:\/\/floorball-hayungs.de\/en\/"},{"@type":"ListItem","position":3,"name":"Floorball goalie helmet Tempish Hero white, IFF-certified"}]},{"@type":"WebSite","@id":"https:\/\/floorball-hayungs.de\/en\/#website","url":"https:\/\/floorball-hayungs.de\/en\/","name":"Floorball Hayungs","description":"Your personal Floorball Shop","potentialAction":[{"@type":"SearchAction","target":{"@type":"EntryPoint","urlTemplate":"https:\/\/floorball-hayungs.de\/en\/?s={search_term_string}"},"query-input":{"@type":"PropertyValueSpecification","valueRequired":true,"valueName":"search_term_string"}}],"inLanguage":"en-GB"}]}},"_links":{"self":[{"href":"https:\/\/floorball-hayungs.de\/en\/wp-json\/wp\/v2\/product\/1097","targetHints":{"allow":["GET"]}}],"collection":[{"href":"https:\/\/floorball-hayungs.de\/en\/wp-json\/wp\/v2\/product"}],"about":[{"href":"https:\/\/floorball-hayungs.de\/en\/wp-json\/wp\/v2\/types\/product"}],"replies":[{"embeddable":true,"href":"https:\/\/floorball-hayungs.de\/en\/wp-json\/wp\/v2\/comments?post=1097"}],"wp:featuredmedia":[{"embeddable":true,"href":"https:\/\/floorball-hayungs.de\/en\/wp-json\/wp\/v2\/media\/1098"}],"wp:attachment":[{"href":"https:\/\/floorball-hayungs.de\/en\/wp-json\/wp\/v2\/media?parent=1097"}],"wp:term":[{"taxonomy":"product_brand","embeddable":true,"href":"https:\/\/floorball-hayungs.de\/en\/wp-json\/wp\/v2\/product_brand?post=1097"},{"taxonomy":"product_cat","embeddable":true,"href":"https:\/\/floorball-hayungs.de\/en\/wp-json\/wp\/v2\/product_cat?post=1097"},{"taxonomy":"product_tag","embeddable":true,"href":"https:\/\/floorball-hayungs.de\/en\/wp-json\/wp\/v2\/product_tag?post=1097"}],"curies":[{"name":"wp","href":"https:\/\/api.w.org\/{rel}","templated":true}]}}