{"id":1224,"date":"2020-04-03T11:35:17","date_gmt":"2020-04-03T09:35:17","guid":{"rendered":"https:\/\/floorball-hayungs.de\/?post_type=product&#038;p=1224"},"modified":"2025-04-08T09:28:14","modified_gmt":"2025-04-08T07:28:14","slug":"floorball-official-match-ball-trix-iff-20-balls-set","status":"publish","type":"product","link":"https:\/\/floorball-hayungs.de\/en\/shop\/floorball-official-match-ball-trix-iff-20-balls-set\/","title":{"rendered":"Ball for official matches TRIX, IFF-certified, white &#8211; 20 balls set"},"content":{"rendered":"<p>The Trix floorball ball with the &#8220;reptile surface&#8221; &#8211; available here in a 20-ball-pack.<\/p>\n<p>Exceptionally dynamic and aerodynamic properties, certified by the International Floorball Federation IFF.<\/p>\n<p>The Set consists of 20 Trix balls, colour white<\/p>\n","protected":false},"excerpt":{"rendered":"<p>The Trix floorball ball with the &#8220;reptile surface&#8221; &#8211; available here in a 20-ball-pack. Exceptionally dynamic and aerodynamic properties, certified by the International Floorball Federation IFF. The Set consists of 20 Trix balls, colour white<\/p>\n<a href=\"https:\/\/floorball-hayungs.de\/en\/shop\/floorball-official-match-ball-trix-iff-20-balls-set\/\">weiterlesen<\/a>.","protected":false},"featured_media":616,"comment_status":"open","ping_status":"closed","template":"","meta":[],"product_brand":[],"product_cat":[40,39,41],"product_tag":[],"class_list":{"0":"post-1224","1":"product","2":"type-product","3":"status-publish","4":"has-post-thumbnail","6":"product_cat-floorball-accessories","7":"product_cat-floorball-balls","8":"product_cat-floorball-kids-and-youngsters","9":"product_shipping_class-accesoires","11":"first","12":"outofstock","13":"shipping-taxable","14":"purchasable","15":"product-type-simple"},"yoast_head":"<!-- This site is optimized with the Yoast SEO plugin v26.5 - https:\/\/yoast.com\/wordpress\/plugins\/seo\/ -->\n<title>Ball for official matches TRIX, IFF-certified, white - 20 balls set - Floorball Hayungs<\/title>\n<meta name=\"description\" content=\"Floorball-Wettkampfball. IFF-zertifiziert. Farbe: wei\u00df. Perfekt f\u00fcr jedes Floorballturnier oder f\u00fcr den n\u00e4chsten Floorballspieltag. Schneller Versand.\" \/>\n<meta name=\"robots\" content=\"index, follow, max-snippet:-1, max-image-preview:large, max-video-preview:-1\" \/>\n<link rel=\"canonical\" href=\"https:\/\/floorball-hayungs.de\/en\/shop\/floorball-official-match-ball-trix-iff-20-balls-set\/\" \/>\n<meta property=\"og:locale\" content=\"en_GB\" \/>\n<meta property=\"og:type\" content=\"article\" \/>\n<meta property=\"og:title\" content=\"Ball for official matches TRIX, IFF-certified, white - 20 balls set - Floorball Hayungs\" \/>\n<meta property=\"og:description\" content=\"Floorball-Wettkampfball. IFF-zertifiziert. Farbe: wei\u00df. Perfekt f\u00fcr jedes Floorballturnier oder f\u00fcr den n\u00e4chsten Floorballspieltag. Schneller Versand.\" \/>\n<meta property=\"og:url\" content=\"https:\/\/floorball-hayungs.de\/en\/shop\/floorball-official-match-ball-trix-iff-20-balls-set\/\" \/>\n<meta property=\"og:site_name\" content=\"Floorball Hayungs\" \/>\n<meta property=\"article:modified_time\" content=\"2025-04-08T07:28:14+00:00\" \/>\n<meta property=\"og:image\" content=\"https:\/\/floorball-hayungs.de\/en\/wp-content\/uploads\/sites\/2\/2019\/10\/Floorball_Wettkampfball_IFF_weiss_Trix.jpg\" \/>\n\t<meta property=\"og:image:width\" content=\"300\" \/>\n\t<meta property=\"og:image:height\" content=\"232\" \/>\n\t<meta property=\"og:image:type\" content=\"image\/jpeg\" \/>\n<meta name=\"twitter:card\" content=\"summary_large_image\" \/>\n<script type=\"application\/ld+json\" class=\"yoast-schema-graph\">{\"@context\":\"https:\/\/schema.org\",\"@graph\":[{\"@type\":\"WebPage\",\"@id\":\"https:\/\/floorball-hayungs.de\/en\/shop\/floorball-official-match-ball-trix-iff-20-balls-set\/\",\"url\":\"https:\/\/floorball-hayungs.de\/en\/shop\/floorball-official-match-ball-trix-iff-20-balls-set\/\",\"name\":\"Ball for official matches TRIX, IFF-certified, white - 20 balls set - Floorball Hayungs\",\"isPartOf\":{\"@id\":\"https:\/\/floorball-hayungs.de\/en\/#website\"},\"primaryImageOfPage\":{\"@id\":\"https:\/\/floorball-hayungs.de\/en\/shop\/floorball-official-match-ball-trix-iff-20-balls-set\/#primaryimage\"},\"image\":{\"@id\":\"https:\/\/floorball-hayungs.de\/en\/shop\/floorball-official-match-ball-trix-iff-20-balls-set\/#primaryimage\"},\"thumbnailUrl\":\"https:\/\/floorball-hayungs.de\/en\/wp-content\/uploads\/sites\/2\/2019\/10\/Floorball_Wettkampfball_IFF_weiss_Trix.jpg\",\"datePublished\":\"2020-04-03T09:35:17+00:00\",\"dateModified\":\"2025-04-08T07:28:14+00:00\",\"description\":\"Floorball-Wettkampfball. IFF-zertifiziert. Farbe: wei\u00df. Perfekt f\u00fcr jedes Floorballturnier oder f\u00fcr den n\u00e4chsten Floorballspieltag. Schneller Versand.\",\"breadcrumb\":{\"@id\":\"https:\/\/floorball-hayungs.de\/en\/shop\/floorball-official-match-ball-trix-iff-20-balls-set\/#breadcrumb\"},\"inLanguage\":\"en-GB\",\"potentialAction\":[{\"@type\":\"ReadAction\",\"target\":[\"https:\/\/floorball-hayungs.de\/en\/shop\/floorball-official-match-ball-trix-iff-20-balls-set\/\"]}]},{\"@type\":\"ImageObject\",\"inLanguage\":\"en-GB\",\"@id\":\"https:\/\/floorball-hayungs.de\/en\/shop\/floorball-official-match-ball-trix-iff-20-balls-set\/#primaryimage\",\"url\":\"https:\/\/floorball-hayungs.de\/en\/wp-content\/uploads\/sites\/2\/2019\/10\/Floorball_Wettkampfball_IFF_weiss_Trix.jpg\",\"contentUrl\":\"https:\/\/floorball-hayungs.de\/en\/wp-content\/uploads\/sites\/2\/2019\/10\/Floorball_Wettkampfball_IFF_weiss_Trix.jpg\",\"width\":300,\"height\":232,\"caption\":\"Floorball Wettkampfball wei\u00df\"},{\"@type\":\"BreadcrumbList\",\"@id\":\"https:\/\/floorball-hayungs.de\/en\/shop\/floorball-official-match-ball-trix-iff-20-balls-set\/#breadcrumb\",\"itemListElement\":[{\"@type\":\"ListItem\",\"position\":1,\"name\":\"Startseite\",\"item\":\"https:\/\/floorball-hayungs.de\/en\/\"},{\"@type\":\"ListItem\",\"position\":2,\"name\":\"Floorball Hayungs &#8211; Your personal floorball shop\",\"item\":\"https:\/\/floorball-hayungs.de\/en\/\"},{\"@type\":\"ListItem\",\"position\":3,\"name\":\"Ball for official matches TRIX, IFF-certified, white &#8211; 20 balls set\"}]},{\"@type\":\"WebSite\",\"@id\":\"https:\/\/floorball-hayungs.de\/en\/#website\",\"url\":\"https:\/\/floorball-hayungs.de\/en\/\",\"name\":\"Floorball Hayungs\",\"description\":\"Your personal Floorball Shop\",\"potentialAction\":[{\"@type\":\"SearchAction\",\"target\":{\"@type\":\"EntryPoint\",\"urlTemplate\":\"https:\/\/floorball-hayungs.de\/en\/?s={search_term_string}\"},\"query-input\":{\"@type\":\"PropertyValueSpecification\",\"valueRequired\":true,\"valueName\":\"search_term_string\"}}],\"inLanguage\":\"en-GB\"}]}<\/script>\n<!-- \/ Yoast SEO plugin. -->","yoast_head_json":{"title":"Ball for official matches TRIX, IFF-certified, white - 20 balls set - Floorball Hayungs","description":"Floorball-Wettkampfball. IFF-zertifiziert. Farbe: wei\u00df. Perfekt f\u00fcr jedes Floorballturnier oder f\u00fcr den n\u00e4chsten Floorballspieltag. Schneller Versand.","robots":{"index":"index","follow":"follow","max-snippet":"max-snippet:-1","max-image-preview":"max-image-preview:large","max-video-preview":"max-video-preview:-1"},"canonical":"https:\/\/floorball-hayungs.de\/en\/shop\/floorball-official-match-ball-trix-iff-20-balls-set\/","og_locale":"en_GB","og_type":"article","og_title":"Ball for official matches TRIX, IFF-certified, white - 20 balls set - Floorball Hayungs","og_description":"Floorball-Wettkampfball. IFF-zertifiziert. Farbe: wei\u00df. Perfekt f\u00fcr jedes Floorballturnier oder f\u00fcr den n\u00e4chsten Floorballspieltag. Schneller Versand.","og_url":"https:\/\/floorball-hayungs.de\/en\/shop\/floorball-official-match-ball-trix-iff-20-balls-set\/","og_site_name":"Floorball Hayungs","article_modified_time":"2025-04-08T07:28:14+00:00","og_image":[{"width":300,"height":232,"url":"https:\/\/floorball-hayungs.de\/en\/wp-content\/uploads\/sites\/2\/2019\/10\/Floorball_Wettkampfball_IFF_weiss_Trix.jpg","type":"image\/jpeg"}],"twitter_card":"summary_large_image","schema":{"@context":"https:\/\/schema.org","@graph":[{"@type":"WebPage","@id":"https:\/\/floorball-hayungs.de\/en\/shop\/floorball-official-match-ball-trix-iff-20-balls-set\/","url":"https:\/\/floorball-hayungs.de\/en\/shop\/floorball-official-match-ball-trix-iff-20-balls-set\/","name":"Ball for official matches TRIX, IFF-certified, white - 20 balls set - Floorball Hayungs","isPartOf":{"@id":"https:\/\/floorball-hayungs.de\/en\/#website"},"primaryImageOfPage":{"@id":"https:\/\/floorball-hayungs.de\/en\/shop\/floorball-official-match-ball-trix-iff-20-balls-set\/#primaryimage"},"image":{"@id":"https:\/\/floorball-hayungs.de\/en\/shop\/floorball-official-match-ball-trix-iff-20-balls-set\/#primaryimage"},"thumbnailUrl":"https:\/\/floorball-hayungs.de\/en\/wp-content\/uploads\/sites\/2\/2019\/10\/Floorball_Wettkampfball_IFF_weiss_Trix.jpg","datePublished":"2020-04-03T09:35:17+00:00","dateModified":"2025-04-08T07:28:14+00:00","description":"Floorball-Wettkampfball. IFF-zertifiziert. Farbe: wei\u00df. Perfekt f\u00fcr jedes Floorballturnier oder f\u00fcr den n\u00e4chsten Floorballspieltag. Schneller Versand.","breadcrumb":{"@id":"https:\/\/floorball-hayungs.de\/en\/shop\/floorball-official-match-ball-trix-iff-20-balls-set\/#breadcrumb"},"inLanguage":"en-GB","potentialAction":[{"@type":"ReadAction","target":["https:\/\/floorball-hayungs.de\/en\/shop\/floorball-official-match-ball-trix-iff-20-balls-set\/"]}]},{"@type":"ImageObject","inLanguage":"en-GB","@id":"https:\/\/floorball-hayungs.de\/en\/shop\/floorball-official-match-ball-trix-iff-20-balls-set\/#primaryimage","url":"https:\/\/floorball-hayungs.de\/en\/wp-content\/uploads\/sites\/2\/2019\/10\/Floorball_Wettkampfball_IFF_weiss_Trix.jpg","contentUrl":"https:\/\/floorball-hayungs.de\/en\/wp-content\/uploads\/sites\/2\/2019\/10\/Floorball_Wettkampfball_IFF_weiss_Trix.jpg","width":300,"height":232,"caption":"Floorball Wettkampfball wei\u00df"},{"@type":"BreadcrumbList","@id":"https:\/\/floorball-hayungs.de\/en\/shop\/floorball-official-match-ball-trix-iff-20-balls-set\/#breadcrumb","itemListElement":[{"@type":"ListItem","position":1,"name":"Startseite","item":"https:\/\/floorball-hayungs.de\/en\/"},{"@type":"ListItem","position":2,"name":"Floorball Hayungs &#8211; Your personal floorball shop","item":"https:\/\/floorball-hayungs.de\/en\/"},{"@type":"ListItem","position":3,"name":"Ball for official matches TRIX, IFF-certified, white &#8211; 20 balls set"}]},{"@type":"WebSite","@id":"https:\/\/floorball-hayungs.de\/en\/#website","url":"https:\/\/floorball-hayungs.de\/en\/","name":"Floorball Hayungs","description":"Your personal Floorball Shop","potentialAction":[{"@type":"SearchAction","target":{"@type":"EntryPoint","urlTemplate":"https:\/\/floorball-hayungs.de\/en\/?s={search_term_string}"},"query-input":{"@type":"PropertyValueSpecification","valueRequired":true,"valueName":"search_term_string"}}],"inLanguage":"en-GB"}]}},"_links":{"self":[{"href":"https:\/\/floorball-hayungs.de\/en\/wp-json\/wp\/v2\/product\/1224","targetHints":{"allow":["GET"]}}],"collection":[{"href":"https:\/\/floorball-hayungs.de\/en\/wp-json\/wp\/v2\/product"}],"about":[{"href":"https:\/\/floorball-hayungs.de\/en\/wp-json\/wp\/v2\/types\/product"}],"replies":[{"embeddable":true,"href":"https:\/\/floorball-hayungs.de\/en\/wp-json\/wp\/v2\/comments?post=1224"}],"wp:featuredmedia":[{"embeddable":true,"href":"https:\/\/floorball-hayungs.de\/en\/wp-json\/wp\/v2\/media\/616"}],"wp:attachment":[{"href":"https:\/\/floorball-hayungs.de\/en\/wp-json\/wp\/v2\/media?parent=1224"}],"wp:term":[{"taxonomy":"product_brand","embeddable":true,"href":"https:\/\/floorball-hayungs.de\/en\/wp-json\/wp\/v2\/product_brand?post=1224"},{"taxonomy":"product_cat","embeddable":true,"href":"https:\/\/floorball-hayungs.de\/en\/wp-json\/wp\/v2\/product_cat?post=1224"},{"taxonomy":"product_tag","embeddable":true,"href":"https:\/\/floorball-hayungs.de\/en\/wp-json\/wp\/v2\/product_tag?post=1224"}],"curies":[{"name":"wp","href":"https:\/\/api.w.org\/{rel}","templated":true}]}}