{"id":1264,"date":"2020-05-12T18:07:45","date_gmt":"2020-05-12T16:07:45","guid":{"rendered":"https:\/\/floorball-hayungs.de\/?post_type=product&#038;p=1264"},"modified":"2024-06-27T13:29:32","modified_gmt":"2024-06-27T11:29:32","slug":"exel-pure-p100-26-oval-floorball_stick","status":"publish","type":"product","link":"https:\/\/floorball-hayungs.de\/en\/shop\/exel-pure-p100-26-oval-floorball_stick\/","title":{"rendered":"Exel Pure P100 2.6 Blue oval"},"content":{"rendered":"<p>A very long floorball stick. With its shaft length of 101 cm, it is particularly suitable for tall floorball players from approx. 1.80 m tall. The shaft is medium hard with a flex of 26 mm. The soft shovel is suitable for technical play.<\/p>\n<p>Material: shaft &#8211; carbon<br \/>\nShaft length: 101 cm<br \/>\nFlex: 26 mm<br \/>\nShaft: oval<br \/>\nsoft shovel<br \/>\nIFF certified<\/p>\n","protected":false},"excerpt":{"rendered":"<div id=\"tab-description\" class=\"woocommerce-Tabs-panel woocommerce-Tabs-panel--description panel entry-content wc-tab\" role=\"tabpanel\" aria-labelledby=\"tab-title-description\">\n<p>Material: shaft &#8211; carbon<br \/>\nShaft length: 101 cm<br \/>\nFlex: 26 mm<br \/>\nShaft: oval<br \/>\nsoft shovel<br \/>\nIFF certified<\/p>\n<\/div>\n<a href=\"https:\/\/floorball-hayungs.de\/en\/shop\/exel-pure-p100-26-oval-floorball_stick\/\">weiterlesen<\/a>.","protected":false},"featured_media":1267,"comment_status":"open","ping_status":"closed","template":"","meta":[],"product_brand":[],"product_cat":[35],"product_tag":[104,105],"class_list":{"0":"post-1264","1":"product","2":"type-product","3":"status-publish","4":"has-post-thumbnail","6":"product_cat-floorball-sticks","7":"product_tag-exel-floorballsticks","8":"product_tag-floorball-sticks","9":"product_shipping_class-stick","11":"first","12":"instock","13":"sale","14":"shipping-taxable","15":"purchasable","16":"product-type-variable"},"yoast_head":"<!-- This site is optimized with the Yoast SEO plugin v26.5 - https:\/\/yoast.com\/wordpress\/plugins\/seo\/ -->\n<title>Exel Pure P100 2.6 Blue oval - Floorball Hayungs<\/title>\n<meta name=\"description\" content=\"Gr\u00fcn-schwarzer Floorballschl\u00e4ger: Perfekt f\u00fcr gro\u00dfe Floorballspielerinnen und Floorballspieler. F\u00fcr den Spielbetrieb zugelassen.\" \/>\n<meta name=\"robots\" content=\"index, follow, max-snippet:-1, max-image-preview:large, max-video-preview:-1\" \/>\n<link rel=\"canonical\" href=\"https:\/\/floorball-hayungs.de\/en\/shop\/exel-pure-p100-26-oval-floorball_stick\/\" \/>\n<meta property=\"og:locale\" content=\"en_GB\" \/>\n<meta property=\"og:type\" content=\"article\" \/>\n<meta property=\"og:title\" content=\"Exel Pure P100 2.6 Blue oval - Floorball Hayungs\" \/>\n<meta property=\"og:description\" content=\"Gr\u00fcn-schwarzer Floorballschl\u00e4ger: Perfekt f\u00fcr gro\u00dfe Floorballspielerinnen und Floorballspieler. F\u00fcr den Spielbetrieb zugelassen.\" \/>\n<meta property=\"og:url\" content=\"https:\/\/floorball-hayungs.de\/en\/shop\/exel-pure-p100-26-oval-floorball_stick\/\" \/>\n<meta property=\"og:site_name\" content=\"Floorball Hayungs\" \/>\n<meta property=\"article:modified_time\" content=\"2024-06-27T11:29:32+00:00\" \/>\n<meta property=\"og:image\" content=\"https:\/\/floorball-hayungs.de\/en\/wp-content\/uploads\/sites\/2\/2020\/05\/Exel_P100_101_26_Floorballschlaeger.jpg\" \/>\n\t<meta property=\"og:image:width\" content=\"739\" \/>\n\t<meta property=\"og:image:height\" content=\"600\" \/>\n\t<meta property=\"og:image:type\" content=\"image\/jpeg\" \/>\n<meta name=\"twitter:card\" content=\"summary_large_image\" \/>\n<script type=\"application\/ld+json\" class=\"yoast-schema-graph\">{\"@context\":\"https:\/\/schema.org\",\"@graph\":[{\"@type\":\"WebPage\",\"@id\":\"https:\/\/floorball-hayungs.de\/en\/shop\/exel-pure-p100-26-oval-floorball_stick\/\",\"url\":\"https:\/\/floorball-hayungs.de\/en\/shop\/exel-pure-p100-26-oval-floorball_stick\/\",\"name\":\"Exel Pure P100 2.6 Blue oval - Floorball Hayungs\",\"isPartOf\":{\"@id\":\"https:\/\/floorball-hayungs.de\/en\/#website\"},\"primaryImageOfPage\":{\"@id\":\"https:\/\/floorball-hayungs.de\/en\/shop\/exel-pure-p100-26-oval-floorball_stick\/#primaryimage\"},\"image\":{\"@id\":\"https:\/\/floorball-hayungs.de\/en\/shop\/exel-pure-p100-26-oval-floorball_stick\/#primaryimage\"},\"thumbnailUrl\":\"https:\/\/floorball-hayungs.de\/en\/wp-content\/uploads\/sites\/2\/2020\/05\/Exel_P100_101_26_Floorballschlaeger.jpg\",\"datePublished\":\"2020-05-12T16:07:45+00:00\",\"dateModified\":\"2024-06-27T11:29:32+00:00\",\"description\":\"Gr\u00fcn-schwarzer Floorballschl\u00e4ger: Perfekt f\u00fcr gro\u00dfe Floorballspielerinnen und Floorballspieler. F\u00fcr den Spielbetrieb zugelassen.\",\"breadcrumb\":{\"@id\":\"https:\/\/floorball-hayungs.de\/en\/shop\/exel-pure-p100-26-oval-floorball_stick\/#breadcrumb\"},\"inLanguage\":\"en-GB\",\"potentialAction\":[{\"@type\":\"ReadAction\",\"target\":[\"https:\/\/floorball-hayungs.de\/en\/shop\/exel-pure-p100-26-oval-floorball_stick\/\"]}]},{\"@type\":\"ImageObject\",\"inLanguage\":\"en-GB\",\"@id\":\"https:\/\/floorball-hayungs.de\/en\/shop\/exel-pure-p100-26-oval-floorball_stick\/#primaryimage\",\"url\":\"https:\/\/floorball-hayungs.de\/en\/wp-content\/uploads\/sites\/2\/2020\/05\/Exel_P100_101_26_Floorballschlaeger.jpg\",\"contentUrl\":\"https:\/\/floorball-hayungs.de\/en\/wp-content\/uploads\/sites\/2\/2020\/05\/Exel_P100_101_26_Floorballschlaeger.jpg\",\"width\":739,\"height\":600},{\"@type\":\"BreadcrumbList\",\"@id\":\"https:\/\/floorball-hayungs.de\/en\/shop\/exel-pure-p100-26-oval-floorball_stick\/#breadcrumb\",\"itemListElement\":[{\"@type\":\"ListItem\",\"position\":1,\"name\":\"Startseite\",\"item\":\"https:\/\/floorball-hayungs.de\/en\/\"},{\"@type\":\"ListItem\",\"position\":2,\"name\":\"Floorball Hayungs &#8211; Your personal floorball shop\",\"item\":\"https:\/\/floorball-hayungs.de\/en\/\"},{\"@type\":\"ListItem\",\"position\":3,\"name\":\"Exel Pure P100 2.6 Blue oval\"}]},{\"@type\":\"WebSite\",\"@id\":\"https:\/\/floorball-hayungs.de\/en\/#website\",\"url\":\"https:\/\/floorball-hayungs.de\/en\/\",\"name\":\"Floorball Hayungs\",\"description\":\"Your personal Floorball Shop\",\"potentialAction\":[{\"@type\":\"SearchAction\",\"target\":{\"@type\":\"EntryPoint\",\"urlTemplate\":\"https:\/\/floorball-hayungs.de\/en\/?s={search_term_string}\"},\"query-input\":{\"@type\":\"PropertyValueSpecification\",\"valueRequired\":true,\"valueName\":\"search_term_string\"}}],\"inLanguage\":\"en-GB\"}]}<\/script>\n<!-- \/ Yoast SEO plugin. -->","yoast_head_json":{"title":"Exel Pure P100 2.6 Blue oval - Floorball Hayungs","description":"Gr\u00fcn-schwarzer Floorballschl\u00e4ger: Perfekt f\u00fcr gro\u00dfe Floorballspielerinnen und Floorballspieler. F\u00fcr den Spielbetrieb zugelassen.","robots":{"index":"index","follow":"follow","max-snippet":"max-snippet:-1","max-image-preview":"max-image-preview:large","max-video-preview":"max-video-preview:-1"},"canonical":"https:\/\/floorball-hayungs.de\/en\/shop\/exel-pure-p100-26-oval-floorball_stick\/","og_locale":"en_GB","og_type":"article","og_title":"Exel Pure P100 2.6 Blue oval - Floorball Hayungs","og_description":"Gr\u00fcn-schwarzer Floorballschl\u00e4ger: Perfekt f\u00fcr gro\u00dfe Floorballspielerinnen und Floorballspieler. F\u00fcr den Spielbetrieb zugelassen.","og_url":"https:\/\/floorball-hayungs.de\/en\/shop\/exel-pure-p100-26-oval-floorball_stick\/","og_site_name":"Floorball Hayungs","article_modified_time":"2024-06-27T11:29:32+00:00","og_image":[{"width":739,"height":600,"url":"https:\/\/floorball-hayungs.de\/en\/wp-content\/uploads\/sites\/2\/2020\/05\/Exel_P100_101_26_Floorballschlaeger.jpg","type":"image\/jpeg"}],"twitter_card":"summary_large_image","schema":{"@context":"https:\/\/schema.org","@graph":[{"@type":"WebPage","@id":"https:\/\/floorball-hayungs.de\/en\/shop\/exel-pure-p100-26-oval-floorball_stick\/","url":"https:\/\/floorball-hayungs.de\/en\/shop\/exel-pure-p100-26-oval-floorball_stick\/","name":"Exel Pure P100 2.6 Blue oval - Floorball Hayungs","isPartOf":{"@id":"https:\/\/floorball-hayungs.de\/en\/#website"},"primaryImageOfPage":{"@id":"https:\/\/floorball-hayungs.de\/en\/shop\/exel-pure-p100-26-oval-floorball_stick\/#primaryimage"},"image":{"@id":"https:\/\/floorball-hayungs.de\/en\/shop\/exel-pure-p100-26-oval-floorball_stick\/#primaryimage"},"thumbnailUrl":"https:\/\/floorball-hayungs.de\/en\/wp-content\/uploads\/sites\/2\/2020\/05\/Exel_P100_101_26_Floorballschlaeger.jpg","datePublished":"2020-05-12T16:07:45+00:00","dateModified":"2024-06-27T11:29:32+00:00","description":"Gr\u00fcn-schwarzer Floorballschl\u00e4ger: Perfekt f\u00fcr gro\u00dfe Floorballspielerinnen und Floorballspieler. F\u00fcr den Spielbetrieb zugelassen.","breadcrumb":{"@id":"https:\/\/floorball-hayungs.de\/en\/shop\/exel-pure-p100-26-oval-floorball_stick\/#breadcrumb"},"inLanguage":"en-GB","potentialAction":[{"@type":"ReadAction","target":["https:\/\/floorball-hayungs.de\/en\/shop\/exel-pure-p100-26-oval-floorball_stick\/"]}]},{"@type":"ImageObject","inLanguage":"en-GB","@id":"https:\/\/floorball-hayungs.de\/en\/shop\/exel-pure-p100-26-oval-floorball_stick\/#primaryimage","url":"https:\/\/floorball-hayungs.de\/en\/wp-content\/uploads\/sites\/2\/2020\/05\/Exel_P100_101_26_Floorballschlaeger.jpg","contentUrl":"https:\/\/floorball-hayungs.de\/en\/wp-content\/uploads\/sites\/2\/2020\/05\/Exel_P100_101_26_Floorballschlaeger.jpg","width":739,"height":600},{"@type":"BreadcrumbList","@id":"https:\/\/floorball-hayungs.de\/en\/shop\/exel-pure-p100-26-oval-floorball_stick\/#breadcrumb","itemListElement":[{"@type":"ListItem","position":1,"name":"Startseite","item":"https:\/\/floorball-hayungs.de\/en\/"},{"@type":"ListItem","position":2,"name":"Floorball Hayungs &#8211; Your personal floorball shop","item":"https:\/\/floorball-hayungs.de\/en\/"},{"@type":"ListItem","position":3,"name":"Exel Pure P100 2.6 Blue oval"}]},{"@type":"WebSite","@id":"https:\/\/floorball-hayungs.de\/en\/#website","url":"https:\/\/floorball-hayungs.de\/en\/","name":"Floorball Hayungs","description":"Your personal Floorball Shop","potentialAction":[{"@type":"SearchAction","target":{"@type":"EntryPoint","urlTemplate":"https:\/\/floorball-hayungs.de\/en\/?s={search_term_string}"},"query-input":{"@type":"PropertyValueSpecification","valueRequired":true,"valueName":"search_term_string"}}],"inLanguage":"en-GB"}]}},"_links":{"self":[{"href":"https:\/\/floorball-hayungs.de\/en\/wp-json\/wp\/v2\/product\/1264","targetHints":{"allow":["GET"]}}],"collection":[{"href":"https:\/\/floorball-hayungs.de\/en\/wp-json\/wp\/v2\/product"}],"about":[{"href":"https:\/\/floorball-hayungs.de\/en\/wp-json\/wp\/v2\/types\/product"}],"replies":[{"embeddable":true,"href":"https:\/\/floorball-hayungs.de\/en\/wp-json\/wp\/v2\/comments?post=1264"}],"wp:featuredmedia":[{"embeddable":true,"href":"https:\/\/floorball-hayungs.de\/en\/wp-json\/wp\/v2\/media\/1267"}],"wp:attachment":[{"href":"https:\/\/floorball-hayungs.de\/en\/wp-json\/wp\/v2\/media?parent=1264"}],"wp:term":[{"taxonomy":"product_brand","embeddable":true,"href":"https:\/\/floorball-hayungs.de\/en\/wp-json\/wp\/v2\/product_brand?post=1264"},{"taxonomy":"product_cat","embeddable":true,"href":"https:\/\/floorball-hayungs.de\/en\/wp-json\/wp\/v2\/product_cat?post=1264"},{"taxonomy":"product_tag","embeddable":true,"href":"https:\/\/floorball-hayungs.de\/en\/wp-json\/wp\/v2\/product_tag?post=1264"}],"curies":[{"name":"wp","href":"https:\/\/api.w.org\/{rel}","templated":true}]}}