{"id":1807,"date":"2022-01-15T07:32:13","date_gmt":"2022-01-15T06:32:13","guid":{"rendered":"https:\/\/floorball-hayungs.de\/en\/?post_type=product&#038;p=1807"},"modified":"2025-10-31T11:04:52","modified_gmt":"2025-10-31T10:04:52","slug":"floorball-goalkeeper-mask-tempish-hector-basic-black","status":"publish","type":"product","link":"https:\/\/floorball-hayungs.de\/en\/shop\/floorball-goalkeeper-mask-tempish-hector-basic-black\/","title":{"rendered":"Floorball goalkeeper mask Tempish Hector Basic black, IFF-certified"},"content":{"rendered":"<p>The black HECTOR floorball goalie mask is available in adult sizes. The floorball goalkeeper mask is made of extremely durable plastic for competitive and recreational players. The mask is certified by the IFF.<\/p>\n<p>The mask has a comfortable padding and fits very well thanks to adjustable straps. Better ventilation is made possible by special holes. The shape of the mask ensures good visibility, safety and comfort for the goalkeeper.<\/p>\n<p>Manufacturer: Tempish<\/p>\n","protected":false},"excerpt":{"rendered":"<p>The black HECTOR floorball goalie mask is available in adult sizes. The floorball goalkeeper mask is made of extremely durable plastic for competitive and recreational players. The mask is certified by the IFF. The mask has a comfortable padding and fits very well thanks to adjustable straps. Better ventilation is made possible by special holes.<\/p>\n<a href=\"https:\/\/floorball-hayungs.de\/en\/shop\/floorball-goalkeeper-mask-tempish-hector-basic-black\/\">weiterlesen<\/a>.","protected":false},"featured_media":1810,"comment_status":"open","ping_status":"closed","template":"","meta":[],"product_brand":[],"product_cat":[40,67,41],"product_tag":[91],"class_list":{"0":"post-1807","1":"product","2":"type-product","3":"status-publish","4":"has-post-thumbnail","6":"product_cat-floorball-accessories","7":"product_cat-floorball-goalkeeper-equipment","8":"product_cat-floorball-kids-and-youngsters","9":"product_tag-tempish","10":"product_shipping_class-accesoires","12":"first","13":"outofstock","14":"sale","15":"shipping-taxable","16":"purchasable","17":"product-type-simple"},"yoast_head":"<!-- This site is optimized with the Yoast SEO plugin v26.5 - https:\/\/yoast.com\/wordpress\/plugins\/seo\/ -->\n<title>Floorball goalkeeper mask Tempish Hector Basic black, IFF-certified - Floorball Hayungs<\/title>\n<meta name=\"description\" content=\"Floorball-Torwarthelm f\u00fcr Erwachsene und Jugendliche. IFF-zertifiziert f\u00fcr offizielle Wettk\u00e4mpfe, Ligen und Floorball-Turniere.\" \/>\n<meta name=\"robots\" content=\"index, follow, max-snippet:-1, max-image-preview:large, max-video-preview:-1\" \/>\n<link rel=\"canonical\" href=\"https:\/\/floorball-hayungs.de\/en\/shop\/floorball-goalkeeper-mask-tempish-hector-basic-black\/\" \/>\n<meta property=\"og:locale\" content=\"en_GB\" \/>\n<meta property=\"og:type\" content=\"article\" \/>\n<meta property=\"og:title\" content=\"Floorball goalkeeper mask Tempish Hector Basic black, IFF-certified - Floorball Hayungs\" \/>\n<meta property=\"og:description\" content=\"Floorball-Torwarthelm f\u00fcr Erwachsene und Jugendliche. IFF-zertifiziert f\u00fcr offizielle Wettk\u00e4mpfe, Ligen und Floorball-Turniere.\" \/>\n<meta property=\"og:url\" content=\"https:\/\/floorball-hayungs.de\/en\/shop\/floorball-goalkeeper-mask-tempish-hector-basic-black\/\" \/>\n<meta property=\"og:site_name\" content=\"Floorball Hayungs\" \/>\n<meta property=\"article:modified_time\" content=\"2025-10-31T10:04:52+00:00\" \/>\n<meta property=\"og:image\" content=\"https:\/\/floorball-hayungs.de\/en\/wp-content\/uploads\/sites\/2\/2022\/01\/Floorball-goalkeeper-helmet-black-Tempish-Hector-Basic.png\" \/>\n\t<meta property=\"og:image:width\" content=\"1200\" \/>\n\t<meta property=\"og:image:height\" content=\"1500\" \/>\n\t<meta property=\"og:image:type\" content=\"image\/png\" \/>\n<meta name=\"twitter:card\" content=\"summary_large_image\" \/>\n<meta name=\"twitter:label1\" content=\"Estimated reading time\" \/>\n\t<meta name=\"twitter:data1\" content=\"1 minute\" \/>\n<script type=\"application\/ld+json\" class=\"yoast-schema-graph\">{\"@context\":\"https:\/\/schema.org\",\"@graph\":[{\"@type\":\"WebPage\",\"@id\":\"https:\/\/floorball-hayungs.de\/en\/shop\/floorball-goalkeeper-mask-tempish-hector-basic-black\/\",\"url\":\"https:\/\/floorball-hayungs.de\/en\/shop\/floorball-goalkeeper-mask-tempish-hector-basic-black\/\",\"name\":\"Floorball goalkeeper mask Tempish Hector Basic black, IFF-certified - Floorball Hayungs\",\"isPartOf\":{\"@id\":\"https:\/\/floorball-hayungs.de\/en\/#website\"},\"primaryImageOfPage\":{\"@id\":\"https:\/\/floorball-hayungs.de\/en\/shop\/floorball-goalkeeper-mask-tempish-hector-basic-black\/#primaryimage\"},\"image\":{\"@id\":\"https:\/\/floorball-hayungs.de\/en\/shop\/floorball-goalkeeper-mask-tempish-hector-basic-black\/#primaryimage\"},\"thumbnailUrl\":\"https:\/\/floorball-hayungs.de\/en\/wp-content\/uploads\/sites\/2\/2022\/01\/Floorball-goalkeeper-helmet-black-Tempish-Hector-Basic.png\",\"datePublished\":\"2022-01-15T06:32:13+00:00\",\"dateModified\":\"2025-10-31T10:04:52+00:00\",\"description\":\"Floorball-Torwarthelm f\u00fcr Erwachsene und Jugendliche. IFF-zertifiziert f\u00fcr offizielle Wettk\u00e4mpfe, Ligen und Floorball-Turniere.\",\"breadcrumb\":{\"@id\":\"https:\/\/floorball-hayungs.de\/en\/shop\/floorball-goalkeeper-mask-tempish-hector-basic-black\/#breadcrumb\"},\"inLanguage\":\"en-GB\",\"potentialAction\":[{\"@type\":\"ReadAction\",\"target\":[\"https:\/\/floorball-hayungs.de\/en\/shop\/floorball-goalkeeper-mask-tempish-hector-basic-black\/\"]}]},{\"@type\":\"ImageObject\",\"inLanguage\":\"en-GB\",\"@id\":\"https:\/\/floorball-hayungs.de\/en\/shop\/floorball-goalkeeper-mask-tempish-hector-basic-black\/#primaryimage\",\"url\":\"https:\/\/floorball-hayungs.de\/en\/wp-content\/uploads\/sites\/2\/2022\/01\/Floorball-goalkeeper-helmet-black-Tempish-Hector-Basic.png\",\"contentUrl\":\"https:\/\/floorball-hayungs.de\/en\/wp-content\/uploads\/sites\/2\/2022\/01\/Floorball-goalkeeper-helmet-black-Tempish-Hector-Basic.png\",\"width\":1200,\"height\":1500,\"caption\":\"Floorball Goalkeeper helmet black Tempish Hector\"},{\"@type\":\"BreadcrumbList\",\"@id\":\"https:\/\/floorball-hayungs.de\/en\/shop\/floorball-goalkeeper-mask-tempish-hector-basic-black\/#breadcrumb\",\"itemListElement\":[{\"@type\":\"ListItem\",\"position\":1,\"name\":\"Startseite\",\"item\":\"https:\/\/floorball-hayungs.de\/en\/\"},{\"@type\":\"ListItem\",\"position\":2,\"name\":\"Floorball Hayungs &#8211; Your personal floorball shop\",\"item\":\"https:\/\/floorball-hayungs.de\/en\/\"},{\"@type\":\"ListItem\",\"position\":3,\"name\":\"Floorball goalkeeper mask Tempish Hector Basic black, IFF-certified\"}]},{\"@type\":\"WebSite\",\"@id\":\"https:\/\/floorball-hayungs.de\/en\/#website\",\"url\":\"https:\/\/floorball-hayungs.de\/en\/\",\"name\":\"Floorball Hayungs\",\"description\":\"Your personal Floorball Shop\",\"potentialAction\":[{\"@type\":\"SearchAction\",\"target\":{\"@type\":\"EntryPoint\",\"urlTemplate\":\"https:\/\/floorball-hayungs.de\/en\/?s={search_term_string}\"},\"query-input\":{\"@type\":\"PropertyValueSpecification\",\"valueRequired\":true,\"valueName\":\"search_term_string\"}}],\"inLanguage\":\"en-GB\"}]}<\/script>\n<!-- \/ Yoast SEO plugin. -->","yoast_head_json":{"title":"Floorball goalkeeper mask Tempish Hector Basic black, IFF-certified - Floorball Hayungs","description":"Floorball-Torwarthelm f\u00fcr Erwachsene und Jugendliche. IFF-zertifiziert f\u00fcr offizielle Wettk\u00e4mpfe, Ligen und Floorball-Turniere.","robots":{"index":"index","follow":"follow","max-snippet":"max-snippet:-1","max-image-preview":"max-image-preview:large","max-video-preview":"max-video-preview:-1"},"canonical":"https:\/\/floorball-hayungs.de\/en\/shop\/floorball-goalkeeper-mask-tempish-hector-basic-black\/","og_locale":"en_GB","og_type":"article","og_title":"Floorball goalkeeper mask Tempish Hector Basic black, IFF-certified - Floorball Hayungs","og_description":"Floorball-Torwarthelm f\u00fcr Erwachsene und Jugendliche. IFF-zertifiziert f\u00fcr offizielle Wettk\u00e4mpfe, Ligen und Floorball-Turniere.","og_url":"https:\/\/floorball-hayungs.de\/en\/shop\/floorball-goalkeeper-mask-tempish-hector-basic-black\/","og_site_name":"Floorball Hayungs","article_modified_time":"2025-10-31T10:04:52+00:00","og_image":[{"width":1200,"height":1500,"url":"https:\/\/floorball-hayungs.de\/en\/wp-content\/uploads\/sites\/2\/2022\/01\/Floorball-goalkeeper-helmet-black-Tempish-Hector-Basic.png","type":"image\/png"}],"twitter_card":"summary_large_image","twitter_misc":{"Estimated reading time":"1 minute"},"schema":{"@context":"https:\/\/schema.org","@graph":[{"@type":"WebPage","@id":"https:\/\/floorball-hayungs.de\/en\/shop\/floorball-goalkeeper-mask-tempish-hector-basic-black\/","url":"https:\/\/floorball-hayungs.de\/en\/shop\/floorball-goalkeeper-mask-tempish-hector-basic-black\/","name":"Floorball goalkeeper mask Tempish Hector Basic black, IFF-certified - Floorball Hayungs","isPartOf":{"@id":"https:\/\/floorball-hayungs.de\/en\/#website"},"primaryImageOfPage":{"@id":"https:\/\/floorball-hayungs.de\/en\/shop\/floorball-goalkeeper-mask-tempish-hector-basic-black\/#primaryimage"},"image":{"@id":"https:\/\/floorball-hayungs.de\/en\/shop\/floorball-goalkeeper-mask-tempish-hector-basic-black\/#primaryimage"},"thumbnailUrl":"https:\/\/floorball-hayungs.de\/en\/wp-content\/uploads\/sites\/2\/2022\/01\/Floorball-goalkeeper-helmet-black-Tempish-Hector-Basic.png","datePublished":"2022-01-15T06:32:13+00:00","dateModified":"2025-10-31T10:04:52+00:00","description":"Floorball-Torwarthelm f\u00fcr Erwachsene und Jugendliche. IFF-zertifiziert f\u00fcr offizielle Wettk\u00e4mpfe, Ligen und Floorball-Turniere.","breadcrumb":{"@id":"https:\/\/floorball-hayungs.de\/en\/shop\/floorball-goalkeeper-mask-tempish-hector-basic-black\/#breadcrumb"},"inLanguage":"en-GB","potentialAction":[{"@type":"ReadAction","target":["https:\/\/floorball-hayungs.de\/en\/shop\/floorball-goalkeeper-mask-tempish-hector-basic-black\/"]}]},{"@type":"ImageObject","inLanguage":"en-GB","@id":"https:\/\/floorball-hayungs.de\/en\/shop\/floorball-goalkeeper-mask-tempish-hector-basic-black\/#primaryimage","url":"https:\/\/floorball-hayungs.de\/en\/wp-content\/uploads\/sites\/2\/2022\/01\/Floorball-goalkeeper-helmet-black-Tempish-Hector-Basic.png","contentUrl":"https:\/\/floorball-hayungs.de\/en\/wp-content\/uploads\/sites\/2\/2022\/01\/Floorball-goalkeeper-helmet-black-Tempish-Hector-Basic.png","width":1200,"height":1500,"caption":"Floorball Goalkeeper helmet black Tempish Hector"},{"@type":"BreadcrumbList","@id":"https:\/\/floorball-hayungs.de\/en\/shop\/floorball-goalkeeper-mask-tempish-hector-basic-black\/#breadcrumb","itemListElement":[{"@type":"ListItem","position":1,"name":"Startseite","item":"https:\/\/floorball-hayungs.de\/en\/"},{"@type":"ListItem","position":2,"name":"Floorball Hayungs &#8211; Your personal floorball shop","item":"https:\/\/floorball-hayungs.de\/en\/"},{"@type":"ListItem","position":3,"name":"Floorball goalkeeper mask Tempish Hector Basic black, IFF-certified"}]},{"@type":"WebSite","@id":"https:\/\/floorball-hayungs.de\/en\/#website","url":"https:\/\/floorball-hayungs.de\/en\/","name":"Floorball Hayungs","description":"Your personal Floorball Shop","potentialAction":[{"@type":"SearchAction","target":{"@type":"EntryPoint","urlTemplate":"https:\/\/floorball-hayungs.de\/en\/?s={search_term_string}"},"query-input":{"@type":"PropertyValueSpecification","valueRequired":true,"valueName":"search_term_string"}}],"inLanguage":"en-GB"}]}},"_links":{"self":[{"href":"https:\/\/floorball-hayungs.de\/en\/wp-json\/wp\/v2\/product\/1807","targetHints":{"allow":["GET"]}}],"collection":[{"href":"https:\/\/floorball-hayungs.de\/en\/wp-json\/wp\/v2\/product"}],"about":[{"href":"https:\/\/floorball-hayungs.de\/en\/wp-json\/wp\/v2\/types\/product"}],"replies":[{"embeddable":true,"href":"https:\/\/floorball-hayungs.de\/en\/wp-json\/wp\/v2\/comments?post=1807"}],"wp:featuredmedia":[{"embeddable":true,"href":"https:\/\/floorball-hayungs.de\/en\/wp-json\/wp\/v2\/media\/1810"}],"wp:attachment":[{"href":"https:\/\/floorball-hayungs.de\/en\/wp-json\/wp\/v2\/media?parent=1807"}],"wp:term":[{"taxonomy":"product_brand","embeddable":true,"href":"https:\/\/floorball-hayungs.de\/en\/wp-json\/wp\/v2\/product_brand?post=1807"},{"taxonomy":"product_cat","embeddable":true,"href":"https:\/\/floorball-hayungs.de\/en\/wp-json\/wp\/v2\/product_cat?post=1807"},{"taxonomy":"product_tag","embeddable":true,"href":"https:\/\/floorball-hayungs.de\/en\/wp-json\/wp\/v2\/product_tag?post=1807"}],"curies":[{"name":"wp","href":"https:\/\/api.w.org\/{rel}","templated":true}]}}