{"id":216,"date":"2019-07-12T17:37:37","date_gmt":"2019-07-12T15:37:37","guid":{"rendered":"https:\/\/floorball-hayungs.de\/?post_type=product&#038;p=216"},"modified":"2025-04-08T09:28:14","modified_gmt":"2025-04-08T07:28:14","slug":"trainingsball-arex-4er-set","status":"publish","type":"product","link":"https:\/\/floorball-hayungs.de\/en\/shop\/trainingsball-arex-4er-set\/","title":{"rendered":"Trainingsball Arex, 4er-Set"},"content":{"rendered":"<p>Floorball Trainingsball bestehend aus vier B\u00e4llen in unterschiedlichen Farben.<\/p>\n<ul>\n<li>Floorball wei\u00df<\/li>\n<li>Floorball neon-orange<\/li>\n<li>Floorball blau<\/li>\n<li>Floorball gelb<\/li>\n<\/ul>\n<h2>Wof\u00fcr kann man den Floorball Trainingsball nutzen?<\/h2>\n<p>Ich finde die verschiedenfarbigen <a href=\"https:\/\/floorball-hayungs.de\/produkt-kategorie\/floorball-ball\/\">Floorball-B\u00e4lle<\/a> sehr praktisch, da man diese sehr gut f\u00fcr Floorball-\u00dcbungen und Floorball-Aufw\u00e4rmspiele nutzen kann, bei denen man abwechselnd mit unterschiedlichen B\u00e4llen arbeiten muss (z. B. Reaktions\u00fcbungen).<\/p>\n","protected":false},"excerpt":{"rendered":"<p>Floorball Trainingsball bestehend aus vier B\u00e4llen in unterschiedlichen Farben. Floorball wei\u00df Floorball neon-orange Floorball blau Floorball gelb Wof\u00fcr kann man den Floorball Trainingsball nutzen? Ich finde die verschiedenfarbigen Floorball-B\u00e4lle sehr praktisch, da man diese sehr gut f\u00fcr Floorball-\u00dcbungen und Floorball-Aufw\u00e4rmspiele nutzen kann, bei denen man abwechselnd mit unterschiedlichen B\u00e4llen arbeiten muss (z. B. Reaktions\u00fcbungen).<\/p>\n<a href=\"https:\/\/floorball-hayungs.de\/en\/shop\/trainingsball-arex-4er-set\/\">weiterlesen<\/a>.","protected":false},"featured_media":179,"comment_status":"open","ping_status":"closed","template":"","meta":[],"product_brand":[],"product_cat":[40,39,41],"product_tag":[],"class_list":{"0":"post-216","1":"product","2":"type-product","3":"status-publish","4":"has-post-thumbnail","6":"product_cat-floorball-accessories","7":"product_cat-floorball-balls","8":"product_cat-floorball-kids-and-youngsters","9":"product_shipping_class-accesoires","11":"first","12":"outofstock","13":"shipping-taxable","14":"purchasable","15":"product-type-simple"},"yoast_head":"<!-- This site is optimized with the Yoast SEO plugin v26.5 - https:\/\/yoast.com\/wordpress\/plugins\/seo\/ -->\n<title>Trainingsball Arex, 4er-Set - Floorball Hayungs<\/title>\n<meta name=\"description\" content=\"Floorball Trainingsball. Vier verschiedene Farben. Praktisch f\u00fcr das Floorballtraining in der Halle oder zu Hause. Auch eine sch\u00f6ne Floorball-Geschenk-Idee\" \/>\n<meta name=\"robots\" content=\"index, follow, max-snippet:-1, max-image-preview:large, max-video-preview:-1\" \/>\n<link rel=\"canonical\" href=\"https:\/\/floorball-hayungs.de\/en\/shop\/trainingsball-arex-4er-set\/\" \/>\n<meta property=\"og:locale\" content=\"en_GB\" \/>\n<meta property=\"og:type\" content=\"article\" \/>\n<meta property=\"og:title\" content=\"Trainingsball Arex, 4er-Set - Floorball Hayungs\" \/>\n<meta property=\"og:description\" content=\"Floorball Trainingsball. Vier verschiedene Farben. Praktisch f\u00fcr das Floorballtraining in der Halle oder zu Hause. Auch eine sch\u00f6ne Floorball-Geschenk-Idee\" \/>\n<meta property=\"og:url\" content=\"https:\/\/floorball-hayungs.de\/en\/shop\/trainingsball-arex-4er-set\/\" \/>\n<meta property=\"og:site_name\" content=\"Floorball Hayungs\" \/>\n<meta property=\"article:modified_time\" content=\"2025-04-08T07:28:14+00:00\" \/>\n<meta property=\"og:image\" content=\"https:\/\/floorball-hayungs.de\/en\/wp-content\/uploads\/sites\/2\/2019\/07\/Floorball_Ball_Arex.png\" \/>\n\t<meta property=\"og:image:width\" content=\"1587\" \/>\n\t<meta property=\"og:image:height\" content=\"922\" \/>\n\t<meta property=\"og:image:type\" content=\"image\/png\" \/>\n<meta name=\"twitter:card\" content=\"summary_large_image\" \/>\n<script type=\"application\/ld+json\" class=\"yoast-schema-graph\">{\"@context\":\"https:\/\/schema.org\",\"@graph\":[{\"@type\":\"WebPage\",\"@id\":\"https:\/\/floorball-hayungs.de\/en\/shop\/trainingsball-arex-4er-set\/\",\"url\":\"https:\/\/floorball-hayungs.de\/en\/shop\/trainingsball-arex-4er-set\/\",\"name\":\"Trainingsball Arex, 4er-Set - Floorball Hayungs\",\"isPartOf\":{\"@id\":\"https:\/\/floorball-hayungs.de\/en\/#website\"},\"primaryImageOfPage\":{\"@id\":\"https:\/\/floorball-hayungs.de\/en\/shop\/trainingsball-arex-4er-set\/#primaryimage\"},\"image\":{\"@id\":\"https:\/\/floorball-hayungs.de\/en\/shop\/trainingsball-arex-4er-set\/#primaryimage\"},\"thumbnailUrl\":\"https:\/\/floorball-hayungs.de\/en\/wp-content\/uploads\/sites\/2\/2019\/07\/Floorball_Ball_Arex.png\",\"datePublished\":\"2019-07-12T15:37:37+00:00\",\"dateModified\":\"2025-04-08T07:28:14+00:00\",\"description\":\"Floorball Trainingsball. Vier verschiedene Farben. Praktisch f\u00fcr das Floorballtraining in der Halle oder zu Hause. Auch eine sch\u00f6ne Floorball-Geschenk-Idee\",\"breadcrumb\":{\"@id\":\"https:\/\/floorball-hayungs.de\/en\/shop\/trainingsball-arex-4er-set\/#breadcrumb\"},\"inLanguage\":\"en-GB\",\"potentialAction\":[{\"@type\":\"ReadAction\",\"target\":[\"https:\/\/floorball-hayungs.de\/en\/shop\/trainingsball-arex-4er-set\/\"]}]},{\"@type\":\"ImageObject\",\"inLanguage\":\"en-GB\",\"@id\":\"https:\/\/floorball-hayungs.de\/en\/shop\/trainingsball-arex-4er-set\/#primaryimage\",\"url\":\"https:\/\/floorball-hayungs.de\/en\/wp-content\/uploads\/sites\/2\/2019\/07\/Floorball_Ball_Arex.png\",\"contentUrl\":\"https:\/\/floorball-hayungs.de\/en\/wp-content\/uploads\/sites\/2\/2019\/07\/Floorball_Ball_Arex.png\",\"width\":1587,\"height\":922,\"caption\":\"Floorball Trainingsball\"},{\"@type\":\"BreadcrumbList\",\"@id\":\"https:\/\/floorball-hayungs.de\/en\/shop\/trainingsball-arex-4er-set\/#breadcrumb\",\"itemListElement\":[{\"@type\":\"ListItem\",\"position\":1,\"name\":\"Startseite\",\"item\":\"https:\/\/floorball-hayungs.de\/en\/\"},{\"@type\":\"ListItem\",\"position\":2,\"name\":\"Floorball Hayungs &#8211; Your personal floorball shop\",\"item\":\"https:\/\/floorball-hayungs.de\/en\/\"},{\"@type\":\"ListItem\",\"position\":3,\"name\":\"Trainingsball Arex, 4er-Set\"}]},{\"@type\":\"WebSite\",\"@id\":\"https:\/\/floorball-hayungs.de\/en\/#website\",\"url\":\"https:\/\/floorball-hayungs.de\/en\/\",\"name\":\"Floorball Hayungs\",\"description\":\"Your personal Floorball Shop\",\"potentialAction\":[{\"@type\":\"SearchAction\",\"target\":{\"@type\":\"EntryPoint\",\"urlTemplate\":\"https:\/\/floorball-hayungs.de\/en\/?s={search_term_string}\"},\"query-input\":{\"@type\":\"PropertyValueSpecification\",\"valueRequired\":true,\"valueName\":\"search_term_string\"}}],\"inLanguage\":\"en-GB\"}]}<\/script>\n<!-- \/ Yoast SEO plugin. -->","yoast_head_json":{"title":"Trainingsball Arex, 4er-Set - Floorball Hayungs","description":"Floorball Trainingsball. Vier verschiedene Farben. Praktisch f\u00fcr das Floorballtraining in der Halle oder zu Hause. Auch eine sch\u00f6ne Floorball-Geschenk-Idee","robots":{"index":"index","follow":"follow","max-snippet":"max-snippet:-1","max-image-preview":"max-image-preview:large","max-video-preview":"max-video-preview:-1"},"canonical":"https:\/\/floorball-hayungs.de\/en\/shop\/trainingsball-arex-4er-set\/","og_locale":"en_GB","og_type":"article","og_title":"Trainingsball Arex, 4er-Set - Floorball Hayungs","og_description":"Floorball Trainingsball. Vier verschiedene Farben. Praktisch f\u00fcr das Floorballtraining in der Halle oder zu Hause. Auch eine sch\u00f6ne Floorball-Geschenk-Idee","og_url":"https:\/\/floorball-hayungs.de\/en\/shop\/trainingsball-arex-4er-set\/","og_site_name":"Floorball Hayungs","article_modified_time":"2025-04-08T07:28:14+00:00","og_image":[{"width":1587,"height":922,"url":"https:\/\/floorball-hayungs.de\/en\/wp-content\/uploads\/sites\/2\/2019\/07\/Floorball_Ball_Arex.png","type":"image\/png"}],"twitter_card":"summary_large_image","schema":{"@context":"https:\/\/schema.org","@graph":[{"@type":"WebPage","@id":"https:\/\/floorball-hayungs.de\/en\/shop\/trainingsball-arex-4er-set\/","url":"https:\/\/floorball-hayungs.de\/en\/shop\/trainingsball-arex-4er-set\/","name":"Trainingsball Arex, 4er-Set - Floorball Hayungs","isPartOf":{"@id":"https:\/\/floorball-hayungs.de\/en\/#website"},"primaryImageOfPage":{"@id":"https:\/\/floorball-hayungs.de\/en\/shop\/trainingsball-arex-4er-set\/#primaryimage"},"image":{"@id":"https:\/\/floorball-hayungs.de\/en\/shop\/trainingsball-arex-4er-set\/#primaryimage"},"thumbnailUrl":"https:\/\/floorball-hayungs.de\/en\/wp-content\/uploads\/sites\/2\/2019\/07\/Floorball_Ball_Arex.png","datePublished":"2019-07-12T15:37:37+00:00","dateModified":"2025-04-08T07:28:14+00:00","description":"Floorball Trainingsball. Vier verschiedene Farben. Praktisch f\u00fcr das Floorballtraining in der Halle oder zu Hause. Auch eine sch\u00f6ne Floorball-Geschenk-Idee","breadcrumb":{"@id":"https:\/\/floorball-hayungs.de\/en\/shop\/trainingsball-arex-4er-set\/#breadcrumb"},"inLanguage":"en-GB","potentialAction":[{"@type":"ReadAction","target":["https:\/\/floorball-hayungs.de\/en\/shop\/trainingsball-arex-4er-set\/"]}]},{"@type":"ImageObject","inLanguage":"en-GB","@id":"https:\/\/floorball-hayungs.de\/en\/shop\/trainingsball-arex-4er-set\/#primaryimage","url":"https:\/\/floorball-hayungs.de\/en\/wp-content\/uploads\/sites\/2\/2019\/07\/Floorball_Ball_Arex.png","contentUrl":"https:\/\/floorball-hayungs.de\/en\/wp-content\/uploads\/sites\/2\/2019\/07\/Floorball_Ball_Arex.png","width":1587,"height":922,"caption":"Floorball Trainingsball"},{"@type":"BreadcrumbList","@id":"https:\/\/floorball-hayungs.de\/en\/shop\/trainingsball-arex-4er-set\/#breadcrumb","itemListElement":[{"@type":"ListItem","position":1,"name":"Startseite","item":"https:\/\/floorball-hayungs.de\/en\/"},{"@type":"ListItem","position":2,"name":"Floorball Hayungs &#8211; Your personal floorball shop","item":"https:\/\/floorball-hayungs.de\/en\/"},{"@type":"ListItem","position":3,"name":"Trainingsball Arex, 4er-Set"}]},{"@type":"WebSite","@id":"https:\/\/floorball-hayungs.de\/en\/#website","url":"https:\/\/floorball-hayungs.de\/en\/","name":"Floorball Hayungs","description":"Your personal Floorball Shop","potentialAction":[{"@type":"SearchAction","target":{"@type":"EntryPoint","urlTemplate":"https:\/\/floorball-hayungs.de\/en\/?s={search_term_string}"},"query-input":{"@type":"PropertyValueSpecification","valueRequired":true,"valueName":"search_term_string"}}],"inLanguage":"en-GB"}]}},"_links":{"self":[{"href":"https:\/\/floorball-hayungs.de\/en\/wp-json\/wp\/v2\/product\/216","targetHints":{"allow":["GET"]}}],"collection":[{"href":"https:\/\/floorball-hayungs.de\/en\/wp-json\/wp\/v2\/product"}],"about":[{"href":"https:\/\/floorball-hayungs.de\/en\/wp-json\/wp\/v2\/types\/product"}],"replies":[{"embeddable":true,"href":"https:\/\/floorball-hayungs.de\/en\/wp-json\/wp\/v2\/comments?post=216"}],"wp:featuredmedia":[{"embeddable":true,"href":"https:\/\/floorball-hayungs.de\/en\/wp-json\/wp\/v2\/media\/179"}],"wp:attachment":[{"href":"https:\/\/floorball-hayungs.de\/en\/wp-json\/wp\/v2\/media?parent=216"}],"wp:term":[{"taxonomy":"product_brand","embeddable":true,"href":"https:\/\/floorball-hayungs.de\/en\/wp-json\/wp\/v2\/product_brand?post=216"},{"taxonomy":"product_cat","embeddable":true,"href":"https:\/\/floorball-hayungs.de\/en\/wp-json\/wp\/v2\/product_cat?post=216"},{"taxonomy":"product_tag","embeddable":true,"href":"https:\/\/floorball-hayungs.de\/en\/wp-json\/wp\/v2\/product_tag?post=216"}],"curies":[{"name":"wp","href":"https:\/\/api.w.org\/{rel}","templated":true}]}}