{"id":331,"date":"2019-07-23T21:50:28","date_gmt":"2019-07-23T19:50:28","guid":{"rendered":"https:\/\/floorball-hayungs.de\/?post_type=product&#038;p=331"},"modified":"2026-03-27T06:43:15","modified_gmt":"2026-03-27T05:43:15","slug":"floorball-stick-bag-tempish-senior","status":"publish","type":"product","link":"https:\/\/floorball-hayungs.de\/en\/shop\/floorball-stick-bag-tempish-senior\/","title":{"rendered":"Floorball stick bag Tempish Senior orange"},"content":{"rendered":"<p><span class = \"hps alt-edited\"> Very spacious bag for floorball sticks. Suitable <\/span> <span class = \"hps\"> for <\/span> <span class = \"hps alt-edited\"> a maximum of three floorball sticks with a shaft length of up to 105 cm. <\/span><\/p>\n<p><span class = \"hps\"> With a small side pocket and a shoulder strap <\/span> <span class = \"hps\">. <\/span><\/p>\n","protected":false},"excerpt":{"rendered":"<p>Very spacious bag for floorball sticks. Suitable for a maximum of three floorball sticks with a shaft length of up to 105 cm. With a small side pocket and a shoulder strap .<\/p>\n<a href=\"https:\/\/floorball-hayungs.de\/en\/shop\/floorball-stick-bag-tempish-senior\/\">weiterlesen<\/a>.","protected":false},"featured_media":330,"comment_status":"open","ping_status":"closed","template":"","meta":[],"product_brand":[],"product_cat":[40,43],"product_tag":[],"class_list":{"0":"post-331","1":"product","2":"type-product","3":"status-publish","4":"has-post-thumbnail","6":"product_cat-floorball-accessories","7":"product_cat-floorball-stick-bags","8":"product_shipping_class-accesoires","10":"first","11":"outofstock","12":"shipping-taxable","13":"purchasable","14":"product-type-simple"},"yoast_head":"<!-- This site is optimized with the Yoast SEO plugin v26.5 - https:\/\/yoast.com\/wordpress\/plugins\/seo\/ -->\n<title>Floorball stick bag Tempish Senior orange - Floorball Hayungs<\/title>\n<meta name=\"description\" content=\"Ger\u00e4umige Floorballschl\u00e4ger-Tasche. Mit Seitentasche. Hat Platz f\u00fcr bis zu drei Floorballschl\u00e4ger. Mit dieser Floorball-Schl\u00e4gertasche f\u00e4llst Du auf.\" \/>\n<meta name=\"robots\" content=\"index, follow, max-snippet:-1, max-image-preview:large, max-video-preview:-1\" \/>\n<link rel=\"canonical\" href=\"https:\/\/floorball-hayungs.de\/en\/shop\/floorball-stick-bag-tempish-senior\/\" \/>\n<meta property=\"og:locale\" content=\"en_GB\" \/>\n<meta property=\"og:type\" content=\"article\" \/>\n<meta property=\"og:title\" content=\"Floorball stick bag Tempish Senior orange - Floorball Hayungs\" \/>\n<meta property=\"og:description\" content=\"Ger\u00e4umige Floorballschl\u00e4ger-Tasche. Mit Seitentasche. Hat Platz f\u00fcr bis zu drei Floorballschl\u00e4ger. Mit dieser Floorball-Schl\u00e4gertasche f\u00e4llst Du auf.\" \/>\n<meta property=\"og:url\" content=\"https:\/\/floorball-hayungs.de\/en\/shop\/floorball-stick-bag-tempish-senior\/\" \/>\n<meta property=\"og:site_name\" content=\"Floorball Hayungs\" \/>\n<meta property=\"article:modified_time\" content=\"2026-03-27T05:43:15+00:00\" \/>\n<meta property=\"og:image\" content=\"https:\/\/floorball-hayungs.de\/en\/wp-content\/uploads\/sites\/2\/2019\/07\/Floorball_Schlaegertasche_Junior_Tempish.jpg\" \/>\n\t<meta property=\"og:image:width\" content=\"1000\" \/>\n\t<meta property=\"og:image:height\" content=\"1000\" \/>\n\t<meta property=\"og:image:type\" content=\"image\/jpeg\" \/>\n<meta name=\"twitter:card\" content=\"summary_large_image\" \/>\n<script type=\"application\/ld+json\" class=\"yoast-schema-graph\">{\"@context\":\"https:\/\/schema.org\",\"@graph\":[{\"@type\":\"WebPage\",\"@id\":\"https:\/\/floorball-hayungs.de\/en\/shop\/floorball-stick-bag-tempish-senior\/\",\"url\":\"https:\/\/floorball-hayungs.de\/en\/shop\/floorball-stick-bag-tempish-senior\/\",\"name\":\"Floorball stick bag Tempish Senior orange - Floorball Hayungs\",\"isPartOf\":{\"@id\":\"https:\/\/floorball-hayungs.de\/en\/#website\"},\"primaryImageOfPage\":{\"@id\":\"https:\/\/floorball-hayungs.de\/en\/shop\/floorball-stick-bag-tempish-senior\/#primaryimage\"},\"image\":{\"@id\":\"https:\/\/floorball-hayungs.de\/en\/shop\/floorball-stick-bag-tempish-senior\/#primaryimage\"},\"thumbnailUrl\":\"https:\/\/floorball-hayungs.de\/en\/wp-content\/uploads\/sites\/2\/2019\/07\/Floorball_Schlaegertasche_Junior_Tempish.jpg\",\"datePublished\":\"2019-07-23T19:50:28+00:00\",\"dateModified\":\"2026-03-27T05:43:15+00:00\",\"description\":\"Ger\u00e4umige Floorballschl\u00e4ger-Tasche. Mit Seitentasche. Hat Platz f\u00fcr bis zu drei Floorballschl\u00e4ger. Mit dieser Floorball-Schl\u00e4gertasche f\u00e4llst Du auf.\",\"breadcrumb\":{\"@id\":\"https:\/\/floorball-hayungs.de\/en\/shop\/floorball-stick-bag-tempish-senior\/#breadcrumb\"},\"inLanguage\":\"en-GB\",\"potentialAction\":[{\"@type\":\"ReadAction\",\"target\":[\"https:\/\/floorball-hayungs.de\/en\/shop\/floorball-stick-bag-tempish-senior\/\"]}]},{\"@type\":\"ImageObject\",\"inLanguage\":\"en-GB\",\"@id\":\"https:\/\/floorball-hayungs.de\/en\/shop\/floorball-stick-bag-tempish-senior\/#primaryimage\",\"url\":\"https:\/\/floorball-hayungs.de\/en\/wp-content\/uploads\/sites\/2\/2019\/07\/Floorball_Schlaegertasche_Junior_Tempish.jpg\",\"contentUrl\":\"https:\/\/floorball-hayungs.de\/en\/wp-content\/uploads\/sites\/2\/2019\/07\/Floorball_Schlaegertasche_Junior_Tempish.jpg\",\"width\":1000,\"height\":1000,\"caption\":\"Floorball Schl\u00e4gertasche\"},{\"@type\":\"BreadcrumbList\",\"@id\":\"https:\/\/floorball-hayungs.de\/en\/shop\/floorball-stick-bag-tempish-senior\/#breadcrumb\",\"itemListElement\":[{\"@type\":\"ListItem\",\"position\":1,\"name\":\"Startseite\",\"item\":\"https:\/\/floorball-hayungs.de\/en\/\"},{\"@type\":\"ListItem\",\"position\":2,\"name\":\"Floorball Hayungs &#8211; Your personal floorball shop\",\"item\":\"https:\/\/floorball-hayungs.de\/en\/\"},{\"@type\":\"ListItem\",\"position\":3,\"name\":\"Floorball stick bag Tempish Senior orange\"}]},{\"@type\":\"WebSite\",\"@id\":\"https:\/\/floorball-hayungs.de\/en\/#website\",\"url\":\"https:\/\/floorball-hayungs.de\/en\/\",\"name\":\"Floorball Hayungs\",\"description\":\"Your personal Floorball Shop\",\"potentialAction\":[{\"@type\":\"SearchAction\",\"target\":{\"@type\":\"EntryPoint\",\"urlTemplate\":\"https:\/\/floorball-hayungs.de\/en\/?s={search_term_string}\"},\"query-input\":{\"@type\":\"PropertyValueSpecification\",\"valueRequired\":true,\"valueName\":\"search_term_string\"}}],\"inLanguage\":\"en-GB\"}]}<\/script>\n<!-- \/ Yoast SEO plugin. -->","yoast_head_json":{"title":"Floorball stick bag Tempish Senior orange - Floorball Hayungs","description":"Ger\u00e4umige Floorballschl\u00e4ger-Tasche. Mit Seitentasche. Hat Platz f\u00fcr bis zu drei Floorballschl\u00e4ger. Mit dieser Floorball-Schl\u00e4gertasche f\u00e4llst Du auf.","robots":{"index":"index","follow":"follow","max-snippet":"max-snippet:-1","max-image-preview":"max-image-preview:large","max-video-preview":"max-video-preview:-1"},"canonical":"https:\/\/floorball-hayungs.de\/en\/shop\/floorball-stick-bag-tempish-senior\/","og_locale":"en_GB","og_type":"article","og_title":"Floorball stick bag Tempish Senior orange - Floorball Hayungs","og_description":"Ger\u00e4umige Floorballschl\u00e4ger-Tasche. Mit Seitentasche. Hat Platz f\u00fcr bis zu drei Floorballschl\u00e4ger. Mit dieser Floorball-Schl\u00e4gertasche f\u00e4llst Du auf.","og_url":"https:\/\/floorball-hayungs.de\/en\/shop\/floorball-stick-bag-tempish-senior\/","og_site_name":"Floorball Hayungs","article_modified_time":"2026-03-27T05:43:15+00:00","og_image":[{"width":1000,"height":1000,"url":"https:\/\/floorball-hayungs.de\/en\/wp-content\/uploads\/sites\/2\/2019\/07\/Floorball_Schlaegertasche_Junior_Tempish.jpg","type":"image\/jpeg"}],"twitter_card":"summary_large_image","schema":{"@context":"https:\/\/schema.org","@graph":[{"@type":"WebPage","@id":"https:\/\/floorball-hayungs.de\/en\/shop\/floorball-stick-bag-tempish-senior\/","url":"https:\/\/floorball-hayungs.de\/en\/shop\/floorball-stick-bag-tempish-senior\/","name":"Floorball stick bag Tempish Senior orange - Floorball Hayungs","isPartOf":{"@id":"https:\/\/floorball-hayungs.de\/en\/#website"},"primaryImageOfPage":{"@id":"https:\/\/floorball-hayungs.de\/en\/shop\/floorball-stick-bag-tempish-senior\/#primaryimage"},"image":{"@id":"https:\/\/floorball-hayungs.de\/en\/shop\/floorball-stick-bag-tempish-senior\/#primaryimage"},"thumbnailUrl":"https:\/\/floorball-hayungs.de\/en\/wp-content\/uploads\/sites\/2\/2019\/07\/Floorball_Schlaegertasche_Junior_Tempish.jpg","datePublished":"2019-07-23T19:50:28+00:00","dateModified":"2026-03-27T05:43:15+00:00","description":"Ger\u00e4umige Floorballschl\u00e4ger-Tasche. Mit Seitentasche. Hat Platz f\u00fcr bis zu drei Floorballschl\u00e4ger. Mit dieser Floorball-Schl\u00e4gertasche f\u00e4llst Du auf.","breadcrumb":{"@id":"https:\/\/floorball-hayungs.de\/en\/shop\/floorball-stick-bag-tempish-senior\/#breadcrumb"},"inLanguage":"en-GB","potentialAction":[{"@type":"ReadAction","target":["https:\/\/floorball-hayungs.de\/en\/shop\/floorball-stick-bag-tempish-senior\/"]}]},{"@type":"ImageObject","inLanguage":"en-GB","@id":"https:\/\/floorball-hayungs.de\/en\/shop\/floorball-stick-bag-tempish-senior\/#primaryimage","url":"https:\/\/floorball-hayungs.de\/en\/wp-content\/uploads\/sites\/2\/2019\/07\/Floorball_Schlaegertasche_Junior_Tempish.jpg","contentUrl":"https:\/\/floorball-hayungs.de\/en\/wp-content\/uploads\/sites\/2\/2019\/07\/Floorball_Schlaegertasche_Junior_Tempish.jpg","width":1000,"height":1000,"caption":"Floorball Schl\u00e4gertasche"},{"@type":"BreadcrumbList","@id":"https:\/\/floorball-hayungs.de\/en\/shop\/floorball-stick-bag-tempish-senior\/#breadcrumb","itemListElement":[{"@type":"ListItem","position":1,"name":"Startseite","item":"https:\/\/floorball-hayungs.de\/en\/"},{"@type":"ListItem","position":2,"name":"Floorball Hayungs &#8211; Your personal floorball shop","item":"https:\/\/floorball-hayungs.de\/en\/"},{"@type":"ListItem","position":3,"name":"Floorball stick bag Tempish Senior orange"}]},{"@type":"WebSite","@id":"https:\/\/floorball-hayungs.de\/en\/#website","url":"https:\/\/floorball-hayungs.de\/en\/","name":"Floorball Hayungs","description":"Your personal Floorball Shop","potentialAction":[{"@type":"SearchAction","target":{"@type":"EntryPoint","urlTemplate":"https:\/\/floorball-hayungs.de\/en\/?s={search_term_string}"},"query-input":{"@type":"PropertyValueSpecification","valueRequired":true,"valueName":"search_term_string"}}],"inLanguage":"en-GB"}]}},"_links":{"self":[{"href":"https:\/\/floorball-hayungs.de\/en\/wp-json\/wp\/v2\/product\/331","targetHints":{"allow":["GET"]}}],"collection":[{"href":"https:\/\/floorball-hayungs.de\/en\/wp-json\/wp\/v2\/product"}],"about":[{"href":"https:\/\/floorball-hayungs.de\/en\/wp-json\/wp\/v2\/types\/product"}],"replies":[{"embeddable":true,"href":"https:\/\/floorball-hayungs.de\/en\/wp-json\/wp\/v2\/comments?post=331"}],"wp:featuredmedia":[{"embeddable":true,"href":"https:\/\/floorball-hayungs.de\/en\/wp-json\/wp\/v2\/media\/330"}],"wp:attachment":[{"href":"https:\/\/floorball-hayungs.de\/en\/wp-json\/wp\/v2\/media?parent=331"}],"wp:term":[{"taxonomy":"product_brand","embeddable":true,"href":"https:\/\/floorball-hayungs.de\/en\/wp-json\/wp\/v2\/product_brand?post=331"},{"taxonomy":"product_cat","embeddable":true,"href":"https:\/\/floorball-hayungs.de\/en\/wp-json\/wp\/v2\/product_cat?post=331"},{"taxonomy":"product_tag","embeddable":true,"href":"https:\/\/floorball-hayungs.de\/en\/wp-json\/wp\/v2\/product_tag?post=331"}],"curies":[{"name":"wp","href":"https:\/\/api.w.org\/{rel}","templated":true}]}}