{"id":407,"date":"2019-07-31T20:36:40","date_gmt":"2019-07-31T18:36:40","guid":{"rendered":"https:\/\/floorball-hayungs.de\/?post_type=product&#038;p=407"},"modified":"2026-03-27T06:43:15","modified_gmt":"2026-03-27T05:43:15","slug":"floorball-schlaegertasche-tempish-flash-senior-rot-schwarz","status":"publish","type":"product","link":"https:\/\/floorball-hayungs.de\/en\/shop\/floorball-schlaegertasche-tempish-flash-senior-rot-schwarz\/","title":{"rendered":"Floorball-Schl\u00e4gertasche Tempish Flash Senior rot\/schwarz"},"content":{"rendered":"<p>In Floorball-Schl\u00e4gertasche von passen bis zu drei Schl\u00e4ger mit einer maximalen Schaft-L\u00e4nge von 105cm.<\/p>\n<p><span class=\"hps\">Mit kleiner Seitentasche (z. B. f\u00fcr Schl\u00fcssel, Floorball-Ball, Kleinkram) und mit Schultergurt, damit die Tasche auch bequem tragen kann.<\/span><\/p>\n","protected":false},"excerpt":{"rendered":"<p>In Floorball-Schl\u00e4gertasche von passen bis zu drei Schl\u00e4ger mit einer maximalen Schaft-L\u00e4nge von 105cm. Mit kleiner Seitentasche (z. B. f\u00fcr Schl\u00fcssel, Floorball-Ball, Kleinkram) und mit Schultergurt, damit die Tasche auch bequem tragen kann.<\/p>\n<a href=\"https:\/\/floorball-hayungs.de\/en\/shop\/floorball-schlaegertasche-tempish-flash-senior-rot-schwarz\/\">weiterlesen<\/a>.","protected":false},"featured_media":408,"comment_status":"open","ping_status":"closed","template":"","meta":[],"product_brand":[],"product_cat":[40,43],"product_tag":[],"class_list":{"0":"post-407","1":"product","2":"type-product","3":"status-publish","4":"has-post-thumbnail","6":"product_cat-floorball-accessories","7":"product_cat-floorball-stick-bags","8":"product_shipping_class-accesoires","10":"first","11":"outofstock","12":"shipping-taxable","13":"purchasable","14":"product-type-simple"},"yoast_head":"<!-- This site is optimized with the Yoast SEO plugin v26.5 - https:\/\/yoast.com\/wordpress\/plugins\/seo\/ -->\n<title>Floorball-Schl\u00e4gertasche Tempish Flash Senior rot\/schwarz - Floorball Hayungs<\/title>\n<meta name=\"description\" content=\"Ger\u00e4umige Schl\u00e4gertasche f\u00fcr Deinen Floorballschl\u00e4ger. Mit Seitentasche. Bquemer Tragegurt. Jetzt bestellen.\" \/>\n<meta name=\"robots\" content=\"index, follow, max-snippet:-1, max-image-preview:large, max-video-preview:-1\" \/>\n<link rel=\"canonical\" href=\"https:\/\/floorball-hayungs.de\/en\/shop\/floorball-schlaegertasche-tempish-flash-senior-rot-schwarz\/\" \/>\n<meta property=\"og:locale\" content=\"en_GB\" \/>\n<meta property=\"og:type\" content=\"article\" \/>\n<meta property=\"og:title\" content=\"Floorball-Schl\u00e4gertasche Tempish Flash Senior rot\/schwarz - Floorball Hayungs\" \/>\n<meta property=\"og:description\" content=\"Ger\u00e4umige Schl\u00e4gertasche f\u00fcr Deinen Floorballschl\u00e4ger. Mit Seitentasche. Bquemer Tragegurt. Jetzt bestellen.\" \/>\n<meta property=\"og:url\" content=\"https:\/\/floorball-hayungs.de\/en\/shop\/floorball-schlaegertasche-tempish-flash-senior-rot-schwarz\/\" \/>\n<meta property=\"og:site_name\" content=\"Floorball Hayungs\" \/>\n<meta property=\"article:modified_time\" content=\"2026-03-27T05:43:15+00:00\" \/>\n<meta property=\"og:image\" content=\"https:\/\/floorball-hayungs.de\/en\/wp-content\/uploads\/sites\/2\/2019\/07\/Floorball_Schlaegertasche_Senio_Tempish_rot_schwarz.jpg\" \/>\n\t<meta property=\"og:image:width\" content=\"944\" \/>\n\t<meta property=\"og:image:height\" content=\"760\" \/>\n\t<meta property=\"og:image:type\" content=\"image\/jpeg\" \/>\n<meta name=\"twitter:card\" content=\"summary_large_image\" \/>\n<meta name=\"twitter:label1\" content=\"Estimated reading time\" \/>\n\t<meta name=\"twitter:data1\" content=\"1 minute\" \/>\n<script type=\"application\/ld+json\" class=\"yoast-schema-graph\">{\"@context\":\"https:\/\/schema.org\",\"@graph\":[{\"@type\":\"WebPage\",\"@id\":\"https:\/\/floorball-hayungs.de\/en\/shop\/floorball-schlaegertasche-tempish-flash-senior-rot-schwarz\/\",\"url\":\"https:\/\/floorball-hayungs.de\/en\/shop\/floorball-schlaegertasche-tempish-flash-senior-rot-schwarz\/\",\"name\":\"Floorball-Schl\u00e4gertasche Tempish Flash Senior rot\/schwarz - Floorball Hayungs\",\"isPartOf\":{\"@id\":\"https:\/\/floorball-hayungs.de\/en\/#website\"},\"primaryImageOfPage\":{\"@id\":\"https:\/\/floorball-hayungs.de\/en\/shop\/floorball-schlaegertasche-tempish-flash-senior-rot-schwarz\/#primaryimage\"},\"image\":{\"@id\":\"https:\/\/floorball-hayungs.de\/en\/shop\/floorball-schlaegertasche-tempish-flash-senior-rot-schwarz\/#primaryimage\"},\"thumbnailUrl\":\"https:\/\/floorball-hayungs.de\/en\/wp-content\/uploads\/sites\/2\/2019\/07\/Floorball_Schlaegertasche_Senio_Tempish_rot_schwarz.jpg\",\"datePublished\":\"2019-07-31T18:36:40+00:00\",\"dateModified\":\"2026-03-27T05:43:15+00:00\",\"description\":\"Ger\u00e4umige Schl\u00e4gertasche f\u00fcr Deinen Floorballschl\u00e4ger. Mit Seitentasche. Bquemer Tragegurt. Jetzt bestellen.\",\"breadcrumb\":{\"@id\":\"https:\/\/floorball-hayungs.de\/en\/shop\/floorball-schlaegertasche-tempish-flash-senior-rot-schwarz\/#breadcrumb\"},\"inLanguage\":\"en-GB\",\"potentialAction\":[{\"@type\":\"ReadAction\",\"target\":[\"https:\/\/floorball-hayungs.de\/en\/shop\/floorball-schlaegertasche-tempish-flash-senior-rot-schwarz\/\"]}]},{\"@type\":\"ImageObject\",\"inLanguage\":\"en-GB\",\"@id\":\"https:\/\/floorball-hayungs.de\/en\/shop\/floorball-schlaegertasche-tempish-flash-senior-rot-schwarz\/#primaryimage\",\"url\":\"https:\/\/floorball-hayungs.de\/en\/wp-content\/uploads\/sites\/2\/2019\/07\/Floorball_Schlaegertasche_Senio_Tempish_rot_schwarz.jpg\",\"contentUrl\":\"https:\/\/floorball-hayungs.de\/en\/wp-content\/uploads\/sites\/2\/2019\/07\/Floorball_Schlaegertasche_Senio_Tempish_rot_schwarz.jpg\",\"width\":944,\"height\":760,\"caption\":\"Floorball-Schl\u00e4gertasche\"},{\"@type\":\"BreadcrumbList\",\"@id\":\"https:\/\/floorball-hayungs.de\/en\/shop\/floorball-schlaegertasche-tempish-flash-senior-rot-schwarz\/#breadcrumb\",\"itemListElement\":[{\"@type\":\"ListItem\",\"position\":1,\"name\":\"Startseite\",\"item\":\"https:\/\/floorball-hayungs.de\/en\/\"},{\"@type\":\"ListItem\",\"position\":2,\"name\":\"Floorball Hayungs &#8211; Your personal floorball shop\",\"item\":\"https:\/\/floorball-hayungs.de\/en\/\"},{\"@type\":\"ListItem\",\"position\":3,\"name\":\"Floorball-Schl\u00e4gertasche Tempish Flash Senior rot\/schwarz\"}]},{\"@type\":\"WebSite\",\"@id\":\"https:\/\/floorball-hayungs.de\/en\/#website\",\"url\":\"https:\/\/floorball-hayungs.de\/en\/\",\"name\":\"Floorball Hayungs\",\"description\":\"Your personal Floorball Shop\",\"potentialAction\":[{\"@type\":\"SearchAction\",\"target\":{\"@type\":\"EntryPoint\",\"urlTemplate\":\"https:\/\/floorball-hayungs.de\/en\/?s={search_term_string}\"},\"query-input\":{\"@type\":\"PropertyValueSpecification\",\"valueRequired\":true,\"valueName\":\"search_term_string\"}}],\"inLanguage\":\"en-GB\"}]}<\/script>\n<!-- \/ Yoast SEO plugin. -->","yoast_head_json":{"title":"Floorball-Schl\u00e4gertasche Tempish Flash Senior rot\/schwarz - Floorball Hayungs","description":"Ger\u00e4umige Schl\u00e4gertasche f\u00fcr Deinen Floorballschl\u00e4ger. Mit Seitentasche. Bquemer Tragegurt. Jetzt bestellen.","robots":{"index":"index","follow":"follow","max-snippet":"max-snippet:-1","max-image-preview":"max-image-preview:large","max-video-preview":"max-video-preview:-1"},"canonical":"https:\/\/floorball-hayungs.de\/en\/shop\/floorball-schlaegertasche-tempish-flash-senior-rot-schwarz\/","og_locale":"en_GB","og_type":"article","og_title":"Floorball-Schl\u00e4gertasche Tempish Flash Senior rot\/schwarz - Floorball Hayungs","og_description":"Ger\u00e4umige Schl\u00e4gertasche f\u00fcr Deinen Floorballschl\u00e4ger. Mit Seitentasche. Bquemer Tragegurt. Jetzt bestellen.","og_url":"https:\/\/floorball-hayungs.de\/en\/shop\/floorball-schlaegertasche-tempish-flash-senior-rot-schwarz\/","og_site_name":"Floorball Hayungs","article_modified_time":"2026-03-27T05:43:15+00:00","og_image":[{"width":944,"height":760,"url":"https:\/\/floorball-hayungs.de\/en\/wp-content\/uploads\/sites\/2\/2019\/07\/Floorball_Schlaegertasche_Senio_Tempish_rot_schwarz.jpg","type":"image\/jpeg"}],"twitter_card":"summary_large_image","twitter_misc":{"Estimated reading time":"1 minute"},"schema":{"@context":"https:\/\/schema.org","@graph":[{"@type":"WebPage","@id":"https:\/\/floorball-hayungs.de\/en\/shop\/floorball-schlaegertasche-tempish-flash-senior-rot-schwarz\/","url":"https:\/\/floorball-hayungs.de\/en\/shop\/floorball-schlaegertasche-tempish-flash-senior-rot-schwarz\/","name":"Floorball-Schl\u00e4gertasche Tempish Flash Senior rot\/schwarz - Floorball Hayungs","isPartOf":{"@id":"https:\/\/floorball-hayungs.de\/en\/#website"},"primaryImageOfPage":{"@id":"https:\/\/floorball-hayungs.de\/en\/shop\/floorball-schlaegertasche-tempish-flash-senior-rot-schwarz\/#primaryimage"},"image":{"@id":"https:\/\/floorball-hayungs.de\/en\/shop\/floorball-schlaegertasche-tempish-flash-senior-rot-schwarz\/#primaryimage"},"thumbnailUrl":"https:\/\/floorball-hayungs.de\/en\/wp-content\/uploads\/sites\/2\/2019\/07\/Floorball_Schlaegertasche_Senio_Tempish_rot_schwarz.jpg","datePublished":"2019-07-31T18:36:40+00:00","dateModified":"2026-03-27T05:43:15+00:00","description":"Ger\u00e4umige Schl\u00e4gertasche f\u00fcr Deinen Floorballschl\u00e4ger. Mit Seitentasche. Bquemer Tragegurt. Jetzt bestellen.","breadcrumb":{"@id":"https:\/\/floorball-hayungs.de\/en\/shop\/floorball-schlaegertasche-tempish-flash-senior-rot-schwarz\/#breadcrumb"},"inLanguage":"en-GB","potentialAction":[{"@type":"ReadAction","target":["https:\/\/floorball-hayungs.de\/en\/shop\/floorball-schlaegertasche-tempish-flash-senior-rot-schwarz\/"]}]},{"@type":"ImageObject","inLanguage":"en-GB","@id":"https:\/\/floorball-hayungs.de\/en\/shop\/floorball-schlaegertasche-tempish-flash-senior-rot-schwarz\/#primaryimage","url":"https:\/\/floorball-hayungs.de\/en\/wp-content\/uploads\/sites\/2\/2019\/07\/Floorball_Schlaegertasche_Senio_Tempish_rot_schwarz.jpg","contentUrl":"https:\/\/floorball-hayungs.de\/en\/wp-content\/uploads\/sites\/2\/2019\/07\/Floorball_Schlaegertasche_Senio_Tempish_rot_schwarz.jpg","width":944,"height":760,"caption":"Floorball-Schl\u00e4gertasche"},{"@type":"BreadcrumbList","@id":"https:\/\/floorball-hayungs.de\/en\/shop\/floorball-schlaegertasche-tempish-flash-senior-rot-schwarz\/#breadcrumb","itemListElement":[{"@type":"ListItem","position":1,"name":"Startseite","item":"https:\/\/floorball-hayungs.de\/en\/"},{"@type":"ListItem","position":2,"name":"Floorball Hayungs &#8211; Your personal floorball shop","item":"https:\/\/floorball-hayungs.de\/en\/"},{"@type":"ListItem","position":3,"name":"Floorball-Schl\u00e4gertasche Tempish Flash Senior rot\/schwarz"}]},{"@type":"WebSite","@id":"https:\/\/floorball-hayungs.de\/en\/#website","url":"https:\/\/floorball-hayungs.de\/en\/","name":"Floorball Hayungs","description":"Your personal Floorball Shop","potentialAction":[{"@type":"SearchAction","target":{"@type":"EntryPoint","urlTemplate":"https:\/\/floorball-hayungs.de\/en\/?s={search_term_string}"},"query-input":{"@type":"PropertyValueSpecification","valueRequired":true,"valueName":"search_term_string"}}],"inLanguage":"en-GB"}]}},"_links":{"self":[{"href":"https:\/\/floorball-hayungs.de\/en\/wp-json\/wp\/v2\/product\/407","targetHints":{"allow":["GET"]}}],"collection":[{"href":"https:\/\/floorball-hayungs.de\/en\/wp-json\/wp\/v2\/product"}],"about":[{"href":"https:\/\/floorball-hayungs.de\/en\/wp-json\/wp\/v2\/types\/product"}],"replies":[{"embeddable":true,"href":"https:\/\/floorball-hayungs.de\/en\/wp-json\/wp\/v2\/comments?post=407"}],"wp:featuredmedia":[{"embeddable":true,"href":"https:\/\/floorball-hayungs.de\/en\/wp-json\/wp\/v2\/media\/408"}],"wp:attachment":[{"href":"https:\/\/floorball-hayungs.de\/en\/wp-json\/wp\/v2\/media?parent=407"}],"wp:term":[{"taxonomy":"product_brand","embeddable":true,"href":"https:\/\/floorball-hayungs.de\/en\/wp-json\/wp\/v2\/product_brand?post=407"},{"taxonomy":"product_cat","embeddable":true,"href":"https:\/\/floorball-hayungs.de\/en\/wp-json\/wp\/v2\/product_cat?post=407"},{"taxonomy":"product_tag","embeddable":true,"href":"https:\/\/floorball-hayungs.de\/en\/wp-json\/wp\/v2\/product_tag?post=407"}],"curies":[{"name":"wp","href":"https:\/\/api.w.org\/{rel}","templated":true}]}}