{"id":409,"date":"2019-07-31T20:43:12","date_gmt":"2019-07-31T18:43:12","guid":{"rendered":"https:\/\/floorball-hayungs.de\/?post_type=product&#038;p=409"},"modified":"2024-06-27T13:29:08","modified_gmt":"2024-06-27T11:29:08","slug":"floorball-stick-bag-tempish-lime-black","status":"publish","type":"product","link":"https:\/\/floorball-hayungs.de\/en\/shop\/floorball-stick-bag-tempish-lime-black\/","title":{"rendered":"Floorball stick bag Tempish Flash Senior lime \/ black"},"content":{"rendered":"<p>This bag for floorball sticks carries up to three floorball sticks with a maximum shaft length of 105cm. <span class=\"hps\"> You can pack important things in the small side pocket (keys, cell phone etc.). With shoulder strap for good comfort. <\/span><\/p>\n","protected":false},"excerpt":{"rendered":"<p>This bag for floorball sticks carries up to three floorball sticks with a maximum shaft length of 105cm. You can pack important things in the small side pocket (keys, cell phone etc.). With shoulder strap for good comfort.<\/p>\n<a href=\"https:\/\/floorball-hayungs.de\/en\/shop\/floorball-stick-bag-tempish-lime-black\/\">weiterlesen<\/a>.","protected":false},"featured_media":410,"comment_status":"open","ping_status":"closed","template":"","meta":[],"product_brand":[],"product_cat":[40,43],"product_tag":[],"class_list":{"0":"post-409","1":"product","2":"type-product","3":"status-publish","4":"has-post-thumbnail","6":"product_cat-floorball-accessories","7":"product_cat-floorball-stick-bags","8":"product_shipping_class-accesoires","10":"first","11":"outofstock","12":"shipping-taxable","13":"purchasable","14":"product-type-simple"},"yoast_head":"<!-- This site is optimized with the Yoast SEO plugin v26.5 - https:\/\/yoast.com\/wordpress\/plugins\/seo\/ -->\n<title>Floorball stick bag Tempish Flash Senior lime \/ black - Floorball Hayungs<\/title>\n<meta name=\"description\" content=\"Mit dieser Floorball-Schl\u00e4gertasche tr\u00e4gst Du Deine Floorball-Schl\u00e4ger sicher zum Floorball-Spiel und zum Floorball-Training.\" \/>\n<meta name=\"robots\" content=\"index, follow, max-snippet:-1, max-image-preview:large, max-video-preview:-1\" \/>\n<link rel=\"canonical\" href=\"https:\/\/floorball-hayungs.de\/en\/shop\/floorball-stick-bag-tempish-lime-black\/\" \/>\n<meta property=\"og:locale\" content=\"en_GB\" \/>\n<meta property=\"og:type\" content=\"article\" \/>\n<meta property=\"og:title\" content=\"Floorball stick bag Tempish Flash Senior lime \/ black - Floorball Hayungs\" \/>\n<meta property=\"og:description\" content=\"Mit dieser Floorball-Schl\u00e4gertasche tr\u00e4gst Du Deine Floorball-Schl\u00e4ger sicher zum Floorball-Spiel und zum Floorball-Training.\" \/>\n<meta property=\"og:url\" content=\"https:\/\/floorball-hayungs.de\/en\/shop\/floorball-stick-bag-tempish-lime-black\/\" \/>\n<meta property=\"og:site_name\" content=\"Floorball Hayungs\" \/>\n<meta property=\"article:modified_time\" content=\"2024-06-27T11:29:08+00:00\" \/>\n<meta property=\"og:image\" content=\"https:\/\/floorball-hayungs.de\/en\/wp-content\/uploads\/sites\/2\/2019\/07\/Tasche_Floorballschlaeger_Tempish_lime.jpg\" \/>\n\t<meta property=\"og:image:width\" content=\"960\" \/>\n\t<meta property=\"og:image:height\" content=\"768\" \/>\n\t<meta property=\"og:image:type\" content=\"image\/jpeg\" \/>\n<meta name=\"twitter:card\" content=\"summary_large_image\" \/>\n<script type=\"application\/ld+json\" class=\"yoast-schema-graph\">{\"@context\":\"https:\/\/schema.org\",\"@graph\":[{\"@type\":\"WebPage\",\"@id\":\"https:\/\/floorball-hayungs.de\/en\/shop\/floorball-stick-bag-tempish-lime-black\/\",\"url\":\"https:\/\/floorball-hayungs.de\/en\/shop\/floorball-stick-bag-tempish-lime-black\/\",\"name\":\"Floorball stick bag Tempish Flash Senior lime \/ black - Floorball Hayungs\",\"isPartOf\":{\"@id\":\"https:\/\/floorball-hayungs.de\/en\/#website\"},\"primaryImageOfPage\":{\"@id\":\"https:\/\/floorball-hayungs.de\/en\/shop\/floorball-stick-bag-tempish-lime-black\/#primaryimage\"},\"image\":{\"@id\":\"https:\/\/floorball-hayungs.de\/en\/shop\/floorball-stick-bag-tempish-lime-black\/#primaryimage\"},\"thumbnailUrl\":\"https:\/\/floorball-hayungs.de\/en\/wp-content\/uploads\/sites\/2\/2019\/07\/Tasche_Floorballschlaeger_Tempish_lime.jpg\",\"datePublished\":\"2019-07-31T18:43:12+00:00\",\"dateModified\":\"2024-06-27T11:29:08+00:00\",\"description\":\"Mit dieser Floorball-Schl\u00e4gertasche tr\u00e4gst Du Deine Floorball-Schl\u00e4ger sicher zum Floorball-Spiel und zum Floorball-Training.\",\"breadcrumb\":{\"@id\":\"https:\/\/floorball-hayungs.de\/en\/shop\/floorball-stick-bag-tempish-lime-black\/#breadcrumb\"},\"inLanguage\":\"en-GB\",\"potentialAction\":[{\"@type\":\"ReadAction\",\"target\":[\"https:\/\/floorball-hayungs.de\/en\/shop\/floorball-stick-bag-tempish-lime-black\/\"]}]},{\"@type\":\"ImageObject\",\"inLanguage\":\"en-GB\",\"@id\":\"https:\/\/floorball-hayungs.de\/en\/shop\/floorball-stick-bag-tempish-lime-black\/#primaryimage\",\"url\":\"https:\/\/floorball-hayungs.de\/en\/wp-content\/uploads\/sites\/2\/2019\/07\/Tasche_Floorballschlaeger_Tempish_lime.jpg\",\"contentUrl\":\"https:\/\/floorball-hayungs.de\/en\/wp-content\/uploads\/sites\/2\/2019\/07\/Tasche_Floorballschlaeger_Tempish_lime.jpg\",\"width\":960,\"height\":768,\"caption\":\"Tasche f\u00fcr Floorballschl\u00e4ger\"},{\"@type\":\"BreadcrumbList\",\"@id\":\"https:\/\/floorball-hayungs.de\/en\/shop\/floorball-stick-bag-tempish-lime-black\/#breadcrumb\",\"itemListElement\":[{\"@type\":\"ListItem\",\"position\":1,\"name\":\"Startseite\",\"item\":\"https:\/\/floorball-hayungs.de\/en\/\"},{\"@type\":\"ListItem\",\"position\":2,\"name\":\"Floorball Hayungs &#8211; Your personal floorball shop\",\"item\":\"https:\/\/floorball-hayungs.de\/en\/\"},{\"@type\":\"ListItem\",\"position\":3,\"name\":\"Floorball stick bag Tempish Flash Senior lime \/ black\"}]},{\"@type\":\"WebSite\",\"@id\":\"https:\/\/floorball-hayungs.de\/en\/#website\",\"url\":\"https:\/\/floorball-hayungs.de\/en\/\",\"name\":\"Floorball Hayungs\",\"description\":\"Your personal Floorball Shop\",\"potentialAction\":[{\"@type\":\"SearchAction\",\"target\":{\"@type\":\"EntryPoint\",\"urlTemplate\":\"https:\/\/floorball-hayungs.de\/en\/?s={search_term_string}\"},\"query-input\":{\"@type\":\"PropertyValueSpecification\",\"valueRequired\":true,\"valueName\":\"search_term_string\"}}],\"inLanguage\":\"en-GB\"}]}<\/script>\n<!-- \/ Yoast SEO plugin. -->","yoast_head_json":{"title":"Floorball stick bag Tempish Flash Senior lime \/ black - Floorball Hayungs","description":"Mit dieser Floorball-Schl\u00e4gertasche tr\u00e4gst Du Deine Floorball-Schl\u00e4ger sicher zum Floorball-Spiel und zum Floorball-Training.","robots":{"index":"index","follow":"follow","max-snippet":"max-snippet:-1","max-image-preview":"max-image-preview:large","max-video-preview":"max-video-preview:-1"},"canonical":"https:\/\/floorball-hayungs.de\/en\/shop\/floorball-stick-bag-tempish-lime-black\/","og_locale":"en_GB","og_type":"article","og_title":"Floorball stick bag Tempish Flash Senior lime \/ black - Floorball Hayungs","og_description":"Mit dieser Floorball-Schl\u00e4gertasche tr\u00e4gst Du Deine Floorball-Schl\u00e4ger sicher zum Floorball-Spiel und zum Floorball-Training.","og_url":"https:\/\/floorball-hayungs.de\/en\/shop\/floorball-stick-bag-tempish-lime-black\/","og_site_name":"Floorball Hayungs","article_modified_time":"2024-06-27T11:29:08+00:00","og_image":[{"width":960,"height":768,"url":"https:\/\/floorball-hayungs.de\/en\/wp-content\/uploads\/sites\/2\/2019\/07\/Tasche_Floorballschlaeger_Tempish_lime.jpg","type":"image\/jpeg"}],"twitter_card":"summary_large_image","schema":{"@context":"https:\/\/schema.org","@graph":[{"@type":"WebPage","@id":"https:\/\/floorball-hayungs.de\/en\/shop\/floorball-stick-bag-tempish-lime-black\/","url":"https:\/\/floorball-hayungs.de\/en\/shop\/floorball-stick-bag-tempish-lime-black\/","name":"Floorball stick bag Tempish Flash Senior lime \/ black - Floorball Hayungs","isPartOf":{"@id":"https:\/\/floorball-hayungs.de\/en\/#website"},"primaryImageOfPage":{"@id":"https:\/\/floorball-hayungs.de\/en\/shop\/floorball-stick-bag-tempish-lime-black\/#primaryimage"},"image":{"@id":"https:\/\/floorball-hayungs.de\/en\/shop\/floorball-stick-bag-tempish-lime-black\/#primaryimage"},"thumbnailUrl":"https:\/\/floorball-hayungs.de\/en\/wp-content\/uploads\/sites\/2\/2019\/07\/Tasche_Floorballschlaeger_Tempish_lime.jpg","datePublished":"2019-07-31T18:43:12+00:00","dateModified":"2024-06-27T11:29:08+00:00","description":"Mit dieser Floorball-Schl\u00e4gertasche tr\u00e4gst Du Deine Floorball-Schl\u00e4ger sicher zum Floorball-Spiel und zum Floorball-Training.","breadcrumb":{"@id":"https:\/\/floorball-hayungs.de\/en\/shop\/floorball-stick-bag-tempish-lime-black\/#breadcrumb"},"inLanguage":"en-GB","potentialAction":[{"@type":"ReadAction","target":["https:\/\/floorball-hayungs.de\/en\/shop\/floorball-stick-bag-tempish-lime-black\/"]}]},{"@type":"ImageObject","inLanguage":"en-GB","@id":"https:\/\/floorball-hayungs.de\/en\/shop\/floorball-stick-bag-tempish-lime-black\/#primaryimage","url":"https:\/\/floorball-hayungs.de\/en\/wp-content\/uploads\/sites\/2\/2019\/07\/Tasche_Floorballschlaeger_Tempish_lime.jpg","contentUrl":"https:\/\/floorball-hayungs.de\/en\/wp-content\/uploads\/sites\/2\/2019\/07\/Tasche_Floorballschlaeger_Tempish_lime.jpg","width":960,"height":768,"caption":"Tasche f\u00fcr Floorballschl\u00e4ger"},{"@type":"BreadcrumbList","@id":"https:\/\/floorball-hayungs.de\/en\/shop\/floorball-stick-bag-tempish-lime-black\/#breadcrumb","itemListElement":[{"@type":"ListItem","position":1,"name":"Startseite","item":"https:\/\/floorball-hayungs.de\/en\/"},{"@type":"ListItem","position":2,"name":"Floorball Hayungs &#8211; Your personal floorball shop","item":"https:\/\/floorball-hayungs.de\/en\/"},{"@type":"ListItem","position":3,"name":"Floorball stick bag Tempish Flash Senior lime \/ black"}]},{"@type":"WebSite","@id":"https:\/\/floorball-hayungs.de\/en\/#website","url":"https:\/\/floorball-hayungs.de\/en\/","name":"Floorball Hayungs","description":"Your personal Floorball Shop","potentialAction":[{"@type":"SearchAction","target":{"@type":"EntryPoint","urlTemplate":"https:\/\/floorball-hayungs.de\/en\/?s={search_term_string}"},"query-input":{"@type":"PropertyValueSpecification","valueRequired":true,"valueName":"search_term_string"}}],"inLanguage":"en-GB"}]}},"_links":{"self":[{"href":"https:\/\/floorball-hayungs.de\/en\/wp-json\/wp\/v2\/product\/409","targetHints":{"allow":["GET"]}}],"collection":[{"href":"https:\/\/floorball-hayungs.de\/en\/wp-json\/wp\/v2\/product"}],"about":[{"href":"https:\/\/floorball-hayungs.de\/en\/wp-json\/wp\/v2\/types\/product"}],"replies":[{"embeddable":true,"href":"https:\/\/floorball-hayungs.de\/en\/wp-json\/wp\/v2\/comments?post=409"}],"wp:featuredmedia":[{"embeddable":true,"href":"https:\/\/floorball-hayungs.de\/en\/wp-json\/wp\/v2\/media\/410"}],"wp:attachment":[{"href":"https:\/\/floorball-hayungs.de\/en\/wp-json\/wp\/v2\/media?parent=409"}],"wp:term":[{"taxonomy":"product_brand","embeddable":true,"href":"https:\/\/floorball-hayungs.de\/en\/wp-json\/wp\/v2\/product_brand?post=409"},{"taxonomy":"product_cat","embeddable":true,"href":"https:\/\/floorball-hayungs.de\/en\/wp-json\/wp\/v2\/product_cat?post=409"},{"taxonomy":"product_tag","embeddable":true,"href":"https:\/\/floorball-hayungs.de\/en\/wp-json\/wp\/v2\/product_tag?post=409"}],"curies":[{"name":"wp","href":"https:\/\/api.w.org\/{rel}","templated":true}]}}