{"id":431,"date":"2019-08-09T19:01:24","date_gmt":"2019-08-09T17:01:24","guid":{"rendered":"https:\/\/floorball-hayungs.de\/?post_type=product&#038;p=431"},"modified":"2024-07-30T12:02:04","modified_gmt":"2024-07-30T10:02:04","slug":"floorball-stick-eurostick-gravity-kid1","status":"publish","type":"product","link":"https:\/\/floorball-hayungs.de\/en\/shop\/floorball-stick-eurostick-gravity-kid1\/","title":{"rendered":"Floorball stick for children, Eurostick Gravity Kid1, Flex 35 mm, IFF-certified"},"content":{"rendered":"<p>Very nice floorball stick for children. With a fairly soft deflection (flex). Ideal for the more technical floorball game. The Gravity blade has medium hardness \/ rigidity. That also allows one or two harder shots. The floorball stick is suitable for children who are approximately 1.30 m to 1.45 m tall. (Learn more about the correct length of the floorball stick in the <a href=\"https:\/\/floorball-hayungs.de\/floorball-shop-berlin-faq\/\"> frequently asked questions <\/a>)<\/p>\n<p>Flex: 35 mm<br \/>\nShaft: round, made of composite \/ fiberglass<br \/>\nShaft length: 75 cm<br \/>\nIFF certified<\/p>\n","protected":false},"excerpt":{"rendered":"<p>Very nice floorball stick for children. With a fairly soft deflection (flex). Ideal for the more technical floorball game. The Gravity blade has medium hardness \/ rigidity. That also allows one or two harder shots. The floorball stick is suitable for children who are approximately 1.30 m to 1.45 m tall. (Learn more about the<\/p>\n<a href=\"https:\/\/floorball-hayungs.de\/en\/shop\/floorball-stick-eurostick-gravity-kid1\/\">weiterlesen<\/a>.","protected":false},"featured_media":440,"comment_status":"open","ping_status":"closed","template":"","meta":[],"product_brand":[],"product_cat":[35,41],"product_tag":[45],"class_list":{"0":"post-431","1":"product","2":"type-product","3":"status-publish","4":"has-post-thumbnail","6":"product_cat-floorball-sticks","7":"product_cat-floorball-kids-and-youngsters","8":"product_tag-floorballsticks-kids-teens","9":"product_shipping_class-stick","11":"first","12":"outofstock","13":"sale","14":"shipping-taxable","15":"purchasable","16":"product-type-variable"},"yoast_head":"<!-- This site is optimized with the Yoast SEO plugin v26.5 - https:\/\/yoast.com\/wordpress\/plugins\/seo\/ -->\n<title>Floorball stick for children, Eurostick Gravity Kid1, Flex 35 mm, IFF-certified - Floorball Hayungs<\/title>\n<meta name=\"description\" content=\"Floorballschl\u00e4ger f\u00fcr Kinder. F\u00fcr technisches Spiel mit mittelhartem Schuss. Der gr\u00fcn-gelbe Floorballschl\u00e4ger l\u00e4sst Kinderherzen h\u00f6her schlagen\" \/>\n<meta name=\"robots\" content=\"index, follow, max-snippet:-1, max-image-preview:large, max-video-preview:-1\" \/>\n<link rel=\"canonical\" href=\"https:\/\/floorball-hayungs.de\/en\/shop\/floorball-stick-eurostick-gravity-kid1\/\" \/>\n<meta property=\"og:locale\" content=\"en_GB\" \/>\n<meta property=\"og:type\" content=\"article\" \/>\n<meta property=\"og:title\" content=\"Floorball stick for children, Eurostick Gravity Kid1, Flex 35 mm, IFF-certified - Floorball Hayungs\" \/>\n<meta property=\"og:description\" content=\"Floorballschl\u00e4ger f\u00fcr Kinder. F\u00fcr technisches Spiel mit mittelhartem Schuss. Der gr\u00fcn-gelbe Floorballschl\u00e4ger l\u00e4sst Kinderherzen h\u00f6her schlagen\" \/>\n<meta property=\"og:url\" content=\"https:\/\/floorball-hayungs.de\/en\/shop\/floorball-stick-eurostick-gravity-kid1\/\" \/>\n<meta property=\"og:site_name\" content=\"Floorball Hayungs\" \/>\n<meta property=\"article:modified_time\" content=\"2024-07-30T10:02:04+00:00\" \/>\n<meta property=\"og:image\" content=\"https:\/\/floorball-hayungs.de\/en\/wp-content\/uploads\/sites\/2\/2019\/08\/Floorball_Schlaeger_Kinderschlager_Eurostick_Gravity_Kid1-1.jpg\" \/>\n\t<meta property=\"og:image:width\" content=\"1622\" \/>\n\t<meta property=\"og:image:height\" content=\"2359\" \/>\n\t<meta property=\"og:image:type\" content=\"image\/jpeg\" \/>\n<meta name=\"twitter:card\" content=\"summary_large_image\" \/>\n<script type=\"application\/ld+json\" class=\"yoast-schema-graph\">{\"@context\":\"https:\/\/schema.org\",\"@graph\":[{\"@type\":\"WebPage\",\"@id\":\"https:\/\/floorball-hayungs.de\/en\/shop\/floorball-stick-eurostick-gravity-kid1\/\",\"url\":\"https:\/\/floorball-hayungs.de\/en\/shop\/floorball-stick-eurostick-gravity-kid1\/\",\"name\":\"Floorball stick for children, Eurostick Gravity Kid1, Flex 35 mm, IFF-certified - Floorball Hayungs\",\"isPartOf\":{\"@id\":\"https:\/\/floorball-hayungs.de\/en\/#website\"},\"primaryImageOfPage\":{\"@id\":\"https:\/\/floorball-hayungs.de\/en\/shop\/floorball-stick-eurostick-gravity-kid1\/#primaryimage\"},\"image\":{\"@id\":\"https:\/\/floorball-hayungs.de\/en\/shop\/floorball-stick-eurostick-gravity-kid1\/#primaryimage\"},\"thumbnailUrl\":\"https:\/\/floorball-hayungs.de\/en\/wp-content\/uploads\/sites\/2\/2019\/08\/Floorball_Schlaeger_Kinderschlager_Eurostick_Gravity_Kid1-1.jpg\",\"datePublished\":\"2019-08-09T17:01:24+00:00\",\"dateModified\":\"2024-07-30T10:02:04+00:00\",\"description\":\"Floorballschl\u00e4ger f\u00fcr Kinder. F\u00fcr technisches Spiel mit mittelhartem Schuss. Der gr\u00fcn-gelbe Floorballschl\u00e4ger l\u00e4sst Kinderherzen h\u00f6her schlagen\",\"breadcrumb\":{\"@id\":\"https:\/\/floorball-hayungs.de\/en\/shop\/floorball-stick-eurostick-gravity-kid1\/#breadcrumb\"},\"inLanguage\":\"en-GB\",\"potentialAction\":[{\"@type\":\"ReadAction\",\"target\":[\"https:\/\/floorball-hayungs.de\/en\/shop\/floorball-stick-eurostick-gravity-kid1\/\"]}]},{\"@type\":\"ImageObject\",\"inLanguage\":\"en-GB\",\"@id\":\"https:\/\/floorball-hayungs.de\/en\/shop\/floorball-stick-eurostick-gravity-kid1\/#primaryimage\",\"url\":\"https:\/\/floorball-hayungs.de\/en\/wp-content\/uploads\/sites\/2\/2019\/08\/Floorball_Schlaeger_Kinderschlager_Eurostick_Gravity_Kid1-1.jpg\",\"contentUrl\":\"https:\/\/floorball-hayungs.de\/en\/wp-content\/uploads\/sites\/2\/2019\/08\/Floorball_Schlaeger_Kinderschlager_Eurostick_Gravity_Kid1-1.jpg\",\"width\":1622,\"height\":2359,\"caption\":\"Floorballschl\u00e4ger f\u00fcr Kinder\"},{\"@type\":\"BreadcrumbList\",\"@id\":\"https:\/\/floorball-hayungs.de\/en\/shop\/floorball-stick-eurostick-gravity-kid1\/#breadcrumb\",\"itemListElement\":[{\"@type\":\"ListItem\",\"position\":1,\"name\":\"Startseite\",\"item\":\"https:\/\/floorball-hayungs.de\/en\/\"},{\"@type\":\"ListItem\",\"position\":2,\"name\":\"Floorball Hayungs &#8211; Your personal floorball shop\",\"item\":\"https:\/\/floorball-hayungs.de\/en\/\"},{\"@type\":\"ListItem\",\"position\":3,\"name\":\"Floorball stick for children, Eurostick Gravity Kid1, Flex 35 mm, IFF-certified\"}]},{\"@type\":\"WebSite\",\"@id\":\"https:\/\/floorball-hayungs.de\/en\/#website\",\"url\":\"https:\/\/floorball-hayungs.de\/en\/\",\"name\":\"Floorball Hayungs\",\"description\":\"Your personal Floorball Shop\",\"potentialAction\":[{\"@type\":\"SearchAction\",\"target\":{\"@type\":\"EntryPoint\",\"urlTemplate\":\"https:\/\/floorball-hayungs.de\/en\/?s={search_term_string}\"},\"query-input\":{\"@type\":\"PropertyValueSpecification\",\"valueRequired\":true,\"valueName\":\"search_term_string\"}}],\"inLanguage\":\"en-GB\"}]}<\/script>\n<!-- \/ Yoast SEO plugin. -->","yoast_head_json":{"title":"Floorball stick for children, Eurostick Gravity Kid1, Flex 35 mm, IFF-certified - Floorball Hayungs","description":"Floorballschl\u00e4ger f\u00fcr Kinder. F\u00fcr technisches Spiel mit mittelhartem Schuss. Der gr\u00fcn-gelbe Floorballschl\u00e4ger l\u00e4sst Kinderherzen h\u00f6her schlagen","robots":{"index":"index","follow":"follow","max-snippet":"max-snippet:-1","max-image-preview":"max-image-preview:large","max-video-preview":"max-video-preview:-1"},"canonical":"https:\/\/floorball-hayungs.de\/en\/shop\/floorball-stick-eurostick-gravity-kid1\/","og_locale":"en_GB","og_type":"article","og_title":"Floorball stick for children, Eurostick Gravity Kid1, Flex 35 mm, IFF-certified - Floorball Hayungs","og_description":"Floorballschl\u00e4ger f\u00fcr Kinder. F\u00fcr technisches Spiel mit mittelhartem Schuss. Der gr\u00fcn-gelbe Floorballschl\u00e4ger l\u00e4sst Kinderherzen h\u00f6her schlagen","og_url":"https:\/\/floorball-hayungs.de\/en\/shop\/floorball-stick-eurostick-gravity-kid1\/","og_site_name":"Floorball Hayungs","article_modified_time":"2024-07-30T10:02:04+00:00","og_image":[{"width":1622,"height":2359,"url":"https:\/\/floorball-hayungs.de\/en\/wp-content\/uploads\/sites\/2\/2019\/08\/Floorball_Schlaeger_Kinderschlager_Eurostick_Gravity_Kid1-1.jpg","type":"image\/jpeg"}],"twitter_card":"summary_large_image","schema":{"@context":"https:\/\/schema.org","@graph":[{"@type":"WebPage","@id":"https:\/\/floorball-hayungs.de\/en\/shop\/floorball-stick-eurostick-gravity-kid1\/","url":"https:\/\/floorball-hayungs.de\/en\/shop\/floorball-stick-eurostick-gravity-kid1\/","name":"Floorball stick for children, Eurostick Gravity Kid1, Flex 35 mm, IFF-certified - Floorball Hayungs","isPartOf":{"@id":"https:\/\/floorball-hayungs.de\/en\/#website"},"primaryImageOfPage":{"@id":"https:\/\/floorball-hayungs.de\/en\/shop\/floorball-stick-eurostick-gravity-kid1\/#primaryimage"},"image":{"@id":"https:\/\/floorball-hayungs.de\/en\/shop\/floorball-stick-eurostick-gravity-kid1\/#primaryimage"},"thumbnailUrl":"https:\/\/floorball-hayungs.de\/en\/wp-content\/uploads\/sites\/2\/2019\/08\/Floorball_Schlaeger_Kinderschlager_Eurostick_Gravity_Kid1-1.jpg","datePublished":"2019-08-09T17:01:24+00:00","dateModified":"2024-07-30T10:02:04+00:00","description":"Floorballschl\u00e4ger f\u00fcr Kinder. F\u00fcr technisches Spiel mit mittelhartem Schuss. Der gr\u00fcn-gelbe Floorballschl\u00e4ger l\u00e4sst Kinderherzen h\u00f6her schlagen","breadcrumb":{"@id":"https:\/\/floorball-hayungs.de\/en\/shop\/floorball-stick-eurostick-gravity-kid1\/#breadcrumb"},"inLanguage":"en-GB","potentialAction":[{"@type":"ReadAction","target":["https:\/\/floorball-hayungs.de\/en\/shop\/floorball-stick-eurostick-gravity-kid1\/"]}]},{"@type":"ImageObject","inLanguage":"en-GB","@id":"https:\/\/floorball-hayungs.de\/en\/shop\/floorball-stick-eurostick-gravity-kid1\/#primaryimage","url":"https:\/\/floorball-hayungs.de\/en\/wp-content\/uploads\/sites\/2\/2019\/08\/Floorball_Schlaeger_Kinderschlager_Eurostick_Gravity_Kid1-1.jpg","contentUrl":"https:\/\/floorball-hayungs.de\/en\/wp-content\/uploads\/sites\/2\/2019\/08\/Floorball_Schlaeger_Kinderschlager_Eurostick_Gravity_Kid1-1.jpg","width":1622,"height":2359,"caption":"Floorballschl\u00e4ger f\u00fcr Kinder"},{"@type":"BreadcrumbList","@id":"https:\/\/floorball-hayungs.de\/en\/shop\/floorball-stick-eurostick-gravity-kid1\/#breadcrumb","itemListElement":[{"@type":"ListItem","position":1,"name":"Startseite","item":"https:\/\/floorball-hayungs.de\/en\/"},{"@type":"ListItem","position":2,"name":"Floorball Hayungs &#8211; Your personal floorball shop","item":"https:\/\/floorball-hayungs.de\/en\/"},{"@type":"ListItem","position":3,"name":"Floorball stick for children, Eurostick Gravity Kid1, Flex 35 mm, IFF-certified"}]},{"@type":"WebSite","@id":"https:\/\/floorball-hayungs.de\/en\/#website","url":"https:\/\/floorball-hayungs.de\/en\/","name":"Floorball Hayungs","description":"Your personal Floorball Shop","potentialAction":[{"@type":"SearchAction","target":{"@type":"EntryPoint","urlTemplate":"https:\/\/floorball-hayungs.de\/en\/?s={search_term_string}"},"query-input":{"@type":"PropertyValueSpecification","valueRequired":true,"valueName":"search_term_string"}}],"inLanguage":"en-GB"}]}},"_links":{"self":[{"href":"https:\/\/floorball-hayungs.de\/en\/wp-json\/wp\/v2\/product\/431","targetHints":{"allow":["GET"]}}],"collection":[{"href":"https:\/\/floorball-hayungs.de\/en\/wp-json\/wp\/v2\/product"}],"about":[{"href":"https:\/\/floorball-hayungs.de\/en\/wp-json\/wp\/v2\/types\/product"}],"replies":[{"embeddable":true,"href":"https:\/\/floorball-hayungs.de\/en\/wp-json\/wp\/v2\/comments?post=431"}],"wp:featuredmedia":[{"embeddable":true,"href":"https:\/\/floorball-hayungs.de\/en\/wp-json\/wp\/v2\/media\/440"}],"wp:attachment":[{"href":"https:\/\/floorball-hayungs.de\/en\/wp-json\/wp\/v2\/media?parent=431"}],"wp:term":[{"taxonomy":"product_brand","embeddable":true,"href":"https:\/\/floorball-hayungs.de\/en\/wp-json\/wp\/v2\/product_brand?post=431"},{"taxonomy":"product_cat","embeddable":true,"href":"https:\/\/floorball-hayungs.de\/en\/wp-json\/wp\/v2\/product_cat?post=431"},{"taxonomy":"product_tag","embeddable":true,"href":"https:\/\/floorball-hayungs.de\/en\/wp-json\/wp\/v2\/product_tag?post=431"}],"curies":[{"name":"wp","href":"https:\/\/api.w.org\/{rel}","templated":true}]}}