{"id":505,"date":"2019-09-06T20:33:06","date_gmt":"2019-09-06T18:33:06","guid":{"rendered":"https:\/\/floorball-hayungs.de\/?post_type=product&#038;p=505"},"modified":"2024-06-27T13:29:10","modified_gmt":"2024-06-27T11:29:10","slug":"floorball-stick-set-12-sticks-6-balls","status":"publish","type":"product","link":"https:\/\/floorball-hayungs.de\/en\/shop\/floorball-stick-set-12-sticks-6-balls\/","title":{"rendered":"Floorball stick set Eurostick Force One, 12 floorball sticks + 6 balls, 85 cm"},"content":{"rendered":"<p>Nice floorball stick set for use at school or in a club.<\/p>\n<p>12 floorball sticks plus 6 balls.<\/p>\n<p>6 floorball sticks in green (5 x left hand, 1 x right hand)<br \/>\n6 floorball sticks in orange (5 x left hand, 1 x right hand)<\/p>\n<p>Plastic shaft with handle and multi-colored sticker<br \/>\nShaft length: 85 cm<br \/>\nTotal length of the stick: 96 cm<br \/>\nShaft diameter: 26mm<br \/>\nWeight: 230 g \/ racket<br \/>\nMaterial: polypropylene (PP) shaft, trowel: polyethylene (PEHD)<\/p>\n<p>&nbsp;<\/p>\n<p>&nbsp;<\/p>\n","protected":false},"excerpt":{"rendered":"<p>Nice floorball stick set for use at school or in a club. 12 floorball sticks plus 6 balls. 6 floorball sticks in green (5 x left hand, 1 x right hand) 6 floorball sticks in orange (5 x left hand, 1 x right hand) Plastic shaft with handle and multi-colored sticker Shaft length: 85 cm<\/p>\n<a href=\"https:\/\/floorball-hayungs.de\/en\/shop\/floorball-stick-set-12-sticks-6-balls\/\">weiterlesen<\/a>.","protected":false},"featured_media":506,"comment_status":"open","ping_status":"closed","template":"","meta":[],"product_brand":[],"product_cat":[35,41,47],"product_tag":[50,45],"class_list":{"0":"post-505","1":"product","2":"type-product","3":"status-publish","4":"has-post-thumbnail","6":"product_cat-floorball-sticks","7":"product_cat-floorball-kids-and-youngsters","8":"product_cat-floorball-school-club","9":"product_tag-floorball-stick-set","10":"product_tag-floorballsticks-kids-teens","11":"product_shipping_class-stick","13":"first","14":"outofstock","15":"sale","16":"shipping-taxable","17":"purchasable","18":"product-type-simple"},"yoast_head":"<!-- This site is optimized with the Yoast SEO plugin v26.5 - https:\/\/yoast.com\/wordpress\/plugins\/seo\/ -->\n<title>Floorball stick set Eurostick Force One, 12 floorball sticks + 6 balls, 85 cm - Floorball Hayungs<\/title>\n<meta name=\"description\" content=\"Floorballschl\u00e4ger-Set f\u00fcr Schule und Sportverein. 12 Floorballschl\u00e4ger und 6 B\u00e4lle. Schaftl\u00e4nge 85 cm. Ideal f\u00fcr Kinder und Jugendliche\" \/>\n<meta name=\"robots\" content=\"index, follow, max-snippet:-1, max-image-preview:large, max-video-preview:-1\" \/>\n<link rel=\"canonical\" href=\"https:\/\/floorball-hayungs.de\/en\/shop\/floorball-stick-set-12-sticks-6-balls\/\" \/>\n<meta property=\"og:locale\" content=\"en_GB\" \/>\n<meta property=\"og:type\" content=\"article\" \/>\n<meta property=\"og:title\" content=\"Floorball stick set Eurostick Force One, 12 floorball sticks + 6 balls, 85 cm - Floorball Hayungs\" \/>\n<meta property=\"og:description\" content=\"Floorballschl\u00e4ger-Set f\u00fcr Schule und Sportverein. 12 Floorballschl\u00e4ger und 6 B\u00e4lle. Schaftl\u00e4nge 85 cm. Ideal f\u00fcr Kinder und Jugendliche\" \/>\n<meta property=\"og:url\" content=\"https:\/\/floorball-hayungs.de\/en\/shop\/floorball-stick-set-12-sticks-6-balls\/\" \/>\n<meta property=\"og:site_name\" content=\"Floorball Hayungs\" \/>\n<meta property=\"article:modified_time\" content=\"2024-06-27T11:29:10+00:00\" \/>\n<meta property=\"og:image\" content=\"https:\/\/floorball-hayungs.de\/en\/wp-content\/uploads\/sites\/2\/2019\/09\/Floorball_Schl\u00e4gerset_Schule_Force_85.jpg\" \/>\n\t<meta property=\"og:image:width\" content=\"1472\" \/>\n\t<meta property=\"og:image:height\" content=\"1932\" \/>\n\t<meta property=\"og:image:type\" content=\"image\/jpeg\" \/>\n<meta name=\"twitter:card\" content=\"summary_large_image\" \/>\n<script type=\"application\/ld+json\" class=\"yoast-schema-graph\">{\"@context\":\"https:\/\/schema.org\",\"@graph\":[{\"@type\":\"WebPage\",\"@id\":\"https:\/\/floorball-hayungs.de\/en\/shop\/floorball-stick-set-12-sticks-6-balls\/\",\"url\":\"https:\/\/floorball-hayungs.de\/en\/shop\/floorball-stick-set-12-sticks-6-balls\/\",\"name\":\"Floorball stick set Eurostick Force One, 12 floorball sticks + 6 balls, 85 cm - Floorball Hayungs\",\"isPartOf\":{\"@id\":\"https:\/\/floorball-hayungs.de\/en\/#website\"},\"primaryImageOfPage\":{\"@id\":\"https:\/\/floorball-hayungs.de\/en\/shop\/floorball-stick-set-12-sticks-6-balls\/#primaryimage\"},\"image\":{\"@id\":\"https:\/\/floorball-hayungs.de\/en\/shop\/floorball-stick-set-12-sticks-6-balls\/#primaryimage\"},\"thumbnailUrl\":\"https:\/\/floorball-hayungs.de\/en\/wp-content\/uploads\/sites\/2\/2019\/09\/Floorball_Schl\u00e4gerset_Schule_Force_85.jpg\",\"datePublished\":\"2019-09-06T18:33:06+00:00\",\"dateModified\":\"2024-06-27T11:29:10+00:00\",\"description\":\"Floorballschl\u00e4ger-Set f\u00fcr Schule und Sportverein. 12 Floorballschl\u00e4ger und 6 B\u00e4lle. Schaftl\u00e4nge 85 cm. Ideal f\u00fcr Kinder und Jugendliche\",\"breadcrumb\":{\"@id\":\"https:\/\/floorball-hayungs.de\/en\/shop\/floorball-stick-set-12-sticks-6-balls\/#breadcrumb\"},\"inLanguage\":\"en-GB\",\"potentialAction\":[{\"@type\":\"ReadAction\",\"target\":[\"https:\/\/floorball-hayungs.de\/en\/shop\/floorball-stick-set-12-sticks-6-balls\/\"]}]},{\"@type\":\"ImageObject\",\"inLanguage\":\"en-GB\",\"@id\":\"https:\/\/floorball-hayungs.de\/en\/shop\/floorball-stick-set-12-sticks-6-balls\/#primaryimage\",\"url\":\"https:\/\/floorball-hayungs.de\/en\/wp-content\/uploads\/sites\/2\/2019\/09\/Floorball_Schl\u00e4gerset_Schule_Force_85.jpg\",\"contentUrl\":\"https:\/\/floorball-hayungs.de\/en\/wp-content\/uploads\/sites\/2\/2019\/09\/Floorball_Schl\u00e4gerset_Schule_Force_85.jpg\",\"width\":1472,\"height\":1932,\"caption\":\"Floorballschl\u00e4ger Set f\u00fcr die Schule 85 cm\"},{\"@type\":\"BreadcrumbList\",\"@id\":\"https:\/\/floorball-hayungs.de\/en\/shop\/floorball-stick-set-12-sticks-6-balls\/#breadcrumb\",\"itemListElement\":[{\"@type\":\"ListItem\",\"position\":1,\"name\":\"Startseite\",\"item\":\"https:\/\/floorball-hayungs.de\/en\/\"},{\"@type\":\"ListItem\",\"position\":2,\"name\":\"Floorball Hayungs &#8211; Your personal floorball shop\",\"item\":\"https:\/\/floorball-hayungs.de\/en\/\"},{\"@type\":\"ListItem\",\"position\":3,\"name\":\"Floorball stick set Eurostick Force One, 12 floorball sticks + 6 balls, 85 cm\"}]},{\"@type\":\"WebSite\",\"@id\":\"https:\/\/floorball-hayungs.de\/en\/#website\",\"url\":\"https:\/\/floorball-hayungs.de\/en\/\",\"name\":\"Floorball Hayungs\",\"description\":\"Your personal Floorball Shop\",\"potentialAction\":[{\"@type\":\"SearchAction\",\"target\":{\"@type\":\"EntryPoint\",\"urlTemplate\":\"https:\/\/floorball-hayungs.de\/en\/?s={search_term_string}\"},\"query-input\":{\"@type\":\"PropertyValueSpecification\",\"valueRequired\":true,\"valueName\":\"search_term_string\"}}],\"inLanguage\":\"en-GB\"}]}<\/script>\n<!-- \/ Yoast SEO plugin. -->","yoast_head_json":{"title":"Floorball stick set Eurostick Force One, 12 floorball sticks + 6 balls, 85 cm - Floorball Hayungs","description":"Floorballschl\u00e4ger-Set f\u00fcr Schule und Sportverein. 12 Floorballschl\u00e4ger und 6 B\u00e4lle. Schaftl\u00e4nge 85 cm. Ideal f\u00fcr Kinder und Jugendliche","robots":{"index":"index","follow":"follow","max-snippet":"max-snippet:-1","max-image-preview":"max-image-preview:large","max-video-preview":"max-video-preview:-1"},"canonical":"https:\/\/floorball-hayungs.de\/en\/shop\/floorball-stick-set-12-sticks-6-balls\/","og_locale":"en_GB","og_type":"article","og_title":"Floorball stick set Eurostick Force One, 12 floorball sticks + 6 balls, 85 cm - Floorball Hayungs","og_description":"Floorballschl\u00e4ger-Set f\u00fcr Schule und Sportverein. 12 Floorballschl\u00e4ger und 6 B\u00e4lle. Schaftl\u00e4nge 85 cm. Ideal f\u00fcr Kinder und Jugendliche","og_url":"https:\/\/floorball-hayungs.de\/en\/shop\/floorball-stick-set-12-sticks-6-balls\/","og_site_name":"Floorball Hayungs","article_modified_time":"2024-06-27T11:29:10+00:00","og_image":[{"width":1472,"height":1932,"url":"https:\/\/floorball-hayungs.de\/en\/wp-content\/uploads\/sites\/2\/2019\/09\/Floorball_Schl\u00e4gerset_Schule_Force_85.jpg","type":"image\/jpeg"}],"twitter_card":"summary_large_image","schema":{"@context":"https:\/\/schema.org","@graph":[{"@type":"WebPage","@id":"https:\/\/floorball-hayungs.de\/en\/shop\/floorball-stick-set-12-sticks-6-balls\/","url":"https:\/\/floorball-hayungs.de\/en\/shop\/floorball-stick-set-12-sticks-6-balls\/","name":"Floorball stick set Eurostick Force One, 12 floorball sticks + 6 balls, 85 cm - Floorball Hayungs","isPartOf":{"@id":"https:\/\/floorball-hayungs.de\/en\/#website"},"primaryImageOfPage":{"@id":"https:\/\/floorball-hayungs.de\/en\/shop\/floorball-stick-set-12-sticks-6-balls\/#primaryimage"},"image":{"@id":"https:\/\/floorball-hayungs.de\/en\/shop\/floorball-stick-set-12-sticks-6-balls\/#primaryimage"},"thumbnailUrl":"https:\/\/floorball-hayungs.de\/en\/wp-content\/uploads\/sites\/2\/2019\/09\/Floorball_Schl\u00e4gerset_Schule_Force_85.jpg","datePublished":"2019-09-06T18:33:06+00:00","dateModified":"2024-06-27T11:29:10+00:00","description":"Floorballschl\u00e4ger-Set f\u00fcr Schule und Sportverein. 12 Floorballschl\u00e4ger und 6 B\u00e4lle. Schaftl\u00e4nge 85 cm. Ideal f\u00fcr Kinder und Jugendliche","breadcrumb":{"@id":"https:\/\/floorball-hayungs.de\/en\/shop\/floorball-stick-set-12-sticks-6-balls\/#breadcrumb"},"inLanguage":"en-GB","potentialAction":[{"@type":"ReadAction","target":["https:\/\/floorball-hayungs.de\/en\/shop\/floorball-stick-set-12-sticks-6-balls\/"]}]},{"@type":"ImageObject","inLanguage":"en-GB","@id":"https:\/\/floorball-hayungs.de\/en\/shop\/floorball-stick-set-12-sticks-6-balls\/#primaryimage","url":"https:\/\/floorball-hayungs.de\/en\/wp-content\/uploads\/sites\/2\/2019\/09\/Floorball_Schl\u00e4gerset_Schule_Force_85.jpg","contentUrl":"https:\/\/floorball-hayungs.de\/en\/wp-content\/uploads\/sites\/2\/2019\/09\/Floorball_Schl\u00e4gerset_Schule_Force_85.jpg","width":1472,"height":1932,"caption":"Floorballschl\u00e4ger Set f\u00fcr die Schule 85 cm"},{"@type":"BreadcrumbList","@id":"https:\/\/floorball-hayungs.de\/en\/shop\/floorball-stick-set-12-sticks-6-balls\/#breadcrumb","itemListElement":[{"@type":"ListItem","position":1,"name":"Startseite","item":"https:\/\/floorball-hayungs.de\/en\/"},{"@type":"ListItem","position":2,"name":"Floorball Hayungs &#8211; Your personal floorball shop","item":"https:\/\/floorball-hayungs.de\/en\/"},{"@type":"ListItem","position":3,"name":"Floorball stick set Eurostick Force One, 12 floorball sticks + 6 balls, 85 cm"}]},{"@type":"WebSite","@id":"https:\/\/floorball-hayungs.de\/en\/#website","url":"https:\/\/floorball-hayungs.de\/en\/","name":"Floorball Hayungs","description":"Your personal Floorball Shop","potentialAction":[{"@type":"SearchAction","target":{"@type":"EntryPoint","urlTemplate":"https:\/\/floorball-hayungs.de\/en\/?s={search_term_string}"},"query-input":{"@type":"PropertyValueSpecification","valueRequired":true,"valueName":"search_term_string"}}],"inLanguage":"en-GB"}]}},"_links":{"self":[{"href":"https:\/\/floorball-hayungs.de\/en\/wp-json\/wp\/v2\/product\/505","targetHints":{"allow":["GET"]}}],"collection":[{"href":"https:\/\/floorball-hayungs.de\/en\/wp-json\/wp\/v2\/product"}],"about":[{"href":"https:\/\/floorball-hayungs.de\/en\/wp-json\/wp\/v2\/types\/product"}],"replies":[{"embeddable":true,"href":"https:\/\/floorball-hayungs.de\/en\/wp-json\/wp\/v2\/comments?post=505"}],"wp:featuredmedia":[{"embeddable":true,"href":"https:\/\/floorball-hayungs.de\/en\/wp-json\/wp\/v2\/media\/506"}],"wp:attachment":[{"href":"https:\/\/floorball-hayungs.de\/en\/wp-json\/wp\/v2\/media?parent=505"}],"wp:term":[{"taxonomy":"product_brand","embeddable":true,"href":"https:\/\/floorball-hayungs.de\/en\/wp-json\/wp\/v2\/product_brand?post=505"},{"taxonomy":"product_cat","embeddable":true,"href":"https:\/\/floorball-hayungs.de\/en\/wp-json\/wp\/v2\/product_cat?post=505"},{"taxonomy":"product_tag","embeddable":true,"href":"https:\/\/floorball-hayungs.de\/en\/wp-json\/wp\/v2\/product_tag?post=505"}],"curies":[{"name":"wp","href":"https:\/\/api.w.org\/{rel}","templated":true}]}}