{"id":537,"date":"2019-09-07T21:25:06","date_gmt":"2019-09-07T19:25:06","guid":{"rendered":"https:\/\/floorball-hayungs.de\/?post_type=product&#038;p=537"},"modified":"2024-06-27T13:29:13","modified_gmt":"2024-06-27T11:29:13","slug":"floorball-stick-for-children-arex-warrior","status":"publish","type":"product","link":"https:\/\/floorball-hayungs.de\/en\/shop\/floorball-stick-for-children-arex-warrior\/","title":{"rendered":"Floorball stick for children, Arex Warrior, IFF-certified"},"content":{"rendered":"<p>Floorball stick with medium-hard shaft. Ideal for slightly harder shots. A grim Viking is depicted on the shaft &#8211; a real eye-catcher \ud83d\ude42<\/p>\n<p>Flex: 26 mm<br \/>\nShaft: round<br \/>\nMaterial: shaft made of fiberglass<br \/>\nIFF certified<\/p>\n","protected":false},"excerpt":{"rendered":"<p>Floorball stick with medium-hard shaft. Ideal for slightly harder shots. A grim Viking is depicted on the shaft &#8211; a real eye-catcher \ud83d\ude42 Flex: 26 mm Shaft: round Material: shaft made of fiberglass IFF certified<\/p>\n<a href=\"https:\/\/floorball-hayungs.de\/en\/shop\/floorball-stick-for-children-arex-warrior\/\">weiterlesen<\/a>.","protected":false},"featured_media":178,"comment_status":"open","ping_status":"closed","template":"","meta":[],"product_brand":[],"product_cat":[35,41],"product_tag":[34,56,45],"class_list":{"0":"post-537","1":"product","2":"type-product","3":"status-publish","4":"has-post-thumbnail","6":"product_cat-floorball-sticks","7":"product_cat-floorball-kids-and-youngsters","8":"product_tag-arex-floorball-sticks","9":"product_tag-floorball-schlaeger","10":"product_tag-floorballsticks-kids-teens","11":"product_shipping_class-stick","13":"first","14":"outofstock","15":"sale","16":"shipping-taxable","17":"purchasable","18":"product-type-variable"},"yoast_head":"<!-- This site is optimized with the Yoast SEO plugin v26.5 - https:\/\/yoast.com\/wordpress\/plugins\/seo\/ -->\n<title>Floorball stick for children, Arex Warrior, IFF-certified - Floorball Hayungs<\/title>\n<meta name=\"description\" content=\"Floorball-Schl\u00e4ger f\u00fcr Kinder f\u00fcr den Einsatz im Spielbetrieb: IFF-zertifiziert\" \/>\n<meta name=\"robots\" content=\"index, follow, max-snippet:-1, max-image-preview:large, max-video-preview:-1\" \/>\n<link rel=\"canonical\" href=\"https:\/\/floorball-hayungs.de\/en\/shop\/floorball-stick-for-children-arex-warrior\/\" \/>\n<meta property=\"og:locale\" content=\"en_GB\" \/>\n<meta property=\"og:type\" content=\"article\" \/>\n<meta property=\"og:title\" content=\"Floorball stick for children, Arex Warrior, IFF-certified - Floorball Hayungs\" \/>\n<meta property=\"og:description\" content=\"Floorball-Schl\u00e4ger f\u00fcr Kinder f\u00fcr den Einsatz im Spielbetrieb: IFF-zertifiziert\" \/>\n<meta property=\"og:url\" content=\"https:\/\/floorball-hayungs.de\/en\/shop\/floorball-stick-for-children-arex-warrior\/\" \/>\n<meta property=\"og:site_name\" content=\"Floorball Hayungs\" \/>\n<meta property=\"article:modified_time\" content=\"2024-06-27T11:29:13+00:00\" \/>\n<meta property=\"og:image\" content=\"https:\/\/floorball-hayungs.de\/en\/wp-content\/uploads\/sites\/2\/2019\/07\/Floorball_Schlaeger_Arex_Warrior.png\" \/>\n\t<meta property=\"og:image:width\" content=\"1840\" \/>\n\t<meta property=\"og:image:height\" content=\"2760\" \/>\n\t<meta property=\"og:image:type\" content=\"image\/png\" \/>\n<meta name=\"twitter:card\" content=\"summary_large_image\" \/>\n<script type=\"application\/ld+json\" class=\"yoast-schema-graph\">{\"@context\":\"https:\/\/schema.org\",\"@graph\":[{\"@type\":\"WebPage\",\"@id\":\"https:\/\/floorball-hayungs.de\/en\/shop\/floorball-stick-for-children-arex-warrior\/\",\"url\":\"https:\/\/floorball-hayungs.de\/en\/shop\/floorball-stick-for-children-arex-warrior\/\",\"name\":\"Floorball stick for children, Arex Warrior, IFF-certified - Floorball Hayungs\",\"isPartOf\":{\"@id\":\"https:\/\/floorball-hayungs.de\/en\/#website\"},\"primaryImageOfPage\":{\"@id\":\"https:\/\/floorball-hayungs.de\/en\/shop\/floorball-stick-for-children-arex-warrior\/#primaryimage\"},\"image\":{\"@id\":\"https:\/\/floorball-hayungs.de\/en\/shop\/floorball-stick-for-children-arex-warrior\/#primaryimage\"},\"thumbnailUrl\":\"https:\/\/floorball-hayungs.de\/en\/wp-content\/uploads\/sites\/2\/2019\/07\/Floorball_Schlaeger_Arex_Warrior.png\",\"datePublished\":\"2019-09-07T19:25:06+00:00\",\"dateModified\":\"2024-06-27T11:29:13+00:00\",\"description\":\"Floorball-Schl\u00e4ger f\u00fcr Kinder f\u00fcr den Einsatz im Spielbetrieb: IFF-zertifiziert\",\"breadcrumb\":{\"@id\":\"https:\/\/floorball-hayungs.de\/en\/shop\/floorball-stick-for-children-arex-warrior\/#breadcrumb\"},\"inLanguage\":\"en-GB\",\"potentialAction\":[{\"@type\":\"ReadAction\",\"target\":[\"https:\/\/floorball-hayungs.de\/en\/shop\/floorball-stick-for-children-arex-warrior\/\"]}]},{\"@type\":\"ImageObject\",\"inLanguage\":\"en-GB\",\"@id\":\"https:\/\/floorball-hayungs.de\/en\/shop\/floorball-stick-for-children-arex-warrior\/#primaryimage\",\"url\":\"https:\/\/floorball-hayungs.de\/en\/wp-content\/uploads\/sites\/2\/2019\/07\/Floorball_Schlaeger_Arex_Warrior.png\",\"contentUrl\":\"https:\/\/floorball-hayungs.de\/en\/wp-content\/uploads\/sites\/2\/2019\/07\/Floorball_Schlaeger_Arex_Warrior.png\",\"width\":1840,\"height\":2760,\"caption\":\"Floorball Schl\u00e4ger Arex Warrior\"},{\"@type\":\"BreadcrumbList\",\"@id\":\"https:\/\/floorball-hayungs.de\/en\/shop\/floorball-stick-for-children-arex-warrior\/#breadcrumb\",\"itemListElement\":[{\"@type\":\"ListItem\",\"position\":1,\"name\":\"Startseite\",\"item\":\"https:\/\/floorball-hayungs.de\/en\/\"},{\"@type\":\"ListItem\",\"position\":2,\"name\":\"Floorball Hayungs &#8211; Your personal floorball shop\",\"item\":\"https:\/\/floorball-hayungs.de\/en\/\"},{\"@type\":\"ListItem\",\"position\":3,\"name\":\"Floorball stick for children, Arex Warrior, IFF-certified\"}]},{\"@type\":\"WebSite\",\"@id\":\"https:\/\/floorball-hayungs.de\/en\/#website\",\"url\":\"https:\/\/floorball-hayungs.de\/en\/\",\"name\":\"Floorball Hayungs\",\"description\":\"Your personal Floorball Shop\",\"potentialAction\":[{\"@type\":\"SearchAction\",\"target\":{\"@type\":\"EntryPoint\",\"urlTemplate\":\"https:\/\/floorball-hayungs.de\/en\/?s={search_term_string}\"},\"query-input\":{\"@type\":\"PropertyValueSpecification\",\"valueRequired\":true,\"valueName\":\"search_term_string\"}}],\"inLanguage\":\"en-GB\"}]}<\/script>\n<!-- \/ Yoast SEO plugin. -->","yoast_head_json":{"title":"Floorball stick for children, Arex Warrior, IFF-certified - Floorball Hayungs","description":"Floorball-Schl\u00e4ger f\u00fcr Kinder f\u00fcr den Einsatz im Spielbetrieb: IFF-zertifiziert","robots":{"index":"index","follow":"follow","max-snippet":"max-snippet:-1","max-image-preview":"max-image-preview:large","max-video-preview":"max-video-preview:-1"},"canonical":"https:\/\/floorball-hayungs.de\/en\/shop\/floorball-stick-for-children-arex-warrior\/","og_locale":"en_GB","og_type":"article","og_title":"Floorball stick for children, Arex Warrior, IFF-certified - Floorball Hayungs","og_description":"Floorball-Schl\u00e4ger f\u00fcr Kinder f\u00fcr den Einsatz im Spielbetrieb: IFF-zertifiziert","og_url":"https:\/\/floorball-hayungs.de\/en\/shop\/floorball-stick-for-children-arex-warrior\/","og_site_name":"Floorball Hayungs","article_modified_time":"2024-06-27T11:29:13+00:00","og_image":[{"width":1840,"height":2760,"url":"https:\/\/floorball-hayungs.de\/en\/wp-content\/uploads\/sites\/2\/2019\/07\/Floorball_Schlaeger_Arex_Warrior.png","type":"image\/png"}],"twitter_card":"summary_large_image","schema":{"@context":"https:\/\/schema.org","@graph":[{"@type":"WebPage","@id":"https:\/\/floorball-hayungs.de\/en\/shop\/floorball-stick-for-children-arex-warrior\/","url":"https:\/\/floorball-hayungs.de\/en\/shop\/floorball-stick-for-children-arex-warrior\/","name":"Floorball stick for children, Arex Warrior, IFF-certified - Floorball Hayungs","isPartOf":{"@id":"https:\/\/floorball-hayungs.de\/en\/#website"},"primaryImageOfPage":{"@id":"https:\/\/floorball-hayungs.de\/en\/shop\/floorball-stick-for-children-arex-warrior\/#primaryimage"},"image":{"@id":"https:\/\/floorball-hayungs.de\/en\/shop\/floorball-stick-for-children-arex-warrior\/#primaryimage"},"thumbnailUrl":"https:\/\/floorball-hayungs.de\/en\/wp-content\/uploads\/sites\/2\/2019\/07\/Floorball_Schlaeger_Arex_Warrior.png","datePublished":"2019-09-07T19:25:06+00:00","dateModified":"2024-06-27T11:29:13+00:00","description":"Floorball-Schl\u00e4ger f\u00fcr Kinder f\u00fcr den Einsatz im Spielbetrieb: IFF-zertifiziert","breadcrumb":{"@id":"https:\/\/floorball-hayungs.de\/en\/shop\/floorball-stick-for-children-arex-warrior\/#breadcrumb"},"inLanguage":"en-GB","potentialAction":[{"@type":"ReadAction","target":["https:\/\/floorball-hayungs.de\/en\/shop\/floorball-stick-for-children-arex-warrior\/"]}]},{"@type":"ImageObject","inLanguage":"en-GB","@id":"https:\/\/floorball-hayungs.de\/en\/shop\/floorball-stick-for-children-arex-warrior\/#primaryimage","url":"https:\/\/floorball-hayungs.de\/en\/wp-content\/uploads\/sites\/2\/2019\/07\/Floorball_Schlaeger_Arex_Warrior.png","contentUrl":"https:\/\/floorball-hayungs.de\/en\/wp-content\/uploads\/sites\/2\/2019\/07\/Floorball_Schlaeger_Arex_Warrior.png","width":1840,"height":2760,"caption":"Floorball Schl\u00e4ger Arex Warrior"},{"@type":"BreadcrumbList","@id":"https:\/\/floorball-hayungs.de\/en\/shop\/floorball-stick-for-children-arex-warrior\/#breadcrumb","itemListElement":[{"@type":"ListItem","position":1,"name":"Startseite","item":"https:\/\/floorball-hayungs.de\/en\/"},{"@type":"ListItem","position":2,"name":"Floorball Hayungs &#8211; Your personal floorball shop","item":"https:\/\/floorball-hayungs.de\/en\/"},{"@type":"ListItem","position":3,"name":"Floorball stick for children, Arex Warrior, IFF-certified"}]},{"@type":"WebSite","@id":"https:\/\/floorball-hayungs.de\/en\/#website","url":"https:\/\/floorball-hayungs.de\/en\/","name":"Floorball Hayungs","description":"Your personal Floorball Shop","potentialAction":[{"@type":"SearchAction","target":{"@type":"EntryPoint","urlTemplate":"https:\/\/floorball-hayungs.de\/en\/?s={search_term_string}"},"query-input":{"@type":"PropertyValueSpecification","valueRequired":true,"valueName":"search_term_string"}}],"inLanguage":"en-GB"}]}},"_links":{"self":[{"href":"https:\/\/floorball-hayungs.de\/en\/wp-json\/wp\/v2\/product\/537","targetHints":{"allow":["GET"]}}],"collection":[{"href":"https:\/\/floorball-hayungs.de\/en\/wp-json\/wp\/v2\/product"}],"about":[{"href":"https:\/\/floorball-hayungs.de\/en\/wp-json\/wp\/v2\/types\/product"}],"replies":[{"embeddable":true,"href":"https:\/\/floorball-hayungs.de\/en\/wp-json\/wp\/v2\/comments?post=537"}],"wp:featuredmedia":[{"embeddable":true,"href":"https:\/\/floorball-hayungs.de\/en\/wp-json\/wp\/v2\/media\/178"}],"wp:attachment":[{"href":"https:\/\/floorball-hayungs.de\/en\/wp-json\/wp\/v2\/media?parent=537"}],"wp:term":[{"taxonomy":"product_brand","embeddable":true,"href":"https:\/\/floorball-hayungs.de\/en\/wp-json\/wp\/v2\/product_brand?post=537"},{"taxonomy":"product_cat","embeddable":true,"href":"https:\/\/floorball-hayungs.de\/en\/wp-json\/wp\/v2\/product_cat?post=537"},{"taxonomy":"product_tag","embeddable":true,"href":"https:\/\/floorball-hayungs.de\/en\/wp-json\/wp\/v2\/product_tag?post=537"}],"curies":[{"name":"wp","href":"https:\/\/api.w.org\/{rel}","templated":true}]}}