{"id":557,"date":"2019-09-08T07:59:26","date_gmt":"2019-09-08T05:59:26","guid":{"rendered":"https:\/\/floorball-hayungs.de\/?post_type=product&#038;p=557"},"modified":"2024-09-23T20:53:26","modified_gmt":"2024-09-23T18:53:26","slug":"floorball-stick-battle-dog-orange","status":"publish","type":"product","link":"https:\/\/floorball-hayungs.de\/en\/shop\/floorball-stick-battle-dog-orange\/","title":{"rendered":"Eurostick Battle Dog orange, 96 cm, Flex 30, IFF-certified"},"content":{"rendered":"<p>Orange is a great color, that&#8217;s why this floorball stick is great too \ud83d\ude42<br \/>\nPlaying with this stick is really fun. With a fairly soft deflection (flex) of 30 mm, it is especially great for fans of technical play. The soft shaft makes it easier for beginners to learn floorball.<\/p>\n<p>Weight: 250 g<br \/>\nMaterial: shaft &#8211; composite \/ fiberglass<br \/>\nShaft length: 96 cm<br \/>\nFlex: 30 mm<br \/>\nShaft: round, made of fiberglass<br \/>\nIFF certified<\/p>\n","protected":false},"excerpt":{"rendered":"<p>Orange is a great color, that&#8217;s why this floorball stick is great too \ud83d\ude42 Playing with this stick is really fun. With a fairly soft deflection (flex) of 30 mm, it is especially great for fans of technical play. The soft shaft makes it easier for beginners to learn floorball. Weight: 250 g Material: shaft<\/p>\n<a href=\"https:\/\/floorball-hayungs.de\/en\/shop\/floorball-stick-battle-dog-orange\/\">weiterlesen<\/a>.","protected":false},"featured_media":560,"comment_status":"open","ping_status":"closed","template":"","meta":[],"product_brand":[],"product_cat":[35],"product_tag":[55,56],"class_list":{"0":"post-557","1":"product","2":"type-product","3":"status-publish","4":"has-post-thumbnail","6":"product_cat-floorball-sticks","7":"product_tag-eurostick-floorball-sticks","8":"product_tag-floorball-schlaeger","9":"product_shipping_class-stick","11":"first","12":"outofstock","13":"sale","14":"shipping-taxable","15":"purchasable","16":"product-type-variable"},"yoast_head":"<!-- This site is optimized with the Yoast SEO plugin v26.5 - https:\/\/yoast.com\/wordpress\/plugins\/seo\/ -->\n<title>Eurostick Battle Dog orange, 96 cm, Flex 30, IFF-certified - Floorball Hayungs<\/title>\n<meta name=\"description\" content=\"Ideal f\u00fcr Erwachsene oder Jugendliche. Sch\u00f6nes Design. Geeignet f\u00fcr technisches Floorball-Spiel. Schneller Versand direkt vom Floorball Shop aus Berlin\" \/>\n<meta name=\"robots\" content=\"index, follow, max-snippet:-1, max-image-preview:large, max-video-preview:-1\" \/>\n<link rel=\"canonical\" href=\"https:\/\/floorball-hayungs.de\/en\/shop\/floorball-stick-battle-dog-orange\/\" \/>\n<meta property=\"og:locale\" content=\"en_GB\" \/>\n<meta property=\"og:type\" content=\"article\" \/>\n<meta property=\"og:title\" content=\"Eurostick Battle Dog orange, 96 cm, Flex 30, IFF-certified - Floorball Hayungs\" \/>\n<meta property=\"og:description\" content=\"Ideal f\u00fcr Erwachsene oder Jugendliche. Sch\u00f6nes Design. Geeignet f\u00fcr technisches Floorball-Spiel. Schneller Versand direkt vom Floorball Shop aus Berlin\" \/>\n<meta property=\"og:url\" content=\"https:\/\/floorball-hayungs.de\/en\/shop\/floorball-stick-battle-dog-orange\/\" \/>\n<meta property=\"og:site_name\" content=\"Floorball Hayungs\" \/>\n<meta property=\"article:modified_time\" content=\"2024-09-23T18:53:26+00:00\" \/>\n<meta property=\"og:image\" content=\"https:\/\/floorball-hayungs.de\/en\/wp-content\/uploads\/sites\/2\/2019\/09\/Floorball_Schlaeger_Erwachsene_orange_Battle_Dog.png\" \/>\n\t<meta property=\"og:image:width\" content=\"1000\" \/>\n\t<meta property=\"og:image:height\" content=\"1249\" \/>\n\t<meta property=\"og:image:type\" content=\"image\/png\" \/>\n<meta name=\"twitter:card\" content=\"summary_large_image\" \/>\n<script type=\"application\/ld+json\" class=\"yoast-schema-graph\">{\"@context\":\"https:\/\/schema.org\",\"@graph\":[{\"@type\":\"WebPage\",\"@id\":\"https:\/\/floorball-hayungs.de\/en\/shop\/floorball-stick-battle-dog-orange\/\",\"url\":\"https:\/\/floorball-hayungs.de\/en\/shop\/floorball-stick-battle-dog-orange\/\",\"name\":\"Eurostick Battle Dog orange, 96 cm, Flex 30, IFF-certified - Floorball Hayungs\",\"isPartOf\":{\"@id\":\"https:\/\/floorball-hayungs.de\/en\/#website\"},\"primaryImageOfPage\":{\"@id\":\"https:\/\/floorball-hayungs.de\/en\/shop\/floorball-stick-battle-dog-orange\/#primaryimage\"},\"image\":{\"@id\":\"https:\/\/floorball-hayungs.de\/en\/shop\/floorball-stick-battle-dog-orange\/#primaryimage\"},\"thumbnailUrl\":\"https:\/\/floorball-hayungs.de\/en\/wp-content\/uploads\/sites\/2\/2019\/09\/Floorball_Schlaeger_Erwachsene_orange_Battle_Dog.png\",\"datePublished\":\"2019-09-08T05:59:26+00:00\",\"dateModified\":\"2024-09-23T18:53:26+00:00\",\"description\":\"Ideal f\u00fcr Erwachsene oder Jugendliche. Sch\u00f6nes Design. Geeignet f\u00fcr technisches Floorball-Spiel. Schneller Versand direkt vom Floorball Shop aus Berlin\",\"breadcrumb\":{\"@id\":\"https:\/\/floorball-hayungs.de\/en\/shop\/floorball-stick-battle-dog-orange\/#breadcrumb\"},\"inLanguage\":\"en-GB\",\"potentialAction\":[{\"@type\":\"ReadAction\",\"target\":[\"https:\/\/floorball-hayungs.de\/en\/shop\/floorball-stick-battle-dog-orange\/\"]}]},{\"@type\":\"ImageObject\",\"inLanguage\":\"en-GB\",\"@id\":\"https:\/\/floorball-hayungs.de\/en\/shop\/floorball-stick-battle-dog-orange\/#primaryimage\",\"url\":\"https:\/\/floorball-hayungs.de\/en\/wp-content\/uploads\/sites\/2\/2019\/09\/Floorball_Schlaeger_Erwachsene_orange_Battle_Dog.png\",\"contentUrl\":\"https:\/\/floorball-hayungs.de\/en\/wp-content\/uploads\/sites\/2\/2019\/09\/Floorball_Schlaeger_Erwachsene_orange_Battle_Dog.png\",\"width\":1000,\"height\":1249,\"caption\":\"Floorballschl\u00e4ger Battle Dog orange\"},{\"@type\":\"BreadcrumbList\",\"@id\":\"https:\/\/floorball-hayungs.de\/en\/shop\/floorball-stick-battle-dog-orange\/#breadcrumb\",\"itemListElement\":[{\"@type\":\"ListItem\",\"position\":1,\"name\":\"Startseite\",\"item\":\"https:\/\/floorball-hayungs.de\/en\/\"},{\"@type\":\"ListItem\",\"position\":2,\"name\":\"Floorball Hayungs &#8211; Your personal floorball shop\",\"item\":\"https:\/\/floorball-hayungs.de\/en\/\"},{\"@type\":\"ListItem\",\"position\":3,\"name\":\"Eurostick Battle Dog orange, 96 cm, Flex 30, IFF-certified\"}]},{\"@type\":\"WebSite\",\"@id\":\"https:\/\/floorball-hayungs.de\/en\/#website\",\"url\":\"https:\/\/floorball-hayungs.de\/en\/\",\"name\":\"Floorball Hayungs\",\"description\":\"Your personal Floorball Shop\",\"potentialAction\":[{\"@type\":\"SearchAction\",\"target\":{\"@type\":\"EntryPoint\",\"urlTemplate\":\"https:\/\/floorball-hayungs.de\/en\/?s={search_term_string}\"},\"query-input\":{\"@type\":\"PropertyValueSpecification\",\"valueRequired\":true,\"valueName\":\"search_term_string\"}}],\"inLanguage\":\"en-GB\"}]}<\/script>\n<!-- \/ Yoast SEO plugin. -->","yoast_head_json":{"title":"Eurostick Battle Dog orange, 96 cm, Flex 30, IFF-certified - Floorball Hayungs","description":"Ideal f\u00fcr Erwachsene oder Jugendliche. Sch\u00f6nes Design. Geeignet f\u00fcr technisches Floorball-Spiel. Schneller Versand direkt vom Floorball Shop aus Berlin","robots":{"index":"index","follow":"follow","max-snippet":"max-snippet:-1","max-image-preview":"max-image-preview:large","max-video-preview":"max-video-preview:-1"},"canonical":"https:\/\/floorball-hayungs.de\/en\/shop\/floorball-stick-battle-dog-orange\/","og_locale":"en_GB","og_type":"article","og_title":"Eurostick Battle Dog orange, 96 cm, Flex 30, IFF-certified - Floorball Hayungs","og_description":"Ideal f\u00fcr Erwachsene oder Jugendliche. Sch\u00f6nes Design. Geeignet f\u00fcr technisches Floorball-Spiel. Schneller Versand direkt vom Floorball Shop aus Berlin","og_url":"https:\/\/floorball-hayungs.de\/en\/shop\/floorball-stick-battle-dog-orange\/","og_site_name":"Floorball Hayungs","article_modified_time":"2024-09-23T18:53:26+00:00","og_image":[{"width":1000,"height":1249,"url":"https:\/\/floorball-hayungs.de\/en\/wp-content\/uploads\/sites\/2\/2019\/09\/Floorball_Schlaeger_Erwachsene_orange_Battle_Dog.png","type":"image\/png"}],"twitter_card":"summary_large_image","schema":{"@context":"https:\/\/schema.org","@graph":[{"@type":"WebPage","@id":"https:\/\/floorball-hayungs.de\/en\/shop\/floorball-stick-battle-dog-orange\/","url":"https:\/\/floorball-hayungs.de\/en\/shop\/floorball-stick-battle-dog-orange\/","name":"Eurostick Battle Dog orange, 96 cm, Flex 30, IFF-certified - Floorball Hayungs","isPartOf":{"@id":"https:\/\/floorball-hayungs.de\/en\/#website"},"primaryImageOfPage":{"@id":"https:\/\/floorball-hayungs.de\/en\/shop\/floorball-stick-battle-dog-orange\/#primaryimage"},"image":{"@id":"https:\/\/floorball-hayungs.de\/en\/shop\/floorball-stick-battle-dog-orange\/#primaryimage"},"thumbnailUrl":"https:\/\/floorball-hayungs.de\/en\/wp-content\/uploads\/sites\/2\/2019\/09\/Floorball_Schlaeger_Erwachsene_orange_Battle_Dog.png","datePublished":"2019-09-08T05:59:26+00:00","dateModified":"2024-09-23T18:53:26+00:00","description":"Ideal f\u00fcr Erwachsene oder Jugendliche. Sch\u00f6nes Design. Geeignet f\u00fcr technisches Floorball-Spiel. Schneller Versand direkt vom Floorball Shop aus Berlin","breadcrumb":{"@id":"https:\/\/floorball-hayungs.de\/en\/shop\/floorball-stick-battle-dog-orange\/#breadcrumb"},"inLanguage":"en-GB","potentialAction":[{"@type":"ReadAction","target":["https:\/\/floorball-hayungs.de\/en\/shop\/floorball-stick-battle-dog-orange\/"]}]},{"@type":"ImageObject","inLanguage":"en-GB","@id":"https:\/\/floorball-hayungs.de\/en\/shop\/floorball-stick-battle-dog-orange\/#primaryimage","url":"https:\/\/floorball-hayungs.de\/en\/wp-content\/uploads\/sites\/2\/2019\/09\/Floorball_Schlaeger_Erwachsene_orange_Battle_Dog.png","contentUrl":"https:\/\/floorball-hayungs.de\/en\/wp-content\/uploads\/sites\/2\/2019\/09\/Floorball_Schlaeger_Erwachsene_orange_Battle_Dog.png","width":1000,"height":1249,"caption":"Floorballschl\u00e4ger Battle Dog orange"},{"@type":"BreadcrumbList","@id":"https:\/\/floorball-hayungs.de\/en\/shop\/floorball-stick-battle-dog-orange\/#breadcrumb","itemListElement":[{"@type":"ListItem","position":1,"name":"Startseite","item":"https:\/\/floorball-hayungs.de\/en\/"},{"@type":"ListItem","position":2,"name":"Floorball Hayungs &#8211; Your personal floorball shop","item":"https:\/\/floorball-hayungs.de\/en\/"},{"@type":"ListItem","position":3,"name":"Eurostick Battle Dog orange, 96 cm, Flex 30, IFF-certified"}]},{"@type":"WebSite","@id":"https:\/\/floorball-hayungs.de\/en\/#website","url":"https:\/\/floorball-hayungs.de\/en\/","name":"Floorball Hayungs","description":"Your personal Floorball Shop","potentialAction":[{"@type":"SearchAction","target":{"@type":"EntryPoint","urlTemplate":"https:\/\/floorball-hayungs.de\/en\/?s={search_term_string}"},"query-input":{"@type":"PropertyValueSpecification","valueRequired":true,"valueName":"search_term_string"}}],"inLanguage":"en-GB"}]}},"_links":{"self":[{"href":"https:\/\/floorball-hayungs.de\/en\/wp-json\/wp\/v2\/product\/557","targetHints":{"allow":["GET"]}}],"collection":[{"href":"https:\/\/floorball-hayungs.de\/en\/wp-json\/wp\/v2\/product"}],"about":[{"href":"https:\/\/floorball-hayungs.de\/en\/wp-json\/wp\/v2\/types\/product"}],"replies":[{"embeddable":true,"href":"https:\/\/floorball-hayungs.de\/en\/wp-json\/wp\/v2\/comments?post=557"}],"wp:featuredmedia":[{"embeddable":true,"href":"https:\/\/floorball-hayungs.de\/en\/wp-json\/wp\/v2\/media\/560"}],"wp:attachment":[{"href":"https:\/\/floorball-hayungs.de\/en\/wp-json\/wp\/v2\/media?parent=557"}],"wp:term":[{"taxonomy":"product_brand","embeddable":true,"href":"https:\/\/floorball-hayungs.de\/en\/wp-json\/wp\/v2\/product_brand?post=557"},{"taxonomy":"product_cat","embeddable":true,"href":"https:\/\/floorball-hayungs.de\/en\/wp-json\/wp\/v2\/product_cat?post=557"},{"taxonomy":"product_tag","embeddable":true,"href":"https:\/\/floorball-hayungs.de\/en\/wp-json\/wp\/v2\/product_tag?post=557"}],"curies":[{"name":"wp","href":"https:\/\/api.w.org\/{rel}","templated":true}]}}