{"id":562,"date":"2019-09-08T16:27:18","date_gmt":"2019-09-08T14:27:18","guid":{"rendered":"https:\/\/floorball-hayungs.de\/?post_type=product&#038;p=562"},"modified":"2026-03-27T06:42:17","modified_gmt":"2026-03-27T05:42:17","slug":"bag-24-floorballsticks","status":"publish","type":"product","link":"https:\/\/floorball-hayungs.de\/en\/shop\/bag-24-floorballsticks\/","title":{"rendered":"Bag for 24 floorball sticks &#8211; Teambag Jumbo"},"content":{"rendered":"<p>Do you know that too? You have lots of loose floorball sticks lying around. And somehow they are always in the way, cannot be stowed away well after the training or cannot be transported away well. This bag here is the solution and also a real space miracle: when folded, it fits easily in any sports bag. When unfolded, it holds up to 24 floorball sticks. Very practical for transporting or stowing many floorball sticks.<\/p>\n<p>Dimensions: 124 cm x 30 cm x 30 cm<br \/>\nWeight: 725 g<br \/>\nMaterial: nylon<br \/>\nBrand \/ manufacturer: Eurostick<\/p>\n","protected":false},"excerpt":{"rendered":"<p>Do you know that too? You have lots of loose floorball sticks lying around. And somehow they are always in the way, cannot be stowed away well after the training or cannot be transported away well. This bag here is the solution and also a real space miracle: when folded, it fits easily in any<\/p>\n<a href=\"https:\/\/floorball-hayungs.de\/en\/shop\/bag-24-floorballsticks\/\">weiterlesen<\/a>.","protected":false},"featured_media":563,"comment_status":"open","ping_status":"closed","template":"","meta":[],"product_brand":[],"product_cat":[40,43,46],"product_tag":[],"class_list":{"0":"post-562","1":"product","2":"type-product","3":"status-publish","4":"has-post-thumbnail","6":"product_cat-floorball-accessories","7":"product_cat-floorball-stick-bags","8":"product_cat-floorball-trainer","9":"product_shipping_class-accesoires","11":"first","12":"outofstock","13":"shipping-taxable","14":"purchasable","15":"product-type-simple"},"yoast_head":"<!-- This site is optimized with the Yoast SEO plugin v26.5 - https:\/\/yoast.com\/wordpress\/plugins\/seo\/ -->\n<title>Bag for 24 floorball sticks - Teambag Jumbo - Floorball Hayungs<\/title>\n<meta name=\"description\" content=\"Tasche f\u00fcr Transport und Lagerung Eurer Floorballschl\u00e4ger. Perfekt f\u00fcr mehr Ordnung im Floorball-Training. Floorball-Schl\u00e4ger-Tasche im XXL-Format\" \/>\n<meta name=\"robots\" content=\"index, follow, max-snippet:-1, max-image-preview:large, max-video-preview:-1\" \/>\n<link rel=\"canonical\" href=\"https:\/\/floorball-hayungs.de\/en\/shop\/bag-24-floorballsticks\/\" \/>\n<meta property=\"og:locale\" content=\"en_GB\" \/>\n<meta property=\"og:type\" content=\"article\" \/>\n<meta property=\"og:title\" content=\"Bag for 24 floorball sticks - Teambag Jumbo - Floorball Hayungs\" \/>\n<meta property=\"og:description\" content=\"Tasche f\u00fcr Transport und Lagerung Eurer Floorballschl\u00e4ger. Perfekt f\u00fcr mehr Ordnung im Floorball-Training. Floorball-Schl\u00e4ger-Tasche im XXL-Format\" \/>\n<meta property=\"og:url\" content=\"https:\/\/floorball-hayungs.de\/en\/shop\/bag-24-floorballsticks\/\" \/>\n<meta property=\"og:site_name\" content=\"Floorball Hayungs\" \/>\n<meta property=\"article:modified_time\" content=\"2026-03-27T05:42:17+00:00\" \/>\n<meta property=\"og:image\" content=\"https:\/\/floorball-hayungs.de\/en\/wp-content\/uploads\/sites\/2\/2019\/09\/teambag_jumbo_schlaegertasche_floorball.jpg\" \/>\n\t<meta property=\"og:image:width\" content=\"1500\" \/>\n\t<meta property=\"og:image:height\" content=\"1500\" \/>\n\t<meta property=\"og:image:type\" content=\"image\/jpeg\" \/>\n<meta name=\"twitter:card\" content=\"summary_large_image\" \/>\n<script type=\"application\/ld+json\" class=\"yoast-schema-graph\">{\"@context\":\"https:\/\/schema.org\",\"@graph\":[{\"@type\":\"WebPage\",\"@id\":\"https:\/\/floorball-hayungs.de\/en\/shop\/bag-24-floorballsticks\/\",\"url\":\"https:\/\/floorball-hayungs.de\/en\/shop\/bag-24-floorballsticks\/\",\"name\":\"Bag for 24 floorball sticks - Teambag Jumbo - Floorball Hayungs\",\"isPartOf\":{\"@id\":\"https:\/\/floorball-hayungs.de\/en\/#website\"},\"primaryImageOfPage\":{\"@id\":\"https:\/\/floorball-hayungs.de\/en\/shop\/bag-24-floorballsticks\/#primaryimage\"},\"image\":{\"@id\":\"https:\/\/floorball-hayungs.de\/en\/shop\/bag-24-floorballsticks\/#primaryimage\"},\"thumbnailUrl\":\"https:\/\/floorball-hayungs.de\/en\/wp-content\/uploads\/sites\/2\/2019\/09\/teambag_jumbo_schlaegertasche_floorball.jpg\",\"datePublished\":\"2019-09-08T14:27:18+00:00\",\"dateModified\":\"2026-03-27T05:42:17+00:00\",\"description\":\"Tasche f\u00fcr Transport und Lagerung Eurer Floorballschl\u00e4ger. Perfekt f\u00fcr mehr Ordnung im Floorball-Training. Floorball-Schl\u00e4ger-Tasche im XXL-Format\",\"breadcrumb\":{\"@id\":\"https:\/\/floorball-hayungs.de\/en\/shop\/bag-24-floorballsticks\/#breadcrumb\"},\"inLanguage\":\"en-GB\",\"potentialAction\":[{\"@type\":\"ReadAction\",\"target\":[\"https:\/\/floorball-hayungs.de\/en\/shop\/bag-24-floorballsticks\/\"]}]},{\"@type\":\"ImageObject\",\"inLanguage\":\"en-GB\",\"@id\":\"https:\/\/floorball-hayungs.de\/en\/shop\/bag-24-floorballsticks\/#primaryimage\",\"url\":\"https:\/\/floorball-hayungs.de\/en\/wp-content\/uploads\/sites\/2\/2019\/09\/teambag_jumbo_schlaegertasche_floorball.jpg\",\"contentUrl\":\"https:\/\/floorball-hayungs.de\/en\/wp-content\/uploads\/sites\/2\/2019\/09\/teambag_jumbo_schlaegertasche_floorball.jpg\",\"width\":1500,\"height\":1500,\"caption\":\"Gro\u00dfe Tasche f\u00fcr Floorballschl\u00e4ger\"},{\"@type\":\"BreadcrumbList\",\"@id\":\"https:\/\/floorball-hayungs.de\/en\/shop\/bag-24-floorballsticks\/#breadcrumb\",\"itemListElement\":[{\"@type\":\"ListItem\",\"position\":1,\"name\":\"Startseite\",\"item\":\"https:\/\/floorball-hayungs.de\/en\/\"},{\"@type\":\"ListItem\",\"position\":2,\"name\":\"Floorball Hayungs &#8211; Your personal floorball shop\",\"item\":\"https:\/\/floorball-hayungs.de\/en\/\"},{\"@type\":\"ListItem\",\"position\":3,\"name\":\"Bag for 24 floorball sticks &#8211; Teambag Jumbo\"}]},{\"@type\":\"WebSite\",\"@id\":\"https:\/\/floorball-hayungs.de\/en\/#website\",\"url\":\"https:\/\/floorball-hayungs.de\/en\/\",\"name\":\"Floorball Hayungs\",\"description\":\"Your personal Floorball Shop\",\"potentialAction\":[{\"@type\":\"SearchAction\",\"target\":{\"@type\":\"EntryPoint\",\"urlTemplate\":\"https:\/\/floorball-hayungs.de\/en\/?s={search_term_string}\"},\"query-input\":{\"@type\":\"PropertyValueSpecification\",\"valueRequired\":true,\"valueName\":\"search_term_string\"}}],\"inLanguage\":\"en-GB\"}]}<\/script>\n<!-- \/ Yoast SEO plugin. -->","yoast_head_json":{"title":"Bag for 24 floorball sticks - Teambag Jumbo - Floorball Hayungs","description":"Tasche f\u00fcr Transport und Lagerung Eurer Floorballschl\u00e4ger. Perfekt f\u00fcr mehr Ordnung im Floorball-Training. Floorball-Schl\u00e4ger-Tasche im XXL-Format","robots":{"index":"index","follow":"follow","max-snippet":"max-snippet:-1","max-image-preview":"max-image-preview:large","max-video-preview":"max-video-preview:-1"},"canonical":"https:\/\/floorball-hayungs.de\/en\/shop\/bag-24-floorballsticks\/","og_locale":"en_GB","og_type":"article","og_title":"Bag for 24 floorball sticks - Teambag Jumbo - Floorball Hayungs","og_description":"Tasche f\u00fcr Transport und Lagerung Eurer Floorballschl\u00e4ger. Perfekt f\u00fcr mehr Ordnung im Floorball-Training. Floorball-Schl\u00e4ger-Tasche im XXL-Format","og_url":"https:\/\/floorball-hayungs.de\/en\/shop\/bag-24-floorballsticks\/","og_site_name":"Floorball Hayungs","article_modified_time":"2026-03-27T05:42:17+00:00","og_image":[{"width":1500,"height":1500,"url":"https:\/\/floorball-hayungs.de\/en\/wp-content\/uploads\/sites\/2\/2019\/09\/teambag_jumbo_schlaegertasche_floorball.jpg","type":"image\/jpeg"}],"twitter_card":"summary_large_image","schema":{"@context":"https:\/\/schema.org","@graph":[{"@type":"WebPage","@id":"https:\/\/floorball-hayungs.de\/en\/shop\/bag-24-floorballsticks\/","url":"https:\/\/floorball-hayungs.de\/en\/shop\/bag-24-floorballsticks\/","name":"Bag for 24 floorball sticks - Teambag Jumbo - Floorball Hayungs","isPartOf":{"@id":"https:\/\/floorball-hayungs.de\/en\/#website"},"primaryImageOfPage":{"@id":"https:\/\/floorball-hayungs.de\/en\/shop\/bag-24-floorballsticks\/#primaryimage"},"image":{"@id":"https:\/\/floorball-hayungs.de\/en\/shop\/bag-24-floorballsticks\/#primaryimage"},"thumbnailUrl":"https:\/\/floorball-hayungs.de\/en\/wp-content\/uploads\/sites\/2\/2019\/09\/teambag_jumbo_schlaegertasche_floorball.jpg","datePublished":"2019-09-08T14:27:18+00:00","dateModified":"2026-03-27T05:42:17+00:00","description":"Tasche f\u00fcr Transport und Lagerung Eurer Floorballschl\u00e4ger. Perfekt f\u00fcr mehr Ordnung im Floorball-Training. Floorball-Schl\u00e4ger-Tasche im XXL-Format","breadcrumb":{"@id":"https:\/\/floorball-hayungs.de\/en\/shop\/bag-24-floorballsticks\/#breadcrumb"},"inLanguage":"en-GB","potentialAction":[{"@type":"ReadAction","target":["https:\/\/floorball-hayungs.de\/en\/shop\/bag-24-floorballsticks\/"]}]},{"@type":"ImageObject","inLanguage":"en-GB","@id":"https:\/\/floorball-hayungs.de\/en\/shop\/bag-24-floorballsticks\/#primaryimage","url":"https:\/\/floorball-hayungs.de\/en\/wp-content\/uploads\/sites\/2\/2019\/09\/teambag_jumbo_schlaegertasche_floorball.jpg","contentUrl":"https:\/\/floorball-hayungs.de\/en\/wp-content\/uploads\/sites\/2\/2019\/09\/teambag_jumbo_schlaegertasche_floorball.jpg","width":1500,"height":1500,"caption":"Gro\u00dfe Tasche f\u00fcr Floorballschl\u00e4ger"},{"@type":"BreadcrumbList","@id":"https:\/\/floorball-hayungs.de\/en\/shop\/bag-24-floorballsticks\/#breadcrumb","itemListElement":[{"@type":"ListItem","position":1,"name":"Startseite","item":"https:\/\/floorball-hayungs.de\/en\/"},{"@type":"ListItem","position":2,"name":"Floorball Hayungs &#8211; Your personal floorball shop","item":"https:\/\/floorball-hayungs.de\/en\/"},{"@type":"ListItem","position":3,"name":"Bag for 24 floorball sticks &#8211; Teambag Jumbo"}]},{"@type":"WebSite","@id":"https:\/\/floorball-hayungs.de\/en\/#website","url":"https:\/\/floorball-hayungs.de\/en\/","name":"Floorball Hayungs","description":"Your personal Floorball Shop","potentialAction":[{"@type":"SearchAction","target":{"@type":"EntryPoint","urlTemplate":"https:\/\/floorball-hayungs.de\/en\/?s={search_term_string}"},"query-input":{"@type":"PropertyValueSpecification","valueRequired":true,"valueName":"search_term_string"}}],"inLanguage":"en-GB"}]}},"_links":{"self":[{"href":"https:\/\/floorball-hayungs.de\/en\/wp-json\/wp\/v2\/product\/562","targetHints":{"allow":["GET"]}}],"collection":[{"href":"https:\/\/floorball-hayungs.de\/en\/wp-json\/wp\/v2\/product"}],"about":[{"href":"https:\/\/floorball-hayungs.de\/en\/wp-json\/wp\/v2\/types\/product"}],"replies":[{"embeddable":true,"href":"https:\/\/floorball-hayungs.de\/en\/wp-json\/wp\/v2\/comments?post=562"}],"wp:featuredmedia":[{"embeddable":true,"href":"https:\/\/floorball-hayungs.de\/en\/wp-json\/wp\/v2\/media\/563"}],"wp:attachment":[{"href":"https:\/\/floorball-hayungs.de\/en\/wp-json\/wp\/v2\/media?parent=562"}],"wp:term":[{"taxonomy":"product_brand","embeddable":true,"href":"https:\/\/floorball-hayungs.de\/en\/wp-json\/wp\/v2\/product_brand?post=562"},{"taxonomy":"product_cat","embeddable":true,"href":"https:\/\/floorball-hayungs.de\/en\/wp-json\/wp\/v2\/product_cat?post=562"},{"taxonomy":"product_tag","embeddable":true,"href":"https:\/\/floorball-hayungs.de\/en\/wp-json\/wp\/v2\/product_tag?post=562"}],"curies":[{"name":"wp","href":"https:\/\/api.w.org\/{rel}","templated":true}]}}