{"id":574,"date":"2019-09-14T11:27:28","date_gmt":"2019-09-14T09:27:28","guid":{"rendered":"https:\/\/floorball-hayungs.de\/?post_type=product&#038;p=574"},"modified":"2025-04-08T09:28:14","modified_gmt":"2025-04-08T07:28:14","slug":"floorball-ball_bag_100_balls_tempish","status":"publish","type":"product","link":"https:\/\/floorball-hayungs.de\/en\/shop\/floorball-ball_bag_100_balls_tempish\/","title":{"rendered":"Floorball ball bag for 100 balls, Tempish Cent"},"content":{"rendered":"<p>Floorball ball bag for up to 100 floorball balls. Drawstring closure and safety closure. The bag is equipped with a length-adjustable strap to ensure a comfortable fit on the back.<\/p>\n<p>Size: diameter 30 cm, height 55 cm<\/p>\n<p>Material: 600D nylon + mesh fibers<\/p>\n<p>Scope of delivery: The balls shown in the picture are not included in the scope of delivery. It is &#8220;only&#8221; delivered a beautiful floorball ball bag without content \ud83d\ude09<\/p>\n","protected":false},"excerpt":{"rendered":"<p>Floorball ball bag for up to 100 floorball balls. Drawstring closure and safety closure. The bag is equipped with a length-adjustable strap to ensure a comfortable fit on the back. Size: diameter 30 cm, height 55 cm Material: 600D nylon + mesh fibers Scope of delivery: The balls shown in the picture are not included<\/p>\n<a href=\"https:\/\/floorball-hayungs.de\/en\/shop\/floorball-ball_bag_100_balls_tempish\/\">weiterlesen<\/a>.","protected":false},"featured_media":575,"comment_status":"open","ping_status":"closed","template":"","meta":[],"product_brand":[],"product_cat":[40,39,46,47],"product_tag":[],"class_list":{"0":"post-574","1":"product","2":"type-product","3":"status-publish","4":"has-post-thumbnail","6":"product_cat-floorball-accessories","7":"product_cat-floorball-balls","8":"product_cat-floorball-trainer","9":"product_cat-floorball-school-club","10":"product_shipping_class-accesoires","12":"first","13":"outofstock","14":"shipping-taxable","15":"purchasable","16":"product-type-simple"},"yoast_head":"<!-- This site is optimized with the Yoast SEO plugin v26.5 - https:\/\/yoast.com\/wordpress\/plugins\/seo\/ -->\n<title>Floorball ball bag for 100 balls, Tempish Cent - Floorball Hayungs<\/title>\n<meta name=\"description\" content=\"Schwarzer Floorball-Ballsack mit Netz und Kordel zum Verschlie\u00dfen. Mit verstellbarem Riemen f\u00fcr den Transport auf dem R\u00fccken.\" \/>\n<meta name=\"robots\" content=\"index, follow, max-snippet:-1, max-image-preview:large, max-video-preview:-1\" \/>\n<link rel=\"canonical\" href=\"https:\/\/floorball-hayungs.de\/en\/shop\/floorball-ball_bag_100_balls_tempish\/\" \/>\n<meta property=\"og:locale\" content=\"en_GB\" \/>\n<meta property=\"og:type\" content=\"article\" \/>\n<meta property=\"og:title\" content=\"Floorball ball bag for 100 balls, Tempish Cent - Floorball Hayungs\" \/>\n<meta property=\"og:description\" content=\"Schwarzer Floorball-Ballsack mit Netz und Kordel zum Verschlie\u00dfen. Mit verstellbarem Riemen f\u00fcr den Transport auf dem R\u00fccken.\" \/>\n<meta property=\"og:url\" content=\"https:\/\/floorball-hayungs.de\/en\/shop\/floorball-ball_bag_100_balls_tempish\/\" \/>\n<meta property=\"og:site_name\" content=\"Floorball Hayungs\" \/>\n<meta property=\"article:modified_time\" content=\"2025-04-08T07:28:14+00:00\" \/>\n<meta property=\"og:image\" content=\"https:\/\/floorball-hayungs.de\/en\/wp-content\/uploads\/sites\/2\/2019\/09\/Floorball_Ballsack_100_Floorball_B\u00e4lle_Tempish_Cent.png\" \/>\n\t<meta property=\"og:image:width\" content=\"360\" \/>\n\t<meta property=\"og:image:height\" content=\"410\" \/>\n\t<meta property=\"og:image:type\" content=\"image\/png\" \/>\n<meta name=\"twitter:card\" content=\"summary_large_image\" \/>\n<script type=\"application\/ld+json\" class=\"yoast-schema-graph\">{\"@context\":\"https:\/\/schema.org\",\"@graph\":[{\"@type\":\"WebPage\",\"@id\":\"https:\/\/floorball-hayungs.de\/en\/shop\/floorball-ball_bag_100_balls_tempish\/\",\"url\":\"https:\/\/floorball-hayungs.de\/en\/shop\/floorball-ball_bag_100_balls_tempish\/\",\"name\":\"Floorball ball bag for 100 balls, Tempish Cent - Floorball Hayungs\",\"isPartOf\":{\"@id\":\"https:\/\/floorball-hayungs.de\/en\/#website\"},\"primaryImageOfPage\":{\"@id\":\"https:\/\/floorball-hayungs.de\/en\/shop\/floorball-ball_bag_100_balls_tempish\/#primaryimage\"},\"image\":{\"@id\":\"https:\/\/floorball-hayungs.de\/en\/shop\/floorball-ball_bag_100_balls_tempish\/#primaryimage\"},\"thumbnailUrl\":\"https:\/\/floorball-hayungs.de\/en\/wp-content\/uploads\/sites\/2\/2019\/09\/Floorball_Ballsack_100_Floorball_B\u00e4lle_Tempish_Cent.png\",\"datePublished\":\"2019-09-14T09:27:28+00:00\",\"dateModified\":\"2025-04-08T07:28:14+00:00\",\"description\":\"Schwarzer Floorball-Ballsack mit Netz und Kordel zum Verschlie\u00dfen. Mit verstellbarem Riemen f\u00fcr den Transport auf dem R\u00fccken.\",\"breadcrumb\":{\"@id\":\"https:\/\/floorball-hayungs.de\/en\/shop\/floorball-ball_bag_100_balls_tempish\/#breadcrumb\"},\"inLanguage\":\"en-GB\",\"potentialAction\":[{\"@type\":\"ReadAction\",\"target\":[\"https:\/\/floorball-hayungs.de\/en\/shop\/floorball-ball_bag_100_balls_tempish\/\"]}]},{\"@type\":\"ImageObject\",\"inLanguage\":\"en-GB\",\"@id\":\"https:\/\/floorball-hayungs.de\/en\/shop\/floorball-ball_bag_100_balls_tempish\/#primaryimage\",\"url\":\"https:\/\/floorball-hayungs.de\/en\/wp-content\/uploads\/sites\/2\/2019\/09\/Floorball_Ballsack_100_Floorball_B\u00e4lle_Tempish_Cent.png\",\"contentUrl\":\"https:\/\/floorball-hayungs.de\/en\/wp-content\/uploads\/sites\/2\/2019\/09\/Floorball_Ballsack_100_Floorball_B\u00e4lle_Tempish_Cent.png\",\"width\":360,\"height\":410,\"caption\":\"Ballsack f\u00fcr bis zu 100 Floorball-B\u00e4lle\"},{\"@type\":\"BreadcrumbList\",\"@id\":\"https:\/\/floorball-hayungs.de\/en\/shop\/floorball-ball_bag_100_balls_tempish\/#breadcrumb\",\"itemListElement\":[{\"@type\":\"ListItem\",\"position\":1,\"name\":\"Startseite\",\"item\":\"https:\/\/floorball-hayungs.de\/en\/\"},{\"@type\":\"ListItem\",\"position\":2,\"name\":\"Floorball Hayungs &#8211; Your personal floorball shop\",\"item\":\"https:\/\/floorball-hayungs.de\/en\/\"},{\"@type\":\"ListItem\",\"position\":3,\"name\":\"Floorball ball bag for 100 balls, Tempish Cent\"}]},{\"@type\":\"WebSite\",\"@id\":\"https:\/\/floorball-hayungs.de\/en\/#website\",\"url\":\"https:\/\/floorball-hayungs.de\/en\/\",\"name\":\"Floorball Hayungs\",\"description\":\"Your personal Floorball Shop\",\"potentialAction\":[{\"@type\":\"SearchAction\",\"target\":{\"@type\":\"EntryPoint\",\"urlTemplate\":\"https:\/\/floorball-hayungs.de\/en\/?s={search_term_string}\"},\"query-input\":{\"@type\":\"PropertyValueSpecification\",\"valueRequired\":true,\"valueName\":\"search_term_string\"}}],\"inLanguage\":\"en-GB\"}]}<\/script>\n<!-- \/ Yoast SEO plugin. -->","yoast_head_json":{"title":"Floorball ball bag for 100 balls, Tempish Cent - Floorball Hayungs","description":"Schwarzer Floorball-Ballsack mit Netz und Kordel zum Verschlie\u00dfen. Mit verstellbarem Riemen f\u00fcr den Transport auf dem R\u00fccken.","robots":{"index":"index","follow":"follow","max-snippet":"max-snippet:-1","max-image-preview":"max-image-preview:large","max-video-preview":"max-video-preview:-1"},"canonical":"https:\/\/floorball-hayungs.de\/en\/shop\/floorball-ball_bag_100_balls_tempish\/","og_locale":"en_GB","og_type":"article","og_title":"Floorball ball bag for 100 balls, Tempish Cent - Floorball Hayungs","og_description":"Schwarzer Floorball-Ballsack mit Netz und Kordel zum Verschlie\u00dfen. Mit verstellbarem Riemen f\u00fcr den Transport auf dem R\u00fccken.","og_url":"https:\/\/floorball-hayungs.de\/en\/shop\/floorball-ball_bag_100_balls_tempish\/","og_site_name":"Floorball Hayungs","article_modified_time":"2025-04-08T07:28:14+00:00","og_image":[{"width":360,"height":410,"url":"https:\/\/floorball-hayungs.de\/en\/wp-content\/uploads\/sites\/2\/2019\/09\/Floorball_Ballsack_100_Floorball_B\u00e4lle_Tempish_Cent.png","type":"image\/png"}],"twitter_card":"summary_large_image","schema":{"@context":"https:\/\/schema.org","@graph":[{"@type":"WebPage","@id":"https:\/\/floorball-hayungs.de\/en\/shop\/floorball-ball_bag_100_balls_tempish\/","url":"https:\/\/floorball-hayungs.de\/en\/shop\/floorball-ball_bag_100_balls_tempish\/","name":"Floorball ball bag for 100 balls, Tempish Cent - Floorball Hayungs","isPartOf":{"@id":"https:\/\/floorball-hayungs.de\/en\/#website"},"primaryImageOfPage":{"@id":"https:\/\/floorball-hayungs.de\/en\/shop\/floorball-ball_bag_100_balls_tempish\/#primaryimage"},"image":{"@id":"https:\/\/floorball-hayungs.de\/en\/shop\/floorball-ball_bag_100_balls_tempish\/#primaryimage"},"thumbnailUrl":"https:\/\/floorball-hayungs.de\/en\/wp-content\/uploads\/sites\/2\/2019\/09\/Floorball_Ballsack_100_Floorball_B\u00e4lle_Tempish_Cent.png","datePublished":"2019-09-14T09:27:28+00:00","dateModified":"2025-04-08T07:28:14+00:00","description":"Schwarzer Floorball-Ballsack mit Netz und Kordel zum Verschlie\u00dfen. Mit verstellbarem Riemen f\u00fcr den Transport auf dem R\u00fccken.","breadcrumb":{"@id":"https:\/\/floorball-hayungs.de\/en\/shop\/floorball-ball_bag_100_balls_tempish\/#breadcrumb"},"inLanguage":"en-GB","potentialAction":[{"@type":"ReadAction","target":["https:\/\/floorball-hayungs.de\/en\/shop\/floorball-ball_bag_100_balls_tempish\/"]}]},{"@type":"ImageObject","inLanguage":"en-GB","@id":"https:\/\/floorball-hayungs.de\/en\/shop\/floorball-ball_bag_100_balls_tempish\/#primaryimage","url":"https:\/\/floorball-hayungs.de\/en\/wp-content\/uploads\/sites\/2\/2019\/09\/Floorball_Ballsack_100_Floorball_B\u00e4lle_Tempish_Cent.png","contentUrl":"https:\/\/floorball-hayungs.de\/en\/wp-content\/uploads\/sites\/2\/2019\/09\/Floorball_Ballsack_100_Floorball_B\u00e4lle_Tempish_Cent.png","width":360,"height":410,"caption":"Ballsack f\u00fcr bis zu 100 Floorball-B\u00e4lle"},{"@type":"BreadcrumbList","@id":"https:\/\/floorball-hayungs.de\/en\/shop\/floorball-ball_bag_100_balls_tempish\/#breadcrumb","itemListElement":[{"@type":"ListItem","position":1,"name":"Startseite","item":"https:\/\/floorball-hayungs.de\/en\/"},{"@type":"ListItem","position":2,"name":"Floorball Hayungs &#8211; Your personal floorball shop","item":"https:\/\/floorball-hayungs.de\/en\/"},{"@type":"ListItem","position":3,"name":"Floorball ball bag for 100 balls, Tempish Cent"}]},{"@type":"WebSite","@id":"https:\/\/floorball-hayungs.de\/en\/#website","url":"https:\/\/floorball-hayungs.de\/en\/","name":"Floorball Hayungs","description":"Your personal Floorball Shop","potentialAction":[{"@type":"SearchAction","target":{"@type":"EntryPoint","urlTemplate":"https:\/\/floorball-hayungs.de\/en\/?s={search_term_string}"},"query-input":{"@type":"PropertyValueSpecification","valueRequired":true,"valueName":"search_term_string"}}],"inLanguage":"en-GB"}]}},"_links":{"self":[{"href":"https:\/\/floorball-hayungs.de\/en\/wp-json\/wp\/v2\/product\/574","targetHints":{"allow":["GET"]}}],"collection":[{"href":"https:\/\/floorball-hayungs.de\/en\/wp-json\/wp\/v2\/product"}],"about":[{"href":"https:\/\/floorball-hayungs.de\/en\/wp-json\/wp\/v2\/types\/product"}],"replies":[{"embeddable":true,"href":"https:\/\/floorball-hayungs.de\/en\/wp-json\/wp\/v2\/comments?post=574"}],"wp:featuredmedia":[{"embeddable":true,"href":"https:\/\/floorball-hayungs.de\/en\/wp-json\/wp\/v2\/media\/575"}],"wp:attachment":[{"href":"https:\/\/floorball-hayungs.de\/en\/wp-json\/wp\/v2\/media?parent=574"}],"wp:term":[{"taxonomy":"product_brand","embeddable":true,"href":"https:\/\/floorball-hayungs.de\/en\/wp-json\/wp\/v2\/product_brand?post=574"},{"taxonomy":"product_cat","embeddable":true,"href":"https:\/\/floorball-hayungs.de\/en\/wp-json\/wp\/v2\/product_cat?post=574"},{"taxonomy":"product_tag","embeddable":true,"href":"https:\/\/floorball-hayungs.de\/en\/wp-json\/wp\/v2\/product_tag?post=574"}],"curies":[{"name":"wp","href":"https:\/\/api.w.org\/{rel}","templated":true}]}}