{"id":621,"date":"2019-10-09T07:02:56","date_gmt":"2019-10-09T05:02:56","guid":{"rendered":"https:\/\/floorball-hayungs.de\/?post_type=product&#038;p=621"},"modified":"2025-04-08T09:28:14","modified_gmt":"2025-04-08T07:28:14","slug":"floorball-ball-orange-iff-trix","status":"publish","type":"product","link":"https:\/\/floorball-hayungs.de\/en\/shop\/floorball-ball-orange-iff-trix\/","title":{"rendered":"Ball for official matches TRIX, IFF-certified, orange"},"content":{"rendered":"<p>This Trix floorball competition game ball in orange matches the color very well with the floorball stick <a href=\"https:\/\/floorball-hayungs.de\/produkt\/floorball-schlaeger-fuer-erwachsene-jugendliche-battle-dog-orange\/\">Eurostick Battle Dog (orange)<\/a> and the <a href=\"https:\/\/floorball-hayungs.de\/produkt\/floorball-schlaegertasche-tempish-junior\/\">floorball stick bag from Tempish.<\/a>.<\/p>\n<p>This floorball ball is approved for the use in official floorball matches (IFF certified).<\/p>\n","protected":false},"excerpt":{"rendered":"<p>This Trix floorball competition game ball in orange matches the color very well with the floorball stick Eurostick Battle Dog (orange) and the floorball stick bag from Tempish.. This floorball ball is approved for the use in official floorball matches (IFF certified).<\/p>\n<a href=\"https:\/\/floorball-hayungs.de\/en\/shop\/floorball-ball-orange-iff-trix\/\">weiterlesen<\/a>.","protected":false},"featured_media":622,"comment_status":"open","ping_status":"closed","template":"","meta":[],"product_brand":[],"product_cat":[40,39,41],"product_tag":[],"class_list":{"0":"post-621","1":"product","2":"type-product","3":"status-publish","4":"has-post-thumbnail","6":"product_cat-floorball-accessories","7":"product_cat-floorball-balls","8":"product_cat-floorball-kids-and-youngsters","9":"product_shipping_class-accesoires","11":"first","12":"outofstock","13":"shipping-taxable","14":"purchasable","15":"product-type-simple"},"yoast_head":"<!-- This site is optimized with the Yoast SEO plugin v26.5 - https:\/\/yoast.com\/wordpress\/plugins\/seo\/ -->\n<title>Ball for official matches TRIX, IFF-certified, orange - Floorball Hayungs<\/title>\n<meta name=\"description\" content=\"Floorball-Wettkampfball. IFF-zertifiziert. Farbe: orange. Perfekt f\u00fcr jedes Floorballturnier oder f\u00fcr den n\u00e4chsten Floorballspieltag. Schneller Versand.\" \/>\n<meta name=\"robots\" content=\"index, follow, max-snippet:-1, max-image-preview:large, max-video-preview:-1\" \/>\n<link rel=\"canonical\" href=\"https:\/\/floorball-hayungs.de\/en\/shop\/floorball-ball-orange-iff-trix\/\" \/>\n<meta property=\"og:locale\" content=\"en_GB\" \/>\n<meta property=\"og:type\" content=\"article\" \/>\n<meta property=\"og:title\" content=\"Ball for official matches TRIX, IFF-certified, orange - Floorball Hayungs\" \/>\n<meta property=\"og:description\" content=\"Floorball-Wettkampfball. IFF-zertifiziert. Farbe: orange. Perfekt f\u00fcr jedes Floorballturnier oder f\u00fcr den n\u00e4chsten Floorballspieltag. Schneller Versand.\" \/>\n<meta property=\"og:url\" content=\"https:\/\/floorball-hayungs.de\/en\/shop\/floorball-ball-orange-iff-trix\/\" \/>\n<meta property=\"og:site_name\" content=\"Floorball Hayungs\" \/>\n<meta property=\"article:modified_time\" content=\"2025-04-08T07:28:14+00:00\" \/>\n<meta property=\"og:image\" content=\"https:\/\/floorball-hayungs.de\/en\/wp-content\/uploads\/sites\/2\/2019\/10\/Floorball_Wettkampfspielball_orange.jpg\" \/>\n\t<meta property=\"og:image:width\" content=\"300\" \/>\n\t<meta property=\"og:image:height\" content=\"232\" \/>\n\t<meta property=\"og:image:type\" content=\"image\/jpeg\" \/>\n<meta name=\"twitter:card\" content=\"summary_large_image\" \/>\n<script type=\"application\/ld+json\" class=\"yoast-schema-graph\">{\"@context\":\"https:\/\/schema.org\",\"@graph\":[{\"@type\":\"WebPage\",\"@id\":\"https:\/\/floorball-hayungs.de\/en\/shop\/floorball-ball-orange-iff-trix\/\",\"url\":\"https:\/\/floorball-hayungs.de\/en\/shop\/floorball-ball-orange-iff-trix\/\",\"name\":\"Ball for official matches TRIX, IFF-certified, orange - Floorball Hayungs\",\"isPartOf\":{\"@id\":\"https:\/\/floorball-hayungs.de\/en\/#website\"},\"primaryImageOfPage\":{\"@id\":\"https:\/\/floorball-hayungs.de\/en\/shop\/floorball-ball-orange-iff-trix\/#primaryimage\"},\"image\":{\"@id\":\"https:\/\/floorball-hayungs.de\/en\/shop\/floorball-ball-orange-iff-trix\/#primaryimage\"},\"thumbnailUrl\":\"https:\/\/floorball-hayungs.de\/en\/wp-content\/uploads\/sites\/2\/2019\/10\/Floorball_Wettkampfspielball_orange.jpg\",\"datePublished\":\"2019-10-09T05:02:56+00:00\",\"dateModified\":\"2025-04-08T07:28:14+00:00\",\"description\":\"Floorball-Wettkampfball. IFF-zertifiziert. Farbe: orange. Perfekt f\u00fcr jedes Floorballturnier oder f\u00fcr den n\u00e4chsten Floorballspieltag. Schneller Versand.\",\"breadcrumb\":{\"@id\":\"https:\/\/floorball-hayungs.de\/en\/shop\/floorball-ball-orange-iff-trix\/#breadcrumb\"},\"inLanguage\":\"en-GB\",\"potentialAction\":[{\"@type\":\"ReadAction\",\"target\":[\"https:\/\/floorball-hayungs.de\/en\/shop\/floorball-ball-orange-iff-trix\/\"]}]},{\"@type\":\"ImageObject\",\"inLanguage\":\"en-GB\",\"@id\":\"https:\/\/floorball-hayungs.de\/en\/shop\/floorball-ball-orange-iff-trix\/#primaryimage\",\"url\":\"https:\/\/floorball-hayungs.de\/en\/wp-content\/uploads\/sites\/2\/2019\/10\/Floorball_Wettkampfspielball_orange.jpg\",\"contentUrl\":\"https:\/\/floorball-hayungs.de\/en\/wp-content\/uploads\/sites\/2\/2019\/10\/Floorball_Wettkampfspielball_orange.jpg\",\"width\":300,\"height\":232,\"caption\":\"Floorball Wettkampfspielball in orange\"},{\"@type\":\"BreadcrumbList\",\"@id\":\"https:\/\/floorball-hayungs.de\/en\/shop\/floorball-ball-orange-iff-trix\/#breadcrumb\",\"itemListElement\":[{\"@type\":\"ListItem\",\"position\":1,\"name\":\"Startseite\",\"item\":\"https:\/\/floorball-hayungs.de\/en\/\"},{\"@type\":\"ListItem\",\"position\":2,\"name\":\"Floorball Hayungs &#8211; Your personal floorball shop\",\"item\":\"https:\/\/floorball-hayungs.de\/en\/\"},{\"@type\":\"ListItem\",\"position\":3,\"name\":\"Ball for official matches TRIX, IFF-certified, orange\"}]},{\"@type\":\"WebSite\",\"@id\":\"https:\/\/floorball-hayungs.de\/en\/#website\",\"url\":\"https:\/\/floorball-hayungs.de\/en\/\",\"name\":\"Floorball Hayungs\",\"description\":\"Your personal Floorball Shop\",\"potentialAction\":[{\"@type\":\"SearchAction\",\"target\":{\"@type\":\"EntryPoint\",\"urlTemplate\":\"https:\/\/floorball-hayungs.de\/en\/?s={search_term_string}\"},\"query-input\":{\"@type\":\"PropertyValueSpecification\",\"valueRequired\":true,\"valueName\":\"search_term_string\"}}],\"inLanguage\":\"en-GB\"}]}<\/script>\n<!-- \/ Yoast SEO plugin. -->","yoast_head_json":{"title":"Ball for official matches TRIX, IFF-certified, orange - Floorball Hayungs","description":"Floorball-Wettkampfball. IFF-zertifiziert. Farbe: orange. Perfekt f\u00fcr jedes Floorballturnier oder f\u00fcr den n\u00e4chsten Floorballspieltag. Schneller Versand.","robots":{"index":"index","follow":"follow","max-snippet":"max-snippet:-1","max-image-preview":"max-image-preview:large","max-video-preview":"max-video-preview:-1"},"canonical":"https:\/\/floorball-hayungs.de\/en\/shop\/floorball-ball-orange-iff-trix\/","og_locale":"en_GB","og_type":"article","og_title":"Ball for official matches TRIX, IFF-certified, orange - Floorball Hayungs","og_description":"Floorball-Wettkampfball. IFF-zertifiziert. Farbe: orange. Perfekt f\u00fcr jedes Floorballturnier oder f\u00fcr den n\u00e4chsten Floorballspieltag. Schneller Versand.","og_url":"https:\/\/floorball-hayungs.de\/en\/shop\/floorball-ball-orange-iff-trix\/","og_site_name":"Floorball Hayungs","article_modified_time":"2025-04-08T07:28:14+00:00","og_image":[{"width":300,"height":232,"url":"https:\/\/floorball-hayungs.de\/en\/wp-content\/uploads\/sites\/2\/2019\/10\/Floorball_Wettkampfspielball_orange.jpg","type":"image\/jpeg"}],"twitter_card":"summary_large_image","schema":{"@context":"https:\/\/schema.org","@graph":[{"@type":"WebPage","@id":"https:\/\/floorball-hayungs.de\/en\/shop\/floorball-ball-orange-iff-trix\/","url":"https:\/\/floorball-hayungs.de\/en\/shop\/floorball-ball-orange-iff-trix\/","name":"Ball for official matches TRIX, IFF-certified, orange - Floorball Hayungs","isPartOf":{"@id":"https:\/\/floorball-hayungs.de\/en\/#website"},"primaryImageOfPage":{"@id":"https:\/\/floorball-hayungs.de\/en\/shop\/floorball-ball-orange-iff-trix\/#primaryimage"},"image":{"@id":"https:\/\/floorball-hayungs.de\/en\/shop\/floorball-ball-orange-iff-trix\/#primaryimage"},"thumbnailUrl":"https:\/\/floorball-hayungs.de\/en\/wp-content\/uploads\/sites\/2\/2019\/10\/Floorball_Wettkampfspielball_orange.jpg","datePublished":"2019-10-09T05:02:56+00:00","dateModified":"2025-04-08T07:28:14+00:00","description":"Floorball-Wettkampfball. IFF-zertifiziert. Farbe: orange. Perfekt f\u00fcr jedes Floorballturnier oder f\u00fcr den n\u00e4chsten Floorballspieltag. Schneller Versand.","breadcrumb":{"@id":"https:\/\/floorball-hayungs.de\/en\/shop\/floorball-ball-orange-iff-trix\/#breadcrumb"},"inLanguage":"en-GB","potentialAction":[{"@type":"ReadAction","target":["https:\/\/floorball-hayungs.de\/en\/shop\/floorball-ball-orange-iff-trix\/"]}]},{"@type":"ImageObject","inLanguage":"en-GB","@id":"https:\/\/floorball-hayungs.de\/en\/shop\/floorball-ball-orange-iff-trix\/#primaryimage","url":"https:\/\/floorball-hayungs.de\/en\/wp-content\/uploads\/sites\/2\/2019\/10\/Floorball_Wettkampfspielball_orange.jpg","contentUrl":"https:\/\/floorball-hayungs.de\/en\/wp-content\/uploads\/sites\/2\/2019\/10\/Floorball_Wettkampfspielball_orange.jpg","width":300,"height":232,"caption":"Floorball Wettkampfspielball in orange"},{"@type":"BreadcrumbList","@id":"https:\/\/floorball-hayungs.de\/en\/shop\/floorball-ball-orange-iff-trix\/#breadcrumb","itemListElement":[{"@type":"ListItem","position":1,"name":"Startseite","item":"https:\/\/floorball-hayungs.de\/en\/"},{"@type":"ListItem","position":2,"name":"Floorball Hayungs &#8211; Your personal floorball shop","item":"https:\/\/floorball-hayungs.de\/en\/"},{"@type":"ListItem","position":3,"name":"Ball for official matches TRIX, IFF-certified, orange"}]},{"@type":"WebSite","@id":"https:\/\/floorball-hayungs.de\/en\/#website","url":"https:\/\/floorball-hayungs.de\/en\/","name":"Floorball Hayungs","description":"Your personal Floorball Shop","potentialAction":[{"@type":"SearchAction","target":{"@type":"EntryPoint","urlTemplate":"https:\/\/floorball-hayungs.de\/en\/?s={search_term_string}"},"query-input":{"@type":"PropertyValueSpecification","valueRequired":true,"valueName":"search_term_string"}}],"inLanguage":"en-GB"}]}},"_links":{"self":[{"href":"https:\/\/floorball-hayungs.de\/en\/wp-json\/wp\/v2\/product\/621","targetHints":{"allow":["GET"]}}],"collection":[{"href":"https:\/\/floorball-hayungs.de\/en\/wp-json\/wp\/v2\/product"}],"about":[{"href":"https:\/\/floorball-hayungs.de\/en\/wp-json\/wp\/v2\/types\/product"}],"replies":[{"embeddable":true,"href":"https:\/\/floorball-hayungs.de\/en\/wp-json\/wp\/v2\/comments?post=621"}],"wp:featuredmedia":[{"embeddable":true,"href":"https:\/\/floorball-hayungs.de\/en\/wp-json\/wp\/v2\/media\/622"}],"wp:attachment":[{"href":"https:\/\/floorball-hayungs.de\/en\/wp-json\/wp\/v2\/media?parent=621"}],"wp:term":[{"taxonomy":"product_brand","embeddable":true,"href":"https:\/\/floorball-hayungs.de\/en\/wp-json\/wp\/v2\/product_brand?post=621"},{"taxonomy":"product_cat","embeddable":true,"href":"https:\/\/floorball-hayungs.de\/en\/wp-json\/wp\/v2\/product_cat?post=621"},{"taxonomy":"product_tag","embeddable":true,"href":"https:\/\/floorball-hayungs.de\/en\/wp-json\/wp\/v2\/product_tag?post=621"}],"curies":[{"name":"wp","href":"https:\/\/api.w.org\/{rel}","templated":true}]}}