{"id":625,"date":"2019-10-09T21:51:49","date_gmt":"2019-10-09T19:51:49","guid":{"rendered":"https:\/\/floorball-hayungs.de\/?post_type=product&#038;p=625"},"modified":"2025-04-08T09:28:14","modified_gmt":"2025-04-08T07:28:14","slug":"floorball-iff-trix-pistachio","status":"publish","type":"product","link":"https:\/\/floorball-hayungs.de\/en\/shop\/floorball-iff-trix-pistachio\/","title":{"rendered":"Ball for official matches TRIX, IFF-certified, pistachio"},"content":{"rendered":"<p>Here comes the floorball game ball Trix with the color &#8220;pistachio&#8221;. This is one of my favorite floorball ball colors. Yours too?<\/p>\n<p>This ball is approved for official matches(IFF certified).<\/p>\n","protected":false},"excerpt":{"rendered":"<p>Here comes the floorball game ball Trix with the color &#8220;pistachio&#8221;. This is one of my favorite floorball ball colors. Yours too? This ball is approved for official matches(IFF certified).<\/p>\n<a href=\"https:\/\/floorball-hayungs.de\/en\/shop\/floorball-iff-trix-pistachio\/\">weiterlesen<\/a>.","protected":false},"featured_media":626,"comment_status":"open","ping_status":"closed","template":"","meta":[],"product_brand":[],"product_cat":[40,39,41],"product_tag":[],"class_list":{"0":"post-625","1":"product","2":"type-product","3":"status-publish","4":"has-post-thumbnail","6":"product_cat-floorball-accessories","7":"product_cat-floorball-balls","8":"product_cat-floorball-kids-and-youngsters","9":"product_shipping_class-accesoires","11":"first","12":"outofstock","13":"shipping-taxable","14":"purchasable","15":"product-type-simple"},"yoast_head":"<!-- This site is optimized with the Yoast SEO plugin v26.5 - https:\/\/yoast.com\/wordpress\/plugins\/seo\/ -->\n<title>Ball for official matches TRIX, IFF-certified, pistachio - Floorball Hayungs<\/title>\n<meta name=\"description\" content=\"Floorball-Wettkampfball. IFF-zertifiziert. Farbe: Pistazie. Perfekt f\u00fcr jedes Floorballturnier oder f\u00fcr den n\u00e4chsten Floorballspieltag. Schneller Versand.\" \/>\n<meta name=\"robots\" content=\"index, follow, max-snippet:-1, max-image-preview:large, max-video-preview:-1\" \/>\n<link rel=\"canonical\" href=\"https:\/\/floorball-hayungs.de\/en\/shop\/floorball-iff-trix-pistachio\/\" \/>\n<meta property=\"og:locale\" content=\"en_GB\" \/>\n<meta property=\"og:type\" content=\"article\" \/>\n<meta property=\"og:title\" content=\"Ball for official matches TRIX, IFF-certified, pistachio - Floorball Hayungs\" \/>\n<meta property=\"og:description\" content=\"Floorball-Wettkampfball. IFF-zertifiziert. Farbe: Pistazie. Perfekt f\u00fcr jedes Floorballturnier oder f\u00fcr den n\u00e4chsten Floorballspieltag. Schneller Versand.\" \/>\n<meta property=\"og:url\" content=\"https:\/\/floorball-hayungs.de\/en\/shop\/floorball-iff-trix-pistachio\/\" \/>\n<meta property=\"og:site_name\" content=\"Floorball Hayungs\" \/>\n<meta property=\"article:modified_time\" content=\"2025-04-08T07:28:14+00:00\" \/>\n<meta property=\"og:image\" content=\"https:\/\/floorball-hayungs.de\/en\/wp-content\/uploads\/sites\/2\/2019\/10\/Floorball_Spielball_IFF_Pistazie.jpg\" \/>\n\t<meta property=\"og:image:width\" content=\"300\" \/>\n\t<meta property=\"og:image:height\" content=\"232\" \/>\n\t<meta property=\"og:image:type\" content=\"image\/jpeg\" \/>\n<meta name=\"twitter:card\" content=\"summary_large_image\" \/>\n<script type=\"application\/ld+json\" class=\"yoast-schema-graph\">{\"@context\":\"https:\/\/schema.org\",\"@graph\":[{\"@type\":\"WebPage\",\"@id\":\"https:\/\/floorball-hayungs.de\/en\/shop\/floorball-iff-trix-pistachio\/\",\"url\":\"https:\/\/floorball-hayungs.de\/en\/shop\/floorball-iff-trix-pistachio\/\",\"name\":\"Ball for official matches TRIX, IFF-certified, pistachio - Floorball Hayungs\",\"isPartOf\":{\"@id\":\"https:\/\/floorball-hayungs.de\/en\/#website\"},\"primaryImageOfPage\":{\"@id\":\"https:\/\/floorball-hayungs.de\/en\/shop\/floorball-iff-trix-pistachio\/#primaryimage\"},\"image\":{\"@id\":\"https:\/\/floorball-hayungs.de\/en\/shop\/floorball-iff-trix-pistachio\/#primaryimage\"},\"thumbnailUrl\":\"https:\/\/floorball-hayungs.de\/en\/wp-content\/uploads\/sites\/2\/2019\/10\/Floorball_Spielball_IFF_Pistazie.jpg\",\"datePublished\":\"2019-10-09T19:51:49+00:00\",\"dateModified\":\"2025-04-08T07:28:14+00:00\",\"description\":\"Floorball-Wettkampfball. IFF-zertifiziert. Farbe: Pistazie. Perfekt f\u00fcr jedes Floorballturnier oder f\u00fcr den n\u00e4chsten Floorballspieltag. Schneller Versand.\",\"breadcrumb\":{\"@id\":\"https:\/\/floorball-hayungs.de\/en\/shop\/floorball-iff-trix-pistachio\/#breadcrumb\"},\"inLanguage\":\"en-GB\",\"potentialAction\":[{\"@type\":\"ReadAction\",\"target\":[\"https:\/\/floorball-hayungs.de\/en\/shop\/floorball-iff-trix-pistachio\/\"]}]},{\"@type\":\"ImageObject\",\"inLanguage\":\"en-GB\",\"@id\":\"https:\/\/floorball-hayungs.de\/en\/shop\/floorball-iff-trix-pistachio\/#primaryimage\",\"url\":\"https:\/\/floorball-hayungs.de\/en\/wp-content\/uploads\/sites\/2\/2019\/10\/Floorball_Spielball_IFF_Pistazie.jpg\",\"contentUrl\":\"https:\/\/floorball-hayungs.de\/en\/wp-content\/uploads\/sites\/2\/2019\/10\/Floorball_Spielball_IFF_Pistazie.jpg\",\"width\":300,\"height\":232,\"caption\":\"Floorball-Spielbal IFF\"},{\"@type\":\"BreadcrumbList\",\"@id\":\"https:\/\/floorball-hayungs.de\/en\/shop\/floorball-iff-trix-pistachio\/#breadcrumb\",\"itemListElement\":[{\"@type\":\"ListItem\",\"position\":1,\"name\":\"Startseite\",\"item\":\"https:\/\/floorball-hayungs.de\/en\/\"},{\"@type\":\"ListItem\",\"position\":2,\"name\":\"Floorball Hayungs &#8211; Your personal floorball shop\",\"item\":\"https:\/\/floorball-hayungs.de\/en\/\"},{\"@type\":\"ListItem\",\"position\":3,\"name\":\"Ball for official matches TRIX, IFF-certified, pistachio\"}]},{\"@type\":\"WebSite\",\"@id\":\"https:\/\/floorball-hayungs.de\/en\/#website\",\"url\":\"https:\/\/floorball-hayungs.de\/en\/\",\"name\":\"Floorball Hayungs\",\"description\":\"Your personal Floorball Shop\",\"potentialAction\":[{\"@type\":\"SearchAction\",\"target\":{\"@type\":\"EntryPoint\",\"urlTemplate\":\"https:\/\/floorball-hayungs.de\/en\/?s={search_term_string}\"},\"query-input\":{\"@type\":\"PropertyValueSpecification\",\"valueRequired\":true,\"valueName\":\"search_term_string\"}}],\"inLanguage\":\"en-GB\"}]}<\/script>\n<!-- \/ Yoast SEO plugin. -->","yoast_head_json":{"title":"Ball for official matches TRIX, IFF-certified, pistachio - Floorball Hayungs","description":"Floorball-Wettkampfball. IFF-zertifiziert. Farbe: Pistazie. Perfekt f\u00fcr jedes Floorballturnier oder f\u00fcr den n\u00e4chsten Floorballspieltag. Schneller Versand.","robots":{"index":"index","follow":"follow","max-snippet":"max-snippet:-1","max-image-preview":"max-image-preview:large","max-video-preview":"max-video-preview:-1"},"canonical":"https:\/\/floorball-hayungs.de\/en\/shop\/floorball-iff-trix-pistachio\/","og_locale":"en_GB","og_type":"article","og_title":"Ball for official matches TRIX, IFF-certified, pistachio - Floorball Hayungs","og_description":"Floorball-Wettkampfball. IFF-zertifiziert. Farbe: Pistazie. Perfekt f\u00fcr jedes Floorballturnier oder f\u00fcr den n\u00e4chsten Floorballspieltag. Schneller Versand.","og_url":"https:\/\/floorball-hayungs.de\/en\/shop\/floorball-iff-trix-pistachio\/","og_site_name":"Floorball Hayungs","article_modified_time":"2025-04-08T07:28:14+00:00","og_image":[{"width":300,"height":232,"url":"https:\/\/floorball-hayungs.de\/en\/wp-content\/uploads\/sites\/2\/2019\/10\/Floorball_Spielball_IFF_Pistazie.jpg","type":"image\/jpeg"}],"twitter_card":"summary_large_image","schema":{"@context":"https:\/\/schema.org","@graph":[{"@type":"WebPage","@id":"https:\/\/floorball-hayungs.de\/en\/shop\/floorball-iff-trix-pistachio\/","url":"https:\/\/floorball-hayungs.de\/en\/shop\/floorball-iff-trix-pistachio\/","name":"Ball for official matches TRIX, IFF-certified, pistachio - Floorball Hayungs","isPartOf":{"@id":"https:\/\/floorball-hayungs.de\/en\/#website"},"primaryImageOfPage":{"@id":"https:\/\/floorball-hayungs.de\/en\/shop\/floorball-iff-trix-pistachio\/#primaryimage"},"image":{"@id":"https:\/\/floorball-hayungs.de\/en\/shop\/floorball-iff-trix-pistachio\/#primaryimage"},"thumbnailUrl":"https:\/\/floorball-hayungs.de\/en\/wp-content\/uploads\/sites\/2\/2019\/10\/Floorball_Spielball_IFF_Pistazie.jpg","datePublished":"2019-10-09T19:51:49+00:00","dateModified":"2025-04-08T07:28:14+00:00","description":"Floorball-Wettkampfball. IFF-zertifiziert. Farbe: Pistazie. Perfekt f\u00fcr jedes Floorballturnier oder f\u00fcr den n\u00e4chsten Floorballspieltag. Schneller Versand.","breadcrumb":{"@id":"https:\/\/floorball-hayungs.de\/en\/shop\/floorball-iff-trix-pistachio\/#breadcrumb"},"inLanguage":"en-GB","potentialAction":[{"@type":"ReadAction","target":["https:\/\/floorball-hayungs.de\/en\/shop\/floorball-iff-trix-pistachio\/"]}]},{"@type":"ImageObject","inLanguage":"en-GB","@id":"https:\/\/floorball-hayungs.de\/en\/shop\/floorball-iff-trix-pistachio\/#primaryimage","url":"https:\/\/floorball-hayungs.de\/en\/wp-content\/uploads\/sites\/2\/2019\/10\/Floorball_Spielball_IFF_Pistazie.jpg","contentUrl":"https:\/\/floorball-hayungs.de\/en\/wp-content\/uploads\/sites\/2\/2019\/10\/Floorball_Spielball_IFF_Pistazie.jpg","width":300,"height":232,"caption":"Floorball-Spielbal IFF"},{"@type":"BreadcrumbList","@id":"https:\/\/floorball-hayungs.de\/en\/shop\/floorball-iff-trix-pistachio\/#breadcrumb","itemListElement":[{"@type":"ListItem","position":1,"name":"Startseite","item":"https:\/\/floorball-hayungs.de\/en\/"},{"@type":"ListItem","position":2,"name":"Floorball Hayungs &#8211; Your personal floorball shop","item":"https:\/\/floorball-hayungs.de\/en\/"},{"@type":"ListItem","position":3,"name":"Ball for official matches TRIX, IFF-certified, pistachio"}]},{"@type":"WebSite","@id":"https:\/\/floorball-hayungs.de\/en\/#website","url":"https:\/\/floorball-hayungs.de\/en\/","name":"Floorball Hayungs","description":"Your personal Floorball Shop","potentialAction":[{"@type":"SearchAction","target":{"@type":"EntryPoint","urlTemplate":"https:\/\/floorball-hayungs.de\/en\/?s={search_term_string}"},"query-input":{"@type":"PropertyValueSpecification","valueRequired":true,"valueName":"search_term_string"}}],"inLanguage":"en-GB"}]}},"_links":{"self":[{"href":"https:\/\/floorball-hayungs.de\/en\/wp-json\/wp\/v2\/product\/625","targetHints":{"allow":["GET"]}}],"collection":[{"href":"https:\/\/floorball-hayungs.de\/en\/wp-json\/wp\/v2\/product"}],"about":[{"href":"https:\/\/floorball-hayungs.de\/en\/wp-json\/wp\/v2\/types\/product"}],"replies":[{"embeddable":true,"href":"https:\/\/floorball-hayungs.de\/en\/wp-json\/wp\/v2\/comments?post=625"}],"wp:featuredmedia":[{"embeddable":true,"href":"https:\/\/floorball-hayungs.de\/en\/wp-json\/wp\/v2\/media\/626"}],"wp:attachment":[{"href":"https:\/\/floorball-hayungs.de\/en\/wp-json\/wp\/v2\/media?parent=625"}],"wp:term":[{"taxonomy":"product_brand","embeddable":true,"href":"https:\/\/floorball-hayungs.de\/en\/wp-json\/wp\/v2\/product_brand?post=625"},{"taxonomy":"product_cat","embeddable":true,"href":"https:\/\/floorball-hayungs.de\/en\/wp-json\/wp\/v2\/product_cat?post=625"},{"taxonomy":"product_tag","embeddable":true,"href":"https:\/\/floorball-hayungs.de\/en\/wp-json\/wp\/v2\/product_tag?post=625"}],"curies":[{"name":"wp","href":"https:\/\/api.w.org\/{rel}","templated":true}]}}