{"id":707,"date":"2019-10-30T21:53:26","date_gmt":"2019-10-30T20:53:26","guid":{"rendered":"https:\/\/floorball-hayungs.de\/?post_type=product&#038;p=707"},"modified":"2026-03-27T06:42:17","modified_gmt":"2026-03-27T05:42:17","slug":"floorball-stickbag-republic","status":"publish","type":"product","link":"https:\/\/floorball-hayungs.de\/en\/shop\/floorball-stickbag-republic\/","title":{"rendered":"Floorball stick bag Republic"},"content":{"rendered":"<p>Cool floorball stick bag from the Finnish manufacturer Republic. Up to three large rackets fit in here.<\/p>\n<p><span class = \"hps\"> With side handle. <\/span><\/p>\n","protected":false},"excerpt":{"rendered":"<p>Cool floorball stick bag from the Finnish manufacturer Republic. Up to three large rackets fit in here. With side handle.<\/p>\n<a href=\"https:\/\/floorball-hayungs.de\/en\/shop\/floorball-stickbag-republic\/\">weiterlesen<\/a>.","protected":false},"featured_media":708,"comment_status":"open","ping_status":"closed","template":"","meta":[],"product_brand":[],"product_cat":[40,43],"product_tag":[],"class_list":{"0":"post-707","1":"product","2":"type-product","3":"status-publish","4":"has-post-thumbnail","6":"product_cat-floorball-accessories","7":"product_cat-floorball-stick-bags","8":"product_shipping_class-accesoires","10":"first","11":"outofstock","12":"shipping-taxable","13":"purchasable","14":"product-type-simple"},"yoast_head":"<!-- This site is optimized with the Yoast SEO plugin v26.5 - https:\/\/yoast.com\/wordpress\/plugins\/seo\/ -->\n<title>Floorball stick bag Republic - Floorball Hayungs<\/title>\n<meta name=\"description\" content=\"Die Floorballschl\u00e4gertasche mit dem Affen drauf. Ger\u00e4umig und chiq.F\u00fcr Deinen Floorballschl\u00e4ger. Bequemer Tragegriff. Jetzt bestellen.\" \/>\n<meta name=\"robots\" content=\"index, follow, max-snippet:-1, max-image-preview:large, max-video-preview:-1\" \/>\n<link rel=\"canonical\" href=\"https:\/\/floorball-hayungs.de\/en\/shop\/floorball-stickbag-republic\/\" \/>\n<meta property=\"og:locale\" content=\"en_GB\" \/>\n<meta property=\"og:type\" content=\"article\" \/>\n<meta property=\"og:title\" content=\"Floorball stick bag Republic - Floorball Hayungs\" \/>\n<meta property=\"og:description\" content=\"Die Floorballschl\u00e4gertasche mit dem Affen drauf. Ger\u00e4umig und chiq.F\u00fcr Deinen Floorballschl\u00e4ger. Bequemer Tragegriff. Jetzt bestellen.\" \/>\n<meta property=\"og:url\" content=\"https:\/\/floorball-hayungs.de\/en\/shop\/floorball-stickbag-republic\/\" \/>\n<meta property=\"og:site_name\" content=\"Floorball Hayungs\" \/>\n<meta property=\"article:modified_time\" content=\"2026-03-27T05:42:17+00:00\" \/>\n<meta property=\"og:image\" content=\"https:\/\/floorball-hayungs.de\/en\/wp-content\/uploads\/sites\/2\/2019\/10\/Republic_mailapussi_kangas-1.jpg\" \/>\n\t<meta property=\"og:image:width\" content=\"1200\" \/>\n\t<meta property=\"og:image:height\" content=\"1200\" \/>\n\t<meta property=\"og:image:type\" content=\"image\/jpeg\" \/>\n<meta name=\"twitter:card\" content=\"summary_large_image\" \/>\n<script type=\"application\/ld+json\" class=\"yoast-schema-graph\">{\"@context\":\"https:\/\/schema.org\",\"@graph\":[{\"@type\":\"WebPage\",\"@id\":\"https:\/\/floorball-hayungs.de\/en\/shop\/floorball-stickbag-republic\/\",\"url\":\"https:\/\/floorball-hayungs.de\/en\/shop\/floorball-stickbag-republic\/\",\"name\":\"Floorball stick bag Republic - Floorball Hayungs\",\"isPartOf\":{\"@id\":\"https:\/\/floorball-hayungs.de\/en\/#website\"},\"primaryImageOfPage\":{\"@id\":\"https:\/\/floorball-hayungs.de\/en\/shop\/floorball-stickbag-republic\/#primaryimage\"},\"image\":{\"@id\":\"https:\/\/floorball-hayungs.de\/en\/shop\/floorball-stickbag-republic\/#primaryimage\"},\"thumbnailUrl\":\"https:\/\/floorball-hayungs.de\/en\/wp-content\/uploads\/sites\/2\/2019\/10\/Republic_mailapussi_kangas-1.jpg\",\"datePublished\":\"2019-10-30T20:53:26+00:00\",\"dateModified\":\"2026-03-27T05:42:17+00:00\",\"description\":\"Die Floorballschl\u00e4gertasche mit dem Affen drauf. Ger\u00e4umig und chiq.F\u00fcr Deinen Floorballschl\u00e4ger. Bequemer Tragegriff. Jetzt bestellen.\",\"breadcrumb\":{\"@id\":\"https:\/\/floorball-hayungs.de\/en\/shop\/floorball-stickbag-republic\/#breadcrumb\"},\"inLanguage\":\"en-GB\",\"potentialAction\":[{\"@type\":\"ReadAction\",\"target\":[\"https:\/\/floorball-hayungs.de\/en\/shop\/floorball-stickbag-republic\/\"]}]},{\"@type\":\"ImageObject\",\"inLanguage\":\"en-GB\",\"@id\":\"https:\/\/floorball-hayungs.de\/en\/shop\/floorball-stickbag-republic\/#primaryimage\",\"url\":\"https:\/\/floorball-hayungs.de\/en\/wp-content\/uploads\/sites\/2\/2019\/10\/Republic_mailapussi_kangas-1.jpg\",\"contentUrl\":\"https:\/\/floorball-hayungs.de\/en\/wp-content\/uploads\/sites\/2\/2019\/10\/Republic_mailapussi_kangas-1.jpg\",\"width\":1200,\"height\":1200,\"caption\":\"Schl\u00e4ger Tasche Floorball\"},{\"@type\":\"BreadcrumbList\",\"@id\":\"https:\/\/floorball-hayungs.de\/en\/shop\/floorball-stickbag-republic\/#breadcrumb\",\"itemListElement\":[{\"@type\":\"ListItem\",\"position\":1,\"name\":\"Startseite\",\"item\":\"https:\/\/floorball-hayungs.de\/en\/\"},{\"@type\":\"ListItem\",\"position\":2,\"name\":\"Floorball Hayungs &#8211; Your personal floorball shop\",\"item\":\"https:\/\/floorball-hayungs.de\/en\/\"},{\"@type\":\"ListItem\",\"position\":3,\"name\":\"Floorball stick bag Republic\"}]},{\"@type\":\"WebSite\",\"@id\":\"https:\/\/floorball-hayungs.de\/en\/#website\",\"url\":\"https:\/\/floorball-hayungs.de\/en\/\",\"name\":\"Floorball Hayungs\",\"description\":\"Your personal Floorball Shop\",\"potentialAction\":[{\"@type\":\"SearchAction\",\"target\":{\"@type\":\"EntryPoint\",\"urlTemplate\":\"https:\/\/floorball-hayungs.de\/en\/?s={search_term_string}\"},\"query-input\":{\"@type\":\"PropertyValueSpecification\",\"valueRequired\":true,\"valueName\":\"search_term_string\"}}],\"inLanguage\":\"en-GB\"}]}<\/script>\n<!-- \/ Yoast SEO plugin. -->","yoast_head_json":{"title":"Floorball stick bag Republic - Floorball Hayungs","description":"Die Floorballschl\u00e4gertasche mit dem Affen drauf. Ger\u00e4umig und chiq.F\u00fcr Deinen Floorballschl\u00e4ger. Bequemer Tragegriff. Jetzt bestellen.","robots":{"index":"index","follow":"follow","max-snippet":"max-snippet:-1","max-image-preview":"max-image-preview:large","max-video-preview":"max-video-preview:-1"},"canonical":"https:\/\/floorball-hayungs.de\/en\/shop\/floorball-stickbag-republic\/","og_locale":"en_GB","og_type":"article","og_title":"Floorball stick bag Republic - Floorball Hayungs","og_description":"Die Floorballschl\u00e4gertasche mit dem Affen drauf. Ger\u00e4umig und chiq.F\u00fcr Deinen Floorballschl\u00e4ger. Bequemer Tragegriff. Jetzt bestellen.","og_url":"https:\/\/floorball-hayungs.de\/en\/shop\/floorball-stickbag-republic\/","og_site_name":"Floorball Hayungs","article_modified_time":"2026-03-27T05:42:17+00:00","og_image":[{"width":1200,"height":1200,"url":"https:\/\/floorball-hayungs.de\/en\/wp-content\/uploads\/sites\/2\/2019\/10\/Republic_mailapussi_kangas-1.jpg","type":"image\/jpeg"}],"twitter_card":"summary_large_image","schema":{"@context":"https:\/\/schema.org","@graph":[{"@type":"WebPage","@id":"https:\/\/floorball-hayungs.de\/en\/shop\/floorball-stickbag-republic\/","url":"https:\/\/floorball-hayungs.de\/en\/shop\/floorball-stickbag-republic\/","name":"Floorball stick bag Republic - Floorball Hayungs","isPartOf":{"@id":"https:\/\/floorball-hayungs.de\/en\/#website"},"primaryImageOfPage":{"@id":"https:\/\/floorball-hayungs.de\/en\/shop\/floorball-stickbag-republic\/#primaryimage"},"image":{"@id":"https:\/\/floorball-hayungs.de\/en\/shop\/floorball-stickbag-republic\/#primaryimage"},"thumbnailUrl":"https:\/\/floorball-hayungs.de\/en\/wp-content\/uploads\/sites\/2\/2019\/10\/Republic_mailapussi_kangas-1.jpg","datePublished":"2019-10-30T20:53:26+00:00","dateModified":"2026-03-27T05:42:17+00:00","description":"Die Floorballschl\u00e4gertasche mit dem Affen drauf. Ger\u00e4umig und chiq.F\u00fcr Deinen Floorballschl\u00e4ger. Bequemer Tragegriff. Jetzt bestellen.","breadcrumb":{"@id":"https:\/\/floorball-hayungs.de\/en\/shop\/floorball-stickbag-republic\/#breadcrumb"},"inLanguage":"en-GB","potentialAction":[{"@type":"ReadAction","target":["https:\/\/floorball-hayungs.de\/en\/shop\/floorball-stickbag-republic\/"]}]},{"@type":"ImageObject","inLanguage":"en-GB","@id":"https:\/\/floorball-hayungs.de\/en\/shop\/floorball-stickbag-republic\/#primaryimage","url":"https:\/\/floorball-hayungs.de\/en\/wp-content\/uploads\/sites\/2\/2019\/10\/Republic_mailapussi_kangas-1.jpg","contentUrl":"https:\/\/floorball-hayungs.de\/en\/wp-content\/uploads\/sites\/2\/2019\/10\/Republic_mailapussi_kangas-1.jpg","width":1200,"height":1200,"caption":"Schl\u00e4ger Tasche Floorball"},{"@type":"BreadcrumbList","@id":"https:\/\/floorball-hayungs.de\/en\/shop\/floorball-stickbag-republic\/#breadcrumb","itemListElement":[{"@type":"ListItem","position":1,"name":"Startseite","item":"https:\/\/floorball-hayungs.de\/en\/"},{"@type":"ListItem","position":2,"name":"Floorball Hayungs &#8211; Your personal floorball shop","item":"https:\/\/floorball-hayungs.de\/en\/"},{"@type":"ListItem","position":3,"name":"Floorball stick bag Republic"}]},{"@type":"WebSite","@id":"https:\/\/floorball-hayungs.de\/en\/#website","url":"https:\/\/floorball-hayungs.de\/en\/","name":"Floorball Hayungs","description":"Your personal Floorball Shop","potentialAction":[{"@type":"SearchAction","target":{"@type":"EntryPoint","urlTemplate":"https:\/\/floorball-hayungs.de\/en\/?s={search_term_string}"},"query-input":{"@type":"PropertyValueSpecification","valueRequired":true,"valueName":"search_term_string"}}],"inLanguage":"en-GB"}]}},"_links":{"self":[{"href":"https:\/\/floorball-hayungs.de\/en\/wp-json\/wp\/v2\/product\/707","targetHints":{"allow":["GET"]}}],"collection":[{"href":"https:\/\/floorball-hayungs.de\/en\/wp-json\/wp\/v2\/product"}],"about":[{"href":"https:\/\/floorball-hayungs.de\/en\/wp-json\/wp\/v2\/types\/product"}],"replies":[{"embeddable":true,"href":"https:\/\/floorball-hayungs.de\/en\/wp-json\/wp\/v2\/comments?post=707"}],"wp:featuredmedia":[{"embeddable":true,"href":"https:\/\/floorball-hayungs.de\/en\/wp-json\/wp\/v2\/media\/708"}],"wp:attachment":[{"href":"https:\/\/floorball-hayungs.de\/en\/wp-json\/wp\/v2\/media?parent=707"}],"wp:term":[{"taxonomy":"product_brand","embeddable":true,"href":"https:\/\/floorball-hayungs.de\/en\/wp-json\/wp\/v2\/product_brand?post=707"},{"taxonomy":"product_cat","embeddable":true,"href":"https:\/\/floorball-hayungs.de\/en\/wp-json\/wp\/v2\/product_cat?post=707"},{"taxonomy":"product_tag","embeddable":true,"href":"https:\/\/floorball-hayungs.de\/en\/wp-json\/wp\/v2\/product_tag?post=707"}],"curies":[{"name":"wp","href":"https:\/\/api.w.org\/{rel}","templated":true}]}}