{"id":808,"date":"2019-11-14T20:18:14","date_gmt":"2019-11-14T19:18:14","guid":{"rendered":"https:\/\/floorball-hayungs.de\/?post_type=product&#038;p=808"},"modified":"2024-06-27T13:29:23","modified_gmt":"2024-06-27T11:29:23","slug":"floorball-stick-petrol-accufli-airtek-27-iff","status":"publish","type":"product","link":"https:\/\/floorball-hayungs.de\/en\/shop\/floorball-stick-petrol-accufli-airtek-27-iff\/","title":{"rendered":"Accufli AirTek 27, petrol \/ blue, IFF-certified"},"content":{"rendered":"<p>Pretty fine looking floorball stick from Accufli. Petrol-colored blade. Black petrol metallic look shaft. Oh yes, the color of this floorball stick goes great with the <a href=\"https:\/\/floorball-hayungs.de\/shop\/floorball-t-shirt-team-floorball-jadberg\/\"> Floorball T-Shirt by Jadberg < \/ a>.<\/p>\n<p>Flex: 27 mm<br \/>\nShaft: round<br \/>\nShaft lengths: 95 cm and 100 cm<br \/>\nWeight: 260 g (100 cm shaft) or 250 g (95 cm shaft)<br \/>\nIFF certified<\/p>\n","protected":false},"excerpt":{"rendered":"<p>Pretty fine looking floorball stick from Accufli. Petrol-colored blade. Black petrol metallic look shaft. Oh yes, the color of this floorball stick goes great with the Floorball T-Shirt by Jadberg < \/ a>. Flex: 27 mm Shaft: round Shaft lengths: 95 cm and 100 cm Weight: 260 g (100 cm shaft) or 250 g (95<\/p>\n<a href=\"https:\/\/floorball-hayungs.de\/en\/shop\/floorball-stick-petrol-accufli-airtek-27-iff\/\">weiterlesen<\/a>.","protected":false},"featured_media":813,"comment_status":"open","ping_status":"closed","template":"","meta":[],"product_brand":[],"product_cat":[35],"product_tag":[85,56],"class_list":{"0":"post-808","1":"product","2":"type-product","3":"status-publish","4":"has-post-thumbnail","6":"product_cat-floorball-sticks","7":"product_tag-accufli","8":"product_tag-floorball-schlaeger","9":"product_shipping_class-stick","11":"first","12":"instock","13":"sale","14":"shipping-taxable","15":"purchasable","16":"product-type-variable"},"yoast_head":"<!-- This site is optimized with the Yoast SEO plugin v26.5 - https:\/\/yoast.com\/wordpress\/plugins\/seo\/ -->\n<title>Accufli AirTek 27, petrol \/ blue, IFF-certified - Floorball Hayungs<\/title>\n<meta name=\"description\" content=\"Floorballstick in der Trendfarbe Petrol. So macht Floorballspielen Spa\u00df. Mittlere Flex f\u00fcr technisches Spiel und harte Sch\u00fcsse.\" \/>\n<meta name=\"robots\" content=\"index, follow, max-snippet:-1, max-image-preview:large, max-video-preview:-1\" \/>\n<link rel=\"canonical\" href=\"https:\/\/floorball-hayungs.de\/en\/shop\/floorball-stick-petrol-accufli-airtek-27-iff\/\" \/>\n<meta property=\"og:locale\" content=\"en_GB\" \/>\n<meta property=\"og:type\" content=\"article\" \/>\n<meta property=\"og:title\" content=\"Accufli AirTek 27, petrol \/ blue, IFF-certified - Floorball Hayungs\" \/>\n<meta property=\"og:description\" content=\"Floorballstick in der Trendfarbe Petrol. So macht Floorballspielen Spa\u00df. Mittlere Flex f\u00fcr technisches Spiel und harte Sch\u00fcsse.\" \/>\n<meta property=\"og:url\" content=\"https:\/\/floorball-hayungs.de\/en\/shop\/floorball-stick-petrol-accufli-airtek-27-iff\/\" \/>\n<meta property=\"og:site_name\" content=\"Floorball Hayungs\" \/>\n<meta property=\"article:modified_time\" content=\"2024-06-27T11:29:23+00:00\" \/>\n<meta property=\"og:image\" content=\"https:\/\/floorball-hayungs.de\/en\/wp-content\/uploads\/sites\/2\/2019\/11\/Floorballschlaeger_Accufli_Airtek_27_petrol_blau.png\" \/>\n\t<meta property=\"og:image:width\" content=\"1200\" \/>\n\t<meta property=\"og:image:height\" content=\"1500\" \/>\n\t<meta property=\"og:image:type\" content=\"image\/png\" \/>\n<meta name=\"twitter:card\" content=\"summary_large_image\" \/>\n<script type=\"application\/ld+json\" class=\"yoast-schema-graph\">{\"@context\":\"https:\/\/schema.org\",\"@graph\":[{\"@type\":\"WebPage\",\"@id\":\"https:\/\/floorball-hayungs.de\/en\/shop\/floorball-stick-petrol-accufli-airtek-27-iff\/\",\"url\":\"https:\/\/floorball-hayungs.de\/en\/shop\/floorball-stick-petrol-accufli-airtek-27-iff\/\",\"name\":\"Accufli AirTek 27, petrol \/ blue, IFF-certified - Floorball Hayungs\",\"isPartOf\":{\"@id\":\"https:\/\/floorball-hayungs.de\/en\/#website\"},\"primaryImageOfPage\":{\"@id\":\"https:\/\/floorball-hayungs.de\/en\/shop\/floorball-stick-petrol-accufli-airtek-27-iff\/#primaryimage\"},\"image\":{\"@id\":\"https:\/\/floorball-hayungs.de\/en\/shop\/floorball-stick-petrol-accufli-airtek-27-iff\/#primaryimage\"},\"thumbnailUrl\":\"https:\/\/floorball-hayungs.de\/en\/wp-content\/uploads\/sites\/2\/2019\/11\/Floorballschlaeger_Accufli_Airtek_27_petrol_blau.png\",\"datePublished\":\"2019-11-14T19:18:14+00:00\",\"dateModified\":\"2024-06-27T11:29:23+00:00\",\"description\":\"Floorballstick in der Trendfarbe Petrol. So macht Floorballspielen Spa\u00df. Mittlere Flex f\u00fcr technisches Spiel und harte Sch\u00fcsse.\",\"breadcrumb\":{\"@id\":\"https:\/\/floorball-hayungs.de\/en\/shop\/floorball-stick-petrol-accufli-airtek-27-iff\/#breadcrumb\"},\"inLanguage\":\"en-GB\",\"potentialAction\":[{\"@type\":\"ReadAction\",\"target\":[\"https:\/\/floorball-hayungs.de\/en\/shop\/floorball-stick-petrol-accufli-airtek-27-iff\/\"]}]},{\"@type\":\"ImageObject\",\"inLanguage\":\"en-GB\",\"@id\":\"https:\/\/floorball-hayungs.de\/en\/shop\/floorball-stick-petrol-accufli-airtek-27-iff\/#primaryimage\",\"url\":\"https:\/\/floorball-hayungs.de\/en\/wp-content\/uploads\/sites\/2\/2019\/11\/Floorballschlaeger_Accufli_Airtek_27_petrol_blau.png\",\"contentUrl\":\"https:\/\/floorball-hayungs.de\/en\/wp-content\/uploads\/sites\/2\/2019\/11\/Floorballschlaeger_Accufli_Airtek_27_petrol_blau.png\",\"width\":1200,\"height\":1500,\"caption\":\"Floorball Stick in petrol bzw. blau\"},{\"@type\":\"BreadcrumbList\",\"@id\":\"https:\/\/floorball-hayungs.de\/en\/shop\/floorball-stick-petrol-accufli-airtek-27-iff\/#breadcrumb\",\"itemListElement\":[{\"@type\":\"ListItem\",\"position\":1,\"name\":\"Startseite\",\"item\":\"https:\/\/floorball-hayungs.de\/en\/\"},{\"@type\":\"ListItem\",\"position\":2,\"name\":\"Floorball Hayungs &#8211; Your personal floorball shop\",\"item\":\"https:\/\/floorball-hayungs.de\/en\/\"},{\"@type\":\"ListItem\",\"position\":3,\"name\":\"Accufli AirTek 27, petrol \/ blue, IFF-certified\"}]},{\"@type\":\"WebSite\",\"@id\":\"https:\/\/floorball-hayungs.de\/en\/#website\",\"url\":\"https:\/\/floorball-hayungs.de\/en\/\",\"name\":\"Floorball Hayungs\",\"description\":\"Your personal Floorball Shop\",\"potentialAction\":[{\"@type\":\"SearchAction\",\"target\":{\"@type\":\"EntryPoint\",\"urlTemplate\":\"https:\/\/floorball-hayungs.de\/en\/?s={search_term_string}\"},\"query-input\":{\"@type\":\"PropertyValueSpecification\",\"valueRequired\":true,\"valueName\":\"search_term_string\"}}],\"inLanguage\":\"en-GB\"}]}<\/script>\n<!-- \/ Yoast SEO plugin. -->","yoast_head_json":{"title":"Accufli AirTek 27, petrol \/ blue, IFF-certified - Floorball Hayungs","description":"Floorballstick in der Trendfarbe Petrol. So macht Floorballspielen Spa\u00df. Mittlere Flex f\u00fcr technisches Spiel und harte Sch\u00fcsse.","robots":{"index":"index","follow":"follow","max-snippet":"max-snippet:-1","max-image-preview":"max-image-preview:large","max-video-preview":"max-video-preview:-1"},"canonical":"https:\/\/floorball-hayungs.de\/en\/shop\/floorball-stick-petrol-accufli-airtek-27-iff\/","og_locale":"en_GB","og_type":"article","og_title":"Accufli AirTek 27, petrol \/ blue, IFF-certified - Floorball Hayungs","og_description":"Floorballstick in der Trendfarbe Petrol. So macht Floorballspielen Spa\u00df. Mittlere Flex f\u00fcr technisches Spiel und harte Sch\u00fcsse.","og_url":"https:\/\/floorball-hayungs.de\/en\/shop\/floorball-stick-petrol-accufli-airtek-27-iff\/","og_site_name":"Floorball Hayungs","article_modified_time":"2024-06-27T11:29:23+00:00","og_image":[{"width":1200,"height":1500,"url":"https:\/\/floorball-hayungs.de\/en\/wp-content\/uploads\/sites\/2\/2019\/11\/Floorballschlaeger_Accufli_Airtek_27_petrol_blau.png","type":"image\/png"}],"twitter_card":"summary_large_image","schema":{"@context":"https:\/\/schema.org","@graph":[{"@type":"WebPage","@id":"https:\/\/floorball-hayungs.de\/en\/shop\/floorball-stick-petrol-accufli-airtek-27-iff\/","url":"https:\/\/floorball-hayungs.de\/en\/shop\/floorball-stick-petrol-accufli-airtek-27-iff\/","name":"Accufli AirTek 27, petrol \/ blue, IFF-certified - Floorball Hayungs","isPartOf":{"@id":"https:\/\/floorball-hayungs.de\/en\/#website"},"primaryImageOfPage":{"@id":"https:\/\/floorball-hayungs.de\/en\/shop\/floorball-stick-petrol-accufli-airtek-27-iff\/#primaryimage"},"image":{"@id":"https:\/\/floorball-hayungs.de\/en\/shop\/floorball-stick-petrol-accufli-airtek-27-iff\/#primaryimage"},"thumbnailUrl":"https:\/\/floorball-hayungs.de\/en\/wp-content\/uploads\/sites\/2\/2019\/11\/Floorballschlaeger_Accufli_Airtek_27_petrol_blau.png","datePublished":"2019-11-14T19:18:14+00:00","dateModified":"2024-06-27T11:29:23+00:00","description":"Floorballstick in der Trendfarbe Petrol. So macht Floorballspielen Spa\u00df. Mittlere Flex f\u00fcr technisches Spiel und harte Sch\u00fcsse.","breadcrumb":{"@id":"https:\/\/floorball-hayungs.de\/en\/shop\/floorball-stick-petrol-accufli-airtek-27-iff\/#breadcrumb"},"inLanguage":"en-GB","potentialAction":[{"@type":"ReadAction","target":["https:\/\/floorball-hayungs.de\/en\/shop\/floorball-stick-petrol-accufli-airtek-27-iff\/"]}]},{"@type":"ImageObject","inLanguage":"en-GB","@id":"https:\/\/floorball-hayungs.de\/en\/shop\/floorball-stick-petrol-accufli-airtek-27-iff\/#primaryimage","url":"https:\/\/floorball-hayungs.de\/en\/wp-content\/uploads\/sites\/2\/2019\/11\/Floorballschlaeger_Accufli_Airtek_27_petrol_blau.png","contentUrl":"https:\/\/floorball-hayungs.de\/en\/wp-content\/uploads\/sites\/2\/2019\/11\/Floorballschlaeger_Accufli_Airtek_27_petrol_blau.png","width":1200,"height":1500,"caption":"Floorball Stick in petrol bzw. blau"},{"@type":"BreadcrumbList","@id":"https:\/\/floorball-hayungs.de\/en\/shop\/floorball-stick-petrol-accufli-airtek-27-iff\/#breadcrumb","itemListElement":[{"@type":"ListItem","position":1,"name":"Startseite","item":"https:\/\/floorball-hayungs.de\/en\/"},{"@type":"ListItem","position":2,"name":"Floorball Hayungs &#8211; Your personal floorball shop","item":"https:\/\/floorball-hayungs.de\/en\/"},{"@type":"ListItem","position":3,"name":"Accufli AirTek 27, petrol \/ blue, IFF-certified"}]},{"@type":"WebSite","@id":"https:\/\/floorball-hayungs.de\/en\/#website","url":"https:\/\/floorball-hayungs.de\/en\/","name":"Floorball Hayungs","description":"Your personal Floorball Shop","potentialAction":[{"@type":"SearchAction","target":{"@type":"EntryPoint","urlTemplate":"https:\/\/floorball-hayungs.de\/en\/?s={search_term_string}"},"query-input":{"@type":"PropertyValueSpecification","valueRequired":true,"valueName":"search_term_string"}}],"inLanguage":"en-GB"}]}},"_links":{"self":[{"href":"https:\/\/floorball-hayungs.de\/en\/wp-json\/wp\/v2\/product\/808","targetHints":{"allow":["GET"]}}],"collection":[{"href":"https:\/\/floorball-hayungs.de\/en\/wp-json\/wp\/v2\/product"}],"about":[{"href":"https:\/\/floorball-hayungs.de\/en\/wp-json\/wp\/v2\/types\/product"}],"replies":[{"embeddable":true,"href":"https:\/\/floorball-hayungs.de\/en\/wp-json\/wp\/v2\/comments?post=808"}],"wp:featuredmedia":[{"embeddable":true,"href":"https:\/\/floorball-hayungs.de\/en\/wp-json\/wp\/v2\/media\/813"}],"wp:attachment":[{"href":"https:\/\/floorball-hayungs.de\/en\/wp-json\/wp\/v2\/media?parent=808"}],"wp:term":[{"taxonomy":"product_brand","embeddable":true,"href":"https:\/\/floorball-hayungs.de\/en\/wp-json\/wp\/v2\/product_brand?post=808"},{"taxonomy":"product_cat","embeddable":true,"href":"https:\/\/floorball-hayungs.de\/en\/wp-json\/wp\/v2\/product_cat?post=808"},{"taxonomy":"product_tag","embeddable":true,"href":"https:\/\/floorball-hayungs.de\/en\/wp-json\/wp\/v2\/product_tag?post=808"}],"curies":[{"name":"wp","href":"https:\/\/api.w.org\/{rel}","templated":true}]}}