{"id":816,"date":"2019-11-14T20:33:51","date_gmt":"2019-11-14T19:33:51","guid":{"rendered":"https:\/\/floorball-hayungs.de\/?post_type=product&#038;p=816"},"modified":"2025-09-16T20:46:24","modified_gmt":"2025-09-16T18:46:24","slug":"floorball-stick-accufli-airtek-27-orange-iff","status":"publish","type":"product","link":"https:\/\/floorball-hayungs.de\/en\/shop\/floorball-stick-accufli-airtek-27-orange-iff\/","title":{"rendered":"Accufli AirTek 27, orange, IFF-certified"},"content":{"rendered":"<p>Cool floorball stick by Accufli. The color of the floorball stick blade is orange. The shaft impresses with a Black-orange-metallic look.<\/p>\n<p>Flex: 27 mm<br \/>\nShaft: round<br \/>\nShaft lengths: 95 cm and 100 cm<br \/>\nWeight: 260 g (100 cm shaft) or 250 g (95 cm shaft)<br \/>\nIFF certified<\/p>\n","protected":false},"excerpt":{"rendered":"<p>Cool floorball stick by Accufli. The color of the floorball stick blade is orange. The shaft impresses with a Black-orange-metallic look. Flex: 27 mm Shaft: round Shaft lengths: 95 cm and 100 cm Weight: 260 g (100 cm shaft) or 250 g (95 cm shaft) IFF certified<\/p>\n<a href=\"https:\/\/floorball-hayungs.de\/en\/shop\/floorball-stick-accufli-airtek-27-orange-iff\/\">weiterlesen<\/a>.","protected":false},"featured_media":821,"comment_status":"open","ping_status":"closed","template":"","meta":[],"product_brand":[],"product_cat":[35],"product_tag":[85,56],"class_list":{"0":"post-816","1":"product","2":"type-product","3":"status-publish","4":"has-post-thumbnail","6":"product_cat-floorball-sticks","7":"product_tag-accufli","8":"product_tag-floorball-schlaeger","9":"product_shipping_class-stick","11":"first","12":"instock","13":"sale","14":"shipping-taxable","15":"purchasable","16":"product-type-variable"},"yoast_head":"<!-- This site is optimized with the Yoast SEO plugin v26.5 - https:\/\/yoast.com\/wordpress\/plugins\/seo\/ -->\n<title>Accufli AirTek 27, orange, IFF-certified - Floorball Hayungs<\/title>\n<meta name=\"description\" content=\"Sch\u00f6ner Floorballschl\u00e4ger in Orange. Trend-Marke Accufli. Im Orange-Metallic-Look. F\u00fcr den Spielbetrieb zugelassen. Jetzt kaufen!\" \/>\n<meta name=\"robots\" content=\"index, follow, max-snippet:-1, max-image-preview:large, max-video-preview:-1\" \/>\n<link rel=\"canonical\" href=\"https:\/\/floorball-hayungs.de\/en\/shop\/floorball-stick-accufli-airtek-27-orange-iff\/\" \/>\n<meta property=\"og:locale\" content=\"en_GB\" \/>\n<meta property=\"og:type\" content=\"article\" \/>\n<meta property=\"og:title\" content=\"Accufli AirTek 27, orange, IFF-certified - Floorball Hayungs\" \/>\n<meta property=\"og:description\" content=\"Sch\u00f6ner Floorballschl\u00e4ger in Orange. Trend-Marke Accufli. Im Orange-Metallic-Look. F\u00fcr den Spielbetrieb zugelassen. Jetzt kaufen!\" \/>\n<meta property=\"og:url\" content=\"https:\/\/floorball-hayungs.de\/en\/shop\/floorball-stick-accufli-airtek-27-orange-iff\/\" \/>\n<meta property=\"og:site_name\" content=\"Floorball Hayungs\" \/>\n<meta property=\"article:modified_time\" content=\"2025-09-16T18:46:24+00:00\" \/>\n<meta property=\"og:image\" content=\"https:\/\/floorball-hayungs.de\/en\/wp-content\/uploads\/sites\/2\/2019\/11\/Floorballschlaeger_Accufli_Airtek_27_orange.png\" \/>\n\t<meta property=\"og:image:width\" content=\"1200\" \/>\n\t<meta property=\"og:image:height\" content=\"1500\" \/>\n\t<meta property=\"og:image:type\" content=\"image\/png\" \/>\n<meta name=\"twitter:card\" content=\"summary_large_image\" \/>\n<script type=\"application\/ld+json\" class=\"yoast-schema-graph\">{\"@context\":\"https:\/\/schema.org\",\"@graph\":[{\"@type\":\"WebPage\",\"@id\":\"https:\/\/floorball-hayungs.de\/en\/shop\/floorball-stick-accufli-airtek-27-orange-iff\/\",\"url\":\"https:\/\/floorball-hayungs.de\/en\/shop\/floorball-stick-accufli-airtek-27-orange-iff\/\",\"name\":\"Accufli AirTek 27, orange, IFF-certified - Floorball Hayungs\",\"isPartOf\":{\"@id\":\"https:\/\/floorball-hayungs.de\/en\/#website\"},\"primaryImageOfPage\":{\"@id\":\"https:\/\/floorball-hayungs.de\/en\/shop\/floorball-stick-accufli-airtek-27-orange-iff\/#primaryimage\"},\"image\":{\"@id\":\"https:\/\/floorball-hayungs.de\/en\/shop\/floorball-stick-accufli-airtek-27-orange-iff\/#primaryimage\"},\"thumbnailUrl\":\"https:\/\/floorball-hayungs.de\/en\/wp-content\/uploads\/sites\/2\/2019\/11\/Floorballschlaeger_Accufli_Airtek_27_orange.png\",\"datePublished\":\"2019-11-14T19:33:51+00:00\",\"dateModified\":\"2025-09-16T18:46:24+00:00\",\"description\":\"Sch\u00f6ner Floorballschl\u00e4ger in Orange. Trend-Marke Accufli. Im Orange-Metallic-Look. F\u00fcr den Spielbetrieb zugelassen. Jetzt kaufen!\",\"breadcrumb\":{\"@id\":\"https:\/\/floorball-hayungs.de\/en\/shop\/floorball-stick-accufli-airtek-27-orange-iff\/#breadcrumb\"},\"inLanguage\":\"en-GB\",\"potentialAction\":[{\"@type\":\"ReadAction\",\"target\":[\"https:\/\/floorball-hayungs.de\/en\/shop\/floorball-stick-accufli-airtek-27-orange-iff\/\"]}]},{\"@type\":\"ImageObject\",\"inLanguage\":\"en-GB\",\"@id\":\"https:\/\/floorball-hayungs.de\/en\/shop\/floorball-stick-accufli-airtek-27-orange-iff\/#primaryimage\",\"url\":\"https:\/\/floorball-hayungs.de\/en\/wp-content\/uploads\/sites\/2\/2019\/11\/Floorballschlaeger_Accufli_Airtek_27_orange.png\",\"contentUrl\":\"https:\/\/floorball-hayungs.de\/en\/wp-content\/uploads\/sites\/2\/2019\/11\/Floorballschlaeger_Accufli_Airtek_27_orange.png\",\"width\":1200,\"height\":1500,\"caption\":\"Accufli-Floorballstick in orange\"},{\"@type\":\"BreadcrumbList\",\"@id\":\"https:\/\/floorball-hayungs.de\/en\/shop\/floorball-stick-accufli-airtek-27-orange-iff\/#breadcrumb\",\"itemListElement\":[{\"@type\":\"ListItem\",\"position\":1,\"name\":\"Startseite\",\"item\":\"https:\/\/floorball-hayungs.de\/en\/\"},{\"@type\":\"ListItem\",\"position\":2,\"name\":\"Floorball Hayungs &#8211; Your personal floorball shop\",\"item\":\"https:\/\/floorball-hayungs.de\/en\/\"},{\"@type\":\"ListItem\",\"position\":3,\"name\":\"Accufli AirTek 27, orange, IFF-certified\"}]},{\"@type\":\"WebSite\",\"@id\":\"https:\/\/floorball-hayungs.de\/en\/#website\",\"url\":\"https:\/\/floorball-hayungs.de\/en\/\",\"name\":\"Floorball Hayungs\",\"description\":\"Your personal Floorball Shop\",\"potentialAction\":[{\"@type\":\"SearchAction\",\"target\":{\"@type\":\"EntryPoint\",\"urlTemplate\":\"https:\/\/floorball-hayungs.de\/en\/?s={search_term_string}\"},\"query-input\":{\"@type\":\"PropertyValueSpecification\",\"valueRequired\":true,\"valueName\":\"search_term_string\"}}],\"inLanguage\":\"en-GB\"}]}<\/script>\n<!-- \/ Yoast SEO plugin. -->","yoast_head_json":{"title":"Accufli AirTek 27, orange, IFF-certified - Floorball Hayungs","description":"Sch\u00f6ner Floorballschl\u00e4ger in Orange. Trend-Marke Accufli. Im Orange-Metallic-Look. F\u00fcr den Spielbetrieb zugelassen. Jetzt kaufen!","robots":{"index":"index","follow":"follow","max-snippet":"max-snippet:-1","max-image-preview":"max-image-preview:large","max-video-preview":"max-video-preview:-1"},"canonical":"https:\/\/floorball-hayungs.de\/en\/shop\/floorball-stick-accufli-airtek-27-orange-iff\/","og_locale":"en_GB","og_type":"article","og_title":"Accufli AirTek 27, orange, IFF-certified - Floorball Hayungs","og_description":"Sch\u00f6ner Floorballschl\u00e4ger in Orange. Trend-Marke Accufli. Im Orange-Metallic-Look. F\u00fcr den Spielbetrieb zugelassen. Jetzt kaufen!","og_url":"https:\/\/floorball-hayungs.de\/en\/shop\/floorball-stick-accufli-airtek-27-orange-iff\/","og_site_name":"Floorball Hayungs","article_modified_time":"2025-09-16T18:46:24+00:00","og_image":[{"width":1200,"height":1500,"url":"https:\/\/floorball-hayungs.de\/en\/wp-content\/uploads\/sites\/2\/2019\/11\/Floorballschlaeger_Accufli_Airtek_27_orange.png","type":"image\/png"}],"twitter_card":"summary_large_image","schema":{"@context":"https:\/\/schema.org","@graph":[{"@type":"WebPage","@id":"https:\/\/floorball-hayungs.de\/en\/shop\/floorball-stick-accufli-airtek-27-orange-iff\/","url":"https:\/\/floorball-hayungs.de\/en\/shop\/floorball-stick-accufli-airtek-27-orange-iff\/","name":"Accufli AirTek 27, orange, IFF-certified - Floorball Hayungs","isPartOf":{"@id":"https:\/\/floorball-hayungs.de\/en\/#website"},"primaryImageOfPage":{"@id":"https:\/\/floorball-hayungs.de\/en\/shop\/floorball-stick-accufli-airtek-27-orange-iff\/#primaryimage"},"image":{"@id":"https:\/\/floorball-hayungs.de\/en\/shop\/floorball-stick-accufli-airtek-27-orange-iff\/#primaryimage"},"thumbnailUrl":"https:\/\/floorball-hayungs.de\/en\/wp-content\/uploads\/sites\/2\/2019\/11\/Floorballschlaeger_Accufli_Airtek_27_orange.png","datePublished":"2019-11-14T19:33:51+00:00","dateModified":"2025-09-16T18:46:24+00:00","description":"Sch\u00f6ner Floorballschl\u00e4ger in Orange. Trend-Marke Accufli. Im Orange-Metallic-Look. F\u00fcr den Spielbetrieb zugelassen. Jetzt kaufen!","breadcrumb":{"@id":"https:\/\/floorball-hayungs.de\/en\/shop\/floorball-stick-accufli-airtek-27-orange-iff\/#breadcrumb"},"inLanguage":"en-GB","potentialAction":[{"@type":"ReadAction","target":["https:\/\/floorball-hayungs.de\/en\/shop\/floorball-stick-accufli-airtek-27-orange-iff\/"]}]},{"@type":"ImageObject","inLanguage":"en-GB","@id":"https:\/\/floorball-hayungs.de\/en\/shop\/floorball-stick-accufli-airtek-27-orange-iff\/#primaryimage","url":"https:\/\/floorball-hayungs.de\/en\/wp-content\/uploads\/sites\/2\/2019\/11\/Floorballschlaeger_Accufli_Airtek_27_orange.png","contentUrl":"https:\/\/floorball-hayungs.de\/en\/wp-content\/uploads\/sites\/2\/2019\/11\/Floorballschlaeger_Accufli_Airtek_27_orange.png","width":1200,"height":1500,"caption":"Accufli-Floorballstick in orange"},{"@type":"BreadcrumbList","@id":"https:\/\/floorball-hayungs.de\/en\/shop\/floorball-stick-accufli-airtek-27-orange-iff\/#breadcrumb","itemListElement":[{"@type":"ListItem","position":1,"name":"Startseite","item":"https:\/\/floorball-hayungs.de\/en\/"},{"@type":"ListItem","position":2,"name":"Floorball Hayungs &#8211; Your personal floorball shop","item":"https:\/\/floorball-hayungs.de\/en\/"},{"@type":"ListItem","position":3,"name":"Accufli AirTek 27, orange, IFF-certified"}]},{"@type":"WebSite","@id":"https:\/\/floorball-hayungs.de\/en\/#website","url":"https:\/\/floorball-hayungs.de\/en\/","name":"Floorball Hayungs","description":"Your personal Floorball Shop","potentialAction":[{"@type":"SearchAction","target":{"@type":"EntryPoint","urlTemplate":"https:\/\/floorball-hayungs.de\/en\/?s={search_term_string}"},"query-input":{"@type":"PropertyValueSpecification","valueRequired":true,"valueName":"search_term_string"}}],"inLanguage":"en-GB"}]}},"_links":{"self":[{"href":"https:\/\/floorball-hayungs.de\/en\/wp-json\/wp\/v2\/product\/816","targetHints":{"allow":["GET"]}}],"collection":[{"href":"https:\/\/floorball-hayungs.de\/en\/wp-json\/wp\/v2\/product"}],"about":[{"href":"https:\/\/floorball-hayungs.de\/en\/wp-json\/wp\/v2\/types\/product"}],"replies":[{"embeddable":true,"href":"https:\/\/floorball-hayungs.de\/en\/wp-json\/wp\/v2\/comments?post=816"}],"wp:featuredmedia":[{"embeddable":true,"href":"https:\/\/floorball-hayungs.de\/en\/wp-json\/wp\/v2\/media\/821"}],"wp:attachment":[{"href":"https:\/\/floorball-hayungs.de\/en\/wp-json\/wp\/v2\/media?parent=816"}],"wp:term":[{"taxonomy":"product_brand","embeddable":true,"href":"https:\/\/floorball-hayungs.de\/en\/wp-json\/wp\/v2\/product_brand?post=816"},{"taxonomy":"product_cat","embeddable":true,"href":"https:\/\/floorball-hayungs.de\/en\/wp-json\/wp\/v2\/product_cat?post=816"},{"taxonomy":"product_tag","embeddable":true,"href":"https:\/\/floorball-hayungs.de\/en\/wp-json\/wp\/v2\/product_tag?post=816"}],"curies":[{"name":"wp","href":"https:\/\/api.w.org\/{rel}","templated":true}]}}