{"id":824,"date":"2019-11-14T20:57:57","date_gmt":"2019-11-14T19:57:57","guid":{"rendered":"https:\/\/floorball-hayungs.de\/?post_type=product&#038;p=824"},"modified":"2026-03-27T06:42:17","modified_gmt":"2026-03-27T05:42:17","slug":"blue-accufli-floorball-stick-bag","status":"publish","type":"product","link":"https:\/\/floorball-hayungs.de\/en\/shop\/blue-accufli-floorball-stick-bag\/","title":{"rendered":"Floorball stick bag Accufli blue for large floorball sticks"},"content":{"rendered":"<p>Blue bag for floorball sticks (approx. 3 floorball sticks fit in), with a practical side pocket, for example for floorball balls or for a spare blade. Fits floorball sticks with a shaft length of up to 104 cm.<\/p>\n","protected":false},"excerpt":{"rendered":"<p>Blue bag for floorball sticks (approx. 3 floorball sticks fit in), with a practical side pocket, for example for floorball balls or for a spare blade. Fits floorball sticks with a shaft length of up to 104 cm.<\/p>\n<a href=\"https:\/\/floorball-hayungs.de\/en\/shop\/blue-accufli-floorball-stick-bag\/\">weiterlesen<\/a>.","protected":false},"featured_media":825,"comment_status":"open","ping_status":"closed","template":"","meta":[],"product_brand":[],"product_cat":[40,43],"product_tag":[85],"class_list":{"0":"post-824","1":"product","2":"type-product","3":"status-publish","4":"has-post-thumbnail","6":"product_cat-floorball-accessories","7":"product_cat-floorball-stick-bags","8":"product_tag-accufli","9":"product_shipping_class-accesoires","11":"first","12":"outofstock","13":"shipping-taxable","14":"purchasable","15":"product-type-simple"},"yoast_head":"<!-- This site is optimized with the Yoast SEO plugin v26.5 - https:\/\/yoast.com\/wordpress\/plugins\/seo\/ -->\n<title>Floorball stick bag Accufli blue for large floorball sticks - Floorball Hayungs<\/title>\n<meta name=\"description\" content=\"Blaue Floorballschl\u00e4gertasche von Accufli. Coole hellblaue Tasche. Top-Schutz f\u00fcr Deine Floorballschl\u00e4ger. Schaftl\u00e4nge bis zu 104 cm.\" \/>\n<meta name=\"robots\" content=\"index, follow, max-snippet:-1, max-image-preview:large, max-video-preview:-1\" \/>\n<link rel=\"canonical\" href=\"https:\/\/floorball-hayungs.de\/en\/shop\/blue-accufli-floorball-stick-bag\/\" \/>\n<meta property=\"og:locale\" content=\"en_GB\" \/>\n<meta property=\"og:type\" content=\"article\" \/>\n<meta property=\"og:title\" content=\"Floorball stick bag Accufli blue for large floorball sticks - Floorball Hayungs\" \/>\n<meta property=\"og:description\" content=\"Blaue Floorballschl\u00e4gertasche von Accufli. Coole hellblaue Tasche. Top-Schutz f\u00fcr Deine Floorballschl\u00e4ger. Schaftl\u00e4nge bis zu 104 cm.\" \/>\n<meta property=\"og:url\" content=\"https:\/\/floorball-hayungs.de\/en\/shop\/blue-accufli-floorball-stick-bag\/\" \/>\n<meta property=\"og:site_name\" content=\"Floorball Hayungs\" \/>\n<meta property=\"article:modified_time\" content=\"2026-03-27T05:42:17+00:00\" \/>\n<meta property=\"og:image\" content=\"https:\/\/floorball-hayungs.de\/en\/wp-content\/uploads\/sites\/2\/2019\/11\/Tasche_fuer_Floorballschlaeger_Accufli_blau.png\" \/>\n\t<meta property=\"og:image:width\" content=\"1200\" \/>\n\t<meta property=\"og:image:height\" content=\"1500\" \/>\n\t<meta property=\"og:image:type\" content=\"image\/png\" \/>\n<meta name=\"twitter:card\" content=\"summary_large_image\" \/>\n<script type=\"application\/ld+json\" class=\"yoast-schema-graph\">{\"@context\":\"https:\/\/schema.org\",\"@graph\":[{\"@type\":\"WebPage\",\"@id\":\"https:\/\/floorball-hayungs.de\/en\/shop\/blue-accufli-floorball-stick-bag\/\",\"url\":\"https:\/\/floorball-hayungs.de\/en\/shop\/blue-accufli-floorball-stick-bag\/\",\"name\":\"Floorball stick bag Accufli blue for large floorball sticks - Floorball Hayungs\",\"isPartOf\":{\"@id\":\"https:\/\/floorball-hayungs.de\/en\/#website\"},\"primaryImageOfPage\":{\"@id\":\"https:\/\/floorball-hayungs.de\/en\/shop\/blue-accufli-floorball-stick-bag\/#primaryimage\"},\"image\":{\"@id\":\"https:\/\/floorball-hayungs.de\/en\/shop\/blue-accufli-floorball-stick-bag\/#primaryimage\"},\"thumbnailUrl\":\"https:\/\/floorball-hayungs.de\/en\/wp-content\/uploads\/sites\/2\/2019\/11\/Tasche_fuer_Floorballschlaeger_Accufli_blau.png\",\"datePublished\":\"2019-11-14T19:57:57+00:00\",\"dateModified\":\"2026-03-27T05:42:17+00:00\",\"description\":\"Blaue Floorballschl\u00e4gertasche von Accufli. Coole hellblaue Tasche. Top-Schutz f\u00fcr Deine Floorballschl\u00e4ger. Schaftl\u00e4nge bis zu 104 cm.\",\"breadcrumb\":{\"@id\":\"https:\/\/floorball-hayungs.de\/en\/shop\/blue-accufli-floorball-stick-bag\/#breadcrumb\"},\"inLanguage\":\"en-GB\",\"potentialAction\":[{\"@type\":\"ReadAction\",\"target\":[\"https:\/\/floorball-hayungs.de\/en\/shop\/blue-accufli-floorball-stick-bag\/\"]}]},{\"@type\":\"ImageObject\",\"inLanguage\":\"en-GB\",\"@id\":\"https:\/\/floorball-hayungs.de\/en\/shop\/blue-accufli-floorball-stick-bag\/#primaryimage\",\"url\":\"https:\/\/floorball-hayungs.de\/en\/wp-content\/uploads\/sites\/2\/2019\/11\/Tasche_fuer_Floorballschlaeger_Accufli_blau.png\",\"contentUrl\":\"https:\/\/floorball-hayungs.de\/en\/wp-content\/uploads\/sites\/2\/2019\/11\/Tasche_fuer_Floorballschlaeger_Accufli_blau.png\",\"width\":1200,\"height\":1500,\"caption\":\"Tasche f\u00fcr Floorballschl\u00e4ger in blau von Accufli\"},{\"@type\":\"BreadcrumbList\",\"@id\":\"https:\/\/floorball-hayungs.de\/en\/shop\/blue-accufli-floorball-stick-bag\/#breadcrumb\",\"itemListElement\":[{\"@type\":\"ListItem\",\"position\":1,\"name\":\"Startseite\",\"item\":\"https:\/\/floorball-hayungs.de\/en\/\"},{\"@type\":\"ListItem\",\"position\":2,\"name\":\"Floorball Hayungs &#8211; Your personal floorball shop\",\"item\":\"https:\/\/floorball-hayungs.de\/en\/\"},{\"@type\":\"ListItem\",\"position\":3,\"name\":\"Floorball stick bag Accufli blue for large floorball sticks\"}]},{\"@type\":\"WebSite\",\"@id\":\"https:\/\/floorball-hayungs.de\/en\/#website\",\"url\":\"https:\/\/floorball-hayungs.de\/en\/\",\"name\":\"Floorball Hayungs\",\"description\":\"Your personal Floorball Shop\",\"potentialAction\":[{\"@type\":\"SearchAction\",\"target\":{\"@type\":\"EntryPoint\",\"urlTemplate\":\"https:\/\/floorball-hayungs.de\/en\/?s={search_term_string}\"},\"query-input\":{\"@type\":\"PropertyValueSpecification\",\"valueRequired\":true,\"valueName\":\"search_term_string\"}}],\"inLanguage\":\"en-GB\"}]}<\/script>\n<!-- \/ Yoast SEO plugin. -->","yoast_head_json":{"title":"Floorball stick bag Accufli blue for large floorball sticks - Floorball Hayungs","description":"Blaue Floorballschl\u00e4gertasche von Accufli. Coole hellblaue Tasche. Top-Schutz f\u00fcr Deine Floorballschl\u00e4ger. Schaftl\u00e4nge bis zu 104 cm.","robots":{"index":"index","follow":"follow","max-snippet":"max-snippet:-1","max-image-preview":"max-image-preview:large","max-video-preview":"max-video-preview:-1"},"canonical":"https:\/\/floorball-hayungs.de\/en\/shop\/blue-accufli-floorball-stick-bag\/","og_locale":"en_GB","og_type":"article","og_title":"Floorball stick bag Accufli blue for large floorball sticks - Floorball Hayungs","og_description":"Blaue Floorballschl\u00e4gertasche von Accufli. Coole hellblaue Tasche. Top-Schutz f\u00fcr Deine Floorballschl\u00e4ger. Schaftl\u00e4nge bis zu 104 cm.","og_url":"https:\/\/floorball-hayungs.de\/en\/shop\/blue-accufli-floorball-stick-bag\/","og_site_name":"Floorball Hayungs","article_modified_time":"2026-03-27T05:42:17+00:00","og_image":[{"width":1200,"height":1500,"url":"https:\/\/floorball-hayungs.de\/en\/wp-content\/uploads\/sites\/2\/2019\/11\/Tasche_fuer_Floorballschlaeger_Accufli_blau.png","type":"image\/png"}],"twitter_card":"summary_large_image","schema":{"@context":"https:\/\/schema.org","@graph":[{"@type":"WebPage","@id":"https:\/\/floorball-hayungs.de\/en\/shop\/blue-accufli-floorball-stick-bag\/","url":"https:\/\/floorball-hayungs.de\/en\/shop\/blue-accufli-floorball-stick-bag\/","name":"Floorball stick bag Accufli blue for large floorball sticks - Floorball Hayungs","isPartOf":{"@id":"https:\/\/floorball-hayungs.de\/en\/#website"},"primaryImageOfPage":{"@id":"https:\/\/floorball-hayungs.de\/en\/shop\/blue-accufli-floorball-stick-bag\/#primaryimage"},"image":{"@id":"https:\/\/floorball-hayungs.de\/en\/shop\/blue-accufli-floorball-stick-bag\/#primaryimage"},"thumbnailUrl":"https:\/\/floorball-hayungs.de\/en\/wp-content\/uploads\/sites\/2\/2019\/11\/Tasche_fuer_Floorballschlaeger_Accufli_blau.png","datePublished":"2019-11-14T19:57:57+00:00","dateModified":"2026-03-27T05:42:17+00:00","description":"Blaue Floorballschl\u00e4gertasche von Accufli. Coole hellblaue Tasche. Top-Schutz f\u00fcr Deine Floorballschl\u00e4ger. Schaftl\u00e4nge bis zu 104 cm.","breadcrumb":{"@id":"https:\/\/floorball-hayungs.de\/en\/shop\/blue-accufli-floorball-stick-bag\/#breadcrumb"},"inLanguage":"en-GB","potentialAction":[{"@type":"ReadAction","target":["https:\/\/floorball-hayungs.de\/en\/shop\/blue-accufli-floorball-stick-bag\/"]}]},{"@type":"ImageObject","inLanguage":"en-GB","@id":"https:\/\/floorball-hayungs.de\/en\/shop\/blue-accufli-floorball-stick-bag\/#primaryimage","url":"https:\/\/floorball-hayungs.de\/en\/wp-content\/uploads\/sites\/2\/2019\/11\/Tasche_fuer_Floorballschlaeger_Accufli_blau.png","contentUrl":"https:\/\/floorball-hayungs.de\/en\/wp-content\/uploads\/sites\/2\/2019\/11\/Tasche_fuer_Floorballschlaeger_Accufli_blau.png","width":1200,"height":1500,"caption":"Tasche f\u00fcr Floorballschl\u00e4ger in blau von Accufli"},{"@type":"BreadcrumbList","@id":"https:\/\/floorball-hayungs.de\/en\/shop\/blue-accufli-floorball-stick-bag\/#breadcrumb","itemListElement":[{"@type":"ListItem","position":1,"name":"Startseite","item":"https:\/\/floorball-hayungs.de\/en\/"},{"@type":"ListItem","position":2,"name":"Floorball Hayungs &#8211; Your personal floorball shop","item":"https:\/\/floorball-hayungs.de\/en\/"},{"@type":"ListItem","position":3,"name":"Floorball stick bag Accufli blue for large floorball sticks"}]},{"@type":"WebSite","@id":"https:\/\/floorball-hayungs.de\/en\/#website","url":"https:\/\/floorball-hayungs.de\/en\/","name":"Floorball Hayungs","description":"Your personal Floorball Shop","potentialAction":[{"@type":"SearchAction","target":{"@type":"EntryPoint","urlTemplate":"https:\/\/floorball-hayungs.de\/en\/?s={search_term_string}"},"query-input":{"@type":"PropertyValueSpecification","valueRequired":true,"valueName":"search_term_string"}}],"inLanguage":"en-GB"}]}},"_links":{"self":[{"href":"https:\/\/floorball-hayungs.de\/en\/wp-json\/wp\/v2\/product\/824","targetHints":{"allow":["GET"]}}],"collection":[{"href":"https:\/\/floorball-hayungs.de\/en\/wp-json\/wp\/v2\/product"}],"about":[{"href":"https:\/\/floorball-hayungs.de\/en\/wp-json\/wp\/v2\/types\/product"}],"replies":[{"embeddable":true,"href":"https:\/\/floorball-hayungs.de\/en\/wp-json\/wp\/v2\/comments?post=824"}],"wp:featuredmedia":[{"embeddable":true,"href":"https:\/\/floorball-hayungs.de\/en\/wp-json\/wp\/v2\/media\/825"}],"wp:attachment":[{"href":"https:\/\/floorball-hayungs.de\/en\/wp-json\/wp\/v2\/media?parent=824"}],"wp:term":[{"taxonomy":"product_brand","embeddable":true,"href":"https:\/\/floorball-hayungs.de\/en\/wp-json\/wp\/v2\/product_brand?post=824"},{"taxonomy":"product_cat","embeddable":true,"href":"https:\/\/floorball-hayungs.de\/en\/wp-json\/wp\/v2\/product_cat?post=824"},{"taxonomy":"product_tag","embeddable":true,"href":"https:\/\/floorball-hayungs.de\/en\/wp-json\/wp\/v2\/product_tag?post=824"}],"curies":[{"name":"wp","href":"https:\/\/api.w.org\/{rel}","templated":true}]}}