{"id":920,"date":"2019-12-13T09:04:26","date_gmt":"2019-12-13T08:04:26","guid":{"rendered":"https:\/\/floorball-hayungs.de\/?post_type=product&#038;p=920"},"modified":"2024-06-27T13:29:29","modified_gmt":"2024-06-27T11:29:29","slug":"floorball-stick-kids-zooperstar","status":"publish","type":"product","link":"https:\/\/floorball-hayungs.de\/en\/shop\/floorball-stick-kids-zooperstar\/","title":{"rendered":"Eurostick Zooperstar, Flex 35 mm, IFF-certified, Floorball stick for kids"},"content":{"rendered":"<p>The new Zooperstar in the portfolio of the Swedish floorball manufacturer Eurostick. The Zooperstar is a floorball stick for kids. The blue-gray-metallic-colored shaft makes children&#8217;s hearts beat faster. The racket is IFF-certified and therefore approved for official play.<\/p>\n<p>The floorball stick is suitable for kids with a height of approximately 1.30 m to 1.45 m. (Learn more about the correct length of the floorball stick in the <a href=\"https:\/\/floorball-hayungs.de\/floorball-shop-berlin-faq\/\"> frequently asked questions <\/a>)<\/p>\n<h2>Characteristics of the floorball stick:<\/h2>\n<p>Flex: 35 mm<br \/>\nShaft: round, made of fiberglass<br \/>\nShaft length: 75 cm<br \/>\nOverall length: 87 cm<br \/>\nWeight: 215 g<br \/>\nIFF certified<\/p>\n","protected":false},"excerpt":{"rendered":"<p>The new Zooperstar in the portfolio of the Swedish floorball manufacturer Eurostick. The Zooperstar is a floorball stick for kids. The blue-gray-metallic-colored shaft makes children&#8217;s hearts beat faster. The racket is IFF-certified and therefore approved for official play. The floorball stick is suitable for kids with a height of approximately 1.30 m to 1.45 m.<\/p>\n<a href=\"https:\/\/floorball-hayungs.de\/en\/shop\/floorball-stick-kids-zooperstar\/\">weiterlesen<\/a>.","protected":false},"featured_media":923,"comment_status":"open","ping_status":"closed","template":"","meta":[],"product_brand":[],"product_cat":[35,41],"product_tag":[55,56,45],"class_list":{"0":"post-920","1":"product","2":"type-product","3":"status-publish","4":"has-post-thumbnail","6":"product_cat-floorball-sticks","7":"product_cat-floorball-kids-and-youngsters","8":"product_tag-eurostick-floorball-sticks","9":"product_tag-floorball-schlaeger","10":"product_tag-floorballsticks-kids-teens","11":"product_shipping_class-stick","13":"first","14":"outofstock","15":"sale","16":"shipping-taxable","17":"purchasable","18":"product-type-variable"},"yoast_head":"<!-- This site is optimized with the Yoast SEO plugin v26.5 - https:\/\/yoast.com\/wordpress\/plugins\/seo\/ -->\n<title>Eurostick Zooperstar, Flex 35 mm, IFF-certified, Floorball stick for kids - Floorball Hayungs<\/title>\n<meta name=\"description\" content=\"Kinder-Floorballschl\u00e4ger. F\u00fcr das Erlernen der Floorballschl\u00e4ger-Technik geeignet. Der blau-grau-metallic-farbene Look begeistert junge Floorballspieler.\" \/>\n<meta name=\"robots\" content=\"index, follow, max-snippet:-1, max-image-preview:large, max-video-preview:-1\" \/>\n<link rel=\"canonical\" href=\"https:\/\/floorball-hayungs.de\/en\/shop\/floorball-stick-kids-zooperstar\/\" \/>\n<meta property=\"og:locale\" content=\"en_GB\" \/>\n<meta property=\"og:type\" content=\"article\" \/>\n<meta property=\"og:title\" content=\"Eurostick Zooperstar, Flex 35 mm, IFF-certified, Floorball stick for kids - Floorball Hayungs\" \/>\n<meta property=\"og:description\" content=\"Kinder-Floorballschl\u00e4ger. F\u00fcr das Erlernen der Floorballschl\u00e4ger-Technik geeignet. Der blau-grau-metallic-farbene Look begeistert junge Floorballspieler.\" \/>\n<meta property=\"og:url\" content=\"https:\/\/floorball-hayungs.de\/en\/shop\/floorball-stick-kids-zooperstar\/\" \/>\n<meta property=\"og:site_name\" content=\"Floorball Hayungs\" \/>\n<meta property=\"article:modified_time\" content=\"2024-06-27T11:29:29+00:00\" \/>\n<meta property=\"og:image\" content=\"https:\/\/floorball-hayungs.de\/en\/wp-content\/uploads\/sites\/2\/2019\/12\/Floorballschlaeger_fuer_Kinder_Eurostick_Zooperstar.png\" \/>\n\t<meta property=\"og:image:width\" content=\"1200\" \/>\n\t<meta property=\"og:image:height\" content=\"1500\" \/>\n\t<meta property=\"og:image:type\" content=\"image\/png\" \/>\n<meta name=\"twitter:card\" content=\"summary_large_image\" \/>\n<script type=\"application\/ld+json\" class=\"yoast-schema-graph\">{\"@context\":\"https:\/\/schema.org\",\"@graph\":[{\"@type\":\"WebPage\",\"@id\":\"https:\/\/floorball-hayungs.de\/en\/shop\/floorball-stick-kids-zooperstar\/\",\"url\":\"https:\/\/floorball-hayungs.de\/en\/shop\/floorball-stick-kids-zooperstar\/\",\"name\":\"Eurostick Zooperstar, Flex 35 mm, IFF-certified, Floorball stick for kids - Floorball Hayungs\",\"isPartOf\":{\"@id\":\"https:\/\/floorball-hayungs.de\/en\/#website\"},\"primaryImageOfPage\":{\"@id\":\"https:\/\/floorball-hayungs.de\/en\/shop\/floorball-stick-kids-zooperstar\/#primaryimage\"},\"image\":{\"@id\":\"https:\/\/floorball-hayungs.de\/en\/shop\/floorball-stick-kids-zooperstar\/#primaryimage\"},\"thumbnailUrl\":\"https:\/\/floorball-hayungs.de\/en\/wp-content\/uploads\/sites\/2\/2019\/12\/Floorballschlaeger_fuer_Kinder_Eurostick_Zooperstar.png\",\"datePublished\":\"2019-12-13T08:04:26+00:00\",\"dateModified\":\"2024-06-27T11:29:29+00:00\",\"description\":\"Kinder-Floorballschl\u00e4ger. F\u00fcr das Erlernen der Floorballschl\u00e4ger-Technik geeignet. Der blau-grau-metallic-farbene Look begeistert junge Floorballspieler.\",\"breadcrumb\":{\"@id\":\"https:\/\/floorball-hayungs.de\/en\/shop\/floorball-stick-kids-zooperstar\/#breadcrumb\"},\"inLanguage\":\"en-GB\",\"potentialAction\":[{\"@type\":\"ReadAction\",\"target\":[\"https:\/\/floorball-hayungs.de\/en\/shop\/floorball-stick-kids-zooperstar\/\"]}]},{\"@type\":\"ImageObject\",\"inLanguage\":\"en-GB\",\"@id\":\"https:\/\/floorball-hayungs.de\/en\/shop\/floorball-stick-kids-zooperstar\/#primaryimage\",\"url\":\"https:\/\/floorball-hayungs.de\/en\/wp-content\/uploads\/sites\/2\/2019\/12\/Floorballschlaeger_fuer_Kinder_Eurostick_Zooperstar.png\",\"contentUrl\":\"https:\/\/floorball-hayungs.de\/en\/wp-content\/uploads\/sites\/2\/2019\/12\/Floorballschlaeger_fuer_Kinder_Eurostick_Zooperstar.png\",\"width\":1200,\"height\":1500,\"caption\":\"Floorballschl\u00e4ger f\u00fcr Kinder - Eurostick Zooperstar\"},{\"@type\":\"BreadcrumbList\",\"@id\":\"https:\/\/floorball-hayungs.de\/en\/shop\/floorball-stick-kids-zooperstar\/#breadcrumb\",\"itemListElement\":[{\"@type\":\"ListItem\",\"position\":1,\"name\":\"Startseite\",\"item\":\"https:\/\/floorball-hayungs.de\/en\/\"},{\"@type\":\"ListItem\",\"position\":2,\"name\":\"Floorball Hayungs &#8211; Your personal floorball shop\",\"item\":\"https:\/\/floorball-hayungs.de\/en\/\"},{\"@type\":\"ListItem\",\"position\":3,\"name\":\"Eurostick Zooperstar, Flex 35 mm, IFF-certified, Floorball stick for kids\"}]},{\"@type\":\"WebSite\",\"@id\":\"https:\/\/floorball-hayungs.de\/en\/#website\",\"url\":\"https:\/\/floorball-hayungs.de\/en\/\",\"name\":\"Floorball Hayungs\",\"description\":\"Your personal Floorball Shop\",\"potentialAction\":[{\"@type\":\"SearchAction\",\"target\":{\"@type\":\"EntryPoint\",\"urlTemplate\":\"https:\/\/floorball-hayungs.de\/en\/?s={search_term_string}\"},\"query-input\":{\"@type\":\"PropertyValueSpecification\",\"valueRequired\":true,\"valueName\":\"search_term_string\"}}],\"inLanguage\":\"en-GB\"}]}<\/script>\n<!-- \/ Yoast SEO plugin. -->","yoast_head_json":{"title":"Eurostick Zooperstar, Flex 35 mm, IFF-certified, Floorball stick for kids - Floorball Hayungs","description":"Kinder-Floorballschl\u00e4ger. F\u00fcr das Erlernen der Floorballschl\u00e4ger-Technik geeignet. Der blau-grau-metallic-farbene Look begeistert junge Floorballspieler.","robots":{"index":"index","follow":"follow","max-snippet":"max-snippet:-1","max-image-preview":"max-image-preview:large","max-video-preview":"max-video-preview:-1"},"canonical":"https:\/\/floorball-hayungs.de\/en\/shop\/floorball-stick-kids-zooperstar\/","og_locale":"en_GB","og_type":"article","og_title":"Eurostick Zooperstar, Flex 35 mm, IFF-certified, Floorball stick for kids - Floorball Hayungs","og_description":"Kinder-Floorballschl\u00e4ger. F\u00fcr das Erlernen der Floorballschl\u00e4ger-Technik geeignet. Der blau-grau-metallic-farbene Look begeistert junge Floorballspieler.","og_url":"https:\/\/floorball-hayungs.de\/en\/shop\/floorball-stick-kids-zooperstar\/","og_site_name":"Floorball Hayungs","article_modified_time":"2024-06-27T11:29:29+00:00","og_image":[{"width":1200,"height":1500,"url":"https:\/\/floorball-hayungs.de\/en\/wp-content\/uploads\/sites\/2\/2019\/12\/Floorballschlaeger_fuer_Kinder_Eurostick_Zooperstar.png","type":"image\/png"}],"twitter_card":"summary_large_image","schema":{"@context":"https:\/\/schema.org","@graph":[{"@type":"WebPage","@id":"https:\/\/floorball-hayungs.de\/en\/shop\/floorball-stick-kids-zooperstar\/","url":"https:\/\/floorball-hayungs.de\/en\/shop\/floorball-stick-kids-zooperstar\/","name":"Eurostick Zooperstar, Flex 35 mm, IFF-certified, Floorball stick for kids - Floorball Hayungs","isPartOf":{"@id":"https:\/\/floorball-hayungs.de\/en\/#website"},"primaryImageOfPage":{"@id":"https:\/\/floorball-hayungs.de\/en\/shop\/floorball-stick-kids-zooperstar\/#primaryimage"},"image":{"@id":"https:\/\/floorball-hayungs.de\/en\/shop\/floorball-stick-kids-zooperstar\/#primaryimage"},"thumbnailUrl":"https:\/\/floorball-hayungs.de\/en\/wp-content\/uploads\/sites\/2\/2019\/12\/Floorballschlaeger_fuer_Kinder_Eurostick_Zooperstar.png","datePublished":"2019-12-13T08:04:26+00:00","dateModified":"2024-06-27T11:29:29+00:00","description":"Kinder-Floorballschl\u00e4ger. F\u00fcr das Erlernen der Floorballschl\u00e4ger-Technik geeignet. Der blau-grau-metallic-farbene Look begeistert junge Floorballspieler.","breadcrumb":{"@id":"https:\/\/floorball-hayungs.de\/en\/shop\/floorball-stick-kids-zooperstar\/#breadcrumb"},"inLanguage":"en-GB","potentialAction":[{"@type":"ReadAction","target":["https:\/\/floorball-hayungs.de\/en\/shop\/floorball-stick-kids-zooperstar\/"]}]},{"@type":"ImageObject","inLanguage":"en-GB","@id":"https:\/\/floorball-hayungs.de\/en\/shop\/floorball-stick-kids-zooperstar\/#primaryimage","url":"https:\/\/floorball-hayungs.de\/en\/wp-content\/uploads\/sites\/2\/2019\/12\/Floorballschlaeger_fuer_Kinder_Eurostick_Zooperstar.png","contentUrl":"https:\/\/floorball-hayungs.de\/en\/wp-content\/uploads\/sites\/2\/2019\/12\/Floorballschlaeger_fuer_Kinder_Eurostick_Zooperstar.png","width":1200,"height":1500,"caption":"Floorballschl\u00e4ger f\u00fcr Kinder - Eurostick Zooperstar"},{"@type":"BreadcrumbList","@id":"https:\/\/floorball-hayungs.de\/en\/shop\/floorball-stick-kids-zooperstar\/#breadcrumb","itemListElement":[{"@type":"ListItem","position":1,"name":"Startseite","item":"https:\/\/floorball-hayungs.de\/en\/"},{"@type":"ListItem","position":2,"name":"Floorball Hayungs &#8211; Your personal floorball shop","item":"https:\/\/floorball-hayungs.de\/en\/"},{"@type":"ListItem","position":3,"name":"Eurostick Zooperstar, Flex 35 mm, IFF-certified, Floorball stick for kids"}]},{"@type":"WebSite","@id":"https:\/\/floorball-hayungs.de\/en\/#website","url":"https:\/\/floorball-hayungs.de\/en\/","name":"Floorball Hayungs","description":"Your personal Floorball Shop","potentialAction":[{"@type":"SearchAction","target":{"@type":"EntryPoint","urlTemplate":"https:\/\/floorball-hayungs.de\/en\/?s={search_term_string}"},"query-input":{"@type":"PropertyValueSpecification","valueRequired":true,"valueName":"search_term_string"}}],"inLanguage":"en-GB"}]}},"_links":{"self":[{"href":"https:\/\/floorball-hayungs.de\/en\/wp-json\/wp\/v2\/product\/920","targetHints":{"allow":["GET"]}}],"collection":[{"href":"https:\/\/floorball-hayungs.de\/en\/wp-json\/wp\/v2\/product"}],"about":[{"href":"https:\/\/floorball-hayungs.de\/en\/wp-json\/wp\/v2\/types\/product"}],"replies":[{"embeddable":true,"href":"https:\/\/floorball-hayungs.de\/en\/wp-json\/wp\/v2\/comments?post=920"}],"wp:featuredmedia":[{"embeddable":true,"href":"https:\/\/floorball-hayungs.de\/en\/wp-json\/wp\/v2\/media\/923"}],"wp:attachment":[{"href":"https:\/\/floorball-hayungs.de\/en\/wp-json\/wp\/v2\/media?parent=920"}],"wp:term":[{"taxonomy":"product_brand","embeddable":true,"href":"https:\/\/floorball-hayungs.de\/en\/wp-json\/wp\/v2\/product_brand?post=920"},{"taxonomy":"product_cat","embeddable":true,"href":"https:\/\/floorball-hayungs.de\/en\/wp-json\/wp\/v2\/product_cat?post=920"},{"taxonomy":"product_tag","embeddable":true,"href":"https:\/\/floorball-hayungs.de\/en\/wp-json\/wp\/v2\/product_tag?post=920"}],"curies":[{"name":"wp","href":"https:\/\/api.w.org\/{rel}","templated":true}]}}