{"id":955,"date":"2020-01-11T12:01:10","date_gmt":"2020-01-11T11:01:10","guid":{"rendered":"https:\/\/floorball-hayungs.de\/?post_type=product&#038;p=955"},"modified":"2024-09-24T12:43:25","modified_gmt":"2024-09-24T10:43:25","slug":"green_floorballstick-eurostick-battle-dog-green-96-cm-flex-30-iff","status":"publish","type":"product","link":"https:\/\/floorball-hayungs.de\/en\/shop\/green_floorballstick-eurostick-battle-dog-green-96-cm-flex-30-iff\/","title":{"rendered":"Eurostick Battle Dog Green Limited Edition, 96 cm, Flex 30, IFF-certified"},"content":{"rendered":"<p>This is a green floorball stick. The floorball stick Battle Dog Green is the brother of the <a href=\"https:\/\/floorball-hayungs.de\/shop\/floorball-schlaeger-fuer-erwachsene-jugendliche-battle-dog-orange\/\"> Battle Dog Orange <\/a>.<\/p>\n<p>&#8220;The Green&#8221; comes with a neon green trowel. Together with the black and white grip tape and the green and black shaft, this looks really chiq.<\/p>\n<p>With a fairly soft deflection (flex) of 30 mm, the stick helps with technical play. The soft shaft makes it easier for beginners to learn floorball.<\/p>\n<p>Weight: 250 g<br \/>\nMaterial: shaft &#8211; composite \/ fiberglass<br \/>\nShaft length: 96 cm<br \/>\nFlex: 30 mm<br \/>\nShaft: round, made of fiberglass<br \/>\nIFF certified<\/p>\n","protected":false},"excerpt":{"rendered":"<p>This is a green floorball stick. The floorball stick Battle Dog Green is the brother of the Battle Dog Orange . &#8220;The Green&#8221; comes with a neon green trowel. Together with the black and white grip tape and the green and black shaft, this looks really chiq. With a fairly soft deflection (flex) of 30<\/p>\n<a href=\"https:\/\/floorball-hayungs.de\/en\/shop\/green_floorballstick-eurostick-battle-dog-green-96-cm-flex-30-iff\/\">weiterlesen<\/a>.","protected":false},"featured_media":958,"comment_status":"open","ping_status":"closed","template":"","meta":[],"product_brand":[],"product_cat":[35],"product_tag":[55,56],"class_list":{"0":"post-955","1":"product","2":"type-product","3":"status-publish","4":"has-post-thumbnail","6":"product_cat-floorball-sticks","7":"product_tag-eurostick-floorball-sticks","8":"product_tag-floorball-schlaeger","9":"product_shipping_class-stick","11":"first","12":"outofstock","13":"sale","14":"shipping-taxable","15":"purchasable","16":"product-type-variable"},"yoast_head":"<!-- This site is optimized with the Yoast SEO plugin v26.5 - https:\/\/yoast.com\/wordpress\/plugins\/seo\/ -->\n<title>Eurostick Battle Dog Green Limited Edition, 96 cm, Flex 30, IFF-certified - Floorball Hayungs<\/title>\n<meta name=\"description\" content=\"Gr\u00fcner Floorballschl\u00e4ger: Ideal f\u00fcr Erwachsene und Jugendliche. Geeignet f\u00fcr technisches Floorball-Spiel. Schneller Versand.\" \/>\n<meta name=\"robots\" content=\"index, follow, max-snippet:-1, max-image-preview:large, max-video-preview:-1\" \/>\n<link rel=\"canonical\" href=\"https:\/\/floorball-hayungs.de\/en\/shop\/green_floorballstick-eurostick-battle-dog-green-96-cm-flex-30-iff\/\" \/>\n<meta property=\"og:locale\" content=\"en_GB\" \/>\n<meta property=\"og:type\" content=\"article\" \/>\n<meta property=\"og:title\" content=\"Eurostick Battle Dog Green Limited Edition, 96 cm, Flex 30, IFF-certified - Floorball Hayungs\" \/>\n<meta property=\"og:description\" content=\"Gr\u00fcner Floorballschl\u00e4ger: Ideal f\u00fcr Erwachsene und Jugendliche. Geeignet f\u00fcr technisches Floorball-Spiel. Schneller Versand.\" \/>\n<meta property=\"og:url\" content=\"https:\/\/floorball-hayungs.de\/en\/shop\/green_floorballstick-eurostick-battle-dog-green-96-cm-flex-30-iff\/\" \/>\n<meta property=\"og:site_name\" content=\"Floorball Hayungs\" \/>\n<meta property=\"article:modified_time\" content=\"2024-09-24T10:43:25+00:00\" \/>\n<meta property=\"og:image\" content=\"https:\/\/floorball-hayungs.de\/en\/wp-content\/uploads\/sites\/2\/2020\/01\/gruener_Floorballschlaeger_Battle_Dog_Green.png\" \/>\n\t<meta property=\"og:image:width\" content=\"1200\" \/>\n\t<meta property=\"og:image:height\" content=\"1500\" \/>\n\t<meta property=\"og:image:type\" content=\"image\/png\" \/>\n<meta name=\"twitter:card\" content=\"summary_large_image\" \/>\n<script type=\"application\/ld+json\" class=\"yoast-schema-graph\">{\"@context\":\"https:\/\/schema.org\",\"@graph\":[{\"@type\":\"WebPage\",\"@id\":\"https:\/\/floorball-hayungs.de\/en\/shop\/green_floorballstick-eurostick-battle-dog-green-96-cm-flex-30-iff\/\",\"url\":\"https:\/\/floorball-hayungs.de\/en\/shop\/green_floorballstick-eurostick-battle-dog-green-96-cm-flex-30-iff\/\",\"name\":\"Eurostick Battle Dog Green Limited Edition, 96 cm, Flex 30, IFF-certified - Floorball Hayungs\",\"isPartOf\":{\"@id\":\"https:\/\/floorball-hayungs.de\/en\/#website\"},\"primaryImageOfPage\":{\"@id\":\"https:\/\/floorball-hayungs.de\/en\/shop\/green_floorballstick-eurostick-battle-dog-green-96-cm-flex-30-iff\/#primaryimage\"},\"image\":{\"@id\":\"https:\/\/floorball-hayungs.de\/en\/shop\/green_floorballstick-eurostick-battle-dog-green-96-cm-flex-30-iff\/#primaryimage\"},\"thumbnailUrl\":\"https:\/\/floorball-hayungs.de\/en\/wp-content\/uploads\/sites\/2\/2020\/01\/gruener_Floorballschlaeger_Battle_Dog_Green.png\",\"datePublished\":\"2020-01-11T11:01:10+00:00\",\"dateModified\":\"2024-09-24T10:43:25+00:00\",\"description\":\"Gr\u00fcner Floorballschl\u00e4ger: Ideal f\u00fcr Erwachsene und Jugendliche. Geeignet f\u00fcr technisches Floorball-Spiel. Schneller Versand.\",\"breadcrumb\":{\"@id\":\"https:\/\/floorball-hayungs.de\/en\/shop\/green_floorballstick-eurostick-battle-dog-green-96-cm-flex-30-iff\/#breadcrumb\"},\"inLanguage\":\"en-GB\",\"potentialAction\":[{\"@type\":\"ReadAction\",\"target\":[\"https:\/\/floorball-hayungs.de\/en\/shop\/green_floorballstick-eurostick-battle-dog-green-96-cm-flex-30-iff\/\"]}]},{\"@type\":\"ImageObject\",\"inLanguage\":\"en-GB\",\"@id\":\"https:\/\/floorball-hayungs.de\/en\/shop\/green_floorballstick-eurostick-battle-dog-green-96-cm-flex-30-iff\/#primaryimage\",\"url\":\"https:\/\/floorball-hayungs.de\/en\/wp-content\/uploads\/sites\/2\/2020\/01\/gruener_Floorballschlaeger_Battle_Dog_Green.png\",\"contentUrl\":\"https:\/\/floorball-hayungs.de\/en\/wp-content\/uploads\/sites\/2\/2020\/01\/gruener_Floorballschlaeger_Battle_Dog_Green.png\",\"width\":1200,\"height\":1500,\"caption\":\"gr\u00fcner Floorballschl\u00e4ger Battle Dog Green\"},{\"@type\":\"BreadcrumbList\",\"@id\":\"https:\/\/floorball-hayungs.de\/en\/shop\/green_floorballstick-eurostick-battle-dog-green-96-cm-flex-30-iff\/#breadcrumb\",\"itemListElement\":[{\"@type\":\"ListItem\",\"position\":1,\"name\":\"Startseite\",\"item\":\"https:\/\/floorball-hayungs.de\/en\/\"},{\"@type\":\"ListItem\",\"position\":2,\"name\":\"Floorball Hayungs &#8211; Your personal floorball shop\",\"item\":\"https:\/\/floorball-hayungs.de\/en\/\"},{\"@type\":\"ListItem\",\"position\":3,\"name\":\"Eurostick Battle Dog Green Limited Edition, 96 cm, Flex 30, IFF-certified\"}]},{\"@type\":\"WebSite\",\"@id\":\"https:\/\/floorball-hayungs.de\/en\/#website\",\"url\":\"https:\/\/floorball-hayungs.de\/en\/\",\"name\":\"Floorball Hayungs\",\"description\":\"Your personal Floorball Shop\",\"potentialAction\":[{\"@type\":\"SearchAction\",\"target\":{\"@type\":\"EntryPoint\",\"urlTemplate\":\"https:\/\/floorball-hayungs.de\/en\/?s={search_term_string}\"},\"query-input\":{\"@type\":\"PropertyValueSpecification\",\"valueRequired\":true,\"valueName\":\"search_term_string\"}}],\"inLanguage\":\"en-GB\"}]}<\/script>\n<!-- \/ Yoast SEO plugin. -->","yoast_head_json":{"title":"Eurostick Battle Dog Green Limited Edition, 96 cm, Flex 30, IFF-certified - Floorball Hayungs","description":"Gr\u00fcner Floorballschl\u00e4ger: Ideal f\u00fcr Erwachsene und Jugendliche. Geeignet f\u00fcr technisches Floorball-Spiel. Schneller Versand.","robots":{"index":"index","follow":"follow","max-snippet":"max-snippet:-1","max-image-preview":"max-image-preview:large","max-video-preview":"max-video-preview:-1"},"canonical":"https:\/\/floorball-hayungs.de\/en\/shop\/green_floorballstick-eurostick-battle-dog-green-96-cm-flex-30-iff\/","og_locale":"en_GB","og_type":"article","og_title":"Eurostick Battle Dog Green Limited Edition, 96 cm, Flex 30, IFF-certified - Floorball Hayungs","og_description":"Gr\u00fcner Floorballschl\u00e4ger: Ideal f\u00fcr Erwachsene und Jugendliche. Geeignet f\u00fcr technisches Floorball-Spiel. Schneller Versand.","og_url":"https:\/\/floorball-hayungs.de\/en\/shop\/green_floorballstick-eurostick-battle-dog-green-96-cm-flex-30-iff\/","og_site_name":"Floorball Hayungs","article_modified_time":"2024-09-24T10:43:25+00:00","og_image":[{"width":1200,"height":1500,"url":"https:\/\/floorball-hayungs.de\/en\/wp-content\/uploads\/sites\/2\/2020\/01\/gruener_Floorballschlaeger_Battle_Dog_Green.png","type":"image\/png"}],"twitter_card":"summary_large_image","schema":{"@context":"https:\/\/schema.org","@graph":[{"@type":"WebPage","@id":"https:\/\/floorball-hayungs.de\/en\/shop\/green_floorballstick-eurostick-battle-dog-green-96-cm-flex-30-iff\/","url":"https:\/\/floorball-hayungs.de\/en\/shop\/green_floorballstick-eurostick-battle-dog-green-96-cm-flex-30-iff\/","name":"Eurostick Battle Dog Green Limited Edition, 96 cm, Flex 30, IFF-certified - Floorball Hayungs","isPartOf":{"@id":"https:\/\/floorball-hayungs.de\/en\/#website"},"primaryImageOfPage":{"@id":"https:\/\/floorball-hayungs.de\/en\/shop\/green_floorballstick-eurostick-battle-dog-green-96-cm-flex-30-iff\/#primaryimage"},"image":{"@id":"https:\/\/floorball-hayungs.de\/en\/shop\/green_floorballstick-eurostick-battle-dog-green-96-cm-flex-30-iff\/#primaryimage"},"thumbnailUrl":"https:\/\/floorball-hayungs.de\/en\/wp-content\/uploads\/sites\/2\/2020\/01\/gruener_Floorballschlaeger_Battle_Dog_Green.png","datePublished":"2020-01-11T11:01:10+00:00","dateModified":"2024-09-24T10:43:25+00:00","description":"Gr\u00fcner Floorballschl\u00e4ger: Ideal f\u00fcr Erwachsene und Jugendliche. Geeignet f\u00fcr technisches Floorball-Spiel. Schneller Versand.","breadcrumb":{"@id":"https:\/\/floorball-hayungs.de\/en\/shop\/green_floorballstick-eurostick-battle-dog-green-96-cm-flex-30-iff\/#breadcrumb"},"inLanguage":"en-GB","potentialAction":[{"@type":"ReadAction","target":["https:\/\/floorball-hayungs.de\/en\/shop\/green_floorballstick-eurostick-battle-dog-green-96-cm-flex-30-iff\/"]}]},{"@type":"ImageObject","inLanguage":"en-GB","@id":"https:\/\/floorball-hayungs.de\/en\/shop\/green_floorballstick-eurostick-battle-dog-green-96-cm-flex-30-iff\/#primaryimage","url":"https:\/\/floorball-hayungs.de\/en\/wp-content\/uploads\/sites\/2\/2020\/01\/gruener_Floorballschlaeger_Battle_Dog_Green.png","contentUrl":"https:\/\/floorball-hayungs.de\/en\/wp-content\/uploads\/sites\/2\/2020\/01\/gruener_Floorballschlaeger_Battle_Dog_Green.png","width":1200,"height":1500,"caption":"gr\u00fcner Floorballschl\u00e4ger Battle Dog Green"},{"@type":"BreadcrumbList","@id":"https:\/\/floorball-hayungs.de\/en\/shop\/green_floorballstick-eurostick-battle-dog-green-96-cm-flex-30-iff\/#breadcrumb","itemListElement":[{"@type":"ListItem","position":1,"name":"Startseite","item":"https:\/\/floorball-hayungs.de\/en\/"},{"@type":"ListItem","position":2,"name":"Floorball Hayungs &#8211; Your personal floorball shop","item":"https:\/\/floorball-hayungs.de\/en\/"},{"@type":"ListItem","position":3,"name":"Eurostick Battle Dog Green Limited Edition, 96 cm, Flex 30, IFF-certified"}]},{"@type":"WebSite","@id":"https:\/\/floorball-hayungs.de\/en\/#website","url":"https:\/\/floorball-hayungs.de\/en\/","name":"Floorball Hayungs","description":"Your personal Floorball Shop","potentialAction":[{"@type":"SearchAction","target":{"@type":"EntryPoint","urlTemplate":"https:\/\/floorball-hayungs.de\/en\/?s={search_term_string}"},"query-input":{"@type":"PropertyValueSpecification","valueRequired":true,"valueName":"search_term_string"}}],"inLanguage":"en-GB"}]}},"_links":{"self":[{"href":"https:\/\/floorball-hayungs.de\/en\/wp-json\/wp\/v2\/product\/955","targetHints":{"allow":["GET"]}}],"collection":[{"href":"https:\/\/floorball-hayungs.de\/en\/wp-json\/wp\/v2\/product"}],"about":[{"href":"https:\/\/floorball-hayungs.de\/en\/wp-json\/wp\/v2\/types\/product"}],"replies":[{"embeddable":true,"href":"https:\/\/floorball-hayungs.de\/en\/wp-json\/wp\/v2\/comments?post=955"}],"wp:featuredmedia":[{"embeddable":true,"href":"https:\/\/floorball-hayungs.de\/en\/wp-json\/wp\/v2\/media\/958"}],"wp:attachment":[{"href":"https:\/\/floorball-hayungs.de\/en\/wp-json\/wp\/v2\/media?parent=955"}],"wp:term":[{"taxonomy":"product_brand","embeddable":true,"href":"https:\/\/floorball-hayungs.de\/en\/wp-json\/wp\/v2\/product_brand?post=955"},{"taxonomy":"product_cat","embeddable":true,"href":"https:\/\/floorball-hayungs.de\/en\/wp-json\/wp\/v2\/product_cat?post=955"},{"taxonomy":"product_tag","embeddable":true,"href":"https:\/\/floorball-hayungs.de\/en\/wp-json\/wp\/v2\/product_tag?post=955"}],"curies":[{"name":"wp","href":"https:\/\/api.w.org\/{rel}","templated":true}]}}