{"id":960,"date":"2020-01-11T17:05:33","date_gmt":"2020-01-11T16:05:33","guid":{"rendered":"https:\/\/floorball-hayungs.de\/?post_type=product&#038;p=960"},"modified":"2024-06-27T13:29:29","modified_gmt":"2024-06-27T11:29:29","slug":"long-floorballstick_100cm_eurostick_raw","status":"publish","type":"product","link":"https:\/\/floorball-hayungs.de\/en\/shop\/long-floorballstick_100cm_eurostick_raw\/","title":{"rendered":"Eurostick Raw, 100 cm, Flex 30 mm, IFF-certified"},"content":{"rendered":"<p>A very long floorball stick. With its shaft length of 100 cm, it is particularly suitable for tall floorball players from a height of approx. 1.80 m. The shaft is relatively soft and therefore allows better ball control. This is especially great for beginners in floorball. But also for experienced players who prefer the technical game to the powerful game.<\/p>\n<p>Weight: 285 g<br \/>\nMaterial: shaft &#8211; composite \/ fiberglass<br \/>\nShaft length: 100 cm<br \/>\nTotal length of the floorball stick: 112 cm<br \/>\nFlex: 30 mm<br \/>\nShaft: round, made of fiberglass<br \/>\nIFF certified<\/p>\n","protected":false},"excerpt":{"rendered":"<p>A very long floorball stick. With its shaft length of 100 cm, it is particularly suitable for tall floorball players from a height of approx. 1.80 m. The shaft is relatively soft and therefore allows better ball control. This is especially great for beginners in floorball. But also for experienced players who prefer the technical<\/p>\n<a href=\"https:\/\/floorball-hayungs.de\/en\/shop\/long-floorballstick_100cm_eurostick_raw\/\">weiterlesen<\/a>.","protected":false},"featured_media":963,"comment_status":"open","ping_status":"closed","template":"","meta":[],"product_brand":[],"product_cat":[35],"product_tag":[55,56],"class_list":{"0":"post-960","1":"product","2":"type-product","3":"status-publish","4":"has-post-thumbnail","6":"product_cat-floorball-sticks","7":"product_tag-eurostick-floorball-sticks","8":"product_tag-floorball-schlaeger","9":"product_shipping_class-stick","11":"first","12":"outofstock","13":"sale","14":"shipping-taxable","15":"purchasable","16":"product-type-variable"},"yoast_head":"<!-- This site is optimized with the Yoast SEO plugin v26.5 - https:\/\/yoast.com\/wordpress\/plugins\/seo\/ -->\n<title>Eurostick Raw, 100 cm, Flex 30 mm, IFF-certified - Floorball Hayungs<\/title>\n<meta name=\"description\" content=\"Gr\u00fcn-schwarzer Floorballschl\u00e4ger: Perfekt f\u00fcr gro\u00dfe Floorballspielerinnen und Floorballspieler. F\u00fcr den Spielbetrieb zugelassen.\" \/>\n<meta name=\"robots\" content=\"index, follow, max-snippet:-1, max-image-preview:large, max-video-preview:-1\" \/>\n<link rel=\"canonical\" href=\"https:\/\/floorball-hayungs.de\/en\/shop\/long-floorballstick_100cm_eurostick_raw\/\" \/>\n<meta property=\"og:locale\" content=\"en_GB\" \/>\n<meta property=\"og:type\" content=\"article\" \/>\n<meta property=\"og:title\" content=\"Eurostick Raw, 100 cm, Flex 30 mm, IFF-certified - Floorball Hayungs\" \/>\n<meta property=\"og:description\" content=\"Gr\u00fcn-schwarzer Floorballschl\u00e4ger: Perfekt f\u00fcr gro\u00dfe Floorballspielerinnen und Floorballspieler. F\u00fcr den Spielbetrieb zugelassen.\" \/>\n<meta property=\"og:url\" content=\"https:\/\/floorball-hayungs.de\/en\/shop\/long-floorballstick_100cm_eurostick_raw\/\" \/>\n<meta property=\"og:site_name\" content=\"Floorball Hayungs\" \/>\n<meta property=\"article:modified_time\" content=\"2024-06-27T11:29:29+00:00\" \/>\n<meta property=\"og:image\" content=\"https:\/\/floorball-hayungs.de\/en\/wp-content\/uploads\/sites\/2\/2020\/01\/langer_Floorballschlaeger_100cm_Eurostick_Raw.png\" \/>\n\t<meta property=\"og:image:width\" content=\"1200\" \/>\n\t<meta property=\"og:image:height\" content=\"1500\" \/>\n\t<meta property=\"og:image:type\" content=\"image\/png\" \/>\n<meta name=\"twitter:card\" content=\"summary_large_image\" \/>\n<script type=\"application\/ld+json\" class=\"yoast-schema-graph\">{\"@context\":\"https:\/\/schema.org\",\"@graph\":[{\"@type\":\"WebPage\",\"@id\":\"https:\/\/floorball-hayungs.de\/en\/shop\/long-floorballstick_100cm_eurostick_raw\/\",\"url\":\"https:\/\/floorball-hayungs.de\/en\/shop\/long-floorballstick_100cm_eurostick_raw\/\",\"name\":\"Eurostick Raw, 100 cm, Flex 30 mm, IFF-certified - Floorball Hayungs\",\"isPartOf\":{\"@id\":\"https:\/\/floorball-hayungs.de\/en\/#website\"},\"primaryImageOfPage\":{\"@id\":\"https:\/\/floorball-hayungs.de\/en\/shop\/long-floorballstick_100cm_eurostick_raw\/#primaryimage\"},\"image\":{\"@id\":\"https:\/\/floorball-hayungs.de\/en\/shop\/long-floorballstick_100cm_eurostick_raw\/#primaryimage\"},\"thumbnailUrl\":\"https:\/\/floorball-hayungs.de\/en\/wp-content\/uploads\/sites\/2\/2020\/01\/langer_Floorballschlaeger_100cm_Eurostick_Raw.png\",\"datePublished\":\"2020-01-11T16:05:33+00:00\",\"dateModified\":\"2024-06-27T11:29:29+00:00\",\"description\":\"Gr\u00fcn-schwarzer Floorballschl\u00e4ger: Perfekt f\u00fcr gro\u00dfe Floorballspielerinnen und Floorballspieler. F\u00fcr den Spielbetrieb zugelassen.\",\"breadcrumb\":{\"@id\":\"https:\/\/floorball-hayungs.de\/en\/shop\/long-floorballstick_100cm_eurostick_raw\/#breadcrumb\"},\"inLanguage\":\"en-GB\",\"potentialAction\":[{\"@type\":\"ReadAction\",\"target\":[\"https:\/\/floorball-hayungs.de\/en\/shop\/long-floorballstick_100cm_eurostick_raw\/\"]}]},{\"@type\":\"ImageObject\",\"inLanguage\":\"en-GB\",\"@id\":\"https:\/\/floorball-hayungs.de\/en\/shop\/long-floorballstick_100cm_eurostick_raw\/#primaryimage\",\"url\":\"https:\/\/floorball-hayungs.de\/en\/wp-content\/uploads\/sites\/2\/2020\/01\/langer_Floorballschlaeger_100cm_Eurostick_Raw.png\",\"contentUrl\":\"https:\/\/floorball-hayungs.de\/en\/wp-content\/uploads\/sites\/2\/2020\/01\/langer_Floorballschlaeger_100cm_Eurostick_Raw.png\",\"width\":1200,\"height\":1500,\"caption\":\"Langer Floorballschl\u00e4ger Eurostick Raw\"},{\"@type\":\"BreadcrumbList\",\"@id\":\"https:\/\/floorball-hayungs.de\/en\/shop\/long-floorballstick_100cm_eurostick_raw\/#breadcrumb\",\"itemListElement\":[{\"@type\":\"ListItem\",\"position\":1,\"name\":\"Startseite\",\"item\":\"https:\/\/floorball-hayungs.de\/en\/\"},{\"@type\":\"ListItem\",\"position\":2,\"name\":\"Floorball Hayungs &#8211; Your personal floorball shop\",\"item\":\"https:\/\/floorball-hayungs.de\/en\/\"},{\"@type\":\"ListItem\",\"position\":3,\"name\":\"Eurostick Raw, 100 cm, Flex 30 mm, IFF-certified\"}]},{\"@type\":\"WebSite\",\"@id\":\"https:\/\/floorball-hayungs.de\/en\/#website\",\"url\":\"https:\/\/floorball-hayungs.de\/en\/\",\"name\":\"Floorball Hayungs\",\"description\":\"Your personal Floorball Shop\",\"potentialAction\":[{\"@type\":\"SearchAction\",\"target\":{\"@type\":\"EntryPoint\",\"urlTemplate\":\"https:\/\/floorball-hayungs.de\/en\/?s={search_term_string}\"},\"query-input\":{\"@type\":\"PropertyValueSpecification\",\"valueRequired\":true,\"valueName\":\"search_term_string\"}}],\"inLanguage\":\"en-GB\"}]}<\/script>\n<!-- \/ Yoast SEO plugin. -->","yoast_head_json":{"title":"Eurostick Raw, 100 cm, Flex 30 mm, IFF-certified - Floorball Hayungs","description":"Gr\u00fcn-schwarzer Floorballschl\u00e4ger: Perfekt f\u00fcr gro\u00dfe Floorballspielerinnen und Floorballspieler. F\u00fcr den Spielbetrieb zugelassen.","robots":{"index":"index","follow":"follow","max-snippet":"max-snippet:-1","max-image-preview":"max-image-preview:large","max-video-preview":"max-video-preview:-1"},"canonical":"https:\/\/floorball-hayungs.de\/en\/shop\/long-floorballstick_100cm_eurostick_raw\/","og_locale":"en_GB","og_type":"article","og_title":"Eurostick Raw, 100 cm, Flex 30 mm, IFF-certified - Floorball Hayungs","og_description":"Gr\u00fcn-schwarzer Floorballschl\u00e4ger: Perfekt f\u00fcr gro\u00dfe Floorballspielerinnen und Floorballspieler. F\u00fcr den Spielbetrieb zugelassen.","og_url":"https:\/\/floorball-hayungs.de\/en\/shop\/long-floorballstick_100cm_eurostick_raw\/","og_site_name":"Floorball Hayungs","article_modified_time":"2024-06-27T11:29:29+00:00","og_image":[{"width":1200,"height":1500,"url":"https:\/\/floorball-hayungs.de\/en\/wp-content\/uploads\/sites\/2\/2020\/01\/langer_Floorballschlaeger_100cm_Eurostick_Raw.png","type":"image\/png"}],"twitter_card":"summary_large_image","schema":{"@context":"https:\/\/schema.org","@graph":[{"@type":"WebPage","@id":"https:\/\/floorball-hayungs.de\/en\/shop\/long-floorballstick_100cm_eurostick_raw\/","url":"https:\/\/floorball-hayungs.de\/en\/shop\/long-floorballstick_100cm_eurostick_raw\/","name":"Eurostick Raw, 100 cm, Flex 30 mm, IFF-certified - Floorball Hayungs","isPartOf":{"@id":"https:\/\/floorball-hayungs.de\/en\/#website"},"primaryImageOfPage":{"@id":"https:\/\/floorball-hayungs.de\/en\/shop\/long-floorballstick_100cm_eurostick_raw\/#primaryimage"},"image":{"@id":"https:\/\/floorball-hayungs.de\/en\/shop\/long-floorballstick_100cm_eurostick_raw\/#primaryimage"},"thumbnailUrl":"https:\/\/floorball-hayungs.de\/en\/wp-content\/uploads\/sites\/2\/2020\/01\/langer_Floorballschlaeger_100cm_Eurostick_Raw.png","datePublished":"2020-01-11T16:05:33+00:00","dateModified":"2024-06-27T11:29:29+00:00","description":"Gr\u00fcn-schwarzer Floorballschl\u00e4ger: Perfekt f\u00fcr gro\u00dfe Floorballspielerinnen und Floorballspieler. F\u00fcr den Spielbetrieb zugelassen.","breadcrumb":{"@id":"https:\/\/floorball-hayungs.de\/en\/shop\/long-floorballstick_100cm_eurostick_raw\/#breadcrumb"},"inLanguage":"en-GB","potentialAction":[{"@type":"ReadAction","target":["https:\/\/floorball-hayungs.de\/en\/shop\/long-floorballstick_100cm_eurostick_raw\/"]}]},{"@type":"ImageObject","inLanguage":"en-GB","@id":"https:\/\/floorball-hayungs.de\/en\/shop\/long-floorballstick_100cm_eurostick_raw\/#primaryimage","url":"https:\/\/floorball-hayungs.de\/en\/wp-content\/uploads\/sites\/2\/2020\/01\/langer_Floorballschlaeger_100cm_Eurostick_Raw.png","contentUrl":"https:\/\/floorball-hayungs.de\/en\/wp-content\/uploads\/sites\/2\/2020\/01\/langer_Floorballschlaeger_100cm_Eurostick_Raw.png","width":1200,"height":1500,"caption":"Langer Floorballschl\u00e4ger Eurostick Raw"},{"@type":"BreadcrumbList","@id":"https:\/\/floorball-hayungs.de\/en\/shop\/long-floorballstick_100cm_eurostick_raw\/#breadcrumb","itemListElement":[{"@type":"ListItem","position":1,"name":"Startseite","item":"https:\/\/floorball-hayungs.de\/en\/"},{"@type":"ListItem","position":2,"name":"Floorball Hayungs &#8211; Your personal floorball shop","item":"https:\/\/floorball-hayungs.de\/en\/"},{"@type":"ListItem","position":3,"name":"Eurostick Raw, 100 cm, Flex 30 mm, IFF-certified"}]},{"@type":"WebSite","@id":"https:\/\/floorball-hayungs.de\/en\/#website","url":"https:\/\/floorball-hayungs.de\/en\/","name":"Floorball Hayungs","description":"Your personal Floorball Shop","potentialAction":[{"@type":"SearchAction","target":{"@type":"EntryPoint","urlTemplate":"https:\/\/floorball-hayungs.de\/en\/?s={search_term_string}"},"query-input":{"@type":"PropertyValueSpecification","valueRequired":true,"valueName":"search_term_string"}}],"inLanguage":"en-GB"}]}},"_links":{"self":[{"href":"https:\/\/floorball-hayungs.de\/en\/wp-json\/wp\/v2\/product\/960","targetHints":{"allow":["GET"]}}],"collection":[{"href":"https:\/\/floorball-hayungs.de\/en\/wp-json\/wp\/v2\/product"}],"about":[{"href":"https:\/\/floorball-hayungs.de\/en\/wp-json\/wp\/v2\/types\/product"}],"replies":[{"embeddable":true,"href":"https:\/\/floorball-hayungs.de\/en\/wp-json\/wp\/v2\/comments?post=960"}],"wp:featuredmedia":[{"embeddable":true,"href":"https:\/\/floorball-hayungs.de\/en\/wp-json\/wp\/v2\/media\/963"}],"wp:attachment":[{"href":"https:\/\/floorball-hayungs.de\/en\/wp-json\/wp\/v2\/media?parent=960"}],"wp:term":[{"taxonomy":"product_brand","embeddable":true,"href":"https:\/\/floorball-hayungs.de\/en\/wp-json\/wp\/v2\/product_brand?post=960"},{"taxonomy":"product_cat","embeddable":true,"href":"https:\/\/floorball-hayungs.de\/en\/wp-json\/wp\/v2\/product_cat?post=960"},{"taxonomy":"product_tag","embeddable":true,"href":"https:\/\/floorball-hayungs.de\/en\/wp-json\/wp\/v2\/product_tag?post=960"}],"curies":[{"name":"wp","href":"https:\/\/api.w.org\/{rel}","templated":true}]}}